{"id":3357,"date":"2020-11-03T10:51:53","date_gmt":"2020-11-03T10:51:53","guid":{"rendered":"https:\/\/riberalves.pt\/o-bacalhau\/curiosidades\/"},"modified":"2021-02-10T18:47:54","modified_gmt":"2021-02-10T18:47:54","slug":"trivia","status":"publish","type":"page","link":"https:\/\/riberalves.pt\/en\/codfish\/trivia\/","title":{"rendered":"Trivia"},"content":{"rendered":"\n<h1 class=\"wp-block-heading\"><strong>The origin of the recipes<\/strong><\/h1>\n\n\n\n<h2 class=\"has-text-align-center wp-block-heading\"><strong><strong>\u00c0 Gomes de S\u00e1 codfish<\/strong><\/strong><\/h2>\n\n\n\n<div class=\"wp-block-columns are-vertically-aligned-center is-layout-flex wp-container-core-columns-is-layout-9d6595d7 wp-block-columns-is-layout-flex\">\n<div class=\"wp-block-column is-vertically-aligned-center is-layout-flow wp-block-column-is-layout-flow\">\n<p>It all started in a restaurant called Lisbonense, located in the city of Porto.<\/p>\n\n\n\n<p><br>Jos\u00e9 Lu\u00eds Gomes de S\u00e1 (1851-1926), son of a codfish merchant, created the recipe that ended up taking his name and became an icon of traditional Portuguese cuisine. \u00c0 Gomes de S\u00e1 Codfish.<\/p>\n\n\n\n<p><br>As in other cod recipes, the basic ingredients are codfish, potatoes and olive oil. This dish is characterised by the delicacy of the very soft cod flakes, which stand out from the other ingredients.<\/p>\n<\/div>\n\n\n\n<div class=\"wp-block-column is-vertically-aligned-center is-layout-flow wp-block-column-is-layout-flow\">\n<figure class=\"wp-block-image size-medium\"><img loading=\"lazy\" decoding=\"async\" width=\"800\" height=\"411\" src=\"https:\/\/riberalves.pt\/_riberalves\/wp-content\/uploads\/2020\/11\/image-obacalhau-curiosidades-1-800x411.jpg\" alt=\"\" class=\"wp-image-486\" srcset=\"https:\/\/riberalves.pt\/wp-content\/uploads\/2020\/11\/image-obacalhau-curiosidades-1-800x411.jpg 800w, https:\/\/riberalves.pt\/wp-content\/uploads\/2020\/11\/image-obacalhau-curiosidades-1-600x308.jpg 600w, https:\/\/riberalves.pt\/wp-content\/uploads\/2020\/11\/image-obacalhau-curiosidades-1-1200x617.jpg 1200w, https:\/\/riberalves.pt\/wp-content\/uploads\/2020\/11\/image-obacalhau-curiosidades-1-300x154.jpg 300w, https:\/\/riberalves.pt\/wp-content\/uploads\/2020\/11\/image-obacalhau-curiosidades-1-768x395.jpg 768w, https:\/\/riberalves.pt\/wp-content\/uploads\/2020\/11\/image-obacalhau-curiosidades-1.jpg 1282w\" sizes=\"auto, (max-width: 800px) 100vw, 800px\" \/><\/figure>\n<\/div>\n<\/div>\n\n\n\n<h2 class=\"has-text-align-center wp-block-heading\"><strong>\u00c0 Z\u00e9 do Pipo<\/strong> codfish<\/h2>\n\n\n\n<div class=\"wp-block-columns are-vertically-aligned-center is-layout-flex wp-container-core-columns-is-layout-9d6595d7 wp-block-columns-is-layout-flex\">\n<div class=\"wp-block-column is-vertically-aligned-center is-layout-flow wp-block-column-is-layout-flow\">\n<figure class=\"wp-block-image size-large\"><img loading=\"lazy\" decoding=\"async\" width=\"1200\" height=\"687\" src=\"https:\/\/riberalves.pt\/_riberalves\/wp-content\/uploads\/2020\/11\/image-obacalhau-curiosidades-2-1200x687.jpg\" alt=\"\" class=\"wp-image-494\" srcset=\"https:\/\/riberalves.pt\/wp-content\/uploads\/2020\/11\/image-obacalhau-curiosidades-2-1200x687.jpg 1200w, https:\/\/riberalves.pt\/wp-content\/uploads\/2020\/11\/image-obacalhau-curiosidades-2-600x344.jpg 600w, https:\/\/riberalves.pt\/wp-content\/uploads\/2020\/11\/image-obacalhau-curiosidades-2-800x458.jpg 800w, https:\/\/riberalves.pt\/wp-content\/uploads\/2020\/11\/image-obacalhau-curiosidades-2-300x172.jpg 300w, https:\/\/riberalves.pt\/wp-content\/uploads\/2020\/11\/image-obacalhau-curiosidades-2-768x440.jpg 768w, https:\/\/riberalves.pt\/wp-content\/uploads\/2020\/11\/image-obacalhau-curiosidades-2.jpg 1282w\" sizes=\"auto, (max-width: 1200px) 100vw, 1200px\" \/><\/figure>\n<\/div>\n\n\n\n<div class=\"wp-block-column is-vertically-aligned-center is-layout-flow wp-block-column-is-layout-flow\">\n<p>The north of Portugal (where the first cod-fishing boats started to arrive in the country) has always stood out as a stage for the creation of codfish recipes.<\/p>\n\n\n\n<p><br>Another example created in the city of Porto, a true classic today, is \u00c0 Z\u00e9 do Pipo Codfish.<\/p>\n\n\n\n<p><br>This was the nickname of the creator of the recipe, Jos\u00e9 Valentim, the owner of a restaurant in Porto, who made the dish for the first time in 1940 to enter a culinary competition.<\/p>\n\n\n\n<p><br>In his recipe, codfish is served with mashed potatoes and mayonnaise, and is then gratinated.<\/p>\n<\/div>\n<\/div>\n\n\n\n<h2 class=\"has-text-align-center wp-block-heading\"><strong>\u00c0 Br\u00e1s<\/strong> codfish<\/h2>\n\n\n\n<div class=\"wp-block-columns are-vertically-aligned-center is-layout-flex wp-container-core-columns-is-layout-9d6595d7 wp-block-columns-is-layout-flex\">\n<div class=\"wp-block-column is-vertically-aligned-center is-layout-flow wp-block-column-is-layout-flow\">\n<p>This recipe originated in Lisbon in the 19th century.<\/p>\n\n\n\n<p><br>Its creator, called Braz, was the owner of a tavern in the popular Bairro Alto, and was the one who came up with the combination of shredded codfish with chips and, in the end, whisked eggs.<\/p>\n\n\n\n<p><br>This is one of the most popular Portuguese recipes, and this simple and delicious combination \u2013 now called Br\u00e1s \u2013 has become a side dish reinterpreted by chefs and cooks in the most varied dishes.<\/p>\n<\/div>\n\n\n\n<div class=\"wp-block-column is-vertically-aligned-center is-layout-flow wp-block-column-is-layout-flow\">\n<figure class=\"wp-block-image size-large\"><img loading=\"lazy\" decoding=\"async\" width=\"1200\" height=\"544\" src=\"https:\/\/riberalves.pt\/_riberalves\/wp-content\/uploads\/2020\/11\/image-obacalhau-curiosidades-3-1200x544.jpg\" alt=\"\" class=\"wp-image-498\" srcset=\"https:\/\/riberalves.pt\/wp-content\/uploads\/2020\/11\/image-obacalhau-curiosidades-3-1200x544.jpg 1200w, https:\/\/riberalves.pt\/wp-content\/uploads\/2020\/11\/image-obacalhau-curiosidades-3-600x272.jpg 600w, https:\/\/riberalves.pt\/wp-content\/uploads\/2020\/11\/image-obacalhau-curiosidades-3-800x363.jpg 800w, https:\/\/riberalves.pt\/wp-content\/uploads\/2020\/11\/image-obacalhau-curiosidades-3-300x136.jpg 300w, https:\/\/riberalves.pt\/wp-content\/uploads\/2020\/11\/image-obacalhau-curiosidades-3-768x348.jpg 768w, https:\/\/riberalves.pt\/wp-content\/uploads\/2020\/11\/image-obacalhau-curiosidades-3.jpg 1282w\" sizes=\"auto, (max-width: 1200px) 100vw, 1200px\" \/><\/figure>\n<\/div>\n<\/div>\n\n\n\n<h2 class=\"has-text-align-center wp-block-heading\"><strong>Codfish and chips<\/strong><\/h2>\n\n\n\n<div class=\"wp-block-columns are-vertically-aligned-center is-layout-flex wp-container-core-columns-is-layout-9d6595d7 wp-block-columns-is-layout-flex\">\n<div class=\"wp-block-column is-vertically-aligned-center is-layout-flow wp-block-column-is-layout-flow\">\n<p>Did you know that in England and Northern Ireland fish and chips is a dish traditionally prepared with codfish?<\/p>\n\n\n\n<p><br>The recipe consisting of a portion of fried fish coated in batter, served with chips, was born in Britain, and is full of history and trivia.<\/p>\n\n\n\n<p><br>Popular among the working classes in England, the recipe was considered cheap and fast. The first known record of a fish and chips store in London dates back to 1860.<\/p>\n\n\n\n<p><br>With rapidly growing trawling in the North Seas in the 19th century, the mixture of high-quality fish and more affordable fish in the nets was increasingly common.<\/p>\n<\/div>\n\n\n\n<div class=\"wp-block-column is-vertically-aligned-center is-layout-flow wp-block-column-is-layout-flow\">\n<figure class=\"wp-block-image size-large\"><img loading=\"lazy\" decoding=\"async\" width=\"1200\" height=\"688\" src=\"https:\/\/riberalves.pt\/_riberalves\/wp-content\/uploads\/2020\/11\/image-obacalhau-curiosidades-4-1-1200x688.jpg\" alt=\"\" class=\"wp-image-505\" srcset=\"https:\/\/riberalves.pt\/wp-content\/uploads\/2020\/11\/image-obacalhau-curiosidades-4-1-1200x688.jpg 1200w, https:\/\/riberalves.pt\/wp-content\/uploads\/2020\/11\/image-obacalhau-curiosidades-4-1-600x344.jpg 600w, https:\/\/riberalves.pt\/wp-content\/uploads\/2020\/11\/image-obacalhau-curiosidades-4-1-800x459.jpg 800w, https:\/\/riberalves.pt\/wp-content\/uploads\/2020\/11\/image-obacalhau-curiosidades-4-1-300x172.jpg 300w, https:\/\/riberalves.pt\/wp-content\/uploads\/2020\/11\/image-obacalhau-curiosidades-4-1-768x440.jpg 768w, https:\/\/riberalves.pt\/wp-content\/uploads\/2020\/11\/image-obacalhau-curiosidades-4-1.jpg 1282w\" sizes=\"auto, (max-width: 1200px) 100vw, 1200px\" \/><\/figure>\n<\/div>\n<\/div>\n\n\n\n<div class=\"wp-block-columns are-vertically-aligned-center is-layout-flex wp-container-core-columns-is-layout-9d6595d7 wp-block-columns-is-layout-flex\">\n<div class=\"wp-block-column is-vertically-aligned-center is-layout-flow wp-block-column-is-layout-flow\">\n<figure class=\"wp-block-image size-large\"><img loading=\"lazy\" decoding=\"async\" width=\"1200\" height=\"688\" src=\"https:\/\/riberalves.pt\/_riberalves\/wp-content\/uploads\/2020\/11\/image-obacalhau-curiosidades-5-1200x688.jpg\" alt=\"\" class=\"wp-image-509\" srcset=\"https:\/\/riberalves.pt\/wp-content\/uploads\/2020\/11\/image-obacalhau-curiosidades-5-1200x688.jpg 1200w, https:\/\/riberalves.pt\/wp-content\/uploads\/2020\/11\/image-obacalhau-curiosidades-5-600x344.jpg 600w, https:\/\/riberalves.pt\/wp-content\/uploads\/2020\/11\/image-obacalhau-curiosidades-5-800x459.jpg 800w, https:\/\/riberalves.pt\/wp-content\/uploads\/2020\/11\/image-obacalhau-curiosidades-5-300x172.jpg 300w, https:\/\/riberalves.pt\/wp-content\/uploads\/2020\/11\/image-obacalhau-curiosidades-5-768x440.jpg 768w, https:\/\/riberalves.pt\/wp-content\/uploads\/2020\/11\/image-obacalhau-curiosidades-5.jpg 1282w\" sizes=\"auto, (max-width: 1200px) 100vw, 1200px\" \/><\/figure>\n<\/div>\n\n\n\n<div class=\"wp-block-column is-vertically-aligned-center is-layout-flow wp-block-column-is-layout-flow\">\n<p>Instead of throwing unmarketable fish into the sea, these species were transported to the cities of the countryside of England, giving rise to the most varied, rapid and affordable recipes.<\/p>\n\n\n\n<p><br>Originating in the Jewish culture, fried fish had been present on European tables for many years served with chips, which appeared in the mid-17th century.<\/p>\n\n\n\n<p><br>The recipe was typically served in newspaper and used different types of fish, but cod and haddock were the most common options. In Northern Ireland, cod is the fish of choice.<\/p>\n\n\n\n<p><br>Equally important, the dish has become popular in countries such as Australia, Canada and New Zealand, as well as South Africa<\/p>\n<\/div>\n<\/div>\n\n\n\n<h2 class=\"has-text-align-center wp-block-heading\"><strong>LUTEFISK \u2013 codfish with caustic soda&nbsp;<\/strong><\/h2>\n\n\n\n<div class=\"wp-block-columns are-vertically-aligned-center is-layout-flex wp-container-core-columns-is-layout-9d6595d7 wp-block-columns-is-layout-flex\">\n<div class=\"wp-block-column is-vertically-aligned-center is-layout-flow wp-block-column-is-layout-flow\">\n<p>Typically produced in Norway, the lutefisk cod recipe involves soaking codfish in a caustic soda solution for a few days, together with potassium hydroxide in a sort of caustic soda brine.<\/p>\n\n\n\n<p><br>It then goes through a \u201ccleaning\u201d process \u2013 it is steamed until it dries and served with a gravy that may be made with butter, together with a glass of beer.<\/p>\n\n\n\n<p><br>Due to the lack of large salt deposits, caustic soda was a quick remedy for fish conservation in Norway.<\/p>\n\n\n\n<p><br>Consumed also in Finland, Denmark, Sweden and even the United States, this recipe is traditionally served at Christmas.<\/p>\n\n\n\n<p> In line with what happens in Portugal, due to religious fasting, fish has become the perfect meal for this holiday over the centuries.<\/p>\n\n\n\n<p><br>\u201cAbove all, the Nordic peoples eat dried fish such as pike, perch, bream, burbot\u2026 To make this recipe, these fish are soaked in a caustic soda solution for two days. This is followed by a day in clean, pure water, to make it as soft as necessary. It is then boiled with an addition of salted butter, and can even be served at the princes&#8217; tables as a tasteful and delicious dish,\u201d explains Olaus Magnus, historian.<\/p>\n<\/div>\n\n\n\n<div class=\"wp-block-column is-vertically-aligned-center is-layout-flow wp-block-column-is-layout-flow\">\n<figure class=\"wp-block-image size-large\"><img loading=\"lazy\" decoding=\"async\" width=\"1200\" height=\"883\" src=\"https:\/\/riberalves.pt\/_riberalves\/wp-content\/uploads\/2020\/11\/image-obacalhau-curiosidades-6-1200x883.jpg\" alt=\"\" class=\"wp-image-512\" srcset=\"https:\/\/riberalves.pt\/wp-content\/uploads\/2020\/11\/image-obacalhau-curiosidades-6-1200x883.jpg 1200w, https:\/\/riberalves.pt\/wp-content\/uploads\/2020\/11\/image-obacalhau-curiosidades-6-600x441.jpg 600w, https:\/\/riberalves.pt\/wp-content\/uploads\/2020\/11\/image-obacalhau-curiosidades-6-800x588.jpg 800w, https:\/\/riberalves.pt\/wp-content\/uploads\/2020\/11\/image-obacalhau-curiosidades-6-300x221.jpg 300w, https:\/\/riberalves.pt\/wp-content\/uploads\/2020\/11\/image-obacalhau-curiosidades-6-768x565.jpg 768w, https:\/\/riberalves.pt\/wp-content\/uploads\/2020\/11\/image-obacalhau-curiosidades-6.jpg 1282w\" sizes=\"auto, (max-width: 1200px) 100vw, 1200px\" \/><\/figure>\n\n\n\n<p><\/p>\n<\/div>\n<\/div>\n","protected":false},"excerpt":{"rendered":"<p>The origin of the recipes \u00c0 Gomes de S\u00e1 codfish It all started in a restaurant called Lisbonense, located in the city of Porto. Jos\u00e9 Lu\u00eds Gomes de S\u00e1 (1851-1926), son of a codfish merchant, created the recipe that ended up taking his name and became an icon of traditional Portuguese cuisine. \u00c0 Gomes de [&hellip;]<\/p>\n","protected":false},"author":5,"featured_media":705,"parent":3356,"menu_order":300,"comment_status":"closed","ping_status":"closed","template":"","meta":{"_acf_changed":false,"footnotes":""},"class_list":["post-3357","page","type-page","status-publish","has-post-thumbnail","hentry"],"acf":[],"yoast_head":"<!-- This site is optimized with the Yoast SEO plugin v27.5 - https:\/\/yoast.com\/product\/yoast-seo-wordpress\/ -->\n<title>Trivia - Riberalves<\/title>\n<meta name=\"robots\" content=\"index, follow, max-snippet:-1, max-image-preview:large, max-video-preview:-1\" \/>\n<link rel=\"canonical\" href=\"https:\/\/riberalves.pt\/o-bacalhau\/curiosidades\/\" \/>\n<meta property=\"og:locale\" content=\"en_US\" \/>\n<meta property=\"og:type\" content=\"article\" \/>\n<meta property=\"og:title\" content=\"Trivia - Riberalves\" \/>\n<meta property=\"og:description\" content=\"The origin of the recipes \u00c0 Gomes de S\u00e1 codfish It all started in a restaurant called Lisbonense, located in the city of Porto. Jos\u00e9 Lu\u00eds Gomes de S\u00e1 (1851-1926), son of a codfish merchant, created the recipe that ended up taking his name and became an icon of traditional Portuguese cuisine. \u00c0 Gomes de [&hellip;]\" \/>\n<meta property=\"og:url\" content=\"https:\/\/riberalves.pt\/o-bacalhau\/curiosidades\/\" \/>\n<meta property=\"og:site_name\" content=\"Riberalves\" \/>\n<meta property=\"article:modified_time\" content=\"2021-02-10T18:47:54+00:00\" \/>\n<meta property=\"og:image\" content=\"https:\/\/riberalves.pt\/wp-content\/uploads\/2020\/11\/Caldeirada_Bacalhau-1_1200x1460.jpg\" \/>\n\t<meta property=\"og:image:width\" content=\"1200\" \/>\n\t<meta property=\"og:image:height\" content=\"1460\" \/>\n\t<meta property=\"og:image:type\" content=\"image\/jpeg\" \/>\n<meta name=\"twitter:card\" content=\"summary_large_image\" \/>\n<meta name=\"twitter:label1\" content=\"Est. reading time\" \/>\n\t<meta name=\"twitter:data1\" content=\"3 minutes\" \/>\n<script type=\"application\/ld+json\" class=\"yoast-schema-graph\">{\"@context\":\"https:\\\/\\\/schema.org\",\"@graph\":[{\"@type\":\"WebPage\",\"@id\":\"https:\\\/\\\/riberalves.pt\\\/o-bacalhau\\\/curiosidades\\\/\",\"url\":\"https:\\\/\\\/riberalves.pt\\\/o-bacalhau\\\/curiosidades\\\/\",\"name\":\"Trivia - Riberalves\",\"isPartOf\":{\"@id\":\"https:\\\/\\\/riberalves.pt\\\/#website\"},\"primaryImageOfPage\":{\"@id\":\"https:\\\/\\\/riberalves.pt\\\/o-bacalhau\\\/curiosidades\\\/#primaryimage\"},\"image\":{\"@id\":\"https:\\\/\\\/riberalves.pt\\\/o-bacalhau\\\/curiosidades\\\/#primaryimage\"},\"thumbnailUrl\":\"https:\\\/\\\/riberalves.pt\\\/wp-content\\\/uploads\\\/2020\\\/11\\\/Caldeirada_Bacalhau-1_1200x1460.jpg\",\"datePublished\":\"2020-11-03T10:51:53+00:00\",\"dateModified\":\"2021-02-10T18:47:54+00:00\",\"breadcrumb\":{\"@id\":\"https:\\\/\\\/riberalves.pt\\\/o-bacalhau\\\/curiosidades\\\/#breadcrumb\"},\"inLanguage\":\"en-US\",\"potentialAction\":[{\"@type\":\"ReadAction\",\"target\":[\"https:\\\/\\\/riberalves.pt\\\/o-bacalhau\\\/curiosidades\\\/\"]}]},{\"@type\":\"ImageObject\",\"inLanguage\":\"en-US\",\"@id\":\"https:\\\/\\\/riberalves.pt\\\/o-bacalhau\\\/curiosidades\\\/#primaryimage\",\"url\":\"https:\\\/\\\/riberalves.pt\\\/wp-content\\\/uploads\\\/2020\\\/11\\\/Caldeirada_Bacalhau-1_1200x1460.jpg\",\"contentUrl\":\"https:\\\/\\\/riberalves.pt\\\/wp-content\\\/uploads\\\/2020\\\/11\\\/Caldeirada_Bacalhau-1_1200x1460.jpg\",\"width\":1200,\"height\":1460,\"caption\":\"O Fiel amigo portugu\u00eas tamb\u00e9m \u00e9 recheado de hist\u00f3rias! Veja aqui as curiosidades sobre o bacalhau e sobre o universo da Riberalves.\"},{\"@type\":\"BreadcrumbList\",\"@id\":\"https:\\\/\\\/riberalves.pt\\\/o-bacalhau\\\/curiosidades\\\/#breadcrumb\",\"itemListElement\":[{\"@type\":\"ListItem\",\"position\":1,\"name\":\"Home\",\"item\":\"https:\\\/\\\/riberalves.pt\\\/\"},{\"@type\":\"ListItem\",\"position\":2,\"name\":\"Codfish\",\"item\":\"https:\\\/\\\/riberalves.pt\\\/en\\\/codfish\\\/\"},{\"@type\":\"ListItem\",\"position\":3,\"name\":\"Trivia\"}]},{\"@type\":\"WebSite\",\"@id\":\"https:\\\/\\\/riberalves.pt\\\/#website\",\"url\":\"https:\\\/\\\/riberalves.pt\\\/\",\"name\":\"Riberalves\",\"description\":\"The best recipes of cod fish available at any time! Our Portuguese salted cod fish guarantees the best flavor, soft texture and juicy slices of our favorite fish, ready to cook!\",\"alternateName\":\"Riberalves\",\"potentialAction\":[{\"@type\":\"SearchAction\",\"target\":{\"@type\":\"EntryPoint\",\"urlTemplate\":\"https:\\\/\\\/riberalves.pt\\\/?s={search_term_string}\"},\"query-input\":{\"@type\":\"PropertyValueSpecification\",\"valueRequired\":true,\"valueName\":\"search_term_string\"}}],\"inLanguage\":\"en-US\"}]}<\/script>\n<!-- \/ Yoast SEO plugin. -->","yoast_head_json":{"title":"Trivia - Riberalves","robots":{"index":"index","follow":"follow","max-snippet":"max-snippet:-1","max-image-preview":"max-image-preview:large","max-video-preview":"max-video-preview:-1"},"canonical":"https:\/\/riberalves.pt\/o-bacalhau\/curiosidades\/","og_locale":"en_US","og_type":"article","og_title":"Trivia - Riberalves","og_description":"The origin of the recipes \u00c0 Gomes de S\u00e1 codfish It all started in a restaurant called Lisbonense, located in the city of Porto. Jos\u00e9 Lu\u00eds Gomes de S\u00e1 (1851-1926), son of a codfish merchant, created the recipe that ended up taking his name and became an icon of traditional Portuguese cuisine. \u00c0 Gomes de [&hellip;]","og_url":"https:\/\/riberalves.pt\/o-bacalhau\/curiosidades\/","og_site_name":"Riberalves","article_modified_time":"2021-02-10T18:47:54+00:00","og_image":[{"width":1200,"height":1460,"url":"https:\/\/riberalves.pt\/wp-content\/uploads\/2020\/11\/Caldeirada_Bacalhau-1_1200x1460.jpg","type":"image\/jpeg"}],"twitter_card":"summary_large_image","twitter_misc":{"Est. reading time":"3 minutes"},"schema":{"@context":"https:\/\/schema.org","@graph":[{"@type":"WebPage","@id":"https:\/\/riberalves.pt\/o-bacalhau\/curiosidades\/","url":"https:\/\/riberalves.pt\/o-bacalhau\/curiosidades\/","name":"Trivia - Riberalves","isPartOf":{"@id":"https:\/\/riberalves.pt\/#website"},"primaryImageOfPage":{"@id":"https:\/\/riberalves.pt\/o-bacalhau\/curiosidades\/#primaryimage"},"image":{"@id":"https:\/\/riberalves.pt\/o-bacalhau\/curiosidades\/#primaryimage"},"thumbnailUrl":"https:\/\/riberalves.pt\/wp-content\/uploads\/2020\/11\/Caldeirada_Bacalhau-1_1200x1460.jpg","datePublished":"2020-11-03T10:51:53+00:00","dateModified":"2021-02-10T18:47:54+00:00","breadcrumb":{"@id":"https:\/\/riberalves.pt\/o-bacalhau\/curiosidades\/#breadcrumb"},"inLanguage":"en-US","potentialAction":[{"@type":"ReadAction","target":["https:\/\/riberalves.pt\/o-bacalhau\/curiosidades\/"]}]},{"@type":"ImageObject","inLanguage":"en-US","@id":"https:\/\/riberalves.pt\/o-bacalhau\/curiosidades\/#primaryimage","url":"https:\/\/riberalves.pt\/wp-content\/uploads\/2020\/11\/Caldeirada_Bacalhau-1_1200x1460.jpg","contentUrl":"https:\/\/riberalves.pt\/wp-content\/uploads\/2020\/11\/Caldeirada_Bacalhau-1_1200x1460.jpg","width":1200,"height":1460,"caption":"O Fiel amigo portugu\u00eas tamb\u00e9m \u00e9 recheado de hist\u00f3rias! Veja aqui as curiosidades sobre o bacalhau e sobre o universo da Riberalves."},{"@type":"BreadcrumbList","@id":"https:\/\/riberalves.pt\/o-bacalhau\/curiosidades\/#breadcrumb","itemListElement":[{"@type":"ListItem","position":1,"name":"Home","item":"https:\/\/riberalves.pt\/"},{"@type":"ListItem","position":2,"name":"Codfish","item":"https:\/\/riberalves.pt\/en\/codfish\/"},{"@type":"ListItem","position":3,"name":"Trivia"}]},{"@type":"WebSite","@id":"https:\/\/riberalves.pt\/#website","url":"https:\/\/riberalves.pt\/","name":"Riberalves","description":"The best recipes of cod fish available at any time! Our Portuguese salted cod fish guarantees the best flavor, soft texture and juicy slices of our favorite fish, ready to cook!","alternateName":"Riberalves","potentialAction":[{"@type":"SearchAction","target":{"@type":"EntryPoint","urlTemplate":"https:\/\/riberalves.pt\/?s={search_term_string}"},"query-input":{"@type":"PropertyValueSpecification","valueRequired":true,"valueName":"search_term_string"}}],"inLanguage":"en-US"}]}},"_links":{"self":[{"href":"https:\/\/riberalves.pt\/en\/wp-json\/wp\/v2\/pages\/3357","targetHints":{"allow":["GET"]}}],"collection":[{"href":"https:\/\/riberalves.pt\/en\/wp-json\/wp\/v2\/pages"}],"about":[{"href":"https:\/\/riberalves.pt\/en\/wp-json\/wp\/v2\/types\/page"}],"author":[{"embeddable":true,"href":"https:\/\/riberalves.pt\/en\/wp-json\/wp\/v2\/users\/5"}],"replies":[{"embeddable":true,"href":"https:\/\/riberalves.pt\/en\/wp-json\/wp\/v2\/comments?post=3357"}],"version-history":[{"count":4,"href":"https:\/\/riberalves.pt\/en\/wp-json\/wp\/v2\/pages\/3357\/revisions"}],"predecessor-version":[{"id":3415,"href":"https:\/\/riberalves.pt\/en\/wp-json\/wp\/v2\/pages\/3357\/revisions\/3415"}],"up":[{"embeddable":true,"href":"https:\/\/riberalves.pt\/en\/wp-json\/wp\/v2\/pages\/3356"}],"wp:featuredmedia":[{"embeddable":true,"href":"https:\/\/riberalves.pt\/en\/wp-json\/wp\/v2\/media\/705"}],"wp:attachment":[{"href":"https:\/\/riberalves.pt\/en\/wp-json\/wp\/v2\/media?parent=3357"}],"curies":[{"name":"wp","href":"https:\/\/api.w.org\/{rel}","templated":true}]}}