{"id":3361,"date":"2020-11-02T13:56:06","date_gmt":"2020-11-02T13:56:06","guid":{"rendered":"https:\/\/riberalves.pt\/o-bacalhau\/historia\/"},"modified":"2021-06-24T11:27:54","modified_gmt":"2021-06-24T10:27:54","slug":"historia","status":"publish","type":"page","link":"https:\/\/riberalves.pt\/en\/codfish\/historia\/","title":{"rendered":"History"},"content":{"rendered":"\n<h2 class=\"wp-block-heading\"><strong>The Vikings<\/strong><\/h2>\n\n\n\n<p>The Vikings are said to have first discovered the Gadus morhua cod.<\/p>\n\n\n\n<p>Since they had no salt, they only dried the fish outdoors until it lost almost a fifth of its weight and hardened like a piece of hardwood that would be eaten in tiny pieces in the long journeys that they made across the oceans.<\/p>\n\n\n\n<figure class=\"wp-block-gallery columns-2 is-cropped wp-block-gallery-1 is-layout-flex wp-block-gallery-is-layout-flex\"><ul class=\"blocks-gallery-grid\"><li class=\"blocks-gallery-item\"><figure><img loading=\"lazy\" decoding=\"async\" width=\"800\" height=\"552\" src=\"https:\/\/riberalves.pt\/_riberalves\/wp-content\/uploads\/2020\/11\/image-obacalhau-historia-1-800x552.jpg\" alt=\"\" data-id=\"264\" class=\"wp-image-264\" srcset=\"https:\/\/riberalves.pt\/wp-content\/uploads\/2020\/11\/image-obacalhau-historia-1-800x552.jpg 800w, https:\/\/riberalves.pt\/wp-content\/uploads\/2020\/11\/image-obacalhau-historia-1-600x414.jpg 600w, https:\/\/riberalves.pt\/wp-content\/uploads\/2020\/11\/image-obacalhau-historia-1-300x207.jpg 300w, https:\/\/riberalves.pt\/wp-content\/uploads\/2020\/11\/image-obacalhau-historia-1-768x530.jpg 768w, https:\/\/riberalves.pt\/wp-content\/uploads\/2020\/11\/image-obacalhau-historia-1.jpg 1063w\" sizes=\"auto, (max-width: 800px) 100vw, 800px\" \/><figcaption class=\"blocks-gallery-item__caption\">US Public Domain<\/figcaption><\/figure><\/li><li class=\"blocks-gallery-item\"><figure><img loading=\"lazy\" decoding=\"async\" width=\"800\" height=\"552\" src=\"https:\/\/riberalves.pt\/_riberalves\/wp-content\/uploads\/2020\/12\/Bacalhau-Seco-viking-1.jpg\" alt=\"\" data-id=\"1564\" data-full-url=\"https:\/\/riberalves.pt\/_riberalves\/wp-content\/uploads\/2020\/12\/Bacalhau-Seco-viking-1.jpg\" data-link=\"https:\/\/beta.riberalves.pt\/o-bacalhau\/historia\/bacalhau-seco-viking-1\/\" class=\"wp-image-1565\" srcset=\"https:\/\/riberalves.pt\/wp-content\/uploads\/2020\/12\/Bacalhau-Seco-viking-1.jpg 800w, https:\/\/riberalves.pt\/wp-content\/uploads\/2020\/12\/Bacalhau-Seco-viking-1-600x414.jpg 600w, https:\/\/riberalves.pt\/wp-content\/uploads\/2020\/12\/Bacalhau-Seco-viking-1-300x207.jpg 300w, https:\/\/riberalves.pt\/wp-content\/uploads\/2020\/12\/Bacalhau-Seco-viking-1-768x530.jpg 768w\" sizes=\"auto, (max-width: 800px) 100vw, 800px\" \/><\/figure><\/li><\/ul><\/figure>\n\n\n\n<p class=\"small\"><\/p>\n\n\n\n<p>The study examined five cod bones dated from 800 to 1066 AD found in the mud of the old quays of Haithabu, a former trading port.<\/p>\n\n\n\n<p>The DNA of these cod bones contained genetic signatures seen in Arctic stocks swimming off the Lofoten coast: the northern archipelago is still a hub for Norway&#8217;s fishing industry.<\/p>\n\n\n\n<p>Researchers say that the findings show that the supply of \u201ccod\u201d \u2013 an ancient dish of dried cod popular to this day \u2013 was transported over 1,000 kilometres from northern Norway to the Baltic Sea during the Viking era.<\/p>\n\n\n\n<figure class=\"wp-block-gallery columns-2 is-cropped wp-block-gallery-2 is-layout-flex wp-block-gallery-is-layout-flex\"><ul class=\"blocks-gallery-grid\"><li class=\"blocks-gallery-item\"><figure><img loading=\"lazy\" decoding=\"async\" width=\"800\" height=\"552\" src=\"https:\/\/riberalves.pt\/_riberalves\/wp-content\/uploads\/2020\/11\/image-obacalhau-historia-3-800x552.jpg\" alt=\"\" data-id=\"275\" data-full-url=\"\/_riberalves\/wp-content\/uploads\/2020\/11\/image-obacalhau-historia-3.jpg\" data-link=\"http:\/\/riberalves.test\/o-bacalhau\/historia\/image-obacalhau-historia-3\/\" class=\"wp-image-275\" srcset=\"https:\/\/riberalves.pt\/wp-content\/uploads\/2020\/11\/image-obacalhau-historia-3-800x552.jpg 800w, https:\/\/riberalves.pt\/wp-content\/uploads\/2020\/11\/image-obacalhau-historia-3-600x414.jpg 600w, https:\/\/riberalves.pt\/wp-content\/uploads\/2020\/11\/image-obacalhau-historia-3-300x207.jpg 300w, https:\/\/riberalves.pt\/wp-content\/uploads\/2020\/11\/image-obacalhau-historia-3-768x530.jpg 768w, https:\/\/riberalves.pt\/wp-content\/uploads\/2020\/11\/image-obacalhau-historia-3.jpg 1063w\" sizes=\"auto, (max-width: 800px) 100vw, 800px\" \/><figcaption class=\"blocks-gallery-item__caption\">Haithabu, Germany, a major Baltic Sea port centre<br><\/figcaption><\/figure><\/li><li class=\"blocks-gallery-item\"><figure><img loading=\"lazy\" decoding=\"async\" width=\"800\" height=\"554\" src=\"https:\/\/riberalves.pt\/_riberalves\/wp-content\/uploads\/2020\/11\/image-obacalhau-historia-4-800x554.jpg\" alt=\"\" data-id=\"278\" data-full-url=\"\/_riberalves\/wp-content\/uploads\/2020\/11\/image-obacalhau-historia-4.jpg\" data-link=\"http:\/\/riberalves.test\/o-bacalhau\/historia\/image-obacalhau-historia-4\/\" class=\"wp-image-278\" srcset=\"https:\/\/riberalves.pt\/wp-content\/uploads\/2020\/11\/image-obacalhau-historia-4-800x554.jpg 800w, https:\/\/riberalves.pt\/wp-content\/uploads\/2020\/11\/image-obacalhau-historia-4-600x415.jpg 600w, https:\/\/riberalves.pt\/wp-content\/uploads\/2020\/11\/image-obacalhau-historia-4-300x208.jpg 300w, https:\/\/riberalves.pt\/wp-content\/uploads\/2020\/11\/image-obacalhau-historia-4-768x532.jpg 768w, https:\/\/riberalves.pt\/wp-content\/uploads\/2020\/11\/image-obacalhau-historia-4.jpg 1060w\" sizes=\"auto, (max-width: 800px) 100vw, 800px\" \/><\/figure><\/li><\/ul><\/figure>\n\n\n\n<div class=\"wp-block-columns is-layout-flex wp-container-core-columns-is-layout-9d6595d7 wp-block-columns-is-layout-flex\">\n<div class=\"wp-block-column is-layout-flow wp-block-column-is-layout-flow\" style=\"flex-basis:60%\">\n<div style=\"height:60px\" aria-hidden=\"true\" class=\"wp-block-spacer\"><\/div>\n\n\n\n<h2 class=\"wp-block-heading\"><strong>The Basques and Salting<\/strong><\/h2>\n\n\n\n<p><br>Basques: people living in the Western Pyrenees, on both the Spanish and French sides of the border, who mastered the technique of salt for preservation.<\/p>\n\n\n\n<p>The Basques knew a great deal about salt, and there are records that show that they traded cured, salted and dried codfish as early as the year 1000.<\/p>\n\n\n\n<p>They were too far away to fish for whales and found a trading opportunity in codfish. Therefore, it was on the coast of Spain that codfish began to be salted and then dried on the rocks in the fresh air so that the fish could be better preserved and sailors could continue their journeys on the seas.<\/p>\n\n\n\n<h3 class=\"has-text-align-left wp-block-heading\" style=\"font-size:15px\"><strong>\u201c\u2026 the Basques are not only shepherds, but also sailors, famous for their success in trade.\u201d<\/strong><\/h3>\n\n\n\n<h3 class=\"has-text-align-left has-text-color wp-block-heading\" style=\"color:#112262;font-size:11px\"><strong>Mark Kurlansky \u2013 Cod: A Biography of the Fish That Changed the World<\/strong><\/h3>\n\n\n\n<p><\/p>\n<\/div>\n\n\n\n<div class=\"wp-block-column is-layout-flow wp-block-column-is-layout-flow\" style=\"flex-basis:40%\">\n<div style=\"height:60px\" aria-hidden=\"true\" class=\"wp-block-spacer\"><\/div>\n\n\n\n<figure class=\"wp-block-image size-medium\"><img loading=\"lazy\" decoding=\"async\" width=\"800\" height=\"554\" src=\"https:\/\/riberalves.pt\/_riberalves\/wp-content\/uploads\/2020\/11\/image-obacalhau-historia-5-800x554.jpg\" alt=\"\" class=\"wp-image-283\" srcset=\"https:\/\/riberalves.pt\/wp-content\/uploads\/2020\/11\/image-obacalhau-historia-5-800x554.jpg 800w, https:\/\/riberalves.pt\/wp-content\/uploads\/2020\/11\/image-obacalhau-historia-5-600x415.jpg 600w, https:\/\/riberalves.pt\/wp-content\/uploads\/2020\/11\/image-obacalhau-historia-5-300x208.jpg 300w, https:\/\/riberalves.pt\/wp-content\/uploads\/2020\/11\/image-obacalhau-historia-5-768x532.jpg 768w, https:\/\/riberalves.pt\/wp-content\/uploads\/2020\/11\/image-obacalhau-historia-5.jpg 1060w\" sizes=\"auto, (max-width: 800px) 100vw, 800px\" \/><\/figure>\n\n\n\n<p><\/p>\n<\/div>\n<\/div>\n\n\n\n<p><\/p>\n","protected":false},"excerpt":{"rendered":"<p>The Vikings The Vikings are said to have first discovered the Gadus morhua cod. Since they had no salt, they only dried the fish outdoors until it lost almost a fifth of its weight and hardened like a piece of hardwood that would be eaten in tiny pieces in the long journeys that they made [&hellip;]<\/p>\n","protected":false},"author":5,"featured_media":261,"parent":3356,"menu_order":800,"comment_status":"closed","ping_status":"closed","template":"","meta":{"_acf_changed":false,"footnotes":""},"class_list":["post-3361","page","type-page","status-publish","has-post-thumbnail","hentry"],"acf":[],"yoast_head":"<!-- This site is optimized with the Yoast SEO plugin v27.5 - https:\/\/yoast.com\/product\/yoast-seo-wordpress\/ -->\n<title>History - Riberalves<\/title>\n<meta name=\"description\" content=\"Uma breve hist\u00f3ria do Bacalhau: Dos Vikings aos Estado Novo em Portugal. Passando pelos bascos e palas grandes navega\u00e7\u00f5es. Veja mais!\" \/>\n<meta name=\"robots\" content=\"index, follow, max-snippet:-1, max-image-preview:large, max-video-preview:-1\" \/>\n<link rel=\"canonical\" href=\"https:\/\/riberalves.pt\/o-bacalhau\/historia\/\" \/>\n<meta property=\"og:locale\" content=\"en_US\" \/>\n<meta property=\"og:type\" content=\"article\" \/>\n<meta property=\"og:title\" content=\"History - Riberalves\" \/>\n<meta property=\"og:description\" content=\"Uma breve hist\u00f3ria do Bacalhau: Dos Vikings aos Estado Novo em Portugal. Passando pelos bascos e palas grandes navega\u00e7\u00f5es. Veja mais!\" \/>\n<meta property=\"og:url\" content=\"https:\/\/riberalves.pt\/o-bacalhau\/historia\/\" \/>\n<meta property=\"og:site_name\" content=\"Riberalves\" \/>\n<meta property=\"article:modified_time\" content=\"2021-06-24T10:27:54+00:00\" \/>\n<meta property=\"og:image\" content=\"https:\/\/riberalves.pt\/wp-content\/uploads\/2020\/11\/header-obacalhau-historia.jpg\" \/>\n\t<meta property=\"og:image:width\" content=\"1900\" \/>\n\t<meta property=\"og:image:height\" content=\"1011\" \/>\n\t<meta property=\"og:image:type\" content=\"image\/jpeg\" \/>\n<meta name=\"twitter:card\" content=\"summary_large_image\" \/>\n<meta name=\"twitter:label1\" content=\"Est. reading time\" \/>\n\t<meta name=\"twitter:data1\" content=\"3 minutes\" \/>\n<script type=\"application\/ld+json\" class=\"yoast-schema-graph\">{\"@context\":\"https:\\\/\\\/schema.org\",\"@graph\":[{\"@type\":\"WebPage\",\"@id\":\"https:\\\/\\\/riberalves.pt\\\/o-bacalhau\\\/historia\\\/\",\"url\":\"https:\\\/\\\/riberalves.pt\\\/o-bacalhau\\\/historia\\\/\",\"name\":\"History - Riberalves\",\"isPartOf\":{\"@id\":\"https:\\\/\\\/riberalves.pt\\\/#website\"},\"primaryImageOfPage\":{\"@id\":\"https:\\\/\\\/riberalves.pt\\\/o-bacalhau\\\/historia\\\/#primaryimage\"},\"image\":{\"@id\":\"https:\\\/\\\/riberalves.pt\\\/o-bacalhau\\\/historia\\\/#primaryimage\"},\"thumbnailUrl\":\"https:\\\/\\\/riberalves.pt\\\/wp-content\\\/uploads\\\/2020\\\/11\\\/header-obacalhau-historia.jpg\",\"datePublished\":\"2020-11-02T13:56:06+00:00\",\"dateModified\":\"2021-06-24T10:27:54+00:00\",\"description\":\"Uma breve hist\u00f3ria do Bacalhau: Dos Vikings aos Estado Novo em Portugal. Passando pelos bascos e palas grandes navega\u00e7\u00f5es. Veja mais!\",\"breadcrumb\":{\"@id\":\"https:\\\/\\\/riberalves.pt\\\/o-bacalhau\\\/historia\\\/#breadcrumb\"},\"inLanguage\":\"en-US\",\"potentialAction\":[{\"@type\":\"ReadAction\",\"target\":[\"https:\\\/\\\/riberalves.pt\\\/o-bacalhau\\\/historia\\\/\"]}]},{\"@type\":\"ImageObject\",\"inLanguage\":\"en-US\",\"@id\":\"https:\\\/\\\/riberalves.pt\\\/o-bacalhau\\\/historia\\\/#primaryimage\",\"url\":\"https:\\\/\\\/riberalves.pt\\\/wp-content\\\/uploads\\\/2020\\\/11\\\/header-obacalhau-historia.jpg\",\"contentUrl\":\"https:\\\/\\\/riberalves.pt\\\/wp-content\\\/uploads\\\/2020\\\/11\\\/header-obacalhau-historia.jpg\",\"width\":1900,\"height\":1011,\"caption\":\"Quer saber mais sobre a hist\u00f3ria do Bacalhau? Um peixe t\u00e3o famoso e muito presenta na cultura brasileira e ainda mas na portuguesa? Vem ver!\"},{\"@type\":\"BreadcrumbList\",\"@id\":\"https:\\\/\\\/riberalves.pt\\\/o-bacalhau\\\/historia\\\/#breadcrumb\",\"itemListElement\":[{\"@type\":\"ListItem\",\"position\":1,\"name\":\"Home\",\"item\":\"https:\\\/\\\/riberalves.pt\\\/\"},{\"@type\":\"ListItem\",\"position\":2,\"name\":\"Codfish\",\"item\":\"https:\\\/\\\/riberalves.pt\\\/en\\\/codfish\\\/\"},{\"@type\":\"ListItem\",\"position\":3,\"name\":\"History\"}]},{\"@type\":\"WebSite\",\"@id\":\"https:\\\/\\\/riberalves.pt\\\/#website\",\"url\":\"https:\\\/\\\/riberalves.pt\\\/\",\"name\":\"Riberalves\",\"description\":\"The best recipes of cod fish available at any time! Our Portuguese salted cod fish guarantees the best flavor, soft texture and juicy slices of our favorite fish, ready to cook!\",\"alternateName\":\"Riberalves\",\"potentialAction\":[{\"@type\":\"SearchAction\",\"target\":{\"@type\":\"EntryPoint\",\"urlTemplate\":\"https:\\\/\\\/riberalves.pt\\\/?s={search_term_string}\"},\"query-input\":{\"@type\":\"PropertyValueSpecification\",\"valueRequired\":true,\"valueName\":\"search_term_string\"}}],\"inLanguage\":\"en-US\"}]}<\/script>\n<!-- \/ Yoast SEO plugin. -->","yoast_head_json":{"title":"History - Riberalves","description":"Uma breve hist\u00f3ria do Bacalhau: Dos Vikings aos Estado Novo em Portugal. Passando pelos bascos e palas grandes navega\u00e7\u00f5es. Veja mais!","robots":{"index":"index","follow":"follow","max-snippet":"max-snippet:-1","max-image-preview":"max-image-preview:large","max-video-preview":"max-video-preview:-1"},"canonical":"https:\/\/riberalves.pt\/o-bacalhau\/historia\/","og_locale":"en_US","og_type":"article","og_title":"History - Riberalves","og_description":"Uma breve hist\u00f3ria do Bacalhau: Dos Vikings aos Estado Novo em Portugal. Passando pelos bascos e palas grandes navega\u00e7\u00f5es. Veja mais!","og_url":"https:\/\/riberalves.pt\/o-bacalhau\/historia\/","og_site_name":"Riberalves","article_modified_time":"2021-06-24T10:27:54+00:00","og_image":[{"width":1900,"height":1011,"url":"https:\/\/riberalves.pt\/wp-content\/uploads\/2020\/11\/header-obacalhau-historia.jpg","type":"image\/jpeg"}],"twitter_card":"summary_large_image","twitter_misc":{"Est. reading time":"3 minutes"},"schema":{"@context":"https:\/\/schema.org","@graph":[{"@type":"WebPage","@id":"https:\/\/riberalves.pt\/o-bacalhau\/historia\/","url":"https:\/\/riberalves.pt\/o-bacalhau\/historia\/","name":"History - Riberalves","isPartOf":{"@id":"https:\/\/riberalves.pt\/#website"},"primaryImageOfPage":{"@id":"https:\/\/riberalves.pt\/o-bacalhau\/historia\/#primaryimage"},"image":{"@id":"https:\/\/riberalves.pt\/o-bacalhau\/historia\/#primaryimage"},"thumbnailUrl":"https:\/\/riberalves.pt\/wp-content\/uploads\/2020\/11\/header-obacalhau-historia.jpg","datePublished":"2020-11-02T13:56:06+00:00","dateModified":"2021-06-24T10:27:54+00:00","description":"Uma breve hist\u00f3ria do Bacalhau: Dos Vikings aos Estado Novo em Portugal. Passando pelos bascos e palas grandes navega\u00e7\u00f5es. Veja mais!","breadcrumb":{"@id":"https:\/\/riberalves.pt\/o-bacalhau\/historia\/#breadcrumb"},"inLanguage":"en-US","potentialAction":[{"@type":"ReadAction","target":["https:\/\/riberalves.pt\/o-bacalhau\/historia\/"]}]},{"@type":"ImageObject","inLanguage":"en-US","@id":"https:\/\/riberalves.pt\/o-bacalhau\/historia\/#primaryimage","url":"https:\/\/riberalves.pt\/wp-content\/uploads\/2020\/11\/header-obacalhau-historia.jpg","contentUrl":"https:\/\/riberalves.pt\/wp-content\/uploads\/2020\/11\/header-obacalhau-historia.jpg","width":1900,"height":1011,"caption":"Quer saber mais sobre a hist\u00f3ria do Bacalhau? Um peixe t\u00e3o famoso e muito presenta na cultura brasileira e ainda mas na portuguesa? Vem ver!"},{"@type":"BreadcrumbList","@id":"https:\/\/riberalves.pt\/o-bacalhau\/historia\/#breadcrumb","itemListElement":[{"@type":"ListItem","position":1,"name":"Home","item":"https:\/\/riberalves.pt\/"},{"@type":"ListItem","position":2,"name":"Codfish","item":"https:\/\/riberalves.pt\/en\/codfish\/"},{"@type":"ListItem","position":3,"name":"History"}]},{"@type":"WebSite","@id":"https:\/\/riberalves.pt\/#website","url":"https:\/\/riberalves.pt\/","name":"Riberalves","description":"The best recipes of cod fish available at any time! Our Portuguese salted cod fish guarantees the best flavor, soft texture and juicy slices of our favorite fish, ready to cook!","alternateName":"Riberalves","potentialAction":[{"@type":"SearchAction","target":{"@type":"EntryPoint","urlTemplate":"https:\/\/riberalves.pt\/?s={search_term_string}"},"query-input":{"@type":"PropertyValueSpecification","valueRequired":true,"valueName":"search_term_string"}}],"inLanguage":"en-US"}]}},"_links":{"self":[{"href":"https:\/\/riberalves.pt\/en\/wp-json\/wp\/v2\/pages\/3361","targetHints":{"allow":["GET"]}}],"collection":[{"href":"https:\/\/riberalves.pt\/en\/wp-json\/wp\/v2\/pages"}],"about":[{"href":"https:\/\/riberalves.pt\/en\/wp-json\/wp\/v2\/types\/page"}],"author":[{"embeddable":true,"href":"https:\/\/riberalves.pt\/en\/wp-json\/wp\/v2\/users\/5"}],"replies":[{"embeddable":true,"href":"https:\/\/riberalves.pt\/en\/wp-json\/wp\/v2\/comments?post=3361"}],"version-history":[{"count":4,"href":"https:\/\/riberalves.pt\/en\/wp-json\/wp\/v2\/pages\/3361\/revisions"}],"predecessor-version":[{"id":5536,"href":"https:\/\/riberalves.pt\/en\/wp-json\/wp\/v2\/pages\/3361\/revisions\/5536"}],"up":[{"embeddable":true,"href":"https:\/\/riberalves.pt\/en\/wp-json\/wp\/v2\/pages\/3356"}],"wp:featuredmedia":[{"embeddable":true,"href":"https:\/\/riberalves.pt\/en\/wp-json\/wp\/v2\/media\/261"}],"wp:attachment":[{"href":"https:\/\/riberalves.pt\/en\/wp-json\/wp\/v2\/media?parent=3361"}],"curies":[{"name":"wp","href":"https:\/\/api.w.org\/{rel}","templated":true}]}}