{"id":6051,"date":"2020-11-04T12:44:59","date_gmt":"2020-11-04T12:44:59","guid":{"rendered":"https:\/\/riberalves.pt\/a-riberalves\/uma-paixao-de-portugal-para-o-mundo\/"},"modified":"2021-06-28T10:51:35","modified_gmt":"2021-06-28T09:51:35","slug":"une-passion-du-portugal-vers-le-monde","status":"publish","type":"page","link":"https:\/\/riberalves.pt\/fr\/riberalves\/une-passion-du-portugal-vers-le-monde\/","title":{"rendered":"Une passion: du portugal vers le monde"},"content":{"rendered":"\n<p>Riberalves est une entreprise leader sur un march\u00e9 portugais tr\u00e8s exigeant parvenu \u00e0 maturit\u00e9. Riberalves se distingue par la qualit\u00e9 et l&rsquo;innovation, en d\u00e9veloppant de nouveaux produits qui lui ont permis de se d\u00e9velopper progressivement sur de nouveaux march\u00e9s.<\/p>\n\n\n\n<p>La pr\u00e9sence de l&rsquo;entreprise ne se limite pas aux fronti\u00e8res nationales. <strong>Riberalves est pr\u00e9sente dans plus de 20 pays <\/strong>et exporte 40&nbsp;% de sa production vers ce que l&rsquo;on appelle le \u00ab&nbsp;march\u00e9 de la saudade&nbsp;\u00bb, rassemblant les communaut\u00e9s portugaises ou de culture portugaise.<\/p>\n","protected":false},"excerpt":{"rendered":"<p>Riberalves est une entreprise leader sur un march\u00e9 portugais tr\u00e8s exigeant parvenu \u00e0 maturit\u00e9. Riberalves se distingue par la qualit\u00e9 et l&rsquo;innovation, en d\u00e9veloppant de nouveaux produits qui lui ont permis de se d\u00e9velopper progressivement sur de nouveaux march\u00e9s. La pr\u00e9sence de l&rsquo;entreprise ne se limite pas aux fronti\u00e8res nationales. Riberalves est pr\u00e9sente dans plus [&hellip;]<\/p>\n","protected":false},"author":5,"featured_media":0,"parent":6049,"menu_order":100,"comment_status":"closed","ping_status":"closed","template":"","meta":{"_acf_changed":false,"footnotes":""},"class_list":["post-6051","page","type-page","status-publish","hentry"],"acf":[],"yoast_head":"<!-- This site is optimized with the Yoast SEO plugin v27.4 - https:\/\/yoast.com\/product\/yoast-seo-wordpress\/ -->\n<title>Une passion: du portugal vers le monde - Riberalves<\/title>\n<meta name=\"robots\" content=\"index, follow, max-snippet:-1, max-image-preview:large, max-video-preview:-1\" \/>\n<link rel=\"canonical\" href=\"https:\/\/riberalves.pt\/a-riberalves\/uma-paixao-de-portugal-para-o-mundo\/\" \/>\n<meta property=\"og:locale\" content=\"fr_FR\" \/>\n<meta property=\"og:type\" content=\"article\" \/>\n<meta property=\"og:title\" content=\"Une passion: du portugal vers le monde - Riberalves\" \/>\n<meta property=\"og:description\" content=\"Riberalves est une entreprise leader sur un march\u00e9 portugais tr\u00e8s exigeant parvenu \u00e0 maturit\u00e9. Riberalves se distingue par la qualit\u00e9 et l&rsquo;innovation, en d\u00e9veloppant de nouveaux produits qui lui ont permis de se d\u00e9velopper progressivement sur de nouveaux march\u00e9s. La pr\u00e9sence de l&rsquo;entreprise ne se limite pas aux fronti\u00e8res nationales. Riberalves est pr\u00e9sente dans plus [&hellip;]\" \/>\n<meta property=\"og:url\" content=\"https:\/\/riberalves.pt\/a-riberalves\/uma-paixao-de-portugal-para-o-mundo\/\" \/>\n<meta property=\"og:site_name\" content=\"Riberalves\" \/>\n<meta property=\"article:modified_time\" content=\"2021-06-28T09:51:35+00:00\" \/>\n<meta property=\"og:image\" content=\"https:\/\/riberalves.pt\/wp-content\/uploads\/2024\/02\/ribeiralvesOg.png\" \/>\n\t<meta property=\"og:image:width\" content=\"1200\" \/>\n\t<meta property=\"og:image:height\" content=\"630\" \/>\n\t<meta property=\"og:image:type\" content=\"image\/png\" \/>\n<meta name=\"twitter:card\" content=\"summary_large_image\" \/>\n<meta name=\"twitter:label1\" content=\"Dur\u00e9e de lecture estim\u00e9e\" \/>\n\t<meta name=\"twitter:data1\" content=\"1 minute\" \/>\n<script type=\"application\/ld+json\" class=\"yoast-schema-graph\">{\"@context\":\"https:\\\/\\\/schema.org\",\"@graph\":[{\"@type\":\"WebPage\",\"@id\":\"https:\\\/\\\/riberalves.pt\\\/a-riberalves\\\/uma-paixao-de-portugal-para-o-mundo\\\/\",\"url\":\"https:\\\/\\\/riberalves.pt\\\/a-riberalves\\\/uma-paixao-de-portugal-para-o-mundo\\\/\",\"name\":\"Une passion: du portugal vers le monde - Riberalves\",\"isPartOf\":{\"@id\":\"https:\\\/\\\/riberalves.pt\\\/#website\"},\"datePublished\":\"2020-11-04T12:44:59+00:00\",\"dateModified\":\"2021-06-28T09:51:35+00:00\",\"breadcrumb\":{\"@id\":\"https:\\\/\\\/riberalves.pt\\\/a-riberalves\\\/uma-paixao-de-portugal-para-o-mundo\\\/#breadcrumb\"},\"inLanguage\":\"fr-FR\",\"potentialAction\":[{\"@type\":\"ReadAction\",\"target\":[\"https:\\\/\\\/riberalves.pt\\\/a-riberalves\\\/uma-paixao-de-portugal-para-o-mundo\\\/\"]}]},{\"@type\":\"BreadcrumbList\",\"@id\":\"https:\\\/\\\/riberalves.pt\\\/a-riberalves\\\/uma-paixao-de-portugal-para-o-mundo\\\/#breadcrumb\",\"itemListElement\":[{\"@type\":\"ListItem\",\"position\":1,\"name\":\"Home\",\"item\":\"https:\\\/\\\/riberalves.pt\\\/\"},{\"@type\":\"ListItem\",\"position\":2,\"name\":\"Riberalves\",\"item\":\"https:\\\/\\\/riberalves.pt\\\/a-riberalves\\\/\"},{\"@type\":\"ListItem\",\"position\":3,\"name\":\"Une passion: du portugal vers le monde\"}]},{\"@type\":\"WebSite\",\"@id\":\"https:\\\/\\\/riberalves.pt\\\/#website\",\"url\":\"https:\\\/\\\/riberalves.pt\\\/\",\"name\":\"Riberalves\",\"description\":\"Les meilleures recettes de morue en un seul endroit! Notre processus de longue matuaration dans le sel garantit la saveur unique, la texture douce et les tranches succulentes de notre poisson pr\u00e9f\u00e9r\u00e9, pr\u00eat \u00e0 cuisiner!\",\"alternateName\":\"Riberalves\",\"potentialAction\":[{\"@type\":\"SearchAction\",\"target\":{\"@type\":\"EntryPoint\",\"urlTemplate\":\"https:\\\/\\\/riberalves.pt\\\/?s={search_term_string}\"},\"query-input\":{\"@type\":\"PropertyValueSpecification\",\"valueRequired\":true,\"valueName\":\"search_term_string\"}}],\"inLanguage\":\"fr-FR\"}]}<\/script>\n<!-- \/ Yoast SEO plugin. -->","yoast_head_json":{"title":"Une passion: du portugal vers le monde - Riberalves","robots":{"index":"index","follow":"follow","max-snippet":"max-snippet:-1","max-image-preview":"max-image-preview:large","max-video-preview":"max-video-preview:-1"},"canonical":"https:\/\/riberalves.pt\/a-riberalves\/uma-paixao-de-portugal-para-o-mundo\/","og_locale":"fr_FR","og_type":"article","og_title":"Une passion: du portugal vers le monde - Riberalves","og_description":"Riberalves est une entreprise leader sur un march\u00e9 portugais tr\u00e8s exigeant parvenu \u00e0 maturit\u00e9. Riberalves se distingue par la qualit\u00e9 et l&rsquo;innovation, en d\u00e9veloppant de nouveaux produits qui lui ont permis de se d\u00e9velopper progressivement sur de nouveaux march\u00e9s. La pr\u00e9sence de l&rsquo;entreprise ne se limite pas aux fronti\u00e8res nationales. Riberalves est pr\u00e9sente dans plus [&hellip;]","og_url":"https:\/\/riberalves.pt\/a-riberalves\/uma-paixao-de-portugal-para-o-mundo\/","og_site_name":"Riberalves","article_modified_time":"2021-06-28T09:51:35+00:00","og_image":[{"width":1200,"height":630,"url":"https:\/\/riberalves.pt\/wp-content\/uploads\/2024\/02\/ribeiralvesOg.png","type":"image\/png"}],"twitter_card":"summary_large_image","twitter_misc":{"Dur\u00e9e de lecture estim\u00e9e":"1 minute"},"schema":{"@context":"https:\/\/schema.org","@graph":[{"@type":"WebPage","@id":"https:\/\/riberalves.pt\/a-riberalves\/uma-paixao-de-portugal-para-o-mundo\/","url":"https:\/\/riberalves.pt\/a-riberalves\/uma-paixao-de-portugal-para-o-mundo\/","name":"Une passion: du portugal vers le monde - Riberalves","isPartOf":{"@id":"https:\/\/riberalves.pt\/#website"},"datePublished":"2020-11-04T12:44:59+00:00","dateModified":"2021-06-28T09:51:35+00:00","breadcrumb":{"@id":"https:\/\/riberalves.pt\/a-riberalves\/uma-paixao-de-portugal-para-o-mundo\/#breadcrumb"},"inLanguage":"fr-FR","potentialAction":[{"@type":"ReadAction","target":["https:\/\/riberalves.pt\/a-riberalves\/uma-paixao-de-portugal-para-o-mundo\/"]}]},{"@type":"BreadcrumbList","@id":"https:\/\/riberalves.pt\/a-riberalves\/uma-paixao-de-portugal-para-o-mundo\/#breadcrumb","itemListElement":[{"@type":"ListItem","position":1,"name":"Home","item":"https:\/\/riberalves.pt\/"},{"@type":"ListItem","position":2,"name":"Riberalves","item":"https:\/\/riberalves.pt\/a-riberalves\/"},{"@type":"ListItem","position":3,"name":"Une passion: du portugal vers le monde"}]},{"@type":"WebSite","@id":"https:\/\/riberalves.pt\/#website","url":"https:\/\/riberalves.pt\/","name":"Riberalves","description":"Les meilleures recettes de morue en un seul endroit! Notre processus de longue matuaration dans le sel garantit la saveur unique, la texture douce et les tranches succulentes de notre poisson pr\u00e9f\u00e9r\u00e9, pr\u00eat \u00e0 cuisiner!","alternateName":"Riberalves","potentialAction":[{"@type":"SearchAction","target":{"@type":"EntryPoint","urlTemplate":"https:\/\/riberalves.pt\/?s={search_term_string}"},"query-input":{"@type":"PropertyValueSpecification","valueRequired":true,"valueName":"search_term_string"}}],"inLanguage":"fr-FR"}]}},"_links":{"self":[{"href":"https:\/\/riberalves.pt\/fr\/wp-json\/wp\/v2\/pages\/6051","targetHints":{"allow":["GET"]}}],"collection":[{"href":"https:\/\/riberalves.pt\/fr\/wp-json\/wp\/v2\/pages"}],"about":[{"href":"https:\/\/riberalves.pt\/fr\/wp-json\/wp\/v2\/types\/page"}],"author":[{"embeddable":true,"href":"https:\/\/riberalves.pt\/fr\/wp-json\/wp\/v2\/users\/5"}],"replies":[{"embeddable":true,"href":"https:\/\/riberalves.pt\/fr\/wp-json\/wp\/v2\/comments?post=6051"}],"version-history":[{"count":3,"href":"https:\/\/riberalves.pt\/fr\/wp-json\/wp\/v2\/pages\/6051\/revisions"}],"predecessor-version":[{"id":6078,"href":"https:\/\/riberalves.pt\/fr\/wp-json\/wp\/v2\/pages\/6051\/revisions\/6078"}],"up":[{"embeddable":true,"href":"https:\/\/riberalves.pt\/fr\/wp-json\/wp\/v2\/pages\/6049"}],"wp:attachment":[{"href":"https:\/\/riberalves.pt\/fr\/wp-json\/wp\/v2\/media?parent=6051"}],"curies":[{"name":"wp","href":"https:\/\/api.w.org\/{rel}","templated":true}]}}