{"id":6055,"date":"2020-11-04T12:46:17","date_gmt":"2020-11-04T12:46:17","guid":{"rendered":"https:\/\/riberalves.pt\/a-riberalves\/a-maior-fabrica-mundial-do-sector\/"},"modified":"2021-06-28T10:52:34","modified_gmt":"2021-06-28T09:52:34","slug":"la-plus-grande-usine-du-secteur-au-monde","status":"publish","type":"page","link":"https:\/\/riberalves.pt\/fr\/riberalves\/la-plus-grande-usine-du-secteur-au-monde\/","title":{"rendered":"La plus grande usine du secteur au monde"},"content":{"rendered":"\n<p>Riberalves produit plus de <strong>30&nbsp;000 tonnes de morue par an<\/strong>, soit l&rsquo;\u00e9quivalent d&rsquo;environ 8 \u00e0 10&nbsp;% de l&rsquo;ensemble de la morue p\u00each\u00e9e dans le monde. La capacit\u00e9 de production de l&rsquo;entreprise a consid\u00e9rablement augment\u00e9 depuis l&rsquo;ann\u00e9e 2000, suite \u00e0 l&rsquo;investissement dans l&rsquo;unit\u00e9 industrielle de Moita. Aujourd&rsquo;hui, celle-ci est devenue la plus grande unit\u00e9 mondiale d\u00e9di\u00e9e exclusivement au secteur de la morue.<\/p>\n\n\n\n<p>Dans cette unit\u00e9, Riberalves a mis en \u0153uvre sa propre technologie, d\u00e9velopp\u00e9e pour la production de <strong>morue dessal\u00e9e surgel\u00e9e<\/strong> \u2013 pr\u00eate \u00e0 cuisiner \u2013 une cat\u00e9gorie de produits qui, gr\u00e2ce \u00e0 leur qualit\u00e9 et \u00e0 leur facilit\u00e9 d&rsquo;utilisation, a permis de r\u00e9inventer la consommation de \u00ab&nbsp;l&rsquo;amie fid\u00e8le&nbsp;\u00bb et de conqu\u00e9rir de nouveaux march\u00e9s.<\/p>\n","protected":false},"excerpt":{"rendered":"<p>Riberalves produit plus de 30&nbsp;000 tonnes de morue par an, soit l&rsquo;\u00e9quivalent d&rsquo;environ 8 \u00e0 10&nbsp;% de l&rsquo;ensemble de la morue p\u00each\u00e9e dans le monde. La capacit\u00e9 de production de l&rsquo;entreprise a consid\u00e9rablement augment\u00e9 depuis l&rsquo;ann\u00e9e 2000, suite \u00e0 l&rsquo;investissement dans l&rsquo;unit\u00e9 industrielle de Moita. Aujourd&rsquo;hui, celle-ci est devenue la plus grande unit\u00e9 mondiale d\u00e9di\u00e9e [&hellip;]<\/p>\n","protected":false},"author":5,"featured_media":0,"parent":6049,"menu_order":300,"comment_status":"closed","ping_status":"closed","template":"","meta":{"_acf_changed":false,"footnotes":""},"class_list":["post-6055","page","type-page","status-publish","hentry"],"acf":[],"yoast_head":"<!-- This site is optimized with the Yoast SEO plugin v27.5 - https:\/\/yoast.com\/product\/yoast-seo-wordpress\/ -->\n<title>La plus grande usine du secteur au monde - Riberalves<\/title>\n<meta name=\"robots\" content=\"index, follow, max-snippet:-1, max-image-preview:large, max-video-preview:-1\" \/>\n<link rel=\"canonical\" href=\"https:\/\/riberalves.pt\/a-riberalves\/a-maior-fabrica-mundial-do-sector\/\" \/>\n<meta property=\"og:locale\" content=\"fr_FR\" \/>\n<meta property=\"og:type\" content=\"article\" \/>\n<meta property=\"og:title\" content=\"La plus grande usine du secteur au monde - Riberalves\" \/>\n<meta property=\"og:description\" content=\"Riberalves produit plus de 30&nbsp;000 tonnes de morue par an, soit l&rsquo;\u00e9quivalent d&rsquo;environ 8 \u00e0 10&nbsp;% de l&rsquo;ensemble de la morue p\u00each\u00e9e dans le monde. La capacit\u00e9 de production de l&rsquo;entreprise a consid\u00e9rablement augment\u00e9 depuis l&rsquo;ann\u00e9e 2000, suite \u00e0 l&rsquo;investissement dans l&rsquo;unit\u00e9 industrielle de Moita. Aujourd&rsquo;hui, celle-ci est devenue la plus grande unit\u00e9 mondiale d\u00e9di\u00e9e [&hellip;]\" \/>\n<meta property=\"og:url\" content=\"https:\/\/riberalves.pt\/a-riberalves\/a-maior-fabrica-mundial-do-sector\/\" \/>\n<meta property=\"og:site_name\" content=\"Riberalves\" \/>\n<meta property=\"article:modified_time\" content=\"2021-06-28T09:52:34+00:00\" \/>\n<meta property=\"og:image\" content=\"https:\/\/riberalves.pt\/wp-content\/uploads\/2024\/02\/ribeiralvesOg.png\" \/>\n\t<meta property=\"og:image:width\" content=\"1200\" \/>\n\t<meta property=\"og:image:height\" content=\"630\" \/>\n\t<meta property=\"og:image:type\" content=\"image\/png\" \/>\n<meta name=\"twitter:card\" content=\"summary_large_image\" \/>\n<meta name=\"twitter:label1\" content=\"Dur\u00e9e de lecture estim\u00e9e\" \/>\n\t<meta name=\"twitter:data1\" content=\"1 minute\" \/>\n<script type=\"application\/ld+json\" class=\"yoast-schema-graph\">{\"@context\":\"https:\\\/\\\/schema.org\",\"@graph\":[{\"@type\":\"WebPage\",\"@id\":\"https:\\\/\\\/riberalves.pt\\\/a-riberalves\\\/a-maior-fabrica-mundial-do-sector\\\/\",\"url\":\"https:\\\/\\\/riberalves.pt\\\/a-riberalves\\\/a-maior-fabrica-mundial-do-sector\\\/\",\"name\":\"La plus grande usine du secteur au monde - Riberalves\",\"isPartOf\":{\"@id\":\"https:\\\/\\\/riberalves.pt\\\/#website\"},\"datePublished\":\"2020-11-04T12:46:17+00:00\",\"dateModified\":\"2021-06-28T09:52:34+00:00\",\"breadcrumb\":{\"@id\":\"https:\\\/\\\/riberalves.pt\\\/a-riberalves\\\/a-maior-fabrica-mundial-do-sector\\\/#breadcrumb\"},\"inLanguage\":\"fr-FR\",\"potentialAction\":[{\"@type\":\"ReadAction\",\"target\":[\"https:\\\/\\\/riberalves.pt\\\/a-riberalves\\\/a-maior-fabrica-mundial-do-sector\\\/\"]}]},{\"@type\":\"BreadcrumbList\",\"@id\":\"https:\\\/\\\/riberalves.pt\\\/a-riberalves\\\/a-maior-fabrica-mundial-do-sector\\\/#breadcrumb\",\"itemListElement\":[{\"@type\":\"ListItem\",\"position\":1,\"name\":\"Home\",\"item\":\"https:\\\/\\\/riberalves.pt\\\/\"},{\"@type\":\"ListItem\",\"position\":2,\"name\":\"Riberalves\",\"item\":\"https:\\\/\\\/riberalves.pt\\\/a-riberalves\\\/\"},{\"@type\":\"ListItem\",\"position\":3,\"name\":\"La plus grande usine du secteur au monde\"}]},{\"@type\":\"WebSite\",\"@id\":\"https:\\\/\\\/riberalves.pt\\\/#website\",\"url\":\"https:\\\/\\\/riberalves.pt\\\/\",\"name\":\"Riberalves\",\"description\":\"Les meilleures recettes de morue en un seul endroit! Notre processus de longue matuaration dans le sel garantit la saveur unique, la texture douce et les tranches succulentes de notre poisson pr\u00e9f\u00e9r\u00e9, pr\u00eat \u00e0 cuisiner!\",\"alternateName\":\"Riberalves\",\"potentialAction\":[{\"@type\":\"SearchAction\",\"target\":{\"@type\":\"EntryPoint\",\"urlTemplate\":\"https:\\\/\\\/riberalves.pt\\\/?s={search_term_string}\"},\"query-input\":{\"@type\":\"PropertyValueSpecification\",\"valueRequired\":true,\"valueName\":\"search_term_string\"}}],\"inLanguage\":\"fr-FR\"}]}<\/script>\n<!-- \/ Yoast SEO plugin. -->","yoast_head_json":{"title":"La plus grande usine du secteur au monde - Riberalves","robots":{"index":"index","follow":"follow","max-snippet":"max-snippet:-1","max-image-preview":"max-image-preview:large","max-video-preview":"max-video-preview:-1"},"canonical":"https:\/\/riberalves.pt\/a-riberalves\/a-maior-fabrica-mundial-do-sector\/","og_locale":"fr_FR","og_type":"article","og_title":"La plus grande usine du secteur au monde - Riberalves","og_description":"Riberalves produit plus de 30&nbsp;000 tonnes de morue par an, soit l&rsquo;\u00e9quivalent d&rsquo;environ 8 \u00e0 10&nbsp;% de l&rsquo;ensemble de la morue p\u00each\u00e9e dans le monde. La capacit\u00e9 de production de l&rsquo;entreprise a consid\u00e9rablement augment\u00e9 depuis l&rsquo;ann\u00e9e 2000, suite \u00e0 l&rsquo;investissement dans l&rsquo;unit\u00e9 industrielle de Moita. Aujourd&rsquo;hui, celle-ci est devenue la plus grande unit\u00e9 mondiale d\u00e9di\u00e9e [&hellip;]","og_url":"https:\/\/riberalves.pt\/a-riberalves\/a-maior-fabrica-mundial-do-sector\/","og_site_name":"Riberalves","article_modified_time":"2021-06-28T09:52:34+00:00","og_image":[{"width":1200,"height":630,"url":"https:\/\/riberalves.pt\/wp-content\/uploads\/2024\/02\/ribeiralvesOg.png","type":"image\/png"}],"twitter_card":"summary_large_image","twitter_misc":{"Dur\u00e9e de lecture estim\u00e9e":"1 minute"},"schema":{"@context":"https:\/\/schema.org","@graph":[{"@type":"WebPage","@id":"https:\/\/riberalves.pt\/a-riberalves\/a-maior-fabrica-mundial-do-sector\/","url":"https:\/\/riberalves.pt\/a-riberalves\/a-maior-fabrica-mundial-do-sector\/","name":"La plus grande usine du secteur au monde - Riberalves","isPartOf":{"@id":"https:\/\/riberalves.pt\/#website"},"datePublished":"2020-11-04T12:46:17+00:00","dateModified":"2021-06-28T09:52:34+00:00","breadcrumb":{"@id":"https:\/\/riberalves.pt\/a-riberalves\/a-maior-fabrica-mundial-do-sector\/#breadcrumb"},"inLanguage":"fr-FR","potentialAction":[{"@type":"ReadAction","target":["https:\/\/riberalves.pt\/a-riberalves\/a-maior-fabrica-mundial-do-sector\/"]}]},{"@type":"BreadcrumbList","@id":"https:\/\/riberalves.pt\/a-riberalves\/a-maior-fabrica-mundial-do-sector\/#breadcrumb","itemListElement":[{"@type":"ListItem","position":1,"name":"Home","item":"https:\/\/riberalves.pt\/"},{"@type":"ListItem","position":2,"name":"Riberalves","item":"https:\/\/riberalves.pt\/a-riberalves\/"},{"@type":"ListItem","position":3,"name":"La plus grande usine du secteur au monde"}]},{"@type":"WebSite","@id":"https:\/\/riberalves.pt\/#website","url":"https:\/\/riberalves.pt\/","name":"Riberalves","description":"Les meilleures recettes de morue en un seul endroit! Notre processus de longue matuaration dans le sel garantit la saveur unique, la texture douce et les tranches succulentes de notre poisson pr\u00e9f\u00e9r\u00e9, pr\u00eat \u00e0 cuisiner!","alternateName":"Riberalves","potentialAction":[{"@type":"SearchAction","target":{"@type":"EntryPoint","urlTemplate":"https:\/\/riberalves.pt\/?s={search_term_string}"},"query-input":{"@type":"PropertyValueSpecification","valueRequired":true,"valueName":"search_term_string"}}],"inLanguage":"fr-FR"}]}},"_links":{"self":[{"href":"https:\/\/riberalves.pt\/fr\/wp-json\/wp\/v2\/pages\/6055","targetHints":{"allow":["GET"]}}],"collection":[{"href":"https:\/\/riberalves.pt\/fr\/wp-json\/wp\/v2\/pages"}],"about":[{"href":"https:\/\/riberalves.pt\/fr\/wp-json\/wp\/v2\/types\/page"}],"author":[{"embeddable":true,"href":"https:\/\/riberalves.pt\/fr\/wp-json\/wp\/v2\/users\/5"}],"replies":[{"embeddable":true,"href":"https:\/\/riberalves.pt\/fr\/wp-json\/wp\/v2\/comments?post=6055"}],"version-history":[{"count":3,"href":"https:\/\/riberalves.pt\/fr\/wp-json\/wp\/v2\/pages\/6055\/revisions"}],"predecessor-version":[{"id":6081,"href":"https:\/\/riberalves.pt\/fr\/wp-json\/wp\/v2\/pages\/6055\/revisions\/6081"}],"up":[{"embeddable":true,"href":"https:\/\/riberalves.pt\/fr\/wp-json\/wp\/v2\/pages\/6049"}],"wp:attachment":[{"href":"https:\/\/riberalves.pt\/fr\/wp-json\/wp\/v2\/media?parent=6055"}],"curies":[{"name":"wp","href":"https:\/\/api.w.org\/{rel}","templated":true}]}}