{"id":6058,"date":"2020-11-04T12:47:15","date_gmt":"2020-11-04T12:47:15","guid":{"rendered":"https:\/\/riberalves.pt\/a-riberalves\/visao\/"},"modified":"2021-06-28T10:47:29","modified_gmt":"2021-06-28T09:47:29","slug":"vision","status":"publish","type":"page","link":"https:\/\/riberalves.pt\/fr\/riberalves\/vision\/","title":{"rendered":"Vision"},"content":{"rendered":"","protected":false},"excerpt":{"rendered":"","protected":false},"author":5,"featured_media":0,"parent":6049,"menu_order":400,"comment_status":"closed","ping_status":"closed","template":"","meta":{"_acf_changed":false,"footnotes":""},"class_list":["post-6058","page","type-page","status-publish","hentry"],"acf":[],"yoast_head":"<!-- This site is optimized with the Yoast SEO plugin v27.4 - https:\/\/yoast.com\/product\/yoast-seo-wordpress\/ -->\n<title>Vision - Riberalves<\/title>\n<meta name=\"robots\" content=\"index, follow, max-snippet:-1, max-image-preview:large, max-video-preview:-1\" \/>\n<link rel=\"canonical\" href=\"https:\/\/riberalves.pt\/a-riberalves\/visao\/\" \/>\n<meta property=\"og:locale\" content=\"fr_FR\" \/>\n<meta property=\"og:type\" content=\"article\" \/>\n<meta property=\"og:title\" content=\"Vision - Riberalves\" \/>\n<meta property=\"og:url\" content=\"https:\/\/riberalves.pt\/a-riberalves\/visao\/\" \/>\n<meta property=\"og:site_name\" content=\"Riberalves\" \/>\n<meta property=\"article:modified_time\" content=\"2021-06-28T09:47:29+00:00\" \/>\n<meta property=\"og:image\" content=\"https:\/\/riberalves.pt\/wp-content\/uploads\/2024\/02\/ribeiralvesOg.png\" \/>\n\t<meta property=\"og:image:width\" content=\"1200\" \/>\n\t<meta property=\"og:image:height\" content=\"630\" \/>\n\t<meta property=\"og:image:type\" content=\"image\/png\" \/>\n<meta name=\"twitter:card\" content=\"summary_large_image\" \/>\n<script type=\"application\/ld+json\" class=\"yoast-schema-graph\">{\"@context\":\"https:\\\/\\\/schema.org\",\"@graph\":[{\"@type\":\"WebPage\",\"@id\":\"https:\\\/\\\/riberalves.pt\\\/a-riberalves\\\/visao\\\/\",\"url\":\"https:\\\/\\\/riberalves.pt\\\/a-riberalves\\\/visao\\\/\",\"name\":\"Vision - Riberalves\",\"isPartOf\":{\"@id\":\"https:\\\/\\\/riberalves.pt\\\/#website\"},\"datePublished\":\"2020-11-04T12:47:15+00:00\",\"dateModified\":\"2021-06-28T09:47:29+00:00\",\"breadcrumb\":{\"@id\":\"https:\\\/\\\/riberalves.pt\\\/a-riberalves\\\/visao\\\/#breadcrumb\"},\"inLanguage\":\"fr-FR\",\"potentialAction\":[{\"@type\":\"ReadAction\",\"target\":[\"https:\\\/\\\/riberalves.pt\\\/a-riberalves\\\/visao\\\/\"]}]},{\"@type\":\"BreadcrumbList\",\"@id\":\"https:\\\/\\\/riberalves.pt\\\/a-riberalves\\\/visao\\\/#breadcrumb\",\"itemListElement\":[{\"@type\":\"ListItem\",\"position\":1,\"name\":\"Home\",\"item\":\"https:\\\/\\\/riberalves.pt\\\/\"},{\"@type\":\"ListItem\",\"position\":2,\"name\":\"Riberalves\",\"item\":\"https:\\\/\\\/riberalves.pt\\\/a-riberalves\\\/\"},{\"@type\":\"ListItem\",\"position\":3,\"name\":\"Vision\"}]},{\"@type\":\"WebSite\",\"@id\":\"https:\\\/\\\/riberalves.pt\\\/#website\",\"url\":\"https:\\\/\\\/riberalves.pt\\\/\",\"name\":\"Riberalves\",\"description\":\"Les meilleures recettes de morue en un seul endroit! Notre processus de longue matuaration dans le sel garantit la saveur unique, la texture douce et les tranches succulentes de notre poisson pr\u00e9f\u00e9r\u00e9, pr\u00eat \u00e0 cuisiner!\",\"alternateName\":\"Riberalves\",\"potentialAction\":[{\"@type\":\"SearchAction\",\"target\":{\"@type\":\"EntryPoint\",\"urlTemplate\":\"https:\\\/\\\/riberalves.pt\\\/?s={search_term_string}\"},\"query-input\":{\"@type\":\"PropertyValueSpecification\",\"valueRequired\":true,\"valueName\":\"search_term_string\"}}],\"inLanguage\":\"fr-FR\"}]}<\/script>\n<!-- \/ Yoast SEO plugin. -->","yoast_head_json":{"title":"Vision - Riberalves","robots":{"index":"index","follow":"follow","max-snippet":"max-snippet:-1","max-image-preview":"max-image-preview:large","max-video-preview":"max-video-preview:-1"},"canonical":"https:\/\/riberalves.pt\/a-riberalves\/visao\/","og_locale":"fr_FR","og_type":"article","og_title":"Vision - Riberalves","og_url":"https:\/\/riberalves.pt\/a-riberalves\/visao\/","og_site_name":"Riberalves","article_modified_time":"2021-06-28T09:47:29+00:00","og_image":[{"width":1200,"height":630,"url":"https:\/\/riberalves.pt\/wp-content\/uploads\/2024\/02\/ribeiralvesOg.png","type":"image\/png"}],"twitter_card":"summary_large_image","schema":{"@context":"https:\/\/schema.org","@graph":[{"@type":"WebPage","@id":"https:\/\/riberalves.pt\/a-riberalves\/visao\/","url":"https:\/\/riberalves.pt\/a-riberalves\/visao\/","name":"Vision - Riberalves","isPartOf":{"@id":"https:\/\/riberalves.pt\/#website"},"datePublished":"2020-11-04T12:47:15+00:00","dateModified":"2021-06-28T09:47:29+00:00","breadcrumb":{"@id":"https:\/\/riberalves.pt\/a-riberalves\/visao\/#breadcrumb"},"inLanguage":"fr-FR","potentialAction":[{"@type":"ReadAction","target":["https:\/\/riberalves.pt\/a-riberalves\/visao\/"]}]},{"@type":"BreadcrumbList","@id":"https:\/\/riberalves.pt\/a-riberalves\/visao\/#breadcrumb","itemListElement":[{"@type":"ListItem","position":1,"name":"Home","item":"https:\/\/riberalves.pt\/"},{"@type":"ListItem","position":2,"name":"Riberalves","item":"https:\/\/riberalves.pt\/a-riberalves\/"},{"@type":"ListItem","position":3,"name":"Vision"}]},{"@type":"WebSite","@id":"https:\/\/riberalves.pt\/#website","url":"https:\/\/riberalves.pt\/","name":"Riberalves","description":"Les meilleures recettes de morue en un seul endroit! Notre processus de longue matuaration dans le sel garantit la saveur unique, la texture douce et les tranches succulentes de notre poisson pr\u00e9f\u00e9r\u00e9, pr\u00eat \u00e0 cuisiner!","alternateName":"Riberalves","potentialAction":[{"@type":"SearchAction","target":{"@type":"EntryPoint","urlTemplate":"https:\/\/riberalves.pt\/?s={search_term_string}"},"query-input":{"@type":"PropertyValueSpecification","valueRequired":true,"valueName":"search_term_string"}}],"inLanguage":"fr-FR"}]}},"_links":{"self":[{"href":"https:\/\/riberalves.pt\/fr\/wp-json\/wp\/v2\/pages\/6058","targetHints":{"allow":["GET"]}}],"collection":[{"href":"https:\/\/riberalves.pt\/fr\/wp-json\/wp\/v2\/pages"}],"about":[{"href":"https:\/\/riberalves.pt\/fr\/wp-json\/wp\/v2\/types\/page"}],"author":[{"embeddable":true,"href":"https:\/\/riberalves.pt\/fr\/wp-json\/wp\/v2\/users\/5"}],"replies":[{"embeddable":true,"href":"https:\/\/riberalves.pt\/fr\/wp-json\/wp\/v2\/comments?post=6058"}],"version-history":[{"count":2,"href":"https:\/\/riberalves.pt\/fr\/wp-json\/wp\/v2\/pages\/6058\/revisions"}],"predecessor-version":[{"id":6074,"href":"https:\/\/riberalves.pt\/fr\/wp-json\/wp\/v2\/pages\/6058\/revisions\/6074"}],"up":[{"embeddable":true,"href":"https:\/\/riberalves.pt\/fr\/wp-json\/wp\/v2\/pages\/6049"}],"wp:attachment":[{"href":"https:\/\/riberalves.pt\/fr\/wp-json\/wp\/v2\/media?parent=6058"}],"curies":[{"name":"wp","href":"https:\/\/api.w.org\/{rel}","templated":true}]}}