{"id":6063,"date":"2020-11-04T12:48:25","date_gmt":"2020-11-04T12:48:25","guid":{"rendered":"https:\/\/riberalves.pt\/a-riberalves\/uma-grande-familia\/"},"modified":"2021-06-28T10:53:57","modified_gmt":"2021-06-28T09:53:57","slug":"une-grande-famille","status":"publish","type":"page","link":"https:\/\/riberalves.pt\/fr\/riberalves\/une-grande-famille\/","title":{"rendered":"Une grande famille"},"content":{"rendered":"\n<p>Malgr\u00e9 sa forte croissance, Riberalves reste aujourd&rsquo;hui une entreprise familiale et 100\u00a0% portugaise. Ricardo et Bernardo, les enfants dont les pr\u00e9noms ont inspir\u00e9 la d\u00e9nomination de l&rsquo;entreprise, int\u00e8grent, aux c\u00f4t\u00e9s de leurs parents, Jo\u00e3o Alves et Manuela Alves, la structure administrative d&rsquo;un groupe qui s&rsquo;est d\u00e9velopp\u00e9 ann\u00e9e apr\u00e8s ann\u00e9e. Riberalves emploie aujourd&rsquo;hui environ 500 collaborateurs.<\/p>\n\n\n\n<p>Bien plus qu&rsquo;une entreprise, Riberalves est une grande famille qui partage une passion extraordinaire pour \u00ab\u00a0l&rsquo;Amie fid\u00e8le\u00a0\u00bb avec les Portugais, les plus grands consommateurs de morue au monde. Une passion nationale.<\/p>\n","protected":false},"excerpt":{"rendered":"<p>Malgr\u00e9 sa forte croissance, Riberalves reste aujourd&rsquo;hui une entreprise familiale et 100\u00a0% portugaise. Ricardo et Bernardo, les enfants dont les pr\u00e9noms ont inspir\u00e9 la d\u00e9nomination de l&rsquo;entreprise, int\u00e8grent, aux c\u00f4t\u00e9s de leurs parents, Jo\u00e3o Alves et Manuela Alves, la structure administrative d&rsquo;un groupe qui s&rsquo;est d\u00e9velopp\u00e9 ann\u00e9e apr\u00e8s ann\u00e9e. Riberalves emploie aujourd&rsquo;hui environ 500 collaborateurs. [&hellip;]<\/p>\n","protected":false},"author":5,"featured_media":0,"parent":6049,"menu_order":600,"comment_status":"closed","ping_status":"closed","template":"","meta":{"_acf_changed":false,"footnotes":""},"class_list":["post-6063","page","type-page","status-publish","hentry"],"acf":[],"yoast_head":"<!-- This site is optimized with the Yoast SEO plugin v27.4 - https:\/\/yoast.com\/product\/yoast-seo-wordpress\/ -->\n<title>Une grande famille - Riberalves<\/title>\n<meta name=\"robots\" content=\"index, follow, max-snippet:-1, max-image-preview:large, max-video-preview:-1\" \/>\n<link rel=\"canonical\" href=\"https:\/\/riberalves.pt\/a-riberalves\/uma-grande-familia\/\" \/>\n<meta property=\"og:locale\" content=\"fr_FR\" \/>\n<meta property=\"og:type\" content=\"article\" \/>\n<meta property=\"og:title\" content=\"Une grande famille - Riberalves\" \/>\n<meta property=\"og:description\" content=\"Malgr\u00e9 sa forte croissance, Riberalves reste aujourd&rsquo;hui une entreprise familiale et 100\u00a0% portugaise. Ricardo et Bernardo, les enfants dont les pr\u00e9noms ont inspir\u00e9 la d\u00e9nomination de l&rsquo;entreprise, int\u00e8grent, aux c\u00f4t\u00e9s de leurs parents, Jo\u00e3o Alves et Manuela Alves, la structure administrative d&rsquo;un groupe qui s&rsquo;est d\u00e9velopp\u00e9 ann\u00e9e apr\u00e8s ann\u00e9e. Riberalves emploie aujourd&rsquo;hui environ 500 collaborateurs. [&hellip;]\" \/>\n<meta property=\"og:url\" content=\"https:\/\/riberalves.pt\/a-riberalves\/uma-grande-familia\/\" \/>\n<meta property=\"og:site_name\" content=\"Riberalves\" \/>\n<meta property=\"article:modified_time\" content=\"2021-06-28T09:53:57+00:00\" \/>\n<meta property=\"og:image\" content=\"https:\/\/riberalves.pt\/wp-content\/uploads\/2024\/02\/ribeiralvesOg.png\" \/>\n\t<meta property=\"og:image:width\" content=\"1200\" \/>\n\t<meta property=\"og:image:height\" content=\"630\" \/>\n\t<meta property=\"og:image:type\" content=\"image\/png\" \/>\n<meta name=\"twitter:card\" content=\"summary_large_image\" \/>\n<meta name=\"twitter:label1\" content=\"Dur\u00e9e de lecture estim\u00e9e\" \/>\n\t<meta name=\"twitter:data1\" content=\"1 minute\" \/>\n<script type=\"application\/ld+json\" class=\"yoast-schema-graph\">{\"@context\":\"https:\\\/\\\/schema.org\",\"@graph\":[{\"@type\":\"WebPage\",\"@id\":\"https:\\\/\\\/riberalves.pt\\\/a-riberalves\\\/uma-grande-familia\\\/\",\"url\":\"https:\\\/\\\/riberalves.pt\\\/a-riberalves\\\/uma-grande-familia\\\/\",\"name\":\"Une grande famille - Riberalves\",\"isPartOf\":{\"@id\":\"https:\\\/\\\/riberalves.pt\\\/#website\"},\"datePublished\":\"2020-11-04T12:48:25+00:00\",\"dateModified\":\"2021-06-28T09:53:57+00:00\",\"breadcrumb\":{\"@id\":\"https:\\\/\\\/riberalves.pt\\\/a-riberalves\\\/uma-grande-familia\\\/#breadcrumb\"},\"inLanguage\":\"fr-FR\",\"potentialAction\":[{\"@type\":\"ReadAction\",\"target\":[\"https:\\\/\\\/riberalves.pt\\\/a-riberalves\\\/uma-grande-familia\\\/\"]}]},{\"@type\":\"BreadcrumbList\",\"@id\":\"https:\\\/\\\/riberalves.pt\\\/a-riberalves\\\/uma-grande-familia\\\/#breadcrumb\",\"itemListElement\":[{\"@type\":\"ListItem\",\"position\":1,\"name\":\"Home\",\"item\":\"https:\\\/\\\/riberalves.pt\\\/\"},{\"@type\":\"ListItem\",\"position\":2,\"name\":\"Riberalves\",\"item\":\"https:\\\/\\\/riberalves.pt\\\/a-riberalves\\\/\"},{\"@type\":\"ListItem\",\"position\":3,\"name\":\"Une grande famille\"}]},{\"@type\":\"WebSite\",\"@id\":\"https:\\\/\\\/riberalves.pt\\\/#website\",\"url\":\"https:\\\/\\\/riberalves.pt\\\/\",\"name\":\"Riberalves\",\"description\":\"Les meilleures recettes de morue en un seul endroit! Notre processus de longue matuaration dans le sel garantit la saveur unique, la texture douce et les tranches succulentes de notre poisson pr\u00e9f\u00e9r\u00e9, pr\u00eat \u00e0 cuisiner!\",\"alternateName\":\"Riberalves\",\"potentialAction\":[{\"@type\":\"SearchAction\",\"target\":{\"@type\":\"EntryPoint\",\"urlTemplate\":\"https:\\\/\\\/riberalves.pt\\\/?s={search_term_string}\"},\"query-input\":{\"@type\":\"PropertyValueSpecification\",\"valueRequired\":true,\"valueName\":\"search_term_string\"}}],\"inLanguage\":\"fr-FR\"}]}<\/script>\n<!-- \/ Yoast SEO plugin. -->","yoast_head_json":{"title":"Une grande famille - Riberalves","robots":{"index":"index","follow":"follow","max-snippet":"max-snippet:-1","max-image-preview":"max-image-preview:large","max-video-preview":"max-video-preview:-1"},"canonical":"https:\/\/riberalves.pt\/a-riberalves\/uma-grande-familia\/","og_locale":"fr_FR","og_type":"article","og_title":"Une grande famille - Riberalves","og_description":"Malgr\u00e9 sa forte croissance, Riberalves reste aujourd&rsquo;hui une entreprise familiale et 100\u00a0% portugaise. Ricardo et Bernardo, les enfants dont les pr\u00e9noms ont inspir\u00e9 la d\u00e9nomination de l&rsquo;entreprise, int\u00e8grent, aux c\u00f4t\u00e9s de leurs parents, Jo\u00e3o Alves et Manuela Alves, la structure administrative d&rsquo;un groupe qui s&rsquo;est d\u00e9velopp\u00e9 ann\u00e9e apr\u00e8s ann\u00e9e. Riberalves emploie aujourd&rsquo;hui environ 500 collaborateurs. [&hellip;]","og_url":"https:\/\/riberalves.pt\/a-riberalves\/uma-grande-familia\/","og_site_name":"Riberalves","article_modified_time":"2021-06-28T09:53:57+00:00","og_image":[{"width":1200,"height":630,"url":"https:\/\/riberalves.pt\/wp-content\/uploads\/2024\/02\/ribeiralvesOg.png","type":"image\/png"}],"twitter_card":"summary_large_image","twitter_misc":{"Dur\u00e9e de lecture estim\u00e9e":"1 minute"},"schema":{"@context":"https:\/\/schema.org","@graph":[{"@type":"WebPage","@id":"https:\/\/riberalves.pt\/a-riberalves\/uma-grande-familia\/","url":"https:\/\/riberalves.pt\/a-riberalves\/uma-grande-familia\/","name":"Une grande famille - Riberalves","isPartOf":{"@id":"https:\/\/riberalves.pt\/#website"},"datePublished":"2020-11-04T12:48:25+00:00","dateModified":"2021-06-28T09:53:57+00:00","breadcrumb":{"@id":"https:\/\/riberalves.pt\/a-riberalves\/uma-grande-familia\/#breadcrumb"},"inLanguage":"fr-FR","potentialAction":[{"@type":"ReadAction","target":["https:\/\/riberalves.pt\/a-riberalves\/uma-grande-familia\/"]}]},{"@type":"BreadcrumbList","@id":"https:\/\/riberalves.pt\/a-riberalves\/uma-grande-familia\/#breadcrumb","itemListElement":[{"@type":"ListItem","position":1,"name":"Home","item":"https:\/\/riberalves.pt\/"},{"@type":"ListItem","position":2,"name":"Riberalves","item":"https:\/\/riberalves.pt\/a-riberalves\/"},{"@type":"ListItem","position":3,"name":"Une grande famille"}]},{"@type":"WebSite","@id":"https:\/\/riberalves.pt\/#website","url":"https:\/\/riberalves.pt\/","name":"Riberalves","description":"Les meilleures recettes de morue en un seul endroit! Notre processus de longue matuaration dans le sel garantit la saveur unique, la texture douce et les tranches succulentes de notre poisson pr\u00e9f\u00e9r\u00e9, pr\u00eat \u00e0 cuisiner!","alternateName":"Riberalves","potentialAction":[{"@type":"SearchAction","target":{"@type":"EntryPoint","urlTemplate":"https:\/\/riberalves.pt\/?s={search_term_string}"},"query-input":{"@type":"PropertyValueSpecification","valueRequired":true,"valueName":"search_term_string"}}],"inLanguage":"fr-FR"}]}},"_links":{"self":[{"href":"https:\/\/riberalves.pt\/fr\/wp-json\/wp\/v2\/pages\/6063","targetHints":{"allow":["GET"]}}],"collection":[{"href":"https:\/\/riberalves.pt\/fr\/wp-json\/wp\/v2\/pages"}],"about":[{"href":"https:\/\/riberalves.pt\/fr\/wp-json\/wp\/v2\/types\/page"}],"author":[{"embeddable":true,"href":"https:\/\/riberalves.pt\/fr\/wp-json\/wp\/v2\/users\/5"}],"replies":[{"embeddable":true,"href":"https:\/\/riberalves.pt\/fr\/wp-json\/wp\/v2\/comments?post=6063"}],"version-history":[{"count":2,"href":"https:\/\/riberalves.pt\/fr\/wp-json\/wp\/v2\/pages\/6063\/revisions"}],"predecessor-version":[{"id":6082,"href":"https:\/\/riberalves.pt\/fr\/wp-json\/wp\/v2\/pages\/6063\/revisions\/6082"}],"up":[{"embeddable":true,"href":"https:\/\/riberalves.pt\/fr\/wp-json\/wp\/v2\/pages\/6049"}],"wp:attachment":[{"href":"https:\/\/riberalves.pt\/fr\/wp-json\/wp\/v2\/media?parent=6063"}],"curies":[{"name":"wp","href":"https:\/\/api.w.org\/{rel}","templated":true}]}}