{"id":6086,"date":"2020-11-03T09:50:55","date_gmt":"2020-11-03T09:50:55","guid":{"rendered":"https:\/\/riberalves.pt\/gastronomia-e-bacalhau\/"},"modified":"2024-06-17T09:49:17","modified_gmt":"2024-06-17T08:49:17","slug":"gastronomie-et-morue","status":"publish","type":"page","link":"https:\/\/riberalves.pt\/fr\/la-morue\/gastronomie-et-morue\/","title":{"rendered":"Conseils de pr\u00e9paration"},"content":{"rendered":"\n<h1 class=\"wp-block-heading\">Conseils pour bien pr\u00e9parer la morue<\/h1>\n\n\n\n<div class=\"wp-block-columns cartoes is-layout-flex wp-container-core-columns-is-layout-9d6595d7 wp-block-columns-is-layout-flex\">\n<div class=\"wp-block-column is-layout-flow wp-block-column-is-layout-flow\"><\/div>\n\n\n\n<div class=\"wp-block-column is-layout-flow wp-block-column-is-layout-flow\"><\/div>\n\n\n\n<div class=\"wp-block-column is-layout-flow wp-block-column-is-layout-flow\"><\/div>\n<\/div>\n\n\n\n<div class=\"wp-block-columns cartoes is-layout-flex wp-container-core-columns-is-layout-9d6595d7 wp-block-columns-is-layout-flex\">\n<div class=\"wp-block-column is-layout-flow wp-block-column-is-layout-flow\">\n<figure class=\"wp-block-image size-full\"><img loading=\"lazy\" decoding=\"async\" width=\"1500\" height=\"1500\" src=\"https:\/\/riberalves.pt\/wp-content\/uploads\/2024\/06\/AF_DicasConfecaoSITE_Maio2024_COZER_FR.png\" alt=\"\" class=\"wp-image-12858\" srcset=\"https:\/\/riberalves.pt\/wp-content\/uploads\/2024\/06\/AF_DicasConfecaoSITE_Maio2024_COZER_FR.png 1500w, https:\/\/riberalves.pt\/wp-content\/uploads\/2024\/06\/AF_DicasConfecaoSITE_Maio2024_COZER_FR-800x800.png 800w, https:\/\/riberalves.pt\/wp-content\/uploads\/2024\/06\/AF_DicasConfecaoSITE_Maio2024_COZER_FR-1200x1200.png 1200w, https:\/\/riberalves.pt\/wp-content\/uploads\/2024\/06\/AF_DicasConfecaoSITE_Maio2024_COZER_FR-300x300.png 300w, https:\/\/riberalves.pt\/wp-content\/uploads\/2024\/06\/AF_DicasConfecaoSITE_Maio2024_COZER_FR-768x768.png 768w, https:\/\/riberalves.pt\/wp-content\/uploads\/2024\/06\/AF_DicasConfecaoSITE_Maio2024_COZER_FR-600x600.png 600w, https:\/\/riberalves.pt\/wp-content\/uploads\/2024\/06\/AF_DicasConfecaoSITE_Maio2024_COZER_FR-100x100.png 100w\" sizes=\"auto, (max-width: 1500px) 100vw, 1500px\" \/><\/figure>\n<\/div>\n\n\n\n<div class=\"wp-block-column is-layout-flow wp-block-column-is-layout-flow\">\n<figure class=\"wp-block-image size-full\"><img loading=\"lazy\" decoding=\"async\" width=\"1500\" height=\"1500\" src=\"https:\/\/riberalves.pt\/wp-content\/uploads\/2024\/06\/AF_DicasConfecaoSITE_Maio2024_ASSAR_FR.png\" alt=\"\" class=\"wp-image-12863\" srcset=\"https:\/\/riberalves.pt\/wp-content\/uploads\/2024\/06\/AF_DicasConfecaoSITE_Maio2024_ASSAR_FR.png 1500w, https:\/\/riberalves.pt\/wp-content\/uploads\/2024\/06\/AF_DicasConfecaoSITE_Maio2024_ASSAR_FR-800x800.png 800w, https:\/\/riberalves.pt\/wp-content\/uploads\/2024\/06\/AF_DicasConfecaoSITE_Maio2024_ASSAR_FR-1200x1200.png 1200w, https:\/\/riberalves.pt\/wp-content\/uploads\/2024\/06\/AF_DicasConfecaoSITE_Maio2024_ASSAR_FR-300x300.png 300w, https:\/\/riberalves.pt\/wp-content\/uploads\/2024\/06\/AF_DicasConfecaoSITE_Maio2024_ASSAR_FR-768x768.png 768w, https:\/\/riberalves.pt\/wp-content\/uploads\/2024\/06\/AF_DicasConfecaoSITE_Maio2024_ASSAR_FR-600x600.png 600w, https:\/\/riberalves.pt\/wp-content\/uploads\/2024\/06\/AF_DicasConfecaoSITE_Maio2024_ASSAR_FR-100x100.png 100w\" sizes=\"auto, (max-width: 1500px) 100vw, 1500px\" \/><\/figure>\n<\/div>\n\n\n\n<div class=\"wp-block-column is-layout-flow wp-block-column-is-layout-flow\">\n<figure class=\"wp-block-image size-full\"><img loading=\"lazy\" decoding=\"async\" width=\"1500\" height=\"1500\" src=\"https:\/\/riberalves.pt\/wp-content\/uploads\/2024\/06\/AF_DicasConfecaoSITE_Maio2024_GRELHAR_FR.png\" alt=\"\" class=\"wp-image-12867\" srcset=\"https:\/\/riberalves.pt\/wp-content\/uploads\/2024\/06\/AF_DicasConfecaoSITE_Maio2024_GRELHAR_FR.png 1500w, https:\/\/riberalves.pt\/wp-content\/uploads\/2024\/06\/AF_DicasConfecaoSITE_Maio2024_GRELHAR_FR-800x800.png 800w, https:\/\/riberalves.pt\/wp-content\/uploads\/2024\/06\/AF_DicasConfecaoSITE_Maio2024_GRELHAR_FR-1200x1200.png 1200w, https:\/\/riberalves.pt\/wp-content\/uploads\/2024\/06\/AF_DicasConfecaoSITE_Maio2024_GRELHAR_FR-300x300.png 300w, https:\/\/riberalves.pt\/wp-content\/uploads\/2024\/06\/AF_DicasConfecaoSITE_Maio2024_GRELHAR_FR-768x768.png 768w, https:\/\/riberalves.pt\/wp-content\/uploads\/2024\/06\/AF_DicasConfecaoSITE_Maio2024_GRELHAR_FR-600x600.png 600w, https:\/\/riberalves.pt\/wp-content\/uploads\/2024\/06\/AF_DicasConfecaoSITE_Maio2024_GRELHAR_FR-100x100.png 100w\" sizes=\"auto, (max-width: 1500px) 100vw, 1500px\" \/><\/figure>\n<\/div>\n<\/div>\n\n\n\n<figure class=\"wp-block-gallery has-nested-images columns-default is-cropped d-none wp-block-gallery-1 is-layout-flex wp-block-gallery-is-layout-flex\">\n<figure class=\"wp-block-image size-large\"><img loading=\"lazy\" decoding=\"async\" width=\"1000\" height=\"1000\" data-id=\"6152\" src=\"https:\/\/riberalves.pt\/wp-content\/uploads\/2021\/06\/DICAS_ComoCozinharBac_FR.png\" alt=\"\" class=\"wp-image-6152\" srcset=\"https:\/\/riberalves.pt\/wp-content\/uploads\/2021\/06\/DICAS_ComoCozinharBac_FR.png 1000w, https:\/\/riberalves.pt\/wp-content\/uploads\/2021\/06\/DICAS_ComoCozinharBac_FR-300x300.png 300w, https:\/\/riberalves.pt\/wp-content\/uploads\/2021\/06\/DICAS_ComoCozinharBac_FR-100x100.png 100w, https:\/\/riberalves.pt\/wp-content\/uploads\/2021\/06\/DICAS_ComoCozinharBac_FR-600x600.png 600w, https:\/\/riberalves.pt\/wp-content\/uploads\/2021\/06\/DICAS_ComoCozinharBac_FR-800x800.png 800w, https:\/\/riberalves.pt\/wp-content\/uploads\/2021\/06\/DICAS_ComoCozinharBac_FR-768x768.png 768w\" sizes=\"auto, (max-width: 1000px) 100vw, 1000px\" \/><\/figure>\n\n\n\n<figure class=\"wp-block-image size-large\"><img loading=\"lazy\" decoding=\"async\" width=\"1000\" height=\"1000\" data-id=\"6156\" src=\"https:\/\/riberalves.pt\/wp-content\/uploads\/2021\/06\/DICAS_5Temperos_FR.png\" alt=\"\" class=\"wp-image-6156\" srcset=\"https:\/\/riberalves.pt\/wp-content\/uploads\/2021\/06\/DICAS_5Temperos_FR.png 1000w, https:\/\/riberalves.pt\/wp-content\/uploads\/2021\/06\/DICAS_5Temperos_FR-300x300.png 300w, https:\/\/riberalves.pt\/wp-content\/uploads\/2021\/06\/DICAS_5Temperos_FR-100x100.png 100w, https:\/\/riberalves.pt\/wp-content\/uploads\/2021\/06\/DICAS_5Temperos_FR-600x600.png 600w, https:\/\/riberalves.pt\/wp-content\/uploads\/2021\/06\/DICAS_5Temperos_FR-800x800.png 800w, https:\/\/riberalves.pt\/wp-content\/uploads\/2021\/06\/DICAS_5Temperos_FR-768x768.png 768w\" sizes=\"auto, (max-width: 1000px) 100vw, 1000px\" \/><\/figure>\n\n\n\n<figure class=\"wp-block-image size-large\"><img loading=\"lazy\" decoding=\"async\" width=\"1000\" height=\"1000\" data-id=\"6160\" src=\"https:\/\/riberalves.pt\/wp-content\/uploads\/2021\/06\/DICAS_ComoGrelharBac_FR.png\" alt=\"\" class=\"wp-image-6160\" srcset=\"https:\/\/riberalves.pt\/wp-content\/uploads\/2021\/06\/DICAS_ComoGrelharBac_FR.png 1000w, https:\/\/riberalves.pt\/wp-content\/uploads\/2021\/06\/DICAS_ComoGrelharBac_FR-300x300.png 300w, https:\/\/riberalves.pt\/wp-content\/uploads\/2021\/06\/DICAS_ComoGrelharBac_FR-100x100.png 100w, https:\/\/riberalves.pt\/wp-content\/uploads\/2021\/06\/DICAS_ComoGrelharBac_FR-600x600.png 600w, https:\/\/riberalves.pt\/wp-content\/uploads\/2021\/06\/DICAS_ComoGrelharBac_FR-800x800.png 800w, https:\/\/riberalves.pt\/wp-content\/uploads\/2021\/06\/DICAS_ComoGrelharBac_FR-768x768.png 768w\" sizes=\"auto, (max-width: 1000px) 100vw, 1000px\" \/><\/figure>\n<\/figure>\n\n\n\n<h2 class=\"wp-block-heading\"><strong>Secrets de Trempage&nbsp;<\/strong><\/h2>\n\n\n\n<div class=\"wp-block-columns cartoes is-layout-flex wp-container-core-columns-is-layout-9d6595d7 wp-block-columns-is-layout-flex\">\n<div class=\"wp-block-column is-layout-flow wp-block-column-is-layout-flow\">\n<figure class=\"wp-block-image size-full\"><img loading=\"lazy\" decoding=\"async\" width=\"1000\" height=\"500\" src=\"https:\/\/riberalves.pt\/wp-content\/uploads\/2021\/06\/DicasDemolha02_FR.png\" alt=\"\" class=\"wp-image-6165\" srcset=\"https:\/\/riberalves.pt\/wp-content\/uploads\/2021\/06\/DicasDemolha02_FR.png 1000w, https:\/\/riberalves.pt\/wp-content\/uploads\/2021\/06\/DicasDemolha02_FR-600x300.png 600w, https:\/\/riberalves.pt\/wp-content\/uploads\/2021\/06\/DicasDemolha02_FR-800x400.png 800w, https:\/\/riberalves.pt\/wp-content\/uploads\/2021\/06\/DicasDemolha02_FR-300x150.png 300w, https:\/\/riberalves.pt\/wp-content\/uploads\/2021\/06\/DicasDemolha02_FR-768x384.png 768w\" sizes=\"auto, (max-width: 1000px) 100vw, 1000px\" \/><\/figure>\n<\/div>\n\n\n\n<div class=\"wp-block-column is-layout-flow wp-block-column-is-layout-flow\">\n<figure class=\"wp-block-image size-full\"><img loading=\"lazy\" decoding=\"async\" width=\"1000\" height=\"500\" src=\"https:\/\/riberalves.pt\/wp-content\/uploads\/2021\/06\/DicasDemolha01_FR.png\" alt=\"\" class=\"wp-image-6170\" srcset=\"https:\/\/riberalves.pt\/wp-content\/uploads\/2021\/06\/DicasDemolha01_FR.png 1000w, https:\/\/riberalves.pt\/wp-content\/uploads\/2021\/06\/DicasDemolha01_FR-600x300.png 600w, https:\/\/riberalves.pt\/wp-content\/uploads\/2021\/06\/DicasDemolha01_FR-800x400.png 800w, https:\/\/riberalves.pt\/wp-content\/uploads\/2021\/06\/DicasDemolha01_FR-300x150.png 300w, https:\/\/riberalves.pt\/wp-content\/uploads\/2021\/06\/DicasDemolha01_FR-768x384.png 768w\" sizes=\"auto, (max-width: 1000px) 100vw, 1000px\" \/><\/figure>\n<\/div>\n<\/div>\n","protected":false},"excerpt":{"rendered":"<p>Conseils pour bien pr\u00e9parer la morue Secrets de Trempage&nbsp;<\/p>\n","protected":false},"author":5,"featured_media":455,"parent":6091,"menu_order":400,"comment_status":"closed","ping_status":"closed","template":"","meta":{"_acf_changed":false,"footnotes":""},"class_list":["post-6086","page","type-page","status-publish","has-post-thumbnail","hentry"],"acf":[],"yoast_head":"<!-- This site is optimized with the Yoast SEO plugin v27.4 - https:\/\/yoast.com\/product\/yoast-seo-wordpress\/ -->\n<title>Conseils de pr\u00e9paration - Riberalves<\/title>\n<meta name=\"robots\" content=\"index, follow, max-snippet:-1, max-image-preview:large, max-video-preview:-1\" \/>\n<link rel=\"canonical\" href=\"https:\/\/riberalves.pt\/fr\/la-morue\/gastronomie-et-morue\/\" \/>\n<meta property=\"og:locale\" content=\"fr_FR\" \/>\n<meta property=\"og:type\" content=\"article\" \/>\n<meta property=\"og:title\" content=\"Conseils de pr\u00e9paration - Riberalves\" \/>\n<meta property=\"og:description\" content=\"Conseils pour bien pr\u00e9parer la morue Secrets de Trempage&nbsp;\" \/>\n<meta property=\"og:url\" content=\"https:\/\/riberalves.pt\/fr\/la-morue\/gastronomie-et-morue\/\" \/>\n<meta property=\"og:site_name\" content=\"Riberalves\" \/>\n<meta property=\"article:modified_time\" content=\"2024-06-17T08:49:17+00:00\" \/>\n<meta property=\"og:image\" content=\"https:\/\/riberalves.pt\/wp-content\/uploads\/2020\/11\/header-obacalhau-gastronomia.jpg\" \/>\n\t<meta property=\"og:image:width\" content=\"1900\" \/>\n\t<meta property=\"og:image:height\" content=\"1040\" \/>\n\t<meta property=\"og:image:type\" content=\"image\/jpeg\" \/>\n<meta name=\"twitter:card\" content=\"summary_large_image\" \/>\n<meta name=\"twitter:label1\" content=\"Dur\u00e9e de lecture estim\u00e9e\" \/>\n\t<meta name=\"twitter:data1\" content=\"2 minutes\" \/>\n<script type=\"application\/ld+json\" class=\"yoast-schema-graph\">{\"@context\":\"https:\\\/\\\/schema.org\",\"@graph\":[{\"@type\":\"WebPage\",\"@id\":\"https:\\\/\\\/riberalves.pt\\\/fr\\\/la-morue\\\/gastronomie-et-morue\\\/\",\"url\":\"https:\\\/\\\/riberalves.pt\\\/fr\\\/la-morue\\\/gastronomie-et-morue\\\/\",\"name\":\"Conseils de pr\u00e9paration - Riberalves\",\"isPartOf\":{\"@id\":\"https:\\\/\\\/riberalves.pt\\\/#website\"},\"primaryImageOfPage\":{\"@id\":\"https:\\\/\\\/riberalves.pt\\\/fr\\\/la-morue\\\/gastronomie-et-morue\\\/#primaryimage\"},\"image\":{\"@id\":\"https:\\\/\\\/riberalves.pt\\\/fr\\\/la-morue\\\/gastronomie-et-morue\\\/#primaryimage\"},\"thumbnailUrl\":\"https:\\\/\\\/riberalves.pt\\\/wp-content\\\/uploads\\\/2020\\\/11\\\/header-obacalhau-gastronomia.jpg\",\"datePublished\":\"2020-11-03T09:50:55+00:00\",\"dateModified\":\"2024-06-17T08:49:17+00:00\",\"breadcrumb\":{\"@id\":\"https:\\\/\\\/riberalves.pt\\\/fr\\\/la-morue\\\/gastronomie-et-morue\\\/#breadcrumb\"},\"inLanguage\":\"fr-FR\",\"potentialAction\":[{\"@type\":\"ReadAction\",\"target\":[\"https:\\\/\\\/riberalves.pt\\\/fr\\\/la-morue\\\/gastronomie-et-morue\\\/\"]}]},{\"@type\":\"ImageObject\",\"inLanguage\":\"fr-FR\",\"@id\":\"https:\\\/\\\/riberalves.pt\\\/fr\\\/la-morue\\\/gastronomie-et-morue\\\/#primaryimage\",\"url\":\"https:\\\/\\\/riberalves.pt\\\/wp-content\\\/uploads\\\/2020\\\/11\\\/header-obacalhau-gastronomia.jpg\",\"contentUrl\":\"https:\\\/\\\/riberalves.pt\\\/wp-content\\\/uploads\\\/2020\\\/11\\\/header-obacalhau-gastronomia.jpg\",\"width\":1900,\"height\":1040,\"caption\":\"Lombos de Bacalhau Riberalves - Gastronomia\"},{\"@type\":\"BreadcrumbList\",\"@id\":\"https:\\\/\\\/riberalves.pt\\\/fr\\\/la-morue\\\/gastronomie-et-morue\\\/#breadcrumb\",\"itemListElement\":[{\"@type\":\"ListItem\",\"position\":1,\"name\":\"Home\",\"item\":\"https:\\\/\\\/riberalves.pt\\\/\"},{\"@type\":\"ListItem\",\"position\":2,\"name\":\"La Morue\",\"item\":\"https:\\\/\\\/riberalves.pt\\\/fr\\\/la-morue\\\/\"},{\"@type\":\"ListItem\",\"position\":3,\"name\":\"Conseils de pr\u00e9paration\"}]},{\"@type\":\"WebSite\",\"@id\":\"https:\\\/\\\/riberalves.pt\\\/#website\",\"url\":\"https:\\\/\\\/riberalves.pt\\\/\",\"name\":\"Riberalves\",\"description\":\"Les meilleures recettes de morue en un seul endroit! Notre processus de longue matuaration dans le sel garantit la saveur unique, la texture douce et les tranches succulentes de notre poisson pr\u00e9f\u00e9r\u00e9, pr\u00eat \u00e0 cuisiner!\",\"alternateName\":\"Riberalves\",\"potentialAction\":[{\"@type\":\"SearchAction\",\"target\":{\"@type\":\"EntryPoint\",\"urlTemplate\":\"https:\\\/\\\/riberalves.pt\\\/?s={search_term_string}\"},\"query-input\":{\"@type\":\"PropertyValueSpecification\",\"valueRequired\":true,\"valueName\":\"search_term_string\"}}],\"inLanguage\":\"fr-FR\"}]}<\/script>\n<!-- \/ Yoast SEO plugin. -->","yoast_head_json":{"title":"Conseils de pr\u00e9paration - Riberalves","robots":{"index":"index","follow":"follow","max-snippet":"max-snippet:-1","max-image-preview":"max-image-preview:large","max-video-preview":"max-video-preview:-1"},"canonical":"https:\/\/riberalves.pt\/fr\/la-morue\/gastronomie-et-morue\/","og_locale":"fr_FR","og_type":"article","og_title":"Conseils de pr\u00e9paration - Riberalves","og_description":"Conseils pour bien pr\u00e9parer la morue Secrets de Trempage&nbsp;","og_url":"https:\/\/riberalves.pt\/fr\/la-morue\/gastronomie-et-morue\/","og_site_name":"Riberalves","article_modified_time":"2024-06-17T08:49:17+00:00","og_image":[{"width":1900,"height":1040,"url":"https:\/\/riberalves.pt\/wp-content\/uploads\/2020\/11\/header-obacalhau-gastronomia.jpg","type":"image\/jpeg"}],"twitter_card":"summary_large_image","twitter_misc":{"Dur\u00e9e de lecture estim\u00e9e":"2 minutes"},"schema":{"@context":"https:\/\/schema.org","@graph":[{"@type":"WebPage","@id":"https:\/\/riberalves.pt\/fr\/la-morue\/gastronomie-et-morue\/","url":"https:\/\/riberalves.pt\/fr\/la-morue\/gastronomie-et-morue\/","name":"Conseils de pr\u00e9paration - Riberalves","isPartOf":{"@id":"https:\/\/riberalves.pt\/#website"},"primaryImageOfPage":{"@id":"https:\/\/riberalves.pt\/fr\/la-morue\/gastronomie-et-morue\/#primaryimage"},"image":{"@id":"https:\/\/riberalves.pt\/fr\/la-morue\/gastronomie-et-morue\/#primaryimage"},"thumbnailUrl":"https:\/\/riberalves.pt\/wp-content\/uploads\/2020\/11\/header-obacalhau-gastronomia.jpg","datePublished":"2020-11-03T09:50:55+00:00","dateModified":"2024-06-17T08:49:17+00:00","breadcrumb":{"@id":"https:\/\/riberalves.pt\/fr\/la-morue\/gastronomie-et-morue\/#breadcrumb"},"inLanguage":"fr-FR","potentialAction":[{"@type":"ReadAction","target":["https:\/\/riberalves.pt\/fr\/la-morue\/gastronomie-et-morue\/"]}]},{"@type":"ImageObject","inLanguage":"fr-FR","@id":"https:\/\/riberalves.pt\/fr\/la-morue\/gastronomie-et-morue\/#primaryimage","url":"https:\/\/riberalves.pt\/wp-content\/uploads\/2020\/11\/header-obacalhau-gastronomia.jpg","contentUrl":"https:\/\/riberalves.pt\/wp-content\/uploads\/2020\/11\/header-obacalhau-gastronomia.jpg","width":1900,"height":1040,"caption":"Lombos de Bacalhau Riberalves - Gastronomia"},{"@type":"BreadcrumbList","@id":"https:\/\/riberalves.pt\/fr\/la-morue\/gastronomie-et-morue\/#breadcrumb","itemListElement":[{"@type":"ListItem","position":1,"name":"Home","item":"https:\/\/riberalves.pt\/"},{"@type":"ListItem","position":2,"name":"La Morue","item":"https:\/\/riberalves.pt\/fr\/la-morue\/"},{"@type":"ListItem","position":3,"name":"Conseils de pr\u00e9paration"}]},{"@type":"WebSite","@id":"https:\/\/riberalves.pt\/#website","url":"https:\/\/riberalves.pt\/","name":"Riberalves","description":"Les meilleures recettes de morue en un seul endroit! Notre processus de longue matuaration dans le sel garantit la saveur unique, la texture douce et les tranches succulentes de notre poisson pr\u00e9f\u00e9r\u00e9, pr\u00eat \u00e0 cuisiner!","alternateName":"Riberalves","potentialAction":[{"@type":"SearchAction","target":{"@type":"EntryPoint","urlTemplate":"https:\/\/riberalves.pt\/?s={search_term_string}"},"query-input":{"@type":"PropertyValueSpecification","valueRequired":true,"valueName":"search_term_string"}}],"inLanguage":"fr-FR"}]}},"_links":{"self":[{"href":"https:\/\/riberalves.pt\/fr\/wp-json\/wp\/v2\/pages\/6086","targetHints":{"allow":["GET"]}}],"collection":[{"href":"https:\/\/riberalves.pt\/fr\/wp-json\/wp\/v2\/pages"}],"about":[{"href":"https:\/\/riberalves.pt\/fr\/wp-json\/wp\/v2\/types\/page"}],"author":[{"embeddable":true,"href":"https:\/\/riberalves.pt\/fr\/wp-json\/wp\/v2\/users\/5"}],"replies":[{"embeddable":true,"href":"https:\/\/riberalves.pt\/fr\/wp-json\/wp\/v2\/comments?post=6086"}],"version-history":[{"count":9,"href":"https:\/\/riberalves.pt\/fr\/wp-json\/wp\/v2\/pages\/6086\/revisions"}],"predecessor-version":[{"id":12871,"href":"https:\/\/riberalves.pt\/fr\/wp-json\/wp\/v2\/pages\/6086\/revisions\/12871"}],"up":[{"embeddable":true,"href":"https:\/\/riberalves.pt\/fr\/wp-json\/wp\/v2\/pages\/6091"}],"wp:featuredmedia":[{"embeddable":true,"href":"https:\/\/riberalves.pt\/fr\/wp-json\/wp\/v2\/media\/455"}],"wp:attachment":[{"href":"https:\/\/riberalves.pt\/fr\/wp-json\/wp\/v2\/media?parent=6086"}],"curies":[{"name":"wp","href":"https:\/\/api.w.org\/{rel}","templated":true}]}}