{"id":6088,"date":"2020-11-03T10:51:53","date_gmt":"2020-11-03T10:51:53","guid":{"rendered":"https:\/\/riberalves.pt\/curiosidades\/"},"modified":"2021-06-28T11:17:17","modified_gmt":"2021-06-28T10:17:17","slug":"anecdotes","status":"publish","type":"page","link":"https:\/\/riberalves.pt\/fr\/la-morue\/anecdotes\/","title":{"rendered":"Anecdotes"},"content":{"rendered":"\n<h1 class=\"wp-block-heading\"><strong>L&rsquo;origine des recettes<\/strong><\/h1>\n\n\n\n<h2 class=\"has-text-align-center wp-block-heading\"><strong>La morue \u00c0 Gomes de S\u00e1<\/strong><\/h2>\n\n\n\n<div class=\"wp-block-columns are-vertically-aligned-center is-layout-flex wp-container-core-columns-is-layout-9d6595d7 wp-block-columns-is-layout-flex\">\n<div class=\"wp-block-column is-vertically-aligned-center is-layout-flow wp-block-column-is-layout-flow\">\n<p>Tout a commenc\u00e9 dans un restaurant nomm\u00e9 Lisbonense, situ\u00e9 dans la ville de Porto.<\/p>\n\n\n\n<p>Jos\u00e9 Lu\u00eds Gomes de S\u00e1 (1851-1926), fils d&rsquo;un n\u00e9gociant en morue, a cr\u00e9\u00e9 la recette qui a fini par prendre son nom et est devenue une ic\u00f4ne des recettes traditionnelles portugaises. Morue \u00e0 Gomes de S\u00e1.<\/p>\n\n\n\n<p>Tout pour dans les autres recettes de morue, les ingr\u00e9dients de base sont la morue, la pomme de terre et l&rsquo;huile d&rsquo;olive. Le plat se distingue par la d\u00e9licatesse des tron\u00e7ons de morue tr\u00e8s tendres, qui excellent lorsqu&rsquo;ils sont incorpor\u00e9s aux autres ingr\u00e9dients.<\/p>\n<\/div>\n\n\n\n<div class=\"wp-block-column is-vertically-aligned-center is-layout-flow wp-block-column-is-layout-flow\">\n<figure class=\"wp-block-image size-medium\"><img loading=\"lazy\" decoding=\"async\" width=\"800\" height=\"411\" src=\"\/_riberalves\/wp-content\/uploads\/2020\/11\/image-obacalhau-curiosidades-1-800x411.jpg\" alt=\"\" class=\"wp-image-485\" srcset=\"https:\/\/riberalves.pt\/wp-content\/uploads\/2020\/11\/image-obacalhau-curiosidades-1-800x411.jpg 800w, https:\/\/riberalves.pt\/wp-content\/uploads\/2020\/11\/image-obacalhau-curiosidades-1-600x308.jpg 600w, https:\/\/riberalves.pt\/wp-content\/uploads\/2020\/11\/image-obacalhau-curiosidades-1-1200x617.jpg 1200w, https:\/\/riberalves.pt\/wp-content\/uploads\/2020\/11\/image-obacalhau-curiosidades-1-300x154.jpg 300w, https:\/\/riberalves.pt\/wp-content\/uploads\/2020\/11\/image-obacalhau-curiosidades-1-768x395.jpg 768w, https:\/\/riberalves.pt\/wp-content\/uploads\/2020\/11\/image-obacalhau-curiosidades-1.jpg 1282w\" sizes=\"auto, (max-width: 800px) 100vw, 800px\" \/><\/figure>\n<\/div>\n<\/div>\n\n\n\n<h2 class=\"has-text-align-center wp-block-heading\"><strong>La morue \u00e0 Z\u00e9 do Pipo<\/strong><\/h2>\n\n\n\n<div class=\"wp-block-columns are-vertically-aligned-center is-layout-flex wp-container-core-columns-is-layout-9d6595d7 wp-block-columns-is-layout-flex\">\n<div class=\"wp-block-column is-vertically-aligned-center is-layout-flow wp-block-column-is-layout-flow\">\n<figure class=\"wp-block-image size-large\"><img loading=\"lazy\" decoding=\"async\" width=\"1200\" height=\"687\" src=\"\/_riberalves\/wp-content\/uploads\/2020\/11\/image-obacalhau-curiosidades-2-1200x687.jpg\" alt=\"\" class=\"wp-image-493\" srcset=\"https:\/\/riberalves.pt\/wp-content\/uploads\/2020\/11\/image-obacalhau-curiosidades-2-1200x687.jpg 1200w, https:\/\/riberalves.pt\/wp-content\/uploads\/2020\/11\/image-obacalhau-curiosidades-2-600x344.jpg 600w, https:\/\/riberalves.pt\/wp-content\/uploads\/2020\/11\/image-obacalhau-curiosidades-2-800x458.jpg 800w, https:\/\/riberalves.pt\/wp-content\/uploads\/2020\/11\/image-obacalhau-curiosidades-2-300x172.jpg 300w, https:\/\/riberalves.pt\/wp-content\/uploads\/2020\/11\/image-obacalhau-curiosidades-2-768x440.jpg 768w, https:\/\/riberalves.pt\/wp-content\/uploads\/2020\/11\/image-obacalhau-curiosidades-2.jpg 1282w\" sizes=\"auto, (max-width: 1200px) 100vw, 1200px\" \/><\/figure>\n<\/div>\n\n\n\n<div class=\"wp-block-column is-vertically-aligned-center is-layout-flow wp-block-column-is-layout-flow\">\n<p>Le nord du Portugal (r\u00e9gion o\u00f9 les premiers bateaux de p\u00eache de morue ont commenc\u00e9 \u00e0 arriver dans le pays) s&rsquo;est toujours illustr\u00e9 comme un lieu de cr\u00e9ation de recettes de morue.<\/p>\n\n\n\n<p>Un autre exemple n\u00e9 dans la ville de Porto, aujourd&rsquo;hui un v\u00e9ritable classique, est la morue \u00e0 Z\u00e9 do Pipo.<\/p>\n\n\n\n<p>C&rsquo;est le surnom de Jos\u00e9 Valentim, auteur de la recette et propri\u00e9taire d&rsquo;un restaurant \u00e0 Porto, qui a r\u00e9alis\u00e9 le plat pour la premi\u00e8re fois en 1940 pour le pr\u00e9senter \u00e0 un concours gastronomique.<\/p>\n\n\n\n<p>Dans cette recette, la morue est accompagn\u00e9e de pur\u00e9e de pommes de terre et de mayonnaise, puis est gratin\u00e9e.<\/p>\n<\/div>\n<\/div>\n\n\n\n<h2 class=\"has-text-align-center wp-block-heading\"><strong>La morue \u00e0 Br\u00e1s<\/strong><\/h2>\n\n\n\n<div class=\"wp-block-columns are-vertically-aligned-center is-layout-flex wp-container-core-columns-is-layout-9d6595d7 wp-block-columns-is-layout-flex\">\n<div class=\"wp-block-column is-vertically-aligned-center is-layout-flow wp-block-column-is-layout-flow\">\n<p>Il s&rsquo;agit d&rsquo;une recette originaire de la r\u00e9gion de Lisbonne au XIXe si\u00e8cle.<\/p>\n\n\n\n<p>Son cr\u00e9ateur, nomm\u00e9 Braz, \u00e9tait le propri\u00e9taire d&rsquo;une taverne dans le quartier populaire du Bairro Alto, et il fut \u00e0 l&rsquo;origine de la combinaison de la morue d\u00e9chiquet\u00e9e, des pommes de terre frites et, \u00e0 la fin, des \u0153ufs brouill\u00e9s.<\/p>\n\n\n\n<p>Elle est devenue l&rsquo;une des recettes portugaises les plus populaires gr\u00e2ce \u00e0 cette formule simple et d\u00e9licieuse, la technique de Br\u00e1s, jusqu&rsquo;\u00e0 \u00e9voluer en un accompagnement qui a \u00e9t\u00e9 r\u00e9interpr\u00e9t\u00e9 par des chefs et des cuisiniers, dans les plats les plus vari\u00e9s.<\/p>\n<\/div>\n\n\n\n<div class=\"wp-block-column is-vertically-aligned-center is-layout-flow wp-block-column-is-layout-flow\">\n<figure class=\"wp-block-image size-large\"><img loading=\"lazy\" decoding=\"async\" width=\"1200\" height=\"544\" src=\"\/_riberalves\/wp-content\/uploads\/2020\/11\/image-obacalhau-curiosidades-3-1200x544.jpg\" alt=\"\" class=\"wp-image-497\" srcset=\"https:\/\/riberalves.pt\/wp-content\/uploads\/2020\/11\/image-obacalhau-curiosidades-3-1200x544.jpg 1200w, https:\/\/riberalves.pt\/wp-content\/uploads\/2020\/11\/image-obacalhau-curiosidades-3-600x272.jpg 600w, https:\/\/riberalves.pt\/wp-content\/uploads\/2020\/11\/image-obacalhau-curiosidades-3-800x363.jpg 800w, https:\/\/riberalves.pt\/wp-content\/uploads\/2020\/11\/image-obacalhau-curiosidades-3-300x136.jpg 300w, https:\/\/riberalves.pt\/wp-content\/uploads\/2020\/11\/image-obacalhau-curiosidades-3-768x348.jpg 768w, https:\/\/riberalves.pt\/wp-content\/uploads\/2020\/11\/image-obacalhau-curiosidades-3.jpg 1282w\" sizes=\"auto, (max-width: 1200px) 100vw, 1200px\" \/><\/figure>\n<\/div>\n<\/div>\n\n\n\n<h2 class=\"has-text-align-center wp-block-heading\"><strong>LE FISH AND CHIPS DE MORUE!<\/strong><\/h2>\n\n\n\n<div class=\"wp-block-columns are-vertically-aligned-center is-layout-flex wp-container-core-columns-is-layout-9d6595d7 wp-block-columns-is-layout-flex\">\n<div class=\"wp-block-column is-vertically-aligned-center is-layout-flow wp-block-column-is-layout-flow\">\n<p>Saviez-vous que, selon la tradition, en Angleterre et en Irlande du Nord, le Fish and Chips est pr\u00e9par\u00e9 \u00e0 partir de morue?<\/p>\n\n\n\n<p>La recette consiste en une portion de poisson frit qui est roul\u00e9e dans de la panure, accompagn\u00e9e de frites. D&rsquo;origine britannique, elle regorge d&rsquo;histoires et d&rsquo;anecdotes.<\/p>\n\n\n\n<p>Populaire parmi les classes ouvri\u00e8res en Angleterre, la recette \u00e9tait consid\u00e9r\u00e9e comme bon march\u00e9 et rapide. La premi\u00e8re trace connue d&rsquo;une \u00e9choppe de Fish and Chips \u00e0 Londres date de 1860.<\/p>\n\n\n\n<p>Avec le d\u00e9veloppement rapide de la p\u00eache chaluti\u00e8re au XIXe si\u00e8cle dans les mers du Nord, il \u00e9tait de plus en plus fr\u00e9quent que les poissons de haute qualit\u00e9 m\u00eal\u00e9s aux poissons plus \u00e9conomiques se retrouvaient dans les chalutiers.<\/p>\n<\/div>\n\n\n\n<div class=\"wp-block-column is-vertically-aligned-center is-layout-flow wp-block-column-is-layout-flow\">\n<figure class=\"wp-block-image size-large\"><img loading=\"lazy\" decoding=\"async\" width=\"1200\" height=\"688\" src=\"\/_riberalves\/wp-content\/uploads\/2020\/11\/image-obacalhau-curiosidades-4-1-1200x688.jpg\" alt=\"\" class=\"wp-image-504\" srcset=\"https:\/\/riberalves.pt\/wp-content\/uploads\/2020\/11\/image-obacalhau-curiosidades-4-1-1200x688.jpg 1200w, https:\/\/riberalves.pt\/wp-content\/uploads\/2020\/11\/image-obacalhau-curiosidades-4-1-600x344.jpg 600w, https:\/\/riberalves.pt\/wp-content\/uploads\/2020\/11\/image-obacalhau-curiosidades-4-1-800x459.jpg 800w, https:\/\/riberalves.pt\/wp-content\/uploads\/2020\/11\/image-obacalhau-curiosidades-4-1-300x172.jpg 300w, https:\/\/riberalves.pt\/wp-content\/uploads\/2020\/11\/image-obacalhau-curiosidades-4-1-768x440.jpg 768w, https:\/\/riberalves.pt\/wp-content\/uploads\/2020\/11\/image-obacalhau-curiosidades-4-1.jpg 1282w\" sizes=\"auto, (max-width: 1200px) 100vw, 1200px\" \/><\/figure>\n<\/div>\n<\/div>\n\n\n\n<div class=\"wp-block-columns are-vertically-aligned-center is-layout-flex wp-container-core-columns-is-layout-9d6595d7 wp-block-columns-is-layout-flex\">\n<div class=\"wp-block-column is-vertically-aligned-center is-layout-flow wp-block-column-is-layout-flow\">\n<figure class=\"wp-block-image size-large\"><img loading=\"lazy\" decoding=\"async\" width=\"1200\" height=\"688\" src=\"\/_riberalves\/wp-content\/uploads\/2020\/11\/image-obacalhau-curiosidades-5-1200x688.jpg\" alt=\"\" class=\"wp-image-508\" srcset=\"https:\/\/riberalves.pt\/wp-content\/uploads\/2020\/11\/image-obacalhau-curiosidades-5-1200x688.jpg 1200w, https:\/\/riberalves.pt\/wp-content\/uploads\/2020\/11\/image-obacalhau-curiosidades-5-600x344.jpg 600w, https:\/\/riberalves.pt\/wp-content\/uploads\/2020\/11\/image-obacalhau-curiosidades-5-800x459.jpg 800w, https:\/\/riberalves.pt\/wp-content\/uploads\/2020\/11\/image-obacalhau-curiosidades-5-300x172.jpg 300w, https:\/\/riberalves.pt\/wp-content\/uploads\/2020\/11\/image-obacalhau-curiosidades-5-768x440.jpg 768w, https:\/\/riberalves.pt\/wp-content\/uploads\/2020\/11\/image-obacalhau-curiosidades-5.jpg 1282w\" sizes=\"auto, (max-width: 1200px) 100vw, 1200px\" \/><\/figure>\n<\/div>\n\n\n\n<div class=\"wp-block-column is-vertically-aligned-center is-layout-flow wp-block-column-is-layout-flow\">\n<p>Plut\u00f4t que de jeter \u00e0 la mer les poissons non commercialisables, ceux-ci \u00e9taient transport\u00e9s vers les villes de l&rsquo;int\u00e9rieur de l&rsquo;Angleterre, donnant ainsi naissance \u00e0 des recettes tr\u00e8s vari\u00e9es, rapides et \u00e9conomiques.<\/p>\n\n\n\n<p>Le poisson frit, un plat d&rsquo;origine juive, \u00e9tait d\u00e9j\u00e0 pr\u00e9sent sur les tables europ\u00e9ennes depuis de nombreuses ann\u00e9es, et c&rsquo;est accompagn\u00e9 de pommes de terre frites qu&rsquo;il est apparu au milieu du XVIIe si\u00e8cle.<\/p>\n\n\n\n<p>Le plat \u00e9tait g\u00e9n\u00e9ralement pr\u00e9sent\u00e9 dans une feuille de papier journal et il \u00e9tait propos\u00e9 une grande vari\u00e9t\u00e9 de poissons, la morue et l&rsquo;aiglefin \u00e9tant les esp\u00e8ces les plus courantes. En Irlande du Nord, la morue est le poisson favori du Fish and Chips.<\/p>\n\n\n\n<p>Enfin, mais non des moindres, il est devenu un plat tr\u00e8s populaire dans des pays comme l&rsquo;Australie, le Canada, la Nouvelle-Z\u00e9lande et m\u00eame l&rsquo;Afrique du Sud.<\/p>\n<\/div>\n<\/div>\n\n\n\n<h2 class=\"has-text-align-center wp-block-heading\"><strong>LUTEFISK \u2013 LA MORUE \u00c0 LA SOUDE CAUSTIQUE<\/strong><\/h2>\n\n\n\n<div class=\"wp-block-columns are-vertically-aligned-center is-layout-flex wp-container-core-columns-is-layout-9d6595d7 wp-block-columns-is-layout-flex\">\n<div class=\"wp-block-column is-vertically-aligned-center is-layout-flow wp-block-column-is-layout-flow\">\n<p>G\u00e9n\u00e9ralement produite en Norv\u00e8ge, la morue Lutefisk est r\u00e9hydrat\u00e9e dans une solution de soude caustique, dans une esp\u00e8ce de saumure \u00e0 la soude caustique, accompagn\u00e9e d&rsquo;hydroxyde de sodium pendant quelques jours.<\/p>\n\n\n\n<p>Elle subit ensuite un processus de nettoyage, est bouillie \u00e0 la vapeur jusqu&rsquo;\u00e0 ce qu&rsquo;elle s\u00e8che et est servie avec une sauce qui peut \u00eatre au beurre, accompagn\u00e9e d&rsquo;un verre de bi\u00e8re.<\/p>\n\n\n\n<p>En raison de l&rsquo;absence de grands d\u00e9p\u00f4ts de sel, la soude caustique a \u00e9t\u00e9 une solution rapide pour la conservation du poisson en Norv\u00e8ge.<\/p>\n\n\n\n<p>Consomm\u00e9 \u00e9galement en Finlande, au Danemark, en Su\u00e8de et m\u00eame aux \u00c9tats-Unis, le Lutefisk est un plat traditionnel de No\u00ebl. En raison des je\u00fbnes religieux, \u00e0 l&rsquo;image de ce qui se passe au Portugal, le poisson est devenu au fil des si\u00e8cles le repas id\u00e9al pour ces jours de f\u00eate.<\/p>\n\n\n\n<p>\u00ab\u00a0Les habitants des pays nordiques mangent surtout du poisson s\u00e9ch\u00e9, comme le brochet, la perche, la br\u00e8me, la lotte\u2026 Pour la pr\u00e9paration de cette recette, ces poissons sont immerg\u00e9s dans de la soude caustique forte pendant deux jours. Ils sont ensuite rinc\u00e9s et tremp\u00e9s dans de l&rsquo;eau claire et douce pour qu&rsquo;ils redeviennent aussi souples que n\u00e9cessaire. On y ajoute du beurre sal\u00e9 et ils sont ensuite bouillis. Ce plat peut m\u00eame servi sur les tables des princes et il est consid\u00e9r\u00e9 comme un plat savoureux et d\u00e9licieux\u00a0\u00bb, explique Olaus Magnus, historien. Qu&rsquo;en pensez-vous\u00a0? Vous voulez essayer\u00a0?<\/p>\n<\/div>\n\n\n\n<div class=\"wp-block-column is-vertically-aligned-center is-layout-flow wp-block-column-is-layout-flow\">\n<figure class=\"wp-block-image size-large\"><img loading=\"lazy\" decoding=\"async\" width=\"1200\" height=\"883\" src=\"\/_riberalves\/wp-content\/uploads\/2020\/11\/image-obacalhau-curiosidades-6-1200x883.jpg\" alt=\"\" class=\"wp-image-511\" srcset=\"https:\/\/riberalves.pt\/wp-content\/uploads\/2020\/11\/image-obacalhau-curiosidades-6-1200x883.jpg 1200w, https:\/\/riberalves.pt\/wp-content\/uploads\/2020\/11\/image-obacalhau-curiosidades-6-600x441.jpg 600w, https:\/\/riberalves.pt\/wp-content\/uploads\/2020\/11\/image-obacalhau-curiosidades-6-800x588.jpg 800w, https:\/\/riberalves.pt\/wp-content\/uploads\/2020\/11\/image-obacalhau-curiosidades-6-300x221.jpg 300w, https:\/\/riberalves.pt\/wp-content\/uploads\/2020\/11\/image-obacalhau-curiosidades-6-768x565.jpg 768w, https:\/\/riberalves.pt\/wp-content\/uploads\/2020\/11\/image-obacalhau-curiosidades-6.jpg 1282w\" sizes=\"auto, (max-width: 1200px) 100vw, 1200px\" \/><\/figure>\n\n\n\n<p><\/p>\n<\/div>\n<\/div>\n","protected":false},"excerpt":{"rendered":"<p>L&rsquo;origine des recettes La morue \u00c0 Gomes de S\u00e1 Tout a commenc\u00e9 dans un restaurant nomm\u00e9 Lisbonense, situ\u00e9 dans la ville de Porto. Jos\u00e9 Lu\u00eds Gomes de S\u00e1 (1851-1926), fils d&rsquo;un n\u00e9gociant en morue, a cr\u00e9\u00e9 la recette qui a fini par prendre son nom et est devenue une ic\u00f4ne des recettes traditionnelles portugaises. Morue [&hellip;]<\/p>\n","protected":false},"author":5,"featured_media":706,"parent":6091,"menu_order":300,"comment_status":"closed","ping_status":"closed","template":"","meta":{"_acf_changed":false,"footnotes":""},"class_list":["post-6088","page","type-page","status-publish","has-post-thumbnail","hentry"],"acf":[],"yoast_head":"<!-- This site is optimized with the Yoast SEO plugin v27.5 - https:\/\/yoast.com\/product\/yoast-seo-wordpress\/ -->\n<title>Anecdotes - Riberalves<\/title>\n<meta name=\"robots\" content=\"index, follow, max-snippet:-1, max-image-preview:large, max-video-preview:-1\" \/>\n<link rel=\"canonical\" href=\"https:\/\/riberalves.pt\/fr\/la-morue\/anecdotes\/\" \/>\n<meta property=\"og:locale\" content=\"fr_FR\" \/>\n<meta property=\"og:type\" content=\"article\" \/>\n<meta property=\"og:title\" content=\"Anecdotes - Riberalves\" \/>\n<meta property=\"og:description\" content=\"L&rsquo;origine des recettes La morue \u00c0 Gomes de S\u00e1 Tout a commenc\u00e9 dans un restaurant nomm\u00e9 Lisbonense, situ\u00e9 dans la ville de Porto. Jos\u00e9 Lu\u00eds Gomes de S\u00e1 (1851-1926), fils d&rsquo;un n\u00e9gociant en morue, a cr\u00e9\u00e9 la recette qui a fini par prendre son nom et est devenue une ic\u00f4ne des recettes traditionnelles portugaises. Morue [&hellip;]\" \/>\n<meta property=\"og:url\" content=\"https:\/\/riberalves.pt\/fr\/la-morue\/anecdotes\/\" \/>\n<meta property=\"og:site_name\" content=\"Riberalves\" \/>\n<meta property=\"article:modified_time\" content=\"2021-06-28T10:17:17+00:00\" \/>\n<meta property=\"og:image\" content=\"https:\/\/riberalves.pt\/wp-content\/uploads\/2020\/11\/Caldeirada_Bacalhau-1_1200x1460.jpg\" \/>\n\t<meta property=\"og:image:width\" content=\"1200\" \/>\n\t<meta property=\"og:image:height\" content=\"1460\" \/>\n\t<meta property=\"og:image:type\" content=\"image\/jpeg\" \/>\n<meta name=\"twitter:card\" content=\"summary_large_image\" \/>\n<meta name=\"twitter:label1\" content=\"Dur\u00e9e de lecture estim\u00e9e\" \/>\n\t<meta name=\"twitter:data1\" content=\"5 minutes\" \/>\n<script type=\"application\/ld+json\" class=\"yoast-schema-graph\">{\"@context\":\"https:\\\/\\\/schema.org\",\"@graph\":[{\"@type\":\"WebPage\",\"@id\":\"https:\\\/\\\/riberalves.pt\\\/fr\\\/la-morue\\\/anecdotes\\\/\",\"url\":\"https:\\\/\\\/riberalves.pt\\\/fr\\\/la-morue\\\/anecdotes\\\/\",\"name\":\"Anecdotes - Riberalves\",\"isPartOf\":{\"@id\":\"https:\\\/\\\/riberalves.pt\\\/#website\"},\"primaryImageOfPage\":{\"@id\":\"https:\\\/\\\/riberalves.pt\\\/fr\\\/la-morue\\\/anecdotes\\\/#primaryimage\"},\"image\":{\"@id\":\"https:\\\/\\\/riberalves.pt\\\/fr\\\/la-morue\\\/anecdotes\\\/#primaryimage\"},\"thumbnailUrl\":\"https:\\\/\\\/riberalves.pt\\\/wp-content\\\/uploads\\\/2020\\\/11\\\/Caldeirada_Bacalhau-1_1200x1460.jpg\",\"datePublished\":\"2020-11-03T10:51:53+00:00\",\"dateModified\":\"2021-06-28T10:17:17+00:00\",\"breadcrumb\":{\"@id\":\"https:\\\/\\\/riberalves.pt\\\/fr\\\/la-morue\\\/anecdotes\\\/#breadcrumb\"},\"inLanguage\":\"fr-FR\",\"potentialAction\":[{\"@type\":\"ReadAction\",\"target\":[\"https:\\\/\\\/riberalves.pt\\\/fr\\\/la-morue\\\/anecdotes\\\/\"]}]},{\"@type\":\"ImageObject\",\"inLanguage\":\"fr-FR\",\"@id\":\"https:\\\/\\\/riberalves.pt\\\/fr\\\/la-morue\\\/anecdotes\\\/#primaryimage\",\"url\":\"https:\\\/\\\/riberalves.pt\\\/wp-content\\\/uploads\\\/2020\\\/11\\\/Caldeirada_Bacalhau-1_1200x1460.jpg\",\"contentUrl\":\"https:\\\/\\\/riberalves.pt\\\/wp-content\\\/uploads\\\/2020\\\/11\\\/Caldeirada_Bacalhau-1_1200x1460.jpg\",\"width\":1200,\"height\":1460,\"caption\":\"O Fiel amigo portugu\u00eas tamb\u00e9m \u00e9 recheado de hist\u00f3rias! Veja aqui as curiosidades sobre o bacalhau e sobre o universo da Riberalves.\"},{\"@type\":\"BreadcrumbList\",\"@id\":\"https:\\\/\\\/riberalves.pt\\\/fr\\\/la-morue\\\/anecdotes\\\/#breadcrumb\",\"itemListElement\":[{\"@type\":\"ListItem\",\"position\":1,\"name\":\"Home\",\"item\":\"https:\\\/\\\/riberalves.pt\\\/\"},{\"@type\":\"ListItem\",\"position\":2,\"name\":\"La Morue\",\"item\":\"https:\\\/\\\/riberalves.pt\\\/fr\\\/la-morue\\\/\"},{\"@type\":\"ListItem\",\"position\":3,\"name\":\"Anecdotes\"}]},{\"@type\":\"WebSite\",\"@id\":\"https:\\\/\\\/riberalves.pt\\\/#website\",\"url\":\"https:\\\/\\\/riberalves.pt\\\/\",\"name\":\"Riberalves\",\"description\":\"Les meilleures recettes de morue en un seul endroit! Notre processus de longue matuaration dans le sel garantit la saveur unique, la texture douce et les tranches succulentes de notre poisson pr\u00e9f\u00e9r\u00e9, pr\u00eat \u00e0 cuisiner!\",\"alternateName\":\"Riberalves\",\"potentialAction\":[{\"@type\":\"SearchAction\",\"target\":{\"@type\":\"EntryPoint\",\"urlTemplate\":\"https:\\\/\\\/riberalves.pt\\\/?s={search_term_string}\"},\"query-input\":{\"@type\":\"PropertyValueSpecification\",\"valueRequired\":true,\"valueName\":\"search_term_string\"}}],\"inLanguage\":\"fr-FR\"}]}<\/script>\n<!-- \/ Yoast SEO plugin. -->","yoast_head_json":{"title":"Anecdotes - Riberalves","robots":{"index":"index","follow":"follow","max-snippet":"max-snippet:-1","max-image-preview":"max-image-preview:large","max-video-preview":"max-video-preview:-1"},"canonical":"https:\/\/riberalves.pt\/fr\/la-morue\/anecdotes\/","og_locale":"fr_FR","og_type":"article","og_title":"Anecdotes - Riberalves","og_description":"L&rsquo;origine des recettes La morue \u00c0 Gomes de S\u00e1 Tout a commenc\u00e9 dans un restaurant nomm\u00e9 Lisbonense, situ\u00e9 dans la ville de Porto. Jos\u00e9 Lu\u00eds Gomes de S\u00e1 (1851-1926), fils d&rsquo;un n\u00e9gociant en morue, a cr\u00e9\u00e9 la recette qui a fini par prendre son nom et est devenue une ic\u00f4ne des recettes traditionnelles portugaises. Morue [&hellip;]","og_url":"https:\/\/riberalves.pt\/fr\/la-morue\/anecdotes\/","og_site_name":"Riberalves","article_modified_time":"2021-06-28T10:17:17+00:00","og_image":[{"width":1200,"height":1460,"url":"https:\/\/riberalves.pt\/wp-content\/uploads\/2020\/11\/Caldeirada_Bacalhau-1_1200x1460.jpg","type":"image\/jpeg"}],"twitter_card":"summary_large_image","twitter_misc":{"Dur\u00e9e de lecture estim\u00e9e":"5 minutes"},"schema":{"@context":"https:\/\/schema.org","@graph":[{"@type":"WebPage","@id":"https:\/\/riberalves.pt\/fr\/la-morue\/anecdotes\/","url":"https:\/\/riberalves.pt\/fr\/la-morue\/anecdotes\/","name":"Anecdotes - Riberalves","isPartOf":{"@id":"https:\/\/riberalves.pt\/#website"},"primaryImageOfPage":{"@id":"https:\/\/riberalves.pt\/fr\/la-morue\/anecdotes\/#primaryimage"},"image":{"@id":"https:\/\/riberalves.pt\/fr\/la-morue\/anecdotes\/#primaryimage"},"thumbnailUrl":"https:\/\/riberalves.pt\/wp-content\/uploads\/2020\/11\/Caldeirada_Bacalhau-1_1200x1460.jpg","datePublished":"2020-11-03T10:51:53+00:00","dateModified":"2021-06-28T10:17:17+00:00","breadcrumb":{"@id":"https:\/\/riberalves.pt\/fr\/la-morue\/anecdotes\/#breadcrumb"},"inLanguage":"fr-FR","potentialAction":[{"@type":"ReadAction","target":["https:\/\/riberalves.pt\/fr\/la-morue\/anecdotes\/"]}]},{"@type":"ImageObject","inLanguage":"fr-FR","@id":"https:\/\/riberalves.pt\/fr\/la-morue\/anecdotes\/#primaryimage","url":"https:\/\/riberalves.pt\/wp-content\/uploads\/2020\/11\/Caldeirada_Bacalhau-1_1200x1460.jpg","contentUrl":"https:\/\/riberalves.pt\/wp-content\/uploads\/2020\/11\/Caldeirada_Bacalhau-1_1200x1460.jpg","width":1200,"height":1460,"caption":"O Fiel amigo portugu\u00eas tamb\u00e9m \u00e9 recheado de hist\u00f3rias! Veja aqui as curiosidades sobre o bacalhau e sobre o universo da Riberalves."},{"@type":"BreadcrumbList","@id":"https:\/\/riberalves.pt\/fr\/la-morue\/anecdotes\/#breadcrumb","itemListElement":[{"@type":"ListItem","position":1,"name":"Home","item":"https:\/\/riberalves.pt\/"},{"@type":"ListItem","position":2,"name":"La Morue","item":"https:\/\/riberalves.pt\/fr\/la-morue\/"},{"@type":"ListItem","position":3,"name":"Anecdotes"}]},{"@type":"WebSite","@id":"https:\/\/riberalves.pt\/#website","url":"https:\/\/riberalves.pt\/","name":"Riberalves","description":"Les meilleures recettes de morue en un seul endroit! Notre processus de longue matuaration dans le sel garantit la saveur unique, la texture douce et les tranches succulentes de notre poisson pr\u00e9f\u00e9r\u00e9, pr\u00eat \u00e0 cuisiner!","alternateName":"Riberalves","potentialAction":[{"@type":"SearchAction","target":{"@type":"EntryPoint","urlTemplate":"https:\/\/riberalves.pt\/?s={search_term_string}"},"query-input":{"@type":"PropertyValueSpecification","valueRequired":true,"valueName":"search_term_string"}}],"inLanguage":"fr-FR"}]}},"_links":{"self":[{"href":"https:\/\/riberalves.pt\/fr\/wp-json\/wp\/v2\/pages\/6088","targetHints":{"allow":["GET"]}}],"collection":[{"href":"https:\/\/riberalves.pt\/fr\/wp-json\/wp\/v2\/pages"}],"about":[{"href":"https:\/\/riberalves.pt\/fr\/wp-json\/wp\/v2\/types\/page"}],"author":[{"embeddable":true,"href":"https:\/\/riberalves.pt\/fr\/wp-json\/wp\/v2\/users\/5"}],"replies":[{"embeddable":true,"href":"https:\/\/riberalves.pt\/fr\/wp-json\/wp\/v2\/comments?post=6088"}],"version-history":[{"count":6,"href":"https:\/\/riberalves.pt\/fr\/wp-json\/wp\/v2\/pages\/6088\/revisions"}],"predecessor-version":[{"id":6120,"href":"https:\/\/riberalves.pt\/fr\/wp-json\/wp\/v2\/pages\/6088\/revisions\/6120"}],"up":[{"embeddable":true,"href":"https:\/\/riberalves.pt\/fr\/wp-json\/wp\/v2\/pages\/6091"}],"wp:featuredmedia":[{"embeddable":true,"href":"https:\/\/riberalves.pt\/fr\/wp-json\/wp\/v2\/media\/706"}],"wp:attachment":[{"href":"https:\/\/riberalves.pt\/fr\/wp-json\/wp\/v2\/media?parent=6088"}],"curies":[{"name":"wp","href":"https:\/\/api.w.org\/{rel}","templated":true}]}}