{"id":6093,"date":"2020-10-29T13:03:31","date_gmt":"2020-10-29T13:03:31","guid":{"rendered":"https:\/\/riberalves.pt\/contactos\/"},"modified":"2024-11-05T16:51:39","modified_gmt":"2024-11-05T16:51:39","slug":"contacts","status":"publish","type":"page","link":"https:\/\/riberalves.pt\/fr\/contacts\/","title":{"rendered":"Contacts"},"content":{"rendered":"\n<h3 class=\"wp-block-heading\"><strong>Adresses<\/strong><\/h3>\n\n\n\n<div class=\"wp-block-columns is-layout-flex wp-container-core-columns-is-layout-9d6595d7 wp-block-columns-is-layout-flex\">\n<div class=\"wp-block-column is-layout-flow wp-block-column-is-layout-flow\">\n<p class=\"open-map\"><strong><strong>Si\u00e8ge usine<\/strong><\/strong><br>Estrada Nacional 8, Carvalhal<br>2565-781 Turcifal, Torres Vedras<br>Adresse Postale: Apartado 134 &#8211; 2564-910 Torres Vedras<br>Coordonn\u00e9es: <a href=\"http:\/\/maps.apple.com\/?ll=38.68214634945395,-9.005890292769081\" target=\"_blank\" rel=\"noreferrer noopener\">38\u00b040&rsquo;55.8&Prime;N 9\u00b000&rsquo;22.5&Prime;W<\/a><br><a href=\"https:\/\/goo.gl\/maps\/MPtGTBrEJTPhf3FF6\" target=\"_blank\" rel=\"noreferrer noopener\"><strong>Ouvrir la carte<\/strong><\/a><\/p>\n\n\n\n<p class=\"open-map\"><strong>Tel. <\/strong><a rel=\"noreferrer noopener\" href=\"tel:+351261950000\" target=\"_blank\">+351 261 950 000<\/a><\/p>\n<\/div>\n\n\n\n<div class=\"wp-block-column is-layout-flow wp-block-column-is-layout-flow\">\n<p class=\"open-map\"><strong><strong>Usine Moita<\/strong><\/strong><br>Quinta dos Fundilh\u00f5es,<br>Rua da Cidla &#8211; Gaio &#8211; Ros\u00e1rio<br>2860-630 Moita &#8211; Portugal<br>Coordonn\u00e9es: <a href=\"http:\/\/maps.apple.com\/?ll=38.68214634945395,-9.005890292769081\" target=\"_blank\" rel=\"noreferrer noopener\">38\u00b040&rsquo;55.8&Prime;N 9\u00b000&rsquo;22.5&Prime;W<\/a><br><strong><a href=\"https:\/\/goo.gl\/maps\/GPj55XQFRjKtvSQY8\" target=\"_blank\" rel=\"noreferrer noopener sponsored nofollow\">Ouvrir la carte<\/a><\/strong><\/p>\n\n\n\n<p class=\"open-map\"><strong>Tel. <\/strong><a href=\"tel:+351212899550\" target=\"_blank\" rel=\"noreferrer noopener\">+351 212 899 550<\/a><\/p>\n<\/div>\n<\/div>\n\n\n\n<h3 class=\"wp-block-heading\">Contacts par courrier \u00e9lectronique<\/h3>\n\n\n\n<p><strong>E-mail Service client<\/strong><br><a rel=\"noreferrer noopener\" href=\"mailto:sac@riberalves.pt\" target=\"_blank\">sac@riberalves.pt<\/a><\/p>\n\n\n\n<p><strong>E-mail G\u00e9n\u00e9ral<\/strong><br><a rel=\"noreferrer noopener\" href=\"mailto:riberalves@riberalves.pt\" target=\"_blank\">riberalves@riberalves.pt<\/a><\/p>\n\n\n\n<p><\/p>\n\n\n\n<p><strong>Tel. <\/strong><a href=\"tel:+351261950000\" target=\"_blank\" rel=\"noreferrer noopener\">+351 261 950 000<\/a><\/p>\n\n\n\n<p>Ligne d&rsquo;assistance t\u00e9l\u00e9phonique disponible les jours ouvrables de 9h \u00e0 13h et de 14h \u00e0 18h (GMT).<\/p>\n","protected":false},"excerpt":{"rendered":"<p>Adresses Si\u00e8ge usineEstrada Nacional 8, Carvalhal2565-781 Turcifal, Torres VedrasAdresse Postale: Apartado 134 &#8211; 2564-910 Torres VedrasCoordonn\u00e9es: 38\u00b040&rsquo;55.8&Prime;N 9\u00b000&rsquo;22.5&Prime;WOuvrir la carte Tel. +351 261 950 000 Usine MoitaQuinta dos Fundilh\u00f5es,Rua da Cidla &#8211; Gaio &#8211; Ros\u00e1rio2860-630 Moita &#8211; PortugalCoordonn\u00e9es: 38\u00b040&rsquo;55.8&Prime;N 9\u00b000&rsquo;22.5&Prime;WOuvrir la carte Tel. +351 212 899 550 Contacts par courrier \u00e9lectronique E-mail Service clientsac@riberalves.pt E-mail [&hellip;]<\/p>\n","protected":false},"author":5,"featured_media":139,"parent":0,"menu_order":0,"comment_status":"closed","ping_status":"closed","template":"","meta":{"_acf_changed":false,"footnotes":""},"class_list":["post-6093","page","type-page","status-publish","has-post-thumbnail","hentry"],"acf":[],"yoast_head":"<!-- This site is optimized with the Yoast SEO plugin v27.4 - https:\/\/yoast.com\/product\/yoast-seo-wordpress\/ -->\n<title>Contacts - Riberalves<\/title>\n<meta name=\"robots\" content=\"index, follow, max-snippet:-1, max-image-preview:large, max-video-preview:-1\" \/>\n<link rel=\"canonical\" href=\"https:\/\/riberalves.pt\/fr\/contacts\/\" \/>\n<meta property=\"og:locale\" content=\"fr_FR\" \/>\n<meta property=\"og:type\" content=\"article\" \/>\n<meta property=\"og:title\" content=\"Contacts - Riberalves\" \/>\n<meta property=\"og:description\" content=\"Adresses Si\u00e8ge usineEstrada Nacional 8, Carvalhal2565-781 Turcifal, Torres VedrasAdresse Postale: Apartado 134 &#8211; 2564-910 Torres VedrasCoordonn\u00e9es: 38\u00b040&rsquo;55.8&Prime;N 9\u00b000&rsquo;22.5&Prime;WOuvrir la carte Tel. +351 261 950 000 Usine MoitaQuinta dos Fundilh\u00f5es,Rua da Cidla &#8211; Gaio &#8211; Ros\u00e1rio2860-630 Moita &#8211; PortugalCoordonn\u00e9es: 38\u00b040&rsquo;55.8&Prime;N 9\u00b000&rsquo;22.5&Prime;WOuvrir la carte Tel. +351 212 899 550 Contacts par courrier \u00e9lectronique E-mail Service clientsac@riberalves.pt E-mail [&hellip;]\" \/>\n<meta property=\"og:url\" content=\"https:\/\/riberalves.pt\/fr\/contacts\/\" \/>\n<meta property=\"og:site_name\" content=\"Riberalves\" \/>\n<meta property=\"article:modified_time\" content=\"2024-11-05T16:51:39+00:00\" \/>\n<meta property=\"og:image\" content=\"https:\/\/riberalves.pt\/wp-content\/uploads\/2020\/10\/header_contactos.jpg\" \/>\n\t<meta property=\"og:image:width\" content=\"1900\" \/>\n\t<meta property=\"og:image:height\" content=\"459\" \/>\n\t<meta property=\"og:image:type\" content=\"image\/jpeg\" \/>\n<meta name=\"twitter:card\" content=\"summary_large_image\" \/>\n<meta name=\"twitter:label1\" content=\"Dur\u00e9e de lecture estim\u00e9e\" \/>\n\t<meta name=\"twitter:data1\" content=\"1 minute\" \/>\n<script type=\"application\/ld+json\" class=\"yoast-schema-graph\">{\"@context\":\"https:\\\/\\\/schema.org\",\"@graph\":[{\"@type\":\"WebPage\",\"@id\":\"https:\\\/\\\/riberalves.pt\\\/fr\\\/contacts\\\/\",\"url\":\"https:\\\/\\\/riberalves.pt\\\/fr\\\/contacts\\\/\",\"name\":\"Contacts - Riberalves\",\"isPartOf\":{\"@id\":\"https:\\\/\\\/riberalves.pt\\\/#website\"},\"primaryImageOfPage\":{\"@id\":\"https:\\\/\\\/riberalves.pt\\\/fr\\\/contacts\\\/#primaryimage\"},\"image\":{\"@id\":\"https:\\\/\\\/riberalves.pt\\\/fr\\\/contacts\\\/#primaryimage\"},\"thumbnailUrl\":\"https:\\\/\\\/riberalves.pt\\\/wp-content\\\/uploads\\\/2020\\\/10\\\/header_contactos.jpg\",\"datePublished\":\"2020-10-29T13:03:31+00:00\",\"dateModified\":\"2024-11-05T16:51:39+00:00\",\"breadcrumb\":{\"@id\":\"https:\\\/\\\/riberalves.pt\\\/fr\\\/contacts\\\/#breadcrumb\"},\"inLanguage\":\"fr-FR\",\"potentialAction\":[{\"@type\":\"ReadAction\",\"target\":[\"https:\\\/\\\/riberalves.pt\\\/fr\\\/contacts\\\/\"]}]},{\"@type\":\"ImageObject\",\"inLanguage\":\"fr-FR\",\"@id\":\"https:\\\/\\\/riberalves.pt\\\/fr\\\/contacts\\\/#primaryimage\",\"url\":\"https:\\\/\\\/riberalves.pt\\\/wp-content\\\/uploads\\\/2020\\\/10\\\/header_contactos.jpg\",\"contentUrl\":\"https:\\\/\\\/riberalves.pt\\\/wp-content\\\/uploads\\\/2020\\\/10\\\/header_contactos.jpg\",\"width\":1900,\"height\":459,\"caption\":\"Contatos Riberalves\"},{\"@type\":\"BreadcrumbList\",\"@id\":\"https:\\\/\\\/riberalves.pt\\\/fr\\\/contacts\\\/#breadcrumb\",\"itemListElement\":[{\"@type\":\"ListItem\",\"position\":1,\"name\":\"Home\",\"item\":\"https:\\\/\\\/riberalves.pt\\\/\"},{\"@type\":\"ListItem\",\"position\":2,\"name\":\"Contacts\"}]},{\"@type\":\"WebSite\",\"@id\":\"https:\\\/\\\/riberalves.pt\\\/#website\",\"url\":\"https:\\\/\\\/riberalves.pt\\\/\",\"name\":\"Riberalves\",\"description\":\"Les meilleures recettes de morue en un seul endroit! Notre processus de longue matuaration dans le sel garantit la saveur unique, la texture douce et les tranches succulentes de notre poisson pr\u00e9f\u00e9r\u00e9, pr\u00eat \u00e0 cuisiner!\",\"alternateName\":\"Riberalves\",\"potentialAction\":[{\"@type\":\"SearchAction\",\"target\":{\"@type\":\"EntryPoint\",\"urlTemplate\":\"https:\\\/\\\/riberalves.pt\\\/?s={search_term_string}\"},\"query-input\":{\"@type\":\"PropertyValueSpecification\",\"valueRequired\":true,\"valueName\":\"search_term_string\"}}],\"inLanguage\":\"fr-FR\"}]}<\/script>\n<!-- \/ Yoast SEO plugin. -->","yoast_head_json":{"title":"Contacts - Riberalves","robots":{"index":"index","follow":"follow","max-snippet":"max-snippet:-1","max-image-preview":"max-image-preview:large","max-video-preview":"max-video-preview:-1"},"canonical":"https:\/\/riberalves.pt\/fr\/contacts\/","og_locale":"fr_FR","og_type":"article","og_title":"Contacts - Riberalves","og_description":"Adresses Si\u00e8ge usineEstrada Nacional 8, Carvalhal2565-781 Turcifal, Torres VedrasAdresse Postale: Apartado 134 &#8211; 2564-910 Torres VedrasCoordonn\u00e9es: 38\u00b040&rsquo;55.8&Prime;N 9\u00b000&rsquo;22.5&Prime;WOuvrir la carte Tel. +351 261 950 000 Usine MoitaQuinta dos Fundilh\u00f5es,Rua da Cidla &#8211; Gaio &#8211; Ros\u00e1rio2860-630 Moita &#8211; PortugalCoordonn\u00e9es: 38\u00b040&rsquo;55.8&Prime;N 9\u00b000&rsquo;22.5&Prime;WOuvrir la carte Tel. +351 212 899 550 Contacts par courrier \u00e9lectronique E-mail Service clientsac@riberalves.pt E-mail [&hellip;]","og_url":"https:\/\/riberalves.pt\/fr\/contacts\/","og_site_name":"Riberalves","article_modified_time":"2024-11-05T16:51:39+00:00","og_image":[{"width":1900,"height":459,"url":"https:\/\/riberalves.pt\/wp-content\/uploads\/2020\/10\/header_contactos.jpg","type":"image\/jpeg"}],"twitter_card":"summary_large_image","twitter_misc":{"Dur\u00e9e de lecture estim\u00e9e":"1 minute"},"schema":{"@context":"https:\/\/schema.org","@graph":[{"@type":"WebPage","@id":"https:\/\/riberalves.pt\/fr\/contacts\/","url":"https:\/\/riberalves.pt\/fr\/contacts\/","name":"Contacts - Riberalves","isPartOf":{"@id":"https:\/\/riberalves.pt\/#website"},"primaryImageOfPage":{"@id":"https:\/\/riberalves.pt\/fr\/contacts\/#primaryimage"},"image":{"@id":"https:\/\/riberalves.pt\/fr\/contacts\/#primaryimage"},"thumbnailUrl":"https:\/\/riberalves.pt\/wp-content\/uploads\/2020\/10\/header_contactos.jpg","datePublished":"2020-10-29T13:03:31+00:00","dateModified":"2024-11-05T16:51:39+00:00","breadcrumb":{"@id":"https:\/\/riberalves.pt\/fr\/contacts\/#breadcrumb"},"inLanguage":"fr-FR","potentialAction":[{"@type":"ReadAction","target":["https:\/\/riberalves.pt\/fr\/contacts\/"]}]},{"@type":"ImageObject","inLanguage":"fr-FR","@id":"https:\/\/riberalves.pt\/fr\/contacts\/#primaryimage","url":"https:\/\/riberalves.pt\/wp-content\/uploads\/2020\/10\/header_contactos.jpg","contentUrl":"https:\/\/riberalves.pt\/wp-content\/uploads\/2020\/10\/header_contactos.jpg","width":1900,"height":459,"caption":"Contatos Riberalves"},{"@type":"BreadcrumbList","@id":"https:\/\/riberalves.pt\/fr\/contacts\/#breadcrumb","itemListElement":[{"@type":"ListItem","position":1,"name":"Home","item":"https:\/\/riberalves.pt\/"},{"@type":"ListItem","position":2,"name":"Contacts"}]},{"@type":"WebSite","@id":"https:\/\/riberalves.pt\/#website","url":"https:\/\/riberalves.pt\/","name":"Riberalves","description":"Les meilleures recettes de morue en un seul endroit! Notre processus de longue matuaration dans le sel garantit la saveur unique, la texture douce et les tranches succulentes de notre poisson pr\u00e9f\u00e9r\u00e9, pr\u00eat \u00e0 cuisiner!","alternateName":"Riberalves","potentialAction":[{"@type":"SearchAction","target":{"@type":"EntryPoint","urlTemplate":"https:\/\/riberalves.pt\/?s={search_term_string}"},"query-input":{"@type":"PropertyValueSpecification","valueRequired":true,"valueName":"search_term_string"}}],"inLanguage":"fr-FR"}]}},"_links":{"self":[{"href":"https:\/\/riberalves.pt\/fr\/wp-json\/wp\/v2\/pages\/6093","targetHints":{"allow":["GET"]}}],"collection":[{"href":"https:\/\/riberalves.pt\/fr\/wp-json\/wp\/v2\/pages"}],"about":[{"href":"https:\/\/riberalves.pt\/fr\/wp-json\/wp\/v2\/types\/page"}],"author":[{"embeddable":true,"href":"https:\/\/riberalves.pt\/fr\/wp-json\/wp\/v2\/users\/5"}],"replies":[{"embeddable":true,"href":"https:\/\/riberalves.pt\/fr\/wp-json\/wp\/v2\/comments?post=6093"}],"version-history":[{"count":6,"href":"https:\/\/riberalves.pt\/fr\/wp-json\/wp\/v2\/pages\/6093\/revisions"}],"predecessor-version":[{"id":13223,"href":"https:\/\/riberalves.pt\/fr\/wp-json\/wp\/v2\/pages\/6093\/revisions\/13223"}],"wp:featuredmedia":[{"embeddable":true,"href":"https:\/\/riberalves.pt\/fr\/wp-json\/wp\/v2\/media\/139"}],"wp:attachment":[{"href":"https:\/\/riberalves.pt\/fr\/wp-json\/wp\/v2\/media?parent=6093"}],"curies":[{"name":"wp","href":"https:\/\/api.w.org\/{rel}","templated":true}]}}