{"id":6102,"date":"2020-11-02T13:56:06","date_gmt":"2020-11-02T13:56:06","guid":{"rendered":"https:\/\/riberalves.pt\/o-bacalhau\/historia\/"},"modified":"2021-06-30T14:54:14","modified_gmt":"2021-06-30T13:54:14","slug":"histoire","status":"publish","type":"page","link":"https:\/\/riberalves.pt\/fr\/la-morue\/histoire\/","title":{"rendered":"Histoire"},"content":{"rendered":"\n<h2 class=\"wp-block-heading\"><strong>Les Vikings<\/strong><\/h2>\n\n\n\n<p>Les Vikings sont consid\u00e9r\u00e9s comme les pionniers dans la d\u00e9couverte de la morue Gadus morhua.<\/p>\n\n\n\n<p>Comme ils ne disposaient pas de sel, ils ne pouvaient s\u00e9cher le poisson qu&rsquo;\u00e0 l&rsquo;air libre jusqu&rsquo;\u00e0 ce qu&rsquo;il perde presque le cinqui\u00e8me de son poids et durcisse comme une planche en bois, et le consommaient en morceaux au cours des longs voyages qu&rsquo;ils faisaient \u00e0 travers les oc\u00e9ans.<\/p>\n\n\n\n<figure class=\"wp-block-gallery columns-2 is-cropped wp-block-gallery-1 is-layout-flex wp-block-gallery-is-layout-flex\"><ul class=\"blocks-gallery-grid\"><li class=\"blocks-gallery-item\"><figure><img loading=\"lazy\" decoding=\"async\" width=\"800\" height=\"552\" src=\"\/_riberalves\/wp-content\/uploads\/2020\/11\/image-obacalhau-historia-1-800x552.jpg\" alt=\"\" data-id=\"264\" class=\"wp-image-264\" srcset=\"https:\/\/riberalves.pt\/wp-content\/uploads\/2020\/11\/image-obacalhau-historia-1-800x552.jpg 800w, https:\/\/riberalves.pt\/wp-content\/uploads\/2020\/11\/image-obacalhau-historia-1-600x414.jpg 600w, https:\/\/riberalves.pt\/wp-content\/uploads\/2020\/11\/image-obacalhau-historia-1-300x207.jpg 300w, https:\/\/riberalves.pt\/wp-content\/uploads\/2020\/11\/image-obacalhau-historia-1-768x530.jpg 768w, https:\/\/riberalves.pt\/wp-content\/uploads\/2020\/11\/image-obacalhau-historia-1.jpg 1063w\" sizes=\"auto, (max-width: 800px) 100vw, 800px\" \/><figcaption class=\"blocks-gallery-item__caption\">Domaine public des \u00c9tats-Unis<\/figcaption><\/figure><\/li><li class=\"blocks-gallery-item\"><figure><img loading=\"lazy\" decoding=\"async\" width=\"800\" height=\"552\" src=\"https:\/\/riberalves.pt\/_riberalves\/wp-content\/uploads\/2020\/12\/Bacalhau-Seco-viking-1.jpg\" alt=\"\" data-id=\"1564\" data-full-url=\"https:\/\/riberalves.pt\/_riberalves\/wp-content\/uploads\/2020\/12\/Bacalhau-Seco-viking-1.jpg\" data-link=\"https:\/\/beta.riberalves.pt\/o-bacalhau\/historia\/bacalhau-seco-viking-1\/\" class=\"wp-image-1566\" srcset=\"https:\/\/riberalves.pt\/wp-content\/uploads\/2020\/12\/Bacalhau-Seco-viking-1.jpg 800w, https:\/\/riberalves.pt\/wp-content\/uploads\/2020\/12\/Bacalhau-Seco-viking-1-600x414.jpg 600w, https:\/\/riberalves.pt\/wp-content\/uploads\/2020\/12\/Bacalhau-Seco-viking-1-300x207.jpg 300w, https:\/\/riberalves.pt\/wp-content\/uploads\/2020\/12\/Bacalhau-Seco-viking-1-768x530.jpg 768w\" sizes=\"auto, (max-width: 800px) 100vw, 800px\" \/><\/figure><\/li><\/ul><\/figure>\n\n\n\n<p class=\"small\"><\/p>\n\n\n\n<p>L&rsquo;\u00e9tude a analys\u00e9 cinq os de morue datant de 800 \u00e0 1066 apr. J.-C., trouv\u00e9s dans la boue de l&rsquo;ancien quai de Haithabu, un ancien port commercial.<\/p>\n\n\n\n<p>L&rsquo;ADN de ces os de morue contenait des signatures g\u00e9n\u00e9tiques observ\u00e9es dans les stocks de l&rsquo;Arctique, le long des c\u00f4tes des \u00eeles Lofoten. L&rsquo;archipel du nord est encore aujourd&rsquo;hui un site majeur pour l&rsquo;industrie de la p\u00eache en Norv\u00e8ge.\u00a0<\/p>\n\n\n\n<p>Selon les chercheurs, les r\u00e9sultats indiquent que la morue \u2013 une ancienne pr\u00e9paration de cabillaud s\u00e9ch\u00e9 encore populaire \u00e0 ce jour \u2013 a \u00e9t\u00e9 transport\u00e9e \u00e0 plus de 1000 km du nord de la Norv\u00e8ge jusqu&rsquo;\u00e0 la mer Baltique durant l&rsquo;\u00e2ge Viking.<\/p>\n\n\n\n<figure class=\"wp-block-gallery columns-2 is-cropped wp-block-gallery-2 is-layout-flex wp-block-gallery-is-layout-flex\"><ul class=\"blocks-gallery-grid\"><li class=\"blocks-gallery-item\"><figure><img loading=\"lazy\" decoding=\"async\" width=\"800\" height=\"552\" src=\"\/_riberalves\/wp-content\/uploads\/2020\/11\/image-obacalhau-historia-3-800x552.jpg\" alt=\"\" data-id=\"275\" data-full-url=\"\/_riberalves\/wp-content\/uploads\/2020\/11\/image-obacalhau-historia-3.jpg\" data-link=\"http:\/\/riberalves.test\/o-bacalhau\/historia\/image-obacalhau-historia-3\/\" class=\"wp-image-275\" srcset=\"https:\/\/riberalves.pt\/wp-content\/uploads\/2020\/11\/image-obacalhau-historia-3-800x552.jpg 800w, https:\/\/riberalves.pt\/wp-content\/uploads\/2020\/11\/image-obacalhau-historia-3-600x414.jpg 600w, https:\/\/riberalves.pt\/wp-content\/uploads\/2020\/11\/image-obacalhau-historia-3-300x207.jpg 300w, https:\/\/riberalves.pt\/wp-content\/uploads\/2020\/11\/image-obacalhau-historia-3-768x530.jpg 768w, https:\/\/riberalves.pt\/wp-content\/uploads\/2020\/11\/image-obacalhau-historia-3.jpg 1063w\" sizes=\"auto, (max-width: 800px) 100vw, 800px\" \/><figcaption class=\"blocks-gallery-item__caption\">Haithabu, en Allemagne, un important centre portuaire de la mer Baltique<br><\/figcaption><\/figure><\/li><li class=\"blocks-gallery-item\"><figure><img loading=\"lazy\" decoding=\"async\" width=\"800\" height=\"554\" src=\"\/_riberalves\/wp-content\/uploads\/2020\/11\/image-obacalhau-historia-4-800x554.jpg\" alt=\"\" data-id=\"278\" data-full-url=\"\/_riberalves\/wp-content\/uploads\/2020\/11\/image-obacalhau-historia-4.jpg\" data-link=\"http:\/\/riberalves.test\/o-bacalhau\/historia\/image-obacalhau-historia-4\/\" class=\"wp-image-278\" srcset=\"https:\/\/riberalves.pt\/wp-content\/uploads\/2020\/11\/image-obacalhau-historia-4-800x554.jpg 800w, https:\/\/riberalves.pt\/wp-content\/uploads\/2020\/11\/image-obacalhau-historia-4-600x415.jpg 600w, https:\/\/riberalves.pt\/wp-content\/uploads\/2020\/11\/image-obacalhau-historia-4-300x208.jpg 300w, https:\/\/riberalves.pt\/wp-content\/uploads\/2020\/11\/image-obacalhau-historia-4-768x532.jpg 768w, https:\/\/riberalves.pt\/wp-content\/uploads\/2020\/11\/image-obacalhau-historia-4.jpg 1060w\" sizes=\"auto, (max-width: 800px) 100vw, 800px\" \/><\/figure><\/li><\/ul><\/figure>\n\n\n\n<div class=\"wp-block-columns is-layout-flex wp-container-core-columns-is-layout-9d6595d7 wp-block-columns-is-layout-flex\">\n<div class=\"wp-block-column is-layout-flow wp-block-column-is-layout-flow\" style=\"flex-basis:60%\">\n<div style=\"height:60px\" aria-hidden=\"true\" class=\"wp-block-spacer\"><\/div>\n\n\n\n<h2 class=\"wp-block-heading\"><strong>Les Basques et le salage<\/strong><\/h2>\n\n\n\n<p><br>Basque\u00a0: Le peuple qui a v\u00e9cu sur les deux versants, espagnol et fran\u00e7ais, des Pyr\u00e9n\u00e9es occidentales, et qui ont ma\u00eetris\u00e9 la technique de la conservation par le sel.<\/p>\n\n\n\n<p>Les Basques connaissaient le sel et il existe des documents indiquant que d\u00e8s l&rsquo;an 1000, ils faisaient le commerce de morue s\u00e9ch\u00e9e et sal\u00e9e.<\/p>\n\n\n\n<p>Ils se trouvaient trop loin pour p\u00eacher la baleine et avaient d\u00e9couvert dans la morue une opportunit\u00e9 commerciale. C&rsquo;est donc sur les c\u00f4tes espagnoles que la morue a commenc\u00e9 \u00e0 \u00eatre sal\u00e9e, puis s\u00e9ch\u00e9e sur les rochers \u00e0 l&rsquo;air libre, pour que le poisson se conserve mieux et que les marins puissent poursuivre leur voyage \u00e0 travers les mers.<\/p>\n\n\n\n<h3 class=\"has-text-align-left wp-block-heading\" style=\"font-size:15px\"><strong>\u201c&#8230; les Basques ne sont pas seulement des bergers, ce sont aussi des navigateurs r\u00e9put\u00e9s pour leurs succ\u00e8s dans le secteur du commerce\u00a0\u201d.<\/strong><\/h3>\n\n\n\n<h3 class=\"has-text-align-left has-text-color wp-block-heading\" style=\"color:#112262;font-size:11px\"><strong>Mark Kurlansky \u2013 Un poisson \u00e0 la conqu\u00eate du monde ou La fabuleuse histoire de la morue<\/strong><\/h3>\n\n\n\n<p><\/p>\n<\/div>\n\n\n\n<div class=\"wp-block-column is-layout-flow wp-block-column-is-layout-flow\" style=\"flex-basis:40%\">\n<div style=\"height:60px\" aria-hidden=\"true\" class=\"wp-block-spacer\"><\/div>\n\n\n\n<figure class=\"wp-block-image size-medium\"><img loading=\"lazy\" decoding=\"async\" width=\"800\" height=\"554\" src=\"\/_riberalves\/wp-content\/uploads\/2020\/11\/image-obacalhau-historia-5-800x554.jpg\" alt=\"\" class=\"wp-image-282\" srcset=\"https:\/\/riberalves.pt\/wp-content\/uploads\/2020\/11\/image-obacalhau-historia-5-800x554.jpg 800w, https:\/\/riberalves.pt\/wp-content\/uploads\/2020\/11\/image-obacalhau-historia-5-600x415.jpg 600w, https:\/\/riberalves.pt\/wp-content\/uploads\/2020\/11\/image-obacalhau-historia-5-300x208.jpg 300w, https:\/\/riberalves.pt\/wp-content\/uploads\/2020\/11\/image-obacalhau-historia-5-768x532.jpg 768w, https:\/\/riberalves.pt\/wp-content\/uploads\/2020\/11\/image-obacalhau-historia-5.jpg 1060w\" sizes=\"auto, (max-width: 800px) 100vw, 800px\" \/><\/figure>\n\n\n\n<p><\/p>\n<\/div>\n<\/div>\n","protected":false},"excerpt":{"rendered":"<p>Les Vikings Les Vikings sont consid\u00e9r\u00e9s comme les pionniers dans la d\u00e9couverte de la morue Gadus morhua. Comme ils ne disposaient pas de sel, ils ne pouvaient s\u00e9cher le poisson qu&rsquo;\u00e0 l&rsquo;air libre jusqu&rsquo;\u00e0 ce qu&rsquo;il perde presque le cinqui\u00e8me de son poids et durcisse comme une planche en bois, et le consommaient en morceaux [&hellip;]<\/p>\n","protected":false},"author":5,"featured_media":262,"parent":6091,"menu_order":800,"comment_status":"closed","ping_status":"closed","template":"","meta":{"_acf_changed":false,"footnotes":""},"class_list":["post-6102","page","type-page","status-publish","has-post-thumbnail","hentry"],"acf":[],"yoast_head":"<!-- This site is optimized with the Yoast SEO plugin v27.4 - https:\/\/yoast.com\/product\/yoast-seo-wordpress\/ -->\n<title>Histoire - Riberalves<\/title>\n<meta name=\"robots\" content=\"index, follow, max-snippet:-1, max-image-preview:large, max-video-preview:-1\" \/>\n<link rel=\"canonical\" href=\"https:\/\/riberalves.pt\/fr\/la-morue\/histoire\/\" \/>\n<meta property=\"og:locale\" content=\"fr_FR\" \/>\n<meta property=\"og:type\" content=\"article\" \/>\n<meta property=\"og:title\" content=\"Histoire - Riberalves\" \/>\n<meta property=\"og:description\" content=\"Les Vikings Les Vikings sont consid\u00e9r\u00e9s comme les pionniers dans la d\u00e9couverte de la morue Gadus morhua. Comme ils ne disposaient pas de sel, ils ne pouvaient s\u00e9cher le poisson qu&rsquo;\u00e0 l&rsquo;air libre jusqu&rsquo;\u00e0 ce qu&rsquo;il perde presque le cinqui\u00e8me de son poids et durcisse comme une planche en bois, et le consommaient en morceaux [&hellip;]\" \/>\n<meta property=\"og:url\" content=\"https:\/\/riberalves.pt\/fr\/la-morue\/histoire\/\" \/>\n<meta property=\"og:site_name\" content=\"Riberalves\" \/>\n<meta property=\"article:modified_time\" content=\"2021-06-30T13:54:14+00:00\" \/>\n<meta property=\"og:image\" content=\"https:\/\/riberalves.pt\/wp-content\/uploads\/2020\/11\/header-obacalhau-historia.jpg\" \/>\n\t<meta property=\"og:image:width\" content=\"1900\" \/>\n\t<meta property=\"og:image:height\" content=\"1011\" \/>\n\t<meta property=\"og:image:type\" content=\"image\/jpeg\" \/>\n<meta name=\"twitter:card\" content=\"summary_large_image\" \/>\n<meta name=\"twitter:label1\" content=\"Dur\u00e9e de lecture estim\u00e9e\" \/>\n\t<meta name=\"twitter:data1\" content=\"3 minutes\" \/>\n<script type=\"application\/ld+json\" class=\"yoast-schema-graph\">{\"@context\":\"https:\\\/\\\/schema.org\",\"@graph\":[{\"@type\":\"WebPage\",\"@id\":\"https:\\\/\\\/riberalves.pt\\\/fr\\\/la-morue\\\/histoire\\\/\",\"url\":\"https:\\\/\\\/riberalves.pt\\\/fr\\\/la-morue\\\/histoire\\\/\",\"name\":\"Histoire - Riberalves\",\"isPartOf\":{\"@id\":\"https:\\\/\\\/riberalves.pt\\\/#website\"},\"primaryImageOfPage\":{\"@id\":\"https:\\\/\\\/riberalves.pt\\\/fr\\\/la-morue\\\/histoire\\\/#primaryimage\"},\"image\":{\"@id\":\"https:\\\/\\\/riberalves.pt\\\/fr\\\/la-morue\\\/histoire\\\/#primaryimage\"},\"thumbnailUrl\":\"https:\\\/\\\/riberalves.pt\\\/wp-content\\\/uploads\\\/2020\\\/11\\\/header-obacalhau-historia.jpg\",\"datePublished\":\"2020-11-02T13:56:06+00:00\",\"dateModified\":\"2021-06-30T13:54:14+00:00\",\"breadcrumb\":{\"@id\":\"https:\\\/\\\/riberalves.pt\\\/fr\\\/la-morue\\\/histoire\\\/#breadcrumb\"},\"inLanguage\":\"fr-FR\",\"potentialAction\":[{\"@type\":\"ReadAction\",\"target\":[\"https:\\\/\\\/riberalves.pt\\\/fr\\\/la-morue\\\/histoire\\\/\"]}]},{\"@type\":\"ImageObject\",\"inLanguage\":\"fr-FR\",\"@id\":\"https:\\\/\\\/riberalves.pt\\\/fr\\\/la-morue\\\/histoire\\\/#primaryimage\",\"url\":\"https:\\\/\\\/riberalves.pt\\\/wp-content\\\/uploads\\\/2020\\\/11\\\/header-obacalhau-historia.jpg\",\"contentUrl\":\"https:\\\/\\\/riberalves.pt\\\/wp-content\\\/uploads\\\/2020\\\/11\\\/header-obacalhau-historia.jpg\",\"width\":1900,\"height\":1011,\"caption\":\"Quer saber mais sobre a hist\u00f3ria do Bacalhau? Um peixe t\u00e3o famoso e muito presenta na cultura brasileira e ainda mas na portuguesa? Vem ver!\"},{\"@type\":\"BreadcrumbList\",\"@id\":\"https:\\\/\\\/riberalves.pt\\\/fr\\\/la-morue\\\/histoire\\\/#breadcrumb\",\"itemListElement\":[{\"@type\":\"ListItem\",\"position\":1,\"name\":\"Home\",\"item\":\"https:\\\/\\\/riberalves.pt\\\/\"},{\"@type\":\"ListItem\",\"position\":2,\"name\":\"La Morue\",\"item\":\"https:\\\/\\\/riberalves.pt\\\/fr\\\/la-morue\\\/\"},{\"@type\":\"ListItem\",\"position\":3,\"name\":\"Histoire\"}]},{\"@type\":\"WebSite\",\"@id\":\"https:\\\/\\\/riberalves.pt\\\/#website\",\"url\":\"https:\\\/\\\/riberalves.pt\\\/\",\"name\":\"Riberalves\",\"description\":\"Les meilleures recettes de morue en un seul endroit! Notre processus de longue matuaration dans le sel garantit la saveur unique, la texture douce et les tranches succulentes de notre poisson pr\u00e9f\u00e9r\u00e9, pr\u00eat \u00e0 cuisiner!\",\"alternateName\":\"Riberalves\",\"potentialAction\":[{\"@type\":\"SearchAction\",\"target\":{\"@type\":\"EntryPoint\",\"urlTemplate\":\"https:\\\/\\\/riberalves.pt\\\/?s={search_term_string}\"},\"query-input\":{\"@type\":\"PropertyValueSpecification\",\"valueRequired\":true,\"valueName\":\"search_term_string\"}}],\"inLanguage\":\"fr-FR\"}]}<\/script>\n<!-- \/ Yoast SEO plugin. -->","yoast_head_json":{"title":"Histoire - Riberalves","robots":{"index":"index","follow":"follow","max-snippet":"max-snippet:-1","max-image-preview":"max-image-preview:large","max-video-preview":"max-video-preview:-1"},"canonical":"https:\/\/riberalves.pt\/fr\/la-morue\/histoire\/","og_locale":"fr_FR","og_type":"article","og_title":"Histoire - Riberalves","og_description":"Les Vikings Les Vikings sont consid\u00e9r\u00e9s comme les pionniers dans la d\u00e9couverte de la morue Gadus morhua. Comme ils ne disposaient pas de sel, ils ne pouvaient s\u00e9cher le poisson qu&rsquo;\u00e0 l&rsquo;air libre jusqu&rsquo;\u00e0 ce qu&rsquo;il perde presque le cinqui\u00e8me de son poids et durcisse comme une planche en bois, et le consommaient en morceaux [&hellip;]","og_url":"https:\/\/riberalves.pt\/fr\/la-morue\/histoire\/","og_site_name":"Riberalves","article_modified_time":"2021-06-30T13:54:14+00:00","og_image":[{"width":1900,"height":1011,"url":"https:\/\/riberalves.pt\/wp-content\/uploads\/2020\/11\/header-obacalhau-historia.jpg","type":"image\/jpeg"}],"twitter_card":"summary_large_image","twitter_misc":{"Dur\u00e9e de lecture estim\u00e9e":"3 minutes"},"schema":{"@context":"https:\/\/schema.org","@graph":[{"@type":"WebPage","@id":"https:\/\/riberalves.pt\/fr\/la-morue\/histoire\/","url":"https:\/\/riberalves.pt\/fr\/la-morue\/histoire\/","name":"Histoire - Riberalves","isPartOf":{"@id":"https:\/\/riberalves.pt\/#website"},"primaryImageOfPage":{"@id":"https:\/\/riberalves.pt\/fr\/la-morue\/histoire\/#primaryimage"},"image":{"@id":"https:\/\/riberalves.pt\/fr\/la-morue\/histoire\/#primaryimage"},"thumbnailUrl":"https:\/\/riberalves.pt\/wp-content\/uploads\/2020\/11\/header-obacalhau-historia.jpg","datePublished":"2020-11-02T13:56:06+00:00","dateModified":"2021-06-30T13:54:14+00:00","breadcrumb":{"@id":"https:\/\/riberalves.pt\/fr\/la-morue\/histoire\/#breadcrumb"},"inLanguage":"fr-FR","potentialAction":[{"@type":"ReadAction","target":["https:\/\/riberalves.pt\/fr\/la-morue\/histoire\/"]}]},{"@type":"ImageObject","inLanguage":"fr-FR","@id":"https:\/\/riberalves.pt\/fr\/la-morue\/histoire\/#primaryimage","url":"https:\/\/riberalves.pt\/wp-content\/uploads\/2020\/11\/header-obacalhau-historia.jpg","contentUrl":"https:\/\/riberalves.pt\/wp-content\/uploads\/2020\/11\/header-obacalhau-historia.jpg","width":1900,"height":1011,"caption":"Quer saber mais sobre a hist\u00f3ria do Bacalhau? Um peixe t\u00e3o famoso e muito presenta na cultura brasileira e ainda mas na portuguesa? Vem ver!"},{"@type":"BreadcrumbList","@id":"https:\/\/riberalves.pt\/fr\/la-morue\/histoire\/#breadcrumb","itemListElement":[{"@type":"ListItem","position":1,"name":"Home","item":"https:\/\/riberalves.pt\/"},{"@type":"ListItem","position":2,"name":"La Morue","item":"https:\/\/riberalves.pt\/fr\/la-morue\/"},{"@type":"ListItem","position":3,"name":"Histoire"}]},{"@type":"WebSite","@id":"https:\/\/riberalves.pt\/#website","url":"https:\/\/riberalves.pt\/","name":"Riberalves","description":"Les meilleures recettes de morue en un seul endroit! Notre processus de longue matuaration dans le sel garantit la saveur unique, la texture douce et les tranches succulentes de notre poisson pr\u00e9f\u00e9r\u00e9, pr\u00eat \u00e0 cuisiner!","alternateName":"Riberalves","potentialAction":[{"@type":"SearchAction","target":{"@type":"EntryPoint","urlTemplate":"https:\/\/riberalves.pt\/?s={search_term_string}"},"query-input":{"@type":"PropertyValueSpecification","valueRequired":true,"valueName":"search_term_string"}}],"inLanguage":"fr-FR"}]}},"_links":{"self":[{"href":"https:\/\/riberalves.pt\/fr\/wp-json\/wp\/v2\/pages\/6102","targetHints":{"allow":["GET"]}}],"collection":[{"href":"https:\/\/riberalves.pt\/fr\/wp-json\/wp\/v2\/pages"}],"about":[{"href":"https:\/\/riberalves.pt\/fr\/wp-json\/wp\/v2\/types\/page"}],"author":[{"embeddable":true,"href":"https:\/\/riberalves.pt\/fr\/wp-json\/wp\/v2\/users\/5"}],"replies":[{"embeddable":true,"href":"https:\/\/riberalves.pt\/fr\/wp-json\/wp\/v2\/comments?post=6102"}],"version-history":[{"count":5,"href":"https:\/\/riberalves.pt\/fr\/wp-json\/wp\/v2\/pages\/6102\/revisions"}],"predecessor-version":[{"id":6283,"href":"https:\/\/riberalves.pt\/fr\/wp-json\/wp\/v2\/pages\/6102\/revisions\/6283"}],"up":[{"embeddable":true,"href":"https:\/\/riberalves.pt\/fr\/wp-json\/wp\/v2\/pages\/6091"}],"wp:featuredmedia":[{"embeddable":true,"href":"https:\/\/riberalves.pt\/fr\/wp-json\/wp\/v2\/media\/262"}],"wp:attachment":[{"href":"https:\/\/riberalves.pt\/fr\/wp-json\/wp\/v2\/media?parent=6102"}],"curies":[{"name":"wp","href":"https:\/\/api.w.org\/{rel}","templated":true}]}}