{"id":6227,"date":"2020-10-25T12:47:25","date_gmt":"2020-10-25T12:47:25","guid":{"rendered":"https:\/\/riberalves.pt\/politica-privacidade\/"},"modified":"2021-06-30T15:29:28","modified_gmt":"2021-06-30T14:29:28","slug":"politique-de-confidentialite","status":"publish","type":"page","link":"https:\/\/riberalves.pt\/fr\/politique-de-confidentialite\/","title":{"rendered":"Politique de Confidentialit\u00e9"},"content":{"rendered":"\n<p><strong>CLIENTS ET PARTENAIRES<\/strong><\/p>\n\n\n\n<p>Ce document a pour but de r\u00e9pondre aux questions suivantes relatives au traitement des donn\u00e9es personnelles des clients et partenaires de Riberalves [nom complet] et des soci\u00e9t\u00e9s de son groupe\u00a0:<\/p>\n\n\n\n<p><strong>1. Quelles sont les donn\u00e9es personnelles que nous traitons, sur qui portent-elles et comment sont-elles collect\u00e9es?<\/strong><\/p>\n\n\n\n<p>Nous traiterons les cat\u00e9gories suivantes de donn\u00e9es personnelles concernant les clients et partenaires, et leurs employ\u00e9s, aux fins indiqu\u00e9es ci-dessous:<\/p>\n\n\n\n<figure class=\"wp-block-table aligncenter\"><table><thead><tr><th><strong>Finalit\u00e9 et condition de lic\u00e9it\u00e9<\/strong><\/th><th><strong>Cat\u00e9gories de donn\u00e9es<\/strong><\/th><\/tr><\/thead><tbody><tr><td>Gestion de la relation commerciale<br>\u00a0\u00a0 \u00a0 Ex\u00e9cution contractuelle<br>\u00a0\u00a0 \u00a0 Obligation l\u00e9gale<\/td><td>&#8211; Donn\u00e9es relatives \u00e0 l&rsquo;identification (par ex. nom, date de naissance, adresse, coordonn\u00e9es, donn\u00e9es de la carte d&rsquo;identit\u00e9, passeport et num\u00e9ro d&rsquo;identification fiscale);<br><br>&#8211; Donn\u00e9es relatives \u00e0 la profession et \u00e0 l&rsquo;activit\u00e9 professionnelle (par ex. poste\/fonction, commandes et pr\u00e9f\u00e9rences en mati\u00e8re d&rsquo;adresse professionnelle); et<br><br>&#8211; Donn\u00e9es relatives \u00e0 la facturation et aux d\u00e9penses.<\/td><\/tr><tr><td>Gestion des op\u00e9rations<br>\u00a0\u00a0 \u00a0 Ex\u00e9cution contractuelle<br>\u00a0\u00a0 \u00a0 Obligation l\u00e9gale<\/td><td>&#8211; Donn\u00e9es relatives \u00e0 l&rsquo;identification (par ex. nom, date de naissance, adresse, coordonn\u00e9es, donn\u00e9es de la carte d&rsquo;identit\u00e9, passeport et num\u00e9ro d&rsquo;identification fiscale);<br><br>&#8211; Donn\u00e9es relatives \u00e0 la profession et \u00e0 l&rsquo;activit\u00e9 professionnelle (par ex. poste\/fonction, commandes et pr\u00e9f\u00e9rences en mati\u00e8re d&rsquo;adresse professionnelle); et<br><br>&#8211; Donn\u00e9es relatives \u00e0 la facturation et aux d\u00e9penses.<\/td><\/tr><tr><td>Marketing<br>\u00a0\u00a0 \u00a0 Int\u00e9r\u00eat l\u00e9gitime<br><br><\/td><td>&#8211; Donn\u00e9es relatives \u00e0 l&rsquo;identification (par ex. nom, date de naissance, adresse, coordonn\u00e9es, donn\u00e9es de la carte d&rsquo;identit\u00e9, passeport et num\u00e9ro d&rsquo;identification fiscale);<br><br>&#8211; Donn\u00e9es relatives \u00e0 la profession et \u00e0 l&rsquo;activit\u00e9 professionnelle (par ex. poste\/fonction, commandes et pr\u00e9f\u00e9rences en mati\u00e8re d&rsquo;adresse professionnelle);<br><br>&#8211; Donn\u00e9es relatives \u00e0 la participation \u00e0 des \u00e9v\u00e9nements, la promotion de produits et ventes promotionnelles (par ex. courrier \u00e9lectronique\u00a0; et<br><br>&#8211; Donn\u00e9es relatives \u00e0 l&rsquo;enregistrement d&rsquo;images et de sons (par ex. visites de locaux ou interventions dans des \u00e9v\u00e9nements).<\/td><\/tr><tr><td>Am\u00e9lioration de l&rsquo;efficacit\u00e9 et de la qualit\u00e9 du service afin d&rsquo;assurer l&rsquo;am\u00e9lioration continue<br>\u00a0\u00a0 \u00a0 Int\u00e9r\u00eat l\u00e9gitime<\/td><td>&#8211; Donn\u00e9es relatives \u00e0 l&rsquo;enregistrement d&rsquo;images et de sons (par ex. visites de locaux ou interventions dans des \u00e9v\u00e9nements).<\/td><\/tr><\/tbody><\/table><\/figure>\n\n\n\n<p>Les donn\u00e9es personnelles seront conserv\u00e9es pendant la dur\u00e9e n\u00e9cessaire aux finalit\u00e9s vis\u00e9es ci-dessus ou pendant toute la dur\u00e9e requise par la loi.<\/p>\n\n\n\n<p>Les donn\u00e9es ne seront pas transmises \u00e0 des tiers en dehors du groupe Riberalves, sauf si cela s&rsquo;av\u00e8re n\u00e9cessaire pour l&rsquo;ex\u00e9cution des contrats conclus avec les soci\u00e9t\u00e9s du groupe Riberalves ou pour la conformit\u00e9 aux obligations l\u00e9gales applicables. La transmission de donn\u00e9es \u00e0 des tiers doit respecter la l\u00e9gislation applicable.<\/p>\n\n\n\n<p>Le titulaire des donn\u00e9es peut demander \u00e0 tout moment et gratuitement que les communications commerciales ne lui soient plus envoy\u00e9es.<\/p>\n\n\n\n<p>Les mesures de s\u00e9curit\u00e9 techniques et organisationnelles mises en \u0153uvre par les soci\u00e9t\u00e9s du groupe Riberalves visent \u00e0 prot\u00e9ger les donn\u00e9es personnelles contre la destruction, la perte, la modification, la divulgation ou l&rsquo;acc\u00e8s non autoris\u00e9, et contre toute autre forme de traitement illicite ou abusif.<\/p>\n\n\n\n<p>En tant que titulaire des donn\u00e9es, vous b\u00e9n\u00e9ficiez des droits suivants, avec les restrictions respectives pr\u00e9vues par la loi et les conditions de lic\u00e9it\u00e9:<\/p>\n\n\n\n<p>Droit d&rsquo;acc\u00e8s<br>Droit de rectification<br>Droit \u00e0 l &lsquo;effacement<br>Droit \u00e0 la limitation du traitement<br>Droit \u00e0 la portabilit\u00e9 des donn\u00e9es<br>Droit d&rsquo;opposition<br>Droit \u00e0 ne pas faire l\u2019objet de d\u00e9cisions individuelles automatis\u00e9es<br>Droit de retirer son consentement&nbsp;: si vous retirez votre consentement, vos donn\u00e9es \u00e0 caract\u00e8re personnel ne seront plus trait\u00e9es, sauf s&rsquo;il existe une autre base l\u00e9gale pour un tel traitement.<br>Droit d&rsquo;introduire des r\u00e9clamations aupr\u00e8s de l&rsquo;autorit\u00e9 de contr\u00f4le&nbsp;; au Portugal, cet organisme est la CNPD.<\/p>\n\n\n\n<p>Vous pouvez exercer ces droits gratuitement, ou \u00e9claircir un doute, via les canaux suivants:<\/p>\n\n\n\n<p>Courrier \u00e9lectronique:<br><a href=\"mailto:suporte_rgpd@riberalves.pt\" target=\"_blank\" rel=\"noreferrer noopener\">suporte_rgpd@riberalves.pt<\/a><\/p>\n\n\n\n<p>Courrier postal:<br>a\/c Diretor de Programa de Prote\u00e7\u00e3o Dados<br>Riberalves Com\u00e9rcio e Ind\u00fastria de Produtos Alimentares SA<br>Estrada Nacional 8 \u2013 Carvalhal \u2013 Turcifal \u2013 Apartado 134<br>2564-910 Torres Vedras<\/p>\n\n\n\n<p><strong>FOURNISSEURS<\/strong><\/p>\n\n\n\n<p>Ce document a pour but de r\u00e9pondre aux questions suivantes concernant le traitement des donn\u00e9es personnelles des fournisseurs de Riberalves [nom complet] et des soci\u00e9t\u00e9s de son groupe:<\/p>\n\n\n\n<p>1. Quelles sont les donn\u00e9es personnelles que nous traitons, sur qui portent-elles et comment sont-elles collect\u00e9es?<\/p>\n\n\n\n<p>Nous traiterons les cat\u00e9gories suivantes de donn\u00e9es personnelles concernant les fournisseurs, et leurs employ\u00e9s, aux fins indiqu\u00e9es ci-dessous:<\/p>\n\n\n\n<figure class=\"wp-block-table\"><table><thead><tr><th><strong>Finalit\u00e9 et condition de lic\u00e9it\u00e9<\/strong><\/th><th><strong>Cat\u00e9gories de donn\u00e9es<\/strong><\/th><\/tr><\/thead><tbody><tr><td>Gestion de la relation commerciale<br>\u00a0\u00a0 \u00a0 Ex\u00e9cution contractuelle<br>\u00a0\u00a0 \u00a0 Obligation l\u00e9gale<\/td><td>\u2013 Donn\u00e9es relatives \u00e0 l&rsquo;identification (par ex. nom, date de naissance, adresse, coordonn\u00e9es, donn\u00e9es de la carte d&rsquo;identit\u00e9, passeport et num\u00e9ro d&rsquo;identification fiscale);<br><br>\u2013 Donn\u00e9es relatives \u00e0 la profession et \u00e0 l&rsquo;activit\u00e9 professionnelle (par ex. poste\/fonction, services fournis et pr\u00e9f\u00e9rences en mati\u00e8re d&rsquo;adresse professionnelle); et<br><br>\u2013 Donn\u00e9es relatives \u00e0 la facturation et aux d\u00e9penses.<\/td><\/tr><tr><td>Gestion des op\u00e9rations<br>\u00a0\u00a0 \u00a0 Ex\u00e9cution contractuelle<br>\u00a0\u00a0 \u00a0 Obligation l\u00e9gale<\/td><td>\u2013 Donn\u00e9es relatives \u00e0 l&rsquo;identification (par ex. nom, date de naissance, adresse, coordonn\u00e9es, donn\u00e9es de la carte d&rsquo;identit\u00e9, passeport et num\u00e9ro d&rsquo;identification fiscale);<br><br>\u2013 Donn\u00e9es relatives \u00e0 la profession et \u00e0 l&rsquo;activit\u00e9 professionnelle (par ex. poste\/fonction, services fournis et commandes livr\u00e9es); et<br><br>\u2013 Donn\u00e9es relatives \u00e0 la facturation et aux d\u00e9penses.<\/td><\/tr><tr><td>Am\u00e9lioration de l&rsquo;efficacit\u00e9 et de la qualit\u00e9 du service afin d&rsquo;assurer l&rsquo;am\u00e9lioration continue<br>\u00a0\u00a0 \u00a0 Int\u00e9r\u00eat l\u00e9gitime<\/td><td>\u2013 Donn\u00e9es relatives \u00e0 l&rsquo;enregistrement d&rsquo;images et de sons (par ex. visites de locaux ou interventions dans des \u00e9v\u00e9nements).<\/td><\/tr><\/tbody><\/table><\/figure>\n\n\n\n<p>Les donn\u00e9es personnelles seront conserv\u00e9es pendant la dur\u00e9e n\u00e9cessaire aux finalit\u00e9s vis\u00e9es ci-dessus ou pendant toute la dur\u00e9e requise par la loi.<\/p>\n\n\n\n<p>Les donn\u00e9es ne seront pas transmises \u00e0 des tiers en dehors du groupe Riberalves, sauf si cela s&rsquo;av\u00e8re n\u00e9cessaire pour l&rsquo;ex\u00e9cution des contrats conclus avec les soci\u00e9t\u00e9s du groupe Riberalves ou pour la conformit\u00e9 aux obligations l\u00e9gales applicables. La transmission de donn\u00e9es \u00e0 des tiers doit respecter la l\u00e9gislation applicable.<\/p>\n\n\n\n<p>Les mesures de s\u00e9curit\u00e9 techniques et organisationnelles mises en \u0153uvre par les soci\u00e9t\u00e9s du groupe Riberalves visent \u00e0 prot\u00e9ger les donn\u00e9es personnelles contre la destruction, la perte, la modification, la divulgation ou l&rsquo;acc\u00e8s non autoris\u00e9, et contre toute autre forme de traitement illicite ou abusif.<\/p>\n\n\n\n<p>En tant que titulaire des donn\u00e9es, vous b\u00e9n\u00e9ficiez des droits suivants, avec les restrictions respectives pr\u00e9vues par la loi et les conditions de lic\u00e9it\u00e9:<\/p>\n\n\n\n<p>Droit d&rsquo;acc\u00e8s<br>Droit de rectification<br>Droit \u00e0 l &lsquo;effacement<br>Droit \u00e0 la limitation du traitement<br>Droit \u00e0 la portabilit\u00e9 des donn\u00e9es<br>Droit d&rsquo;opposition<br>Droit \u00e0 ne pas faire l\u2019objet de d\u00e9cisions individuelles automatis\u00e9es<br>Droit de retirer son consentement&nbsp;: si vous retirez votre consentement, vos donn\u00e9es \u00e0 caract\u00e8re personnel ne seront plus trait\u00e9es, sauf s&rsquo;il existe une autre base l\u00e9gale pour un tel traitement.<br>Droit d&rsquo;introduire des r\u00e9clamations aupr\u00e8s de l&rsquo;autorit\u00e9 de contr\u00f4le&nbsp;; au Portugal, cet organisme est la CNPD.<\/p>\n\n\n\n<p>Vous pouvez exercer ces droits gratuitement, ou \u00e9claircir un doute, via les canaux suivants:<\/p>\n\n\n\n<p>Courrier \u00e9lectronique:<br><a href=\"mailto:suporte_rgpd@riberalves.pt\" target=\"_blank\" rel=\"noreferrer noopener\">suporte_rgpd@riberalves.pt<\/a><\/p>\n\n\n\n<p>Courrier postal:<br>a\/c Diretor de Programa de Prote\u00e7\u00e3o Dados<br>Riberalves Com\u00e9rcio e Ind\u00fastria de Produtos Alimentares SA<br>Estrada Nacional 8 \u2013 Carvalhal \u2013 Turcifal \u2013 Apartado 134<br>2564-910 Torres Vedras<\/p>\n","protected":false},"excerpt":{"rendered":"<p>CLIENTS ET PARTENAIRES Ce document a pour but de r\u00e9pondre aux questions suivantes relatives au traitement des donn\u00e9es personnelles des clients et partenaires de Riberalves [nom complet] et des soci\u00e9t\u00e9s de son groupe\u00a0: 1. Quelles sont les donn\u00e9es personnelles que nous traitons, sur qui portent-elles et comment sont-elles collect\u00e9es? Nous traiterons les cat\u00e9gories suivantes de [&hellip;]<\/p>\n","protected":false},"author":5,"featured_media":137,"parent":0,"menu_order":0,"comment_status":"closed","ping_status":"closed","template":"","meta":{"_acf_changed":false,"footnotes":""},"class_list":["post-6227","page","type-page","status-publish","has-post-thumbnail","hentry"],"acf":[],"yoast_head":"<!-- This site is optimized with the Yoast SEO plugin v27.5 - https:\/\/yoast.com\/product\/yoast-seo-wordpress\/ -->\n<title>Politique de Confidentialit\u00e9 - Riberalves<\/title>\n<meta name=\"robots\" content=\"index, follow, max-snippet:-1, max-image-preview:large, max-video-preview:-1\" \/>\n<link rel=\"canonical\" href=\"https:\/\/riberalves.pt\/politica-privacidade\/\" \/>\n<meta property=\"og:locale\" content=\"fr_FR\" \/>\n<meta property=\"og:type\" content=\"article\" \/>\n<meta property=\"og:title\" content=\"Politique de Confidentialit\u00e9 - Riberalves\" \/>\n<meta property=\"og:description\" content=\"CLIENTS ET PARTENAIRES Ce document a pour but de r\u00e9pondre aux questions suivantes relatives au traitement des donn\u00e9es personnelles des clients et partenaires de Riberalves [nom complet] et des soci\u00e9t\u00e9s de son groupe\u00a0: 1. Quelles sont les donn\u00e9es personnelles que nous traitons, sur qui portent-elles et comment sont-elles collect\u00e9es? Nous traiterons les cat\u00e9gories suivantes de [&hellip;]\" \/>\n<meta property=\"og:url\" content=\"https:\/\/riberalves.pt\/politica-privacidade\/\" \/>\n<meta property=\"og:site_name\" content=\"Riberalves\" \/>\n<meta property=\"article:modified_time\" content=\"2021-06-30T14:29:28+00:00\" \/>\n<meta property=\"og:image\" content=\"https:\/\/riberalves.pt\/wp-content\/uploads\/2020\/10\/pp.jpg\" \/>\n\t<meta property=\"og:image:width\" content=\"1900\" \/>\n\t<meta property=\"og:image:height\" content=\"999\" \/>\n\t<meta property=\"og:image:type\" content=\"image\/jpeg\" \/>\n<meta name=\"twitter:card\" content=\"summary_large_image\" \/>\n<meta name=\"twitter:label1\" content=\"Dur\u00e9e de lecture estim\u00e9e\" \/>\n\t<meta name=\"twitter:data1\" content=\"5 minutes\" \/>\n<script type=\"application\/ld+json\" class=\"yoast-schema-graph\">{\"@context\":\"https:\\\/\\\/schema.org\",\"@graph\":[{\"@type\":\"WebPage\",\"@id\":\"https:\\\/\\\/riberalves.pt\\\/politica-privacidade\\\/\",\"url\":\"https:\\\/\\\/riberalves.pt\\\/politica-privacidade\\\/\",\"name\":\"Politique de Confidentialit\u00e9 - Riberalves\",\"isPartOf\":{\"@id\":\"https:\\\/\\\/riberalves.pt\\\/#website\"},\"primaryImageOfPage\":{\"@id\":\"https:\\\/\\\/riberalves.pt\\\/politica-privacidade\\\/#primaryimage\"},\"image\":{\"@id\":\"https:\\\/\\\/riberalves.pt\\\/politica-privacidade\\\/#primaryimage\"},\"thumbnailUrl\":\"https:\\\/\\\/riberalves.pt\\\/wp-content\\\/uploads\\\/2020\\\/10\\\/pp.jpg\",\"datePublished\":\"2020-10-25T12:47:25+00:00\",\"dateModified\":\"2021-06-30T14:29:28+00:00\",\"breadcrumb\":{\"@id\":\"https:\\\/\\\/riberalves.pt\\\/politica-privacidade\\\/#breadcrumb\"},\"inLanguage\":\"fr-FR\",\"potentialAction\":[{\"@type\":\"ReadAction\",\"target\":[\"https:\\\/\\\/riberalves.pt\\\/politica-privacidade\\\/\"]}]},{\"@type\":\"ImageObject\",\"inLanguage\":\"fr-FR\",\"@id\":\"https:\\\/\\\/riberalves.pt\\\/politica-privacidade\\\/#primaryimage\",\"url\":\"https:\\\/\\\/riberalves.pt\\\/wp-content\\\/uploads\\\/2020\\\/10\\\/pp.jpg\",\"contentUrl\":\"https:\\\/\\\/riberalves.pt\\\/wp-content\\\/uploads\\\/2020\\\/10\\\/pp.jpg\",\"width\":1900,\"height\":999},{\"@type\":\"BreadcrumbList\",\"@id\":\"https:\\\/\\\/riberalves.pt\\\/politica-privacidade\\\/#breadcrumb\",\"itemListElement\":[{\"@type\":\"ListItem\",\"position\":1,\"name\":\"Home\",\"item\":\"https:\\\/\\\/riberalves.pt\\\/\"},{\"@type\":\"ListItem\",\"position\":2,\"name\":\"Politique de Confidentialit\u00e9\"}]},{\"@type\":\"WebSite\",\"@id\":\"https:\\\/\\\/riberalves.pt\\\/#website\",\"url\":\"https:\\\/\\\/riberalves.pt\\\/\",\"name\":\"Riberalves\",\"description\":\"Les meilleures recettes de morue en un seul endroit! Notre processus de longue matuaration dans le sel garantit la saveur unique, la texture douce et les tranches succulentes de notre poisson pr\u00e9f\u00e9r\u00e9, pr\u00eat \u00e0 cuisiner!\",\"alternateName\":\"Riberalves\",\"potentialAction\":[{\"@type\":\"SearchAction\",\"target\":{\"@type\":\"EntryPoint\",\"urlTemplate\":\"https:\\\/\\\/riberalves.pt\\\/?s={search_term_string}\"},\"query-input\":{\"@type\":\"PropertyValueSpecification\",\"valueRequired\":true,\"valueName\":\"search_term_string\"}}],\"inLanguage\":\"fr-FR\"}]}<\/script>\n<!-- \/ Yoast SEO plugin. -->","yoast_head_json":{"title":"Politique de Confidentialit\u00e9 - Riberalves","robots":{"index":"index","follow":"follow","max-snippet":"max-snippet:-1","max-image-preview":"max-image-preview:large","max-video-preview":"max-video-preview:-1"},"canonical":"https:\/\/riberalves.pt\/politica-privacidade\/","og_locale":"fr_FR","og_type":"article","og_title":"Politique de Confidentialit\u00e9 - Riberalves","og_description":"CLIENTS ET PARTENAIRES Ce document a pour but de r\u00e9pondre aux questions suivantes relatives au traitement des donn\u00e9es personnelles des clients et partenaires de Riberalves [nom complet] et des soci\u00e9t\u00e9s de son groupe\u00a0: 1. Quelles sont les donn\u00e9es personnelles que nous traitons, sur qui portent-elles et comment sont-elles collect\u00e9es? Nous traiterons les cat\u00e9gories suivantes de [&hellip;]","og_url":"https:\/\/riberalves.pt\/politica-privacidade\/","og_site_name":"Riberalves","article_modified_time":"2021-06-30T14:29:28+00:00","og_image":[{"width":1900,"height":999,"url":"https:\/\/riberalves.pt\/wp-content\/uploads\/2020\/10\/pp.jpg","type":"image\/jpeg"}],"twitter_card":"summary_large_image","twitter_misc":{"Dur\u00e9e de lecture estim\u00e9e":"5 minutes"},"schema":{"@context":"https:\/\/schema.org","@graph":[{"@type":"WebPage","@id":"https:\/\/riberalves.pt\/politica-privacidade\/","url":"https:\/\/riberalves.pt\/politica-privacidade\/","name":"Politique de Confidentialit\u00e9 - Riberalves","isPartOf":{"@id":"https:\/\/riberalves.pt\/#website"},"primaryImageOfPage":{"@id":"https:\/\/riberalves.pt\/politica-privacidade\/#primaryimage"},"image":{"@id":"https:\/\/riberalves.pt\/politica-privacidade\/#primaryimage"},"thumbnailUrl":"https:\/\/riberalves.pt\/wp-content\/uploads\/2020\/10\/pp.jpg","datePublished":"2020-10-25T12:47:25+00:00","dateModified":"2021-06-30T14:29:28+00:00","breadcrumb":{"@id":"https:\/\/riberalves.pt\/politica-privacidade\/#breadcrumb"},"inLanguage":"fr-FR","potentialAction":[{"@type":"ReadAction","target":["https:\/\/riberalves.pt\/politica-privacidade\/"]}]},{"@type":"ImageObject","inLanguage":"fr-FR","@id":"https:\/\/riberalves.pt\/politica-privacidade\/#primaryimage","url":"https:\/\/riberalves.pt\/wp-content\/uploads\/2020\/10\/pp.jpg","contentUrl":"https:\/\/riberalves.pt\/wp-content\/uploads\/2020\/10\/pp.jpg","width":1900,"height":999},{"@type":"BreadcrumbList","@id":"https:\/\/riberalves.pt\/politica-privacidade\/#breadcrumb","itemListElement":[{"@type":"ListItem","position":1,"name":"Home","item":"https:\/\/riberalves.pt\/"},{"@type":"ListItem","position":2,"name":"Politique de Confidentialit\u00e9"}]},{"@type":"WebSite","@id":"https:\/\/riberalves.pt\/#website","url":"https:\/\/riberalves.pt\/","name":"Riberalves","description":"Les meilleures recettes de morue en un seul endroit! Notre processus de longue matuaration dans le sel garantit la saveur unique, la texture douce et les tranches succulentes de notre poisson pr\u00e9f\u00e9r\u00e9, pr\u00eat \u00e0 cuisiner!","alternateName":"Riberalves","potentialAction":[{"@type":"SearchAction","target":{"@type":"EntryPoint","urlTemplate":"https:\/\/riberalves.pt\/?s={search_term_string}"},"query-input":{"@type":"PropertyValueSpecification","valueRequired":true,"valueName":"search_term_string"}}],"inLanguage":"fr-FR"}]}},"_links":{"self":[{"href":"https:\/\/riberalves.pt\/fr\/wp-json\/wp\/v2\/pages\/6227","targetHints":{"allow":["GET"]}}],"collection":[{"href":"https:\/\/riberalves.pt\/fr\/wp-json\/wp\/v2\/pages"}],"about":[{"href":"https:\/\/riberalves.pt\/fr\/wp-json\/wp\/v2\/types\/page"}],"author":[{"embeddable":true,"href":"https:\/\/riberalves.pt\/fr\/wp-json\/wp\/v2\/users\/5"}],"replies":[{"embeddable":true,"href":"https:\/\/riberalves.pt\/fr\/wp-json\/wp\/v2\/comments?post=6227"}],"version-history":[{"count":10,"href":"https:\/\/riberalves.pt\/fr\/wp-json\/wp\/v2\/pages\/6227\/revisions"}],"predecessor-version":[{"id":6334,"href":"https:\/\/riberalves.pt\/fr\/wp-json\/wp\/v2\/pages\/6227\/revisions\/6334"}],"wp:featuredmedia":[{"embeddable":true,"href":"https:\/\/riberalves.pt\/fr\/wp-json\/wp\/v2\/media\/137"}],"wp:attachment":[{"href":"https:\/\/riberalves.pt\/fr\/wp-json\/wp\/v2\/media?parent=6227"}],"curies":[{"name":"wp","href":"https:\/\/api.w.org\/{rel}","templated":true}]}}