{"id":6229,"date":"2020-10-30T12:30:05","date_gmt":"2020-10-30T12:30:05","guid":{"rendered":"https:\/\/riberalves.pt\/saude\/"},"modified":"2021-07-01T20:49:29","modified_gmt":"2021-07-01T19:49:29","slug":"sante","status":"publish","type":"page","link":"https:\/\/riberalves.pt\/fr\/sante\/","title":{"rendered":"Sant\u00e9"},"content":{"rendered":"\n<h2 class=\"wp-block-heading\"><strong>Sant\u00e9 et tradition \u00e0 table<\/strong><\/h2>\n\n\n\n<p>La morue est un poisson d&rsquo;origine totalement sauvage, p\u00each\u00e9 en haute mer, et c&rsquo;est l&rsquo;un des aliments les plus riches en prot\u00e9ines que nous pouvons introduire dans notre alimentation avec 21&nbsp;g de prot\u00e9ines pour 100&nbsp;g de poisson.<\/p>\n\n\n\n<p>Nous sommes en pr\u00e9sence d&rsquo;une prot\u00e9ine tr\u00e8s importante car elle a aussi un potentiel gastronomique \u00e9norme, est tr\u00e8s versatile et, surtout, de tr\u00e8s grande qualit\u00e9.<\/p>\n\n\n\n<p>Lors du processus de fabrication, le dit s\u00e9chage \u00e0 la portugaise, aucun autre ingr\u00e9dient si ce n&rsquo;est le sel n&rsquo;est ajout\u00e9, lequel est enlev\u00e9 par trempage.<\/p>\n\n\n\n<figure class=\"wp-block-gallery columns-3 is-cropped wp-block-gallery-1 is-layout-flex wp-block-gallery-is-layout-flex\"><ul class=\"blocks-gallery-grid\"><li class=\"blocks-gallery-item\"><figure><img loading=\"lazy\" decoding=\"async\" width=\"592\" height=\"592\" src=\"https:\/\/riberalves.pt\/_riberalves\/wp-content\/uploads\/2021\/07\/SELO_CURA_PORTUGUESA_4m-FR.png\" alt=\"\" data-id=\"6684\" data-full-url=\"https:\/\/riberalves.pt\/_riberalves\/wp-content\/uploads\/2021\/07\/SELO_CURA_PORTUGUESA_4m-FR.png\" data-link=\"https:\/\/riberalves.pt\/sante\/selo_cura_portuguesa_4m-fr\/\" class=\"wp-image-6684\" srcset=\"https:\/\/riberalves.pt\/wp-content\/uploads\/2021\/07\/SELO_CURA_PORTUGUESA_4m-FR.png 592w, https:\/\/riberalves.pt\/wp-content\/uploads\/2021\/07\/SELO_CURA_PORTUGUESA_4m-FR-300x300.png 300w, https:\/\/riberalves.pt\/wp-content\/uploads\/2021\/07\/SELO_CURA_PORTUGUESA_4m-FR-100x100.png 100w\" sizes=\"auto, (max-width: 592px) 100vw, 592px\" \/><\/figure><\/li><li class=\"blocks-gallery-item\"><figure><img loading=\"lazy\" decoding=\"async\" width=\"592\" height=\"592\" src=\"https:\/\/riberalves.pt\/_riberalves\/wp-content\/uploads\/2021\/07\/SELO_CURA_PORTUGUESA_9m-FR.png\" alt=\"\" data-id=\"6688\" data-full-url=\"https:\/\/riberalves.pt\/_riberalves\/wp-content\/uploads\/2021\/07\/SELO_CURA_PORTUGUESA_9m-FR.png\" data-link=\"https:\/\/riberalves.pt\/sante\/selo_cura_portuguesa_9m-fr\/\" class=\"wp-image-6688\" srcset=\"https:\/\/riberalves.pt\/wp-content\/uploads\/2021\/07\/SELO_CURA_PORTUGUESA_9m-FR.png 592w, https:\/\/riberalves.pt\/wp-content\/uploads\/2021\/07\/SELO_CURA_PORTUGUESA_9m-FR-300x300.png 300w, https:\/\/riberalves.pt\/wp-content\/uploads\/2021\/07\/SELO_CURA_PORTUGUESA_9m-FR-100x100.png 100w\" sizes=\"auto, (max-width: 592px) 100vw, 592px\" \/><\/figure><\/li><li class=\"blocks-gallery-item\"><figure><img loading=\"lazy\" decoding=\"async\" width=\"591\" height=\"592\" src=\"https:\/\/riberalves.pt\/_riberalves\/wp-content\/uploads\/2021\/07\/SELO_CURA_PORTUGUESA_12m-FR-1.png\" alt=\"\" data-id=\"6897\" data-full-url=\"https:\/\/riberalves.pt\/_riberalves\/wp-content\/uploads\/2021\/07\/SELO_CURA_PORTUGUESA_12m-FR-1.png\" data-link=\"https:\/\/riberalves.pt\/sante\/selo_cura_portuguesa_12m-fr-1\/\" class=\"wp-image-6897\" srcset=\"https:\/\/riberalves.pt\/wp-content\/uploads\/2021\/07\/SELO_CURA_PORTUGUESA_12m-FR-1.png 591w, https:\/\/riberalves.pt\/wp-content\/uploads\/2021\/07\/SELO_CURA_PORTUGUESA_12m-FR-1-300x300.png 300w, https:\/\/riberalves.pt\/wp-content\/uploads\/2021\/07\/SELO_CURA_PORTUGUESA_12m-FR-1-100x100.png 100w\" sizes=\"auto, (max-width: 591px) 100vw, 591px\" \/><\/figure><\/li><\/ul><\/figure>\n\n\n\n<p>La morue fait partie de l&rsquo;alimentation des portugais depuis plusieurs si\u00e8cles. Il est m\u00eame souvent consid\u00e9r\u00e9 comme l&rsquo;aliment principal de la gastronomie traditionnelle portugaise. La question qui se pose est celle de savoir \u00e0 quoi on doit cette r\u00e9putation. La r\u00e9ponse est simple&nbsp;: \u00e0 un grand nombre de facteurs.<\/p>\n\n\n\n<p>Commen\u00e7ons par la versatilit\u00e9 de ce poisson. Le nombre de recettes \u00e0 base de morue est illimit\u00e9, et cela est d\u00fb au fait que la morue, \u00e0 la diff\u00e9rence de nombreux autres poissons, peut \u00eatre utilis\u00e9e dans la plupart des pr\u00e9parations culinaires, ce qui permet de consommer ce poisson de mani\u00e8re diversifi\u00e9e et peu monotone. Il est possible de manger de la morue au four, grill\u00e9e, frite, poch\u00e9e, en rago\u00fbt, ou m\u00eame crue\u2026 ce qui fait de ce poisson un excellent aliment \u00e0 inclure dans les repas quotidiens, en hiver comme en \u00e9t\u00e9.<\/p>\n\n\n\n<p>L&rsquo;aspect \u00e9conomique associ\u00e9 \u00e0 la consommation de ce poisson est \u00e9galement une valeur ajout\u00e9e. Tout d&rsquo;abord sa conservation&nbsp;: il n&rsquo;existe aucun autre poisson (\u00e0 l&rsquo;exception des poissons en conserve) dont la dur\u00e9e de conservation soit aussi longue que celle de la morue s\u00e9ch\u00e9e, et bien s\u00fbr sans les co\u00fbts \u00e9conomiques li\u00e9s \u00e0 ce processus. Par ailleurs, le fait qu&rsquo;elle puisse \u00eatre consomm\u00e9e non seulement en tranches, mais aussi en tron\u00e7ons ou \u00e9miett\u00e9e permet de r\u00e9duire consid\u00e9rablement la quantit\u00e9 de morue utilis\u00e9e dans un repas, ce qui repr\u00e9sente une alternative beaucoup plus rentable \u00e9conomiquement.<\/p>\n\n\n\n<p class=\"has-text-align-right\">Catarina Sousa Guerreiro (Di\u00e9t\u00e9ticienne, docteur en nutrition, professeur dans l&rsquo;enseignement sup\u00e9rieur)<\/p>\n\n\n\n<figure class=\"wp-block-gallery columns-2 is-cropped pratos wp-block-gallery-2 is-layout-flex wp-block-gallery-is-layout-flex\"><ul class=\"blocks-gallery-grid\"><li class=\"blocks-gallery-item\"><figure><img loading=\"lazy\" decoding=\"async\" width=\"680\" height=\"364\" src=\"\/_riberalves\/wp-content\/uploads\/2020\/10\/saude-prato-1.png\" alt=\"\" data-id=\"88\" data-full-url=\"\/_riberalves\/wp-content\/uploads\/2020\/10\/saude-prato-1.png\" data-link=\"http:\/\/riberalves.test\/saude\/saude-prato-1\/\" class=\"wp-image-88\" srcset=\"https:\/\/riberalves.pt\/wp-content\/uploads\/2020\/10\/saude-prato-1.png 680w, https:\/\/riberalves.pt\/wp-content\/uploads\/2020\/10\/saude-prato-1-600x321.png 600w, https:\/\/riberalves.pt\/wp-content\/uploads\/2020\/10\/saude-prato-1-300x161.png 300w\" sizes=\"auto, (max-width: 680px) 100vw, 680px\" \/><\/figure><\/li><li class=\"blocks-gallery-item\"><figure><img loading=\"lazy\" decoding=\"async\" width=\"755\" height=\"395\" src=\"\/_riberalves\/wp-content\/uploads\/2020\/10\/saude-prato-3.png\" alt=\"\" data-id=\"90\" data-full-url=\"\/_riberalves\/wp-content\/uploads\/2020\/10\/saude-prato-3.png\" data-link=\"http:\/\/riberalves.test\/saude\/saude-prato-3\/\" class=\"wp-image-90\" srcset=\"https:\/\/riberalves.pt\/wp-content\/uploads\/2020\/10\/saude-prato-3.png 755w, https:\/\/riberalves.pt\/wp-content\/uploads\/2020\/10\/saude-prato-3-600x314.png 600w, https:\/\/riberalves.pt\/wp-content\/uploads\/2020\/10\/saude-prato-3-300x157.png 300w\" sizes=\"auto, (max-width: 755px) 100vw, 755px\" \/><\/figure><\/li><\/ul><\/figure>\n","protected":false},"excerpt":{"rendered":"<p>Sant\u00e9 et tradition \u00e0 table La morue est un poisson d&rsquo;origine totalement sauvage, p\u00each\u00e9 en haute mer, et c&rsquo;est l&rsquo;un des aliments les plus riches en prot\u00e9ines que nous pouvons introduire dans notre alimentation avec 21&nbsp;g de prot\u00e9ines pour 100&nbsp;g de poisson. Nous sommes en pr\u00e9sence d&rsquo;une prot\u00e9ine tr\u00e8s importante car elle a aussi un [&hellip;]<\/p>\n","protected":false},"author":5,"featured_media":161,"parent":0,"menu_order":0,"comment_status":"closed","ping_status":"closed","template":"","meta":{"_acf_changed":false,"footnotes":""},"class_list":["post-6229","page","type-page","status-publish","has-post-thumbnail","hentry"],"acf":[],"yoast_head":"<!-- This site is optimized with the Yoast SEO plugin v27.4 - https:\/\/yoast.com\/product\/yoast-seo-wordpress\/ -->\n<title>Sant\u00e9 - Riberalves<\/title>\n<meta name=\"robots\" content=\"index, follow, max-snippet:-1, max-image-preview:large, max-video-preview:-1\" \/>\n<link rel=\"canonical\" href=\"https:\/\/riberalves.pt\/saude\/\" \/>\n<meta property=\"og:locale\" content=\"fr_FR\" \/>\n<meta property=\"og:type\" content=\"article\" \/>\n<meta property=\"og:title\" content=\"Sant\u00e9 - Riberalves\" \/>\n<meta property=\"og:description\" content=\"Sant\u00e9 et tradition \u00e0 table La morue est un poisson d&rsquo;origine totalement sauvage, p\u00each\u00e9 en haute mer, et c&rsquo;est l&rsquo;un des aliments les plus riches en prot\u00e9ines que nous pouvons introduire dans notre alimentation avec 21&nbsp;g de prot\u00e9ines pour 100&nbsp;g de poisson. Nous sommes en pr\u00e9sence d&rsquo;une prot\u00e9ine tr\u00e8s importante car elle a aussi un [&hellip;]\" \/>\n<meta property=\"og:url\" content=\"https:\/\/riberalves.pt\/saude\/\" \/>\n<meta property=\"og:site_name\" content=\"Riberalves\" \/>\n<meta property=\"article:modified_time\" content=\"2021-07-01T19:49:29+00:00\" \/>\n<meta property=\"og:image\" content=\"https:\/\/riberalves.pt\/wp-content\/uploads\/2020\/10\/header-saude.jpg\" \/>\n\t<meta property=\"og:image:width\" content=\"1900\" \/>\n\t<meta property=\"og:image:height\" content=\"459\" \/>\n\t<meta property=\"og:image:type\" content=\"image\/jpeg\" \/>\n<meta name=\"twitter:card\" content=\"summary_large_image\" \/>\n<meta name=\"twitter:label1\" content=\"Dur\u00e9e de lecture estim\u00e9e\" \/>\n\t<meta name=\"twitter:data1\" content=\"3 minutes\" \/>\n<script type=\"application\/ld+json\" class=\"yoast-schema-graph\">{\"@context\":\"https:\\\/\\\/schema.org\",\"@graph\":[{\"@type\":\"WebPage\",\"@id\":\"https:\\\/\\\/riberalves.pt\\\/saude\\\/\",\"url\":\"https:\\\/\\\/riberalves.pt\\\/saude\\\/\",\"name\":\"Sant\u00e9 - Riberalves\",\"isPartOf\":{\"@id\":\"https:\\\/\\\/riberalves.pt\\\/#website\"},\"primaryImageOfPage\":{\"@id\":\"https:\\\/\\\/riberalves.pt\\\/saude\\\/#primaryimage\"},\"image\":{\"@id\":\"https:\\\/\\\/riberalves.pt\\\/saude\\\/#primaryimage\"},\"thumbnailUrl\":\"https:\\\/\\\/riberalves.pt\\\/wp-content\\\/uploads\\\/2020\\\/10\\\/header-saude.jpg\",\"datePublished\":\"2020-10-30T12:30:05+00:00\",\"dateModified\":\"2021-07-01T19:49:29+00:00\",\"breadcrumb\":{\"@id\":\"https:\\\/\\\/riberalves.pt\\\/saude\\\/#breadcrumb\"},\"inLanguage\":\"fr-FR\",\"potentialAction\":[{\"@type\":\"ReadAction\",\"target\":[\"https:\\\/\\\/riberalves.pt\\\/saude\\\/\"]}]},{\"@type\":\"ImageObject\",\"inLanguage\":\"fr-FR\",\"@id\":\"https:\\\/\\\/riberalves.pt\\\/saude\\\/#primaryimage\",\"url\":\"https:\\\/\\\/riberalves.pt\\\/wp-content\\\/uploads\\\/2020\\\/10\\\/header-saude.jpg\",\"contentUrl\":\"https:\\\/\\\/riberalves.pt\\\/wp-content\\\/uploads\\\/2020\\\/10\\\/header-saude.jpg\",\"width\":1900,\"height\":459},{\"@type\":\"BreadcrumbList\",\"@id\":\"https:\\\/\\\/riberalves.pt\\\/saude\\\/#breadcrumb\",\"itemListElement\":[{\"@type\":\"ListItem\",\"position\":1,\"name\":\"Home\",\"item\":\"https:\\\/\\\/riberalves.pt\\\/\"},{\"@type\":\"ListItem\",\"position\":2,\"name\":\"Sant\u00e9\"}]},{\"@type\":\"WebSite\",\"@id\":\"https:\\\/\\\/riberalves.pt\\\/#website\",\"url\":\"https:\\\/\\\/riberalves.pt\\\/\",\"name\":\"Riberalves\",\"description\":\"Les meilleures recettes de morue en un seul endroit! Notre processus de longue matuaration dans le sel garantit la saveur unique, la texture douce et les tranches succulentes de notre poisson pr\u00e9f\u00e9r\u00e9, pr\u00eat \u00e0 cuisiner!\",\"alternateName\":\"Riberalves\",\"potentialAction\":[{\"@type\":\"SearchAction\",\"target\":{\"@type\":\"EntryPoint\",\"urlTemplate\":\"https:\\\/\\\/riberalves.pt\\\/?s={search_term_string}\"},\"query-input\":{\"@type\":\"PropertyValueSpecification\",\"valueRequired\":true,\"valueName\":\"search_term_string\"}}],\"inLanguage\":\"fr-FR\"}]}<\/script>\n<!-- \/ Yoast SEO plugin. -->","yoast_head_json":{"title":"Sant\u00e9 - Riberalves","robots":{"index":"index","follow":"follow","max-snippet":"max-snippet:-1","max-image-preview":"max-image-preview:large","max-video-preview":"max-video-preview:-1"},"canonical":"https:\/\/riberalves.pt\/saude\/","og_locale":"fr_FR","og_type":"article","og_title":"Sant\u00e9 - Riberalves","og_description":"Sant\u00e9 et tradition \u00e0 table La morue est un poisson d&rsquo;origine totalement sauvage, p\u00each\u00e9 en haute mer, et c&rsquo;est l&rsquo;un des aliments les plus riches en prot\u00e9ines que nous pouvons introduire dans notre alimentation avec 21&nbsp;g de prot\u00e9ines pour 100&nbsp;g de poisson. Nous sommes en pr\u00e9sence d&rsquo;une prot\u00e9ine tr\u00e8s importante car elle a aussi un [&hellip;]","og_url":"https:\/\/riberalves.pt\/saude\/","og_site_name":"Riberalves","article_modified_time":"2021-07-01T19:49:29+00:00","og_image":[{"width":1900,"height":459,"url":"https:\/\/riberalves.pt\/wp-content\/uploads\/2020\/10\/header-saude.jpg","type":"image\/jpeg"}],"twitter_card":"summary_large_image","twitter_misc":{"Dur\u00e9e de lecture estim\u00e9e":"3 minutes"},"schema":{"@context":"https:\/\/schema.org","@graph":[{"@type":"WebPage","@id":"https:\/\/riberalves.pt\/saude\/","url":"https:\/\/riberalves.pt\/saude\/","name":"Sant\u00e9 - Riberalves","isPartOf":{"@id":"https:\/\/riberalves.pt\/#website"},"primaryImageOfPage":{"@id":"https:\/\/riberalves.pt\/saude\/#primaryimage"},"image":{"@id":"https:\/\/riberalves.pt\/saude\/#primaryimage"},"thumbnailUrl":"https:\/\/riberalves.pt\/wp-content\/uploads\/2020\/10\/header-saude.jpg","datePublished":"2020-10-30T12:30:05+00:00","dateModified":"2021-07-01T19:49:29+00:00","breadcrumb":{"@id":"https:\/\/riberalves.pt\/saude\/#breadcrumb"},"inLanguage":"fr-FR","potentialAction":[{"@type":"ReadAction","target":["https:\/\/riberalves.pt\/saude\/"]}]},{"@type":"ImageObject","inLanguage":"fr-FR","@id":"https:\/\/riberalves.pt\/saude\/#primaryimage","url":"https:\/\/riberalves.pt\/wp-content\/uploads\/2020\/10\/header-saude.jpg","contentUrl":"https:\/\/riberalves.pt\/wp-content\/uploads\/2020\/10\/header-saude.jpg","width":1900,"height":459},{"@type":"BreadcrumbList","@id":"https:\/\/riberalves.pt\/saude\/#breadcrumb","itemListElement":[{"@type":"ListItem","position":1,"name":"Home","item":"https:\/\/riberalves.pt\/"},{"@type":"ListItem","position":2,"name":"Sant\u00e9"}]},{"@type":"WebSite","@id":"https:\/\/riberalves.pt\/#website","url":"https:\/\/riberalves.pt\/","name":"Riberalves","description":"Les meilleures recettes de morue en un seul endroit! Notre processus de longue matuaration dans le sel garantit la saveur unique, la texture douce et les tranches succulentes de notre poisson pr\u00e9f\u00e9r\u00e9, pr\u00eat \u00e0 cuisiner!","alternateName":"Riberalves","potentialAction":[{"@type":"SearchAction","target":{"@type":"EntryPoint","urlTemplate":"https:\/\/riberalves.pt\/?s={search_term_string}"},"query-input":{"@type":"PropertyValueSpecification","valueRequired":true,"valueName":"search_term_string"}}],"inLanguage":"fr-FR"}]}},"_links":{"self":[{"href":"https:\/\/riberalves.pt\/fr\/wp-json\/wp\/v2\/pages\/6229","targetHints":{"allow":["GET"]}}],"collection":[{"href":"https:\/\/riberalves.pt\/fr\/wp-json\/wp\/v2\/pages"}],"about":[{"href":"https:\/\/riberalves.pt\/fr\/wp-json\/wp\/v2\/types\/page"}],"author":[{"embeddable":true,"href":"https:\/\/riberalves.pt\/fr\/wp-json\/wp\/v2\/users\/5"}],"replies":[{"embeddable":true,"href":"https:\/\/riberalves.pt\/fr\/wp-json\/wp\/v2\/comments?post=6229"}],"version-history":[{"count":5,"href":"https:\/\/riberalves.pt\/fr\/wp-json\/wp\/v2\/pages\/6229\/revisions"}],"predecessor-version":[{"id":6920,"href":"https:\/\/riberalves.pt\/fr\/wp-json\/wp\/v2\/pages\/6229\/revisions\/6920"}],"wp:featuredmedia":[{"embeddable":true,"href":"https:\/\/riberalves.pt\/fr\/wp-json\/wp\/v2\/media\/161"}],"wp:attachment":[{"href":"https:\/\/riberalves.pt\/fr\/wp-json\/wp\/v2\/media?parent=6229"}],"curies":[{"name":"wp","href":"https:\/\/api.w.org\/{rel}","templated":true}]}}