{"id":6232,"date":"2020-10-30T13:17:42","date_gmt":"2020-10-30T13:17:42","guid":{"rendered":"https:\/\/riberalves.pt\/saude\/beneficios-do-bacalhau\/"},"modified":"2021-07-01T20:50:39","modified_gmt":"2021-07-01T19:50:39","slug":"bienfaits-de-la-morue","status":"publish","type":"page","link":"https:\/\/riberalves.pt\/fr\/sante\/bienfaits-de-la-morue\/","title":{"rendered":"Bienfaits de la morue"},"content":{"rendered":"\n<h2 class=\"wp-block-heading\"><strong>Bienfaits pour la sant\u00e9<\/strong><\/h2>\n\n\n\n<p>La morue est l&rsquo;un des poissons les plus riches \u00e0 inclure dans notre alimentation.<\/p>\n\n\n\n<div class=\"wp-block-columns is-layout-flex wp-container-core-columns-is-layout-9d6595d7 wp-block-columns-is-layout-flex\">\n<div class=\"wp-block-column is-layout-flow wp-block-column-is-layout-flow\">\n<figure class=\"wp-block-image size-large is-resized\"><img loading=\"lazy\" decoding=\"async\" src=\"https:\/\/riberalves.pt\/wp-content\/uploads\/2021\/07\/Proteine_FR.png\" alt=\"\" class=\"wp-image-6906\" width=\"149\" height=\"148\" srcset=\"https:\/\/riberalves.pt\/wp-content\/uploads\/2021\/07\/Proteine_FR.png 234w, https:\/\/riberalves.pt\/wp-content\/uploads\/2021\/07\/Proteine_FR-100x100.png 100w\" sizes=\"auto, (max-width: 149px) 100vw, 149px\" \/><\/figure>\n\n\n\n<h4 class=\"wp-block-heading\"><strong>POISSON RICHE EN PROT\u00c9INES<\/strong><\/h4>\n\n\n\n<p>Avec 19&nbsp;g de prot\u00e9ines pour 100&nbsp;g, la morue est un poisson riche en prot\u00e9ines \u00e0 int\u00e9grer dans notre alimentation.<\/p>\n<\/div>\n\n\n\n<div class=\"wp-block-column is-layout-flow wp-block-column-is-layout-flow\">\n<figure class=\"wp-block-image size-large is-resized\"><img loading=\"lazy\" decoding=\"async\" src=\"https:\/\/riberalves.pt\/wp-content\/uploads\/2021\/07\/Graisse_FR-1.png\" alt=\"\" class=\"wp-image-6910\" width=\"145\" height=\"146\" srcset=\"https:\/\/riberalves.pt\/wp-content\/uploads\/2021\/07\/Graisse_FR-1.png 233w, https:\/\/riberalves.pt\/wp-content\/uploads\/2021\/07\/Graisse_FR-1-100x100.png 100w\" sizes=\"auto, (max-width: 145px) 100vw, 145px\" \/><\/figure>\n\n\n\n<h4 class=\"wp-block-heading\"><strong>FAIBLE TENEUR EN MATI\u00c8RES GRASSES<\/strong><\/h4>\n\n\n\n<p>\u00c0 une \u00e9poque o\u00f9 les pr\u00e9occupations concernant la nutrition sont croissantes, la morue est un poisson indiqu\u00e9 pour les plans alimentaires \u00e9quilibr\u00e9s, voire pour des r\u00e9gimes tr\u00e8s stricts.<\/p>\n<\/div>\n\n\n\n<div class=\"wp-block-column is-layout-flow wp-block-column-is-layout-flow\">\n<figure class=\"wp-block-image size-large is-resized\"><img loading=\"lazy\" decoding=\"async\" src=\"https:\/\/riberalves.pt\/wp-content\/uploads\/2021\/07\/Dessale_FR.png\" alt=\"\" class=\"wp-image-6915\" width=\"140\" height=\"140\" srcset=\"https:\/\/riberalves.pt\/wp-content\/uploads\/2021\/07\/Dessale_FR.png 233w, https:\/\/riberalves.pt\/wp-content\/uploads\/2021\/07\/Dessale_FR-100x100.png 100w\" sizes=\"auto, (max-width: 140px) 100vw, 140px\" \/><\/figure>\n\n\n\n<h4 class=\"wp-block-heading\"><strong>POINT DE SEL ID\u00c9AL<\/strong><\/h4>\n\n\n\n<p>Pour allier saveur et sant\u00e9, le point de sel de la morue doit \u00eatre parfait. Si chez vous, il est difficile d&rsquo;y parvenir, \u00e0 Riberalves, la morue est dessal\u00e9e dans de l&rsquo;eau \u00e0 la temp\u00e9rature id\u00e9ale.<\/p>\n<\/div>\n<\/div>\n\n\n\n<p><\/p>\n","protected":false},"excerpt":{"rendered":"<p>Bienfaits pour la sant\u00e9 La morue est l&rsquo;un des poissons les plus riches \u00e0 inclure dans notre alimentation. POISSON RICHE EN PROT\u00c9INES Avec 19&nbsp;g de prot\u00e9ines pour 100&nbsp;g, la morue est un poisson riche en prot\u00e9ines \u00e0 int\u00e9grer dans notre alimentation. FAIBLE TENEUR EN MATI\u00c8RES GRASSES \u00c0 une \u00e9poque o\u00f9 les pr\u00e9occupations concernant la nutrition [&hellip;]<\/p>\n","protected":false},"author":5,"featured_media":0,"parent":6229,"menu_order":0,"comment_status":"closed","ping_status":"closed","template":"","meta":{"_acf_changed":false,"footnotes":""},"class_list":["post-6232","page","type-page","status-publish","hentry"],"acf":[],"yoast_head":"<!-- This site is optimized with the Yoast SEO plugin v27.4 - https:\/\/yoast.com\/product\/yoast-seo-wordpress\/ -->\n<title>Bienfaits de la morue - Riberalves<\/title>\n<meta name=\"robots\" content=\"index, follow, max-snippet:-1, max-image-preview:large, max-video-preview:-1\" \/>\n<link rel=\"canonical\" href=\"https:\/\/riberalves.pt\/saude\/beneficios-do-bacalhau\/\" \/>\n<meta property=\"og:locale\" content=\"fr_FR\" \/>\n<meta property=\"og:type\" content=\"article\" \/>\n<meta property=\"og:title\" content=\"Bienfaits de la morue - Riberalves\" \/>\n<meta property=\"og:description\" content=\"Bienfaits pour la sant\u00e9 La morue est l&rsquo;un des poissons les plus riches \u00e0 inclure dans notre alimentation. POISSON RICHE EN PROT\u00c9INES Avec 19&nbsp;g de prot\u00e9ines pour 100&nbsp;g, la morue est un poisson riche en prot\u00e9ines \u00e0 int\u00e9grer dans notre alimentation. FAIBLE TENEUR EN MATI\u00c8RES GRASSES \u00c0 une \u00e9poque o\u00f9 les pr\u00e9occupations concernant la nutrition [&hellip;]\" \/>\n<meta property=\"og:url\" content=\"https:\/\/riberalves.pt\/saude\/beneficios-do-bacalhau\/\" \/>\n<meta property=\"og:site_name\" content=\"Riberalves\" \/>\n<meta property=\"article:modified_time\" content=\"2021-07-01T19:50:39+00:00\" \/>\n<meta property=\"og:image\" content=\"https:\/\/riberalves.pt\/_riberalves\/wp-content\/uploads\/2021\/07\/Proteine_FR.png\" \/>\n<meta name=\"twitter:card\" content=\"summary_large_image\" \/>\n<meta name=\"twitter:label1\" content=\"Dur\u00e9e de lecture estim\u00e9e\" \/>\n\t<meta name=\"twitter:data1\" content=\"2 minutes\" \/>\n<script type=\"application\/ld+json\" class=\"yoast-schema-graph\">{\"@context\":\"https:\\\/\\\/schema.org\",\"@graph\":[{\"@type\":\"WebPage\",\"@id\":\"https:\\\/\\\/riberalves.pt\\\/saude\\\/beneficios-do-bacalhau\\\/\",\"url\":\"https:\\\/\\\/riberalves.pt\\\/saude\\\/beneficios-do-bacalhau\\\/\",\"name\":\"Bienfaits de la morue - Riberalves\",\"isPartOf\":{\"@id\":\"https:\\\/\\\/riberalves.pt\\\/#website\"},\"primaryImageOfPage\":{\"@id\":\"https:\\\/\\\/riberalves.pt\\\/saude\\\/beneficios-do-bacalhau\\\/#primaryimage\"},\"image\":{\"@id\":\"https:\\\/\\\/riberalves.pt\\\/saude\\\/beneficios-do-bacalhau\\\/#primaryimage\"},\"thumbnailUrl\":\"https:\\\/\\\/riberalves.pt\\\/wp-content\\\/uploads\\\/2021\\\/07\\\/Proteine_FR.png\",\"datePublished\":\"2020-10-30T13:17:42+00:00\",\"dateModified\":\"2021-07-01T19:50:39+00:00\",\"breadcrumb\":{\"@id\":\"https:\\\/\\\/riberalves.pt\\\/saude\\\/beneficios-do-bacalhau\\\/#breadcrumb\"},\"inLanguage\":\"fr-FR\",\"potentialAction\":[{\"@type\":\"ReadAction\",\"target\":[\"https:\\\/\\\/riberalves.pt\\\/saude\\\/beneficios-do-bacalhau\\\/\"]}]},{\"@type\":\"ImageObject\",\"inLanguage\":\"fr-FR\",\"@id\":\"https:\\\/\\\/riberalves.pt\\\/saude\\\/beneficios-do-bacalhau\\\/#primaryimage\",\"url\":\"https:\\\/\\\/riberalves.pt\\\/wp-content\\\/uploads\\\/2021\\\/07\\\/Proteine_FR.png\",\"contentUrl\":\"https:\\\/\\\/riberalves.pt\\\/wp-content\\\/uploads\\\/2021\\\/07\\\/Proteine_FR.png\"},{\"@type\":\"BreadcrumbList\",\"@id\":\"https:\\\/\\\/riberalves.pt\\\/saude\\\/beneficios-do-bacalhau\\\/#breadcrumb\",\"itemListElement\":[{\"@type\":\"ListItem\",\"position\":1,\"name\":\"Home\",\"item\":\"https:\\\/\\\/riberalves.pt\\\/\"},{\"@type\":\"ListItem\",\"position\":2,\"name\":\"Sant\u00e9\",\"item\":\"https:\\\/\\\/riberalves.pt\\\/saude\\\/\"},{\"@type\":\"ListItem\",\"position\":3,\"name\":\"Bienfaits de la morue\"}]},{\"@type\":\"WebSite\",\"@id\":\"https:\\\/\\\/riberalves.pt\\\/#website\",\"url\":\"https:\\\/\\\/riberalves.pt\\\/\",\"name\":\"Riberalves\",\"description\":\"Les meilleures recettes de morue en un seul endroit! Notre processus de longue matuaration dans le sel garantit la saveur unique, la texture douce et les tranches succulentes de notre poisson pr\u00e9f\u00e9r\u00e9, pr\u00eat \u00e0 cuisiner!\",\"alternateName\":\"Riberalves\",\"potentialAction\":[{\"@type\":\"SearchAction\",\"target\":{\"@type\":\"EntryPoint\",\"urlTemplate\":\"https:\\\/\\\/riberalves.pt\\\/?s={search_term_string}\"},\"query-input\":{\"@type\":\"PropertyValueSpecification\",\"valueRequired\":true,\"valueName\":\"search_term_string\"}}],\"inLanguage\":\"fr-FR\"}]}<\/script>\n<!-- \/ Yoast SEO plugin. -->","yoast_head_json":{"title":"Bienfaits de la morue - Riberalves","robots":{"index":"index","follow":"follow","max-snippet":"max-snippet:-1","max-image-preview":"max-image-preview:large","max-video-preview":"max-video-preview:-1"},"canonical":"https:\/\/riberalves.pt\/saude\/beneficios-do-bacalhau\/","og_locale":"fr_FR","og_type":"article","og_title":"Bienfaits de la morue - Riberalves","og_description":"Bienfaits pour la sant\u00e9 La morue est l&rsquo;un des poissons les plus riches \u00e0 inclure dans notre alimentation. POISSON RICHE EN PROT\u00c9INES Avec 19&nbsp;g de prot\u00e9ines pour 100&nbsp;g, la morue est un poisson riche en prot\u00e9ines \u00e0 int\u00e9grer dans notre alimentation. FAIBLE TENEUR EN MATI\u00c8RES GRASSES \u00c0 une \u00e9poque o\u00f9 les pr\u00e9occupations concernant la nutrition [&hellip;]","og_url":"https:\/\/riberalves.pt\/saude\/beneficios-do-bacalhau\/","og_site_name":"Riberalves","article_modified_time":"2021-07-01T19:50:39+00:00","og_image":[{"url":"https:\/\/riberalves.pt\/_riberalves\/wp-content\/uploads\/2021\/07\/Proteine_FR.png","type":"","width":"","height":""}],"twitter_card":"summary_large_image","twitter_misc":{"Dur\u00e9e de lecture estim\u00e9e":"2 minutes"},"schema":{"@context":"https:\/\/schema.org","@graph":[{"@type":"WebPage","@id":"https:\/\/riberalves.pt\/saude\/beneficios-do-bacalhau\/","url":"https:\/\/riberalves.pt\/saude\/beneficios-do-bacalhau\/","name":"Bienfaits de la morue - Riberalves","isPartOf":{"@id":"https:\/\/riberalves.pt\/#website"},"primaryImageOfPage":{"@id":"https:\/\/riberalves.pt\/saude\/beneficios-do-bacalhau\/#primaryimage"},"image":{"@id":"https:\/\/riberalves.pt\/saude\/beneficios-do-bacalhau\/#primaryimage"},"thumbnailUrl":"https:\/\/riberalves.pt\/wp-content\/uploads\/2021\/07\/Proteine_FR.png","datePublished":"2020-10-30T13:17:42+00:00","dateModified":"2021-07-01T19:50:39+00:00","breadcrumb":{"@id":"https:\/\/riberalves.pt\/saude\/beneficios-do-bacalhau\/#breadcrumb"},"inLanguage":"fr-FR","potentialAction":[{"@type":"ReadAction","target":["https:\/\/riberalves.pt\/saude\/beneficios-do-bacalhau\/"]}]},{"@type":"ImageObject","inLanguage":"fr-FR","@id":"https:\/\/riberalves.pt\/saude\/beneficios-do-bacalhau\/#primaryimage","url":"https:\/\/riberalves.pt\/wp-content\/uploads\/2021\/07\/Proteine_FR.png","contentUrl":"https:\/\/riberalves.pt\/wp-content\/uploads\/2021\/07\/Proteine_FR.png"},{"@type":"BreadcrumbList","@id":"https:\/\/riberalves.pt\/saude\/beneficios-do-bacalhau\/#breadcrumb","itemListElement":[{"@type":"ListItem","position":1,"name":"Home","item":"https:\/\/riberalves.pt\/"},{"@type":"ListItem","position":2,"name":"Sant\u00e9","item":"https:\/\/riberalves.pt\/saude\/"},{"@type":"ListItem","position":3,"name":"Bienfaits de la morue"}]},{"@type":"WebSite","@id":"https:\/\/riberalves.pt\/#website","url":"https:\/\/riberalves.pt\/","name":"Riberalves","description":"Les meilleures recettes de morue en un seul endroit! Notre processus de longue matuaration dans le sel garantit la saveur unique, la texture douce et les tranches succulentes de notre poisson pr\u00e9f\u00e9r\u00e9, pr\u00eat \u00e0 cuisiner!","alternateName":"Riberalves","potentialAction":[{"@type":"SearchAction","target":{"@type":"EntryPoint","urlTemplate":"https:\/\/riberalves.pt\/?s={search_term_string}"},"query-input":{"@type":"PropertyValueSpecification","valueRequired":true,"valueName":"search_term_string"}}],"inLanguage":"fr-FR"}]}},"_links":{"self":[{"href":"https:\/\/riberalves.pt\/fr\/wp-json\/wp\/v2\/pages\/6232","targetHints":{"allow":["GET"]}}],"collection":[{"href":"https:\/\/riberalves.pt\/fr\/wp-json\/wp\/v2\/pages"}],"about":[{"href":"https:\/\/riberalves.pt\/fr\/wp-json\/wp\/v2\/types\/page"}],"author":[{"embeddable":true,"href":"https:\/\/riberalves.pt\/fr\/wp-json\/wp\/v2\/users\/5"}],"replies":[{"embeddable":true,"href":"https:\/\/riberalves.pt\/fr\/wp-json\/wp\/v2\/comments?post=6232"}],"version-history":[{"count":4,"href":"https:\/\/riberalves.pt\/fr\/wp-json\/wp\/v2\/pages\/6232\/revisions"}],"predecessor-version":[{"id":6919,"href":"https:\/\/riberalves.pt\/fr\/wp-json\/wp\/v2\/pages\/6232\/revisions\/6919"}],"up":[{"embeddable":true,"href":"https:\/\/riberalves.pt\/fr\/wp-json\/wp\/v2\/pages\/6229"}],"wp:attachment":[{"href":"https:\/\/riberalves.pt\/fr\/wp-json\/wp\/v2\/media?parent=6232"}],"curies":[{"name":"wp","href":"https:\/\/api.w.org\/{rel}","templated":true}]}}