{"id":2629,"date":"2020-11-04T12:44:59","date_gmt":"2020-11-04T12:44:59","guid":{"rendered":"https:\/\/riberalves.pt\/a-riberalves\/uma-paixao-de-portugal-para-o-mundo\/"},"modified":"2021-05-18T17:16:39","modified_gmt":"2021-05-18T16:16:39","slug":"uma-paixao-de-portugal-para-o-mundo","status":"publish","type":"page","link":"https:\/\/riberalves.pt\/pt-br\/a-riberalves\/uma-paixao-de-portugal-para-o-mundo\/","title":{"rendered":"Uma paix\u00e3o de Portugal para o mundo"},"content":{"rendered":"\n<p>Empresa l\u00edder num mercado portugu\u00eas muito maduro e exigente, a Riberalves prima pela qualidade e inova\u00e7\u00e3o, desenvolvendo novos produtos que t\u00eam vindo a permitir entrar progressivamente em novos mercados.&nbsp;<\/p>\n\n\n\n<p>A presen\u00e7a da empresa n\u00e3o se esgota nas fronteiras nacionais \u2013 <strong>a Riberalves est\u00e1 em mais de 20 pa\u00edses<\/strong>, exportando 25% da sua produ\u00e7\u00e3o para o chamado \u201c<a href=\"https:\/\/www.instagram.com\/bacalhauriberalves_br\/?hl=pt\" target=\"_blank\" rel=\"noreferrer noopener\">Mercado da Saudade<\/a>\u201d, junto das<a href=\"https:\/\/riberalves.pt\/pt-br\/contactos\/\" target=\"_blank\" rel=\"noreferrer noopener\"> comunidades<\/a> portuguesas ou da cultura portuguesa.<\/p>\n","protected":false},"excerpt":{"rendered":"<p>Empresa l\u00edder num mercado portugu\u00eas muito maduro e exigente, a Riberalves prima pela qualidade e inova\u00e7\u00e3o, desenvolvendo novos produtos que t\u00eam vindo a permitir entrar progressivamente em novos mercados.&nbsp; A presen\u00e7a da empresa n\u00e3o se esgota nas fronteiras nacionais \u2013 a Riberalves est\u00e1 em mais de 20 pa\u00edses, exportando 25% da sua produ\u00e7\u00e3o para o [&hellip;]<\/p>\n","protected":false},"author":5,"featured_media":0,"parent":2628,"menu_order":100,"comment_status":"closed","ping_status":"closed","template":"","meta":{"_acf_changed":false,"footnotes":""},"class_list":["post-2629","page","type-page","status-publish","hentry"],"acf":[],"yoast_head":"<!-- This site is optimized with the Yoast SEO plugin v27.4 - https:\/\/yoast.com\/product\/yoast-seo-wordpress\/ -->\n<title>Uma paix\u00e3o de Portugal para o mundo - Riberalves<\/title>\n<meta name=\"description\" content=\"Uma paix\u00e3o de Portugal para o mundo, A Riberalves exporta para mais de 20 pa\u00edses ao redor do mundo, inclusive o Brasil! Pronto a saber bem!\" \/>\n<meta name=\"robots\" content=\"index, follow, max-snippet:-1, max-image-preview:large, max-video-preview:-1\" \/>\n<link rel=\"canonical\" href=\"https:\/\/riberalves.pt\/a-riberalves\/uma-paixao-de-portugal-para-o-mundo\/\" \/>\n<meta property=\"og:locale\" content=\"pt_BR\" \/>\n<meta property=\"og:type\" content=\"article\" \/>\n<meta property=\"og:title\" content=\"Uma paix\u00e3o de Portugal para o mundo - Riberalves\" \/>\n<meta property=\"og:description\" content=\"Uma paix\u00e3o de Portugal para o mundo, A Riberalves exporta para mais de 20 pa\u00edses ao redor do mundo, inclusive o Brasil! Pronto a saber bem!\" \/>\n<meta property=\"og:url\" content=\"https:\/\/riberalves.pt\/a-riberalves\/uma-paixao-de-portugal-para-o-mundo\/\" \/>\n<meta property=\"og:site_name\" content=\"Riberalves\" \/>\n<meta property=\"article:modified_time\" content=\"2021-05-18T16:16:39+00:00\" \/>\n<meta property=\"og:image\" content=\"https:\/\/riberalves.pt\/wp-content\/uploads\/2024\/02\/ribeiralvesOg.png\" \/>\n\t<meta property=\"og:image:width\" content=\"1200\" \/>\n\t<meta property=\"og:image:height\" content=\"630\" \/>\n\t<meta property=\"og:image:type\" content=\"image\/png\" \/>\n<meta name=\"twitter:card\" content=\"summary_large_image\" \/>\n<meta name=\"twitter:label1\" content=\"Est. tempo de leitura\" \/>\n\t<meta name=\"twitter:data1\" content=\"1 minuto\" \/>\n<script type=\"application\/ld+json\" class=\"yoast-schema-graph\">{\"@context\":\"https:\\\/\\\/schema.org\",\"@graph\":[{\"@type\":\"WebPage\",\"@id\":\"https:\\\/\\\/riberalves.pt\\\/a-riberalves\\\/uma-paixao-de-portugal-para-o-mundo\\\/\",\"url\":\"https:\\\/\\\/riberalves.pt\\\/a-riberalves\\\/uma-paixao-de-portugal-para-o-mundo\\\/\",\"name\":\"Uma paix\u00e3o de Portugal para o mundo - Riberalves\",\"isPartOf\":{\"@id\":\"https:\\\/\\\/riberalves.pt\\\/#website\"},\"datePublished\":\"2020-11-04T12:44:59+00:00\",\"dateModified\":\"2021-05-18T16:16:39+00:00\",\"description\":\"Uma paix\u00e3o de Portugal para o mundo, A Riberalves exporta para mais de 20 pa\u00edses ao redor do mundo, inclusive o Brasil! Pronto a saber bem!\",\"breadcrumb\":{\"@id\":\"https:\\\/\\\/riberalves.pt\\\/a-riberalves\\\/uma-paixao-de-portugal-para-o-mundo\\\/#breadcrumb\"},\"inLanguage\":\"pt-BR\",\"potentialAction\":[{\"@type\":\"ReadAction\",\"target\":[\"https:\\\/\\\/riberalves.pt\\\/a-riberalves\\\/uma-paixao-de-portugal-para-o-mundo\\\/\"]}]},{\"@type\":\"BreadcrumbList\",\"@id\":\"https:\\\/\\\/riberalves.pt\\\/a-riberalves\\\/uma-paixao-de-portugal-para-o-mundo\\\/#breadcrumb\",\"itemListElement\":[{\"@type\":\"ListItem\",\"position\":1,\"name\":\"Home\",\"item\":\"https:\\\/\\\/riberalves.pt\\\/\"},{\"@type\":\"ListItem\",\"position\":2,\"name\":\"A Riberalves\",\"item\":\"https:\\\/\\\/riberalves.pt\\\/a-riberalves\\\/\"},{\"@type\":\"ListItem\",\"position\":3,\"name\":\"Uma paix\u00e3o de Portugal para o mundo\"}]},{\"@type\":\"WebSite\",\"@id\":\"https:\\\/\\\/riberalves.pt\\\/#website\",\"url\":\"https:\\\/\\\/riberalves.pt\\\/\",\"name\":\"Riberalves\",\"description\":\"O site com as melhores e mais criativas receitas de bacalhau em um \u00fanico lugar!\",\"alternateName\":\"Riberalves\",\"potentialAction\":[{\"@type\":\"SearchAction\",\"target\":{\"@type\":\"EntryPoint\",\"urlTemplate\":\"https:\\\/\\\/riberalves.pt\\\/?s={search_term_string}\"},\"query-input\":{\"@type\":\"PropertyValueSpecification\",\"valueRequired\":true,\"valueName\":\"search_term_string\"}}],\"inLanguage\":\"pt-BR\"}]}<\/script>\n<!-- \/ Yoast SEO plugin. -->","yoast_head_json":{"title":"Uma paix\u00e3o de Portugal para o mundo - Riberalves","description":"Uma paix\u00e3o de Portugal para o mundo, A Riberalves exporta para mais de 20 pa\u00edses ao redor do mundo, inclusive o Brasil! Pronto a saber bem!","robots":{"index":"index","follow":"follow","max-snippet":"max-snippet:-1","max-image-preview":"max-image-preview:large","max-video-preview":"max-video-preview:-1"},"canonical":"https:\/\/riberalves.pt\/a-riberalves\/uma-paixao-de-portugal-para-o-mundo\/","og_locale":"pt_BR","og_type":"article","og_title":"Uma paix\u00e3o de Portugal para o mundo - Riberalves","og_description":"Uma paix\u00e3o de Portugal para o mundo, A Riberalves exporta para mais de 20 pa\u00edses ao redor do mundo, inclusive o Brasil! Pronto a saber bem!","og_url":"https:\/\/riberalves.pt\/a-riberalves\/uma-paixao-de-portugal-para-o-mundo\/","og_site_name":"Riberalves","article_modified_time":"2021-05-18T16:16:39+00:00","og_image":[{"width":1200,"height":630,"url":"https:\/\/riberalves.pt\/wp-content\/uploads\/2024\/02\/ribeiralvesOg.png","type":"image\/png"}],"twitter_card":"summary_large_image","twitter_misc":{"Est. tempo de leitura":"1 minuto"},"schema":{"@context":"https:\/\/schema.org","@graph":[{"@type":"WebPage","@id":"https:\/\/riberalves.pt\/a-riberalves\/uma-paixao-de-portugal-para-o-mundo\/","url":"https:\/\/riberalves.pt\/a-riberalves\/uma-paixao-de-portugal-para-o-mundo\/","name":"Uma paix\u00e3o de Portugal para o mundo - Riberalves","isPartOf":{"@id":"https:\/\/riberalves.pt\/#website"},"datePublished":"2020-11-04T12:44:59+00:00","dateModified":"2021-05-18T16:16:39+00:00","description":"Uma paix\u00e3o de Portugal para o mundo, A Riberalves exporta para mais de 20 pa\u00edses ao redor do mundo, inclusive o Brasil! Pronto a saber bem!","breadcrumb":{"@id":"https:\/\/riberalves.pt\/a-riberalves\/uma-paixao-de-portugal-para-o-mundo\/#breadcrumb"},"inLanguage":"pt-BR","potentialAction":[{"@type":"ReadAction","target":["https:\/\/riberalves.pt\/a-riberalves\/uma-paixao-de-portugal-para-o-mundo\/"]}]},{"@type":"BreadcrumbList","@id":"https:\/\/riberalves.pt\/a-riberalves\/uma-paixao-de-portugal-para-o-mundo\/#breadcrumb","itemListElement":[{"@type":"ListItem","position":1,"name":"Home","item":"https:\/\/riberalves.pt\/"},{"@type":"ListItem","position":2,"name":"A Riberalves","item":"https:\/\/riberalves.pt\/a-riberalves\/"},{"@type":"ListItem","position":3,"name":"Uma paix\u00e3o de Portugal para o mundo"}]},{"@type":"WebSite","@id":"https:\/\/riberalves.pt\/#website","url":"https:\/\/riberalves.pt\/","name":"Riberalves","description":"O site com as melhores e mais criativas receitas de bacalhau em um \u00fanico lugar!","alternateName":"Riberalves","potentialAction":[{"@type":"SearchAction","target":{"@type":"EntryPoint","urlTemplate":"https:\/\/riberalves.pt\/?s={search_term_string}"},"query-input":{"@type":"PropertyValueSpecification","valueRequired":true,"valueName":"search_term_string"}}],"inLanguage":"pt-BR"}]}},"_links":{"self":[{"href":"https:\/\/riberalves.pt\/pt-br\/wp-json\/wp\/v2\/pages\/2629","targetHints":{"allow":["GET"]}}],"collection":[{"href":"https:\/\/riberalves.pt\/pt-br\/wp-json\/wp\/v2\/pages"}],"about":[{"href":"https:\/\/riberalves.pt\/pt-br\/wp-json\/wp\/v2\/types\/page"}],"author":[{"embeddable":true,"href":"https:\/\/riberalves.pt\/pt-br\/wp-json\/wp\/v2\/users\/5"}],"replies":[{"embeddable":true,"href":"https:\/\/riberalves.pt\/pt-br\/wp-json\/wp\/v2\/comments?post=2629"}],"version-history":[{"count":3,"href":"https:\/\/riberalves.pt\/pt-br\/wp-json\/wp\/v2\/pages\/2629\/revisions"}],"predecessor-version":[{"id":4450,"href":"https:\/\/riberalves.pt\/pt-br\/wp-json\/wp\/v2\/pages\/2629\/revisions\/4450"}],"up":[{"embeddable":true,"href":"https:\/\/riberalves.pt\/pt-br\/wp-json\/wp\/v2\/pages\/2628"}],"wp:attachment":[{"href":"https:\/\/riberalves.pt\/pt-br\/wp-json\/wp\/v2\/media?parent=2629"}],"curies":[{"name":"wp","href":"https:\/\/api.w.org\/{rel}","templated":true}]}}