{"id":2632,"date":"2020-11-04T12:46:17","date_gmt":"2020-11-04T12:46:17","guid":{"rendered":"https:\/\/riberalves.pt\/a-riberalves\/a-maior-fabrica-mundial-do-sector\/"},"modified":"2021-05-18T17:33:23","modified_gmt":"2021-05-18T16:33:23","slug":"a-maior-fabrica-mundial-do-sector","status":"publish","type":"page","link":"https:\/\/riberalves.pt\/pt-br\/a-riberalves\/a-maior-fabrica-mundial-do-sector\/","title":{"rendered":"A maior f\u00e1brica mundial do setor"},"content":{"rendered":"\n<p>A Riberalves produz <strong>25 mil toneladas de bacalhau por ano<\/strong>, o equivalente a cerca de 8% a 10% de todo o bacalhau pescado no mundo. A capacidade produtiva da empresa conheceu um forte impulso a partir do ano 2000, ap\u00f3s o investimento na unidade industrial da Moita, transformada naquela que \u00e9 hoje a maior unidade mundial a operar exclusivamente no setor do bacalhau.\u00a0<\/p>\n\n\n\n<p>Nesta unidade, a Riberalves tem implementada tecnologia pr\u00f3pria, desenvolvida para garantir a produ\u00e7\u00e3o do <strong>Bacalhau Demolhado Ultracongelado<\/strong> \u2013 Ao ponto de preparo, uma categoria de produto que pela sua qualidade e car\u00e1ter pr\u00e1tico, permitiu reinventar o consumo do que \u00e9 conhecido em Portugal como o \u201cfiel amigo\u201d e assim, apontar a novos mercados.\u00a0<\/p>\n","protected":false},"excerpt":{"rendered":"<p>A Riberalves produz 25 mil toneladas de bacalhau por ano, o equivalente a cerca de 8% a 10% de todo o bacalhau pescado no mundo. A capacidade produtiva da empresa conheceu um forte impulso a partir do ano 2000, ap\u00f3s o investimento na unidade industrial da Moita, transformada naquela que \u00e9 hoje a maior unidade [&hellip;]<\/p>\n","protected":false},"author":5,"featured_media":0,"parent":2628,"menu_order":300,"comment_status":"closed","ping_status":"closed","template":"","meta":{"_acf_changed":false,"footnotes":""},"class_list":["post-2632","page","type-page","status-publish","hentry"],"acf":[],"yoast_head":"<!-- This site is optimized with the Yoast SEO plugin v27.5 - https:\/\/yoast.com\/product\/yoast-seo-wordpress\/ -->\n<title>A maior f\u00e1brica mundial do setor - Riberalves<\/title>\n<meta name=\"description\" content=\"A maior f\u00e1brica mundial do setor do Bacalhau pertence a Riberalves e fica em Portugal. O melhor bacalhau de cura portuguesa! Espreita.\" \/>\n<meta name=\"robots\" content=\"index, follow, max-snippet:-1, max-image-preview:large, max-video-preview:-1\" \/>\n<link rel=\"canonical\" href=\"https:\/\/riberalves.pt\/a-riberalves\/a-maior-fabrica-mundial-do-sector\/\" \/>\n<meta property=\"og:locale\" content=\"pt_BR\" \/>\n<meta property=\"og:type\" content=\"article\" \/>\n<meta property=\"og:title\" content=\"A maior f\u00e1brica mundial do setor - Riberalves\" \/>\n<meta property=\"og:description\" content=\"A maior f\u00e1brica mundial do setor do Bacalhau pertence a Riberalves e fica em Portugal. O melhor bacalhau de cura portuguesa! Espreita.\" \/>\n<meta property=\"og:url\" content=\"https:\/\/riberalves.pt\/a-riberalves\/a-maior-fabrica-mundial-do-sector\/\" \/>\n<meta property=\"og:site_name\" content=\"Riberalves\" \/>\n<meta property=\"article:modified_time\" content=\"2021-05-18T16:33:23+00:00\" \/>\n<meta property=\"og:image\" content=\"https:\/\/riberalves.pt\/wp-content\/uploads\/2024\/02\/ribeiralvesOg.png\" \/>\n\t<meta property=\"og:image:width\" content=\"1200\" \/>\n\t<meta property=\"og:image:height\" content=\"630\" \/>\n\t<meta property=\"og:image:type\" content=\"image\/png\" \/>\n<meta name=\"twitter:card\" content=\"summary_large_image\" \/>\n<meta name=\"twitter:label1\" content=\"Est. tempo de leitura\" \/>\n\t<meta name=\"twitter:data1\" content=\"1 minuto\" \/>\n<script type=\"application\/ld+json\" class=\"yoast-schema-graph\">{\"@context\":\"https:\\\/\\\/schema.org\",\"@graph\":[{\"@type\":\"WebPage\",\"@id\":\"https:\\\/\\\/riberalves.pt\\\/a-riberalves\\\/a-maior-fabrica-mundial-do-sector\\\/\",\"url\":\"https:\\\/\\\/riberalves.pt\\\/a-riberalves\\\/a-maior-fabrica-mundial-do-sector\\\/\",\"name\":\"A maior f\u00e1brica mundial do setor - Riberalves\",\"isPartOf\":{\"@id\":\"https:\\\/\\\/riberalves.pt\\\/#website\"},\"datePublished\":\"2020-11-04T12:46:17+00:00\",\"dateModified\":\"2021-05-18T16:33:23+00:00\",\"description\":\"A maior f\u00e1brica mundial do setor do Bacalhau pertence a Riberalves e fica em Portugal. O melhor bacalhau de cura portuguesa! Espreita.\",\"breadcrumb\":{\"@id\":\"https:\\\/\\\/riberalves.pt\\\/a-riberalves\\\/a-maior-fabrica-mundial-do-sector\\\/#breadcrumb\"},\"inLanguage\":\"pt-BR\",\"potentialAction\":[{\"@type\":\"ReadAction\",\"target\":[\"https:\\\/\\\/riberalves.pt\\\/a-riberalves\\\/a-maior-fabrica-mundial-do-sector\\\/\"]}]},{\"@type\":\"BreadcrumbList\",\"@id\":\"https:\\\/\\\/riberalves.pt\\\/a-riberalves\\\/a-maior-fabrica-mundial-do-sector\\\/#breadcrumb\",\"itemListElement\":[{\"@type\":\"ListItem\",\"position\":1,\"name\":\"Home\",\"item\":\"https:\\\/\\\/riberalves.pt\\\/\"},{\"@type\":\"ListItem\",\"position\":2,\"name\":\"A Riberalves\",\"item\":\"https:\\\/\\\/riberalves.pt\\\/a-riberalves\\\/\"},{\"@type\":\"ListItem\",\"position\":3,\"name\":\"A maior f\u00e1brica mundial do setor\"}]},{\"@type\":\"WebSite\",\"@id\":\"https:\\\/\\\/riberalves.pt\\\/#website\",\"url\":\"https:\\\/\\\/riberalves.pt\\\/\",\"name\":\"Riberalves\",\"description\":\"O site com as melhores e mais criativas receitas de bacalhau em um \u00fanico lugar!\",\"alternateName\":\"Riberalves\",\"potentialAction\":[{\"@type\":\"SearchAction\",\"target\":{\"@type\":\"EntryPoint\",\"urlTemplate\":\"https:\\\/\\\/riberalves.pt\\\/?s={search_term_string}\"},\"query-input\":{\"@type\":\"PropertyValueSpecification\",\"valueRequired\":true,\"valueName\":\"search_term_string\"}}],\"inLanguage\":\"pt-BR\"}]}<\/script>\n<!-- \/ Yoast SEO plugin. -->","yoast_head_json":{"title":"A maior f\u00e1brica mundial do setor - Riberalves","description":"A maior f\u00e1brica mundial do setor do Bacalhau pertence a Riberalves e fica em Portugal. O melhor bacalhau de cura portuguesa! Espreita.","robots":{"index":"index","follow":"follow","max-snippet":"max-snippet:-1","max-image-preview":"max-image-preview:large","max-video-preview":"max-video-preview:-1"},"canonical":"https:\/\/riberalves.pt\/a-riberalves\/a-maior-fabrica-mundial-do-sector\/","og_locale":"pt_BR","og_type":"article","og_title":"A maior f\u00e1brica mundial do setor - Riberalves","og_description":"A maior f\u00e1brica mundial do setor do Bacalhau pertence a Riberalves e fica em Portugal. O melhor bacalhau de cura portuguesa! Espreita.","og_url":"https:\/\/riberalves.pt\/a-riberalves\/a-maior-fabrica-mundial-do-sector\/","og_site_name":"Riberalves","article_modified_time":"2021-05-18T16:33:23+00:00","og_image":[{"width":1200,"height":630,"url":"https:\/\/riberalves.pt\/wp-content\/uploads\/2024\/02\/ribeiralvesOg.png","type":"image\/png"}],"twitter_card":"summary_large_image","twitter_misc":{"Est. tempo de leitura":"1 minuto"},"schema":{"@context":"https:\/\/schema.org","@graph":[{"@type":"WebPage","@id":"https:\/\/riberalves.pt\/a-riberalves\/a-maior-fabrica-mundial-do-sector\/","url":"https:\/\/riberalves.pt\/a-riberalves\/a-maior-fabrica-mundial-do-sector\/","name":"A maior f\u00e1brica mundial do setor - Riberalves","isPartOf":{"@id":"https:\/\/riberalves.pt\/#website"},"datePublished":"2020-11-04T12:46:17+00:00","dateModified":"2021-05-18T16:33:23+00:00","description":"A maior f\u00e1brica mundial do setor do Bacalhau pertence a Riberalves e fica em Portugal. O melhor bacalhau de cura portuguesa! Espreita.","breadcrumb":{"@id":"https:\/\/riberalves.pt\/a-riberalves\/a-maior-fabrica-mundial-do-sector\/#breadcrumb"},"inLanguage":"pt-BR","potentialAction":[{"@type":"ReadAction","target":["https:\/\/riberalves.pt\/a-riberalves\/a-maior-fabrica-mundial-do-sector\/"]}]},{"@type":"BreadcrumbList","@id":"https:\/\/riberalves.pt\/a-riberalves\/a-maior-fabrica-mundial-do-sector\/#breadcrumb","itemListElement":[{"@type":"ListItem","position":1,"name":"Home","item":"https:\/\/riberalves.pt\/"},{"@type":"ListItem","position":2,"name":"A Riberalves","item":"https:\/\/riberalves.pt\/a-riberalves\/"},{"@type":"ListItem","position":3,"name":"A maior f\u00e1brica mundial do setor"}]},{"@type":"WebSite","@id":"https:\/\/riberalves.pt\/#website","url":"https:\/\/riberalves.pt\/","name":"Riberalves","description":"O site com as melhores e mais criativas receitas de bacalhau em um \u00fanico lugar!","alternateName":"Riberalves","potentialAction":[{"@type":"SearchAction","target":{"@type":"EntryPoint","urlTemplate":"https:\/\/riberalves.pt\/?s={search_term_string}"},"query-input":{"@type":"PropertyValueSpecification","valueRequired":true,"valueName":"search_term_string"}}],"inLanguage":"pt-BR"}]}},"_links":{"self":[{"href":"https:\/\/riberalves.pt\/pt-br\/wp-json\/wp\/v2\/pages\/2632","targetHints":{"allow":["GET"]}}],"collection":[{"href":"https:\/\/riberalves.pt\/pt-br\/wp-json\/wp\/v2\/pages"}],"about":[{"href":"https:\/\/riberalves.pt\/pt-br\/wp-json\/wp\/v2\/types\/page"}],"author":[{"embeddable":true,"href":"https:\/\/riberalves.pt\/pt-br\/wp-json\/wp\/v2\/users\/5"}],"replies":[{"embeddable":true,"href":"https:\/\/riberalves.pt\/pt-br\/wp-json\/wp\/v2\/comments?post=2632"}],"version-history":[{"count":2,"href":"https:\/\/riberalves.pt\/pt-br\/wp-json\/wp\/v2\/pages\/2632\/revisions"}],"predecessor-version":[{"id":4457,"href":"https:\/\/riberalves.pt\/pt-br\/wp-json\/wp\/v2\/pages\/2632\/revisions\/4457"}],"up":[{"embeddable":true,"href":"https:\/\/riberalves.pt\/pt-br\/wp-json\/wp\/v2\/pages\/2628"}],"wp:attachment":[{"href":"https:\/\/riberalves.pt\/pt-br\/wp-json\/wp\/v2\/media?parent=2632"}],"curies":[{"name":"wp","href":"https:\/\/api.w.org\/{rel}","templated":true}]}}