{"id":2633,"date":"2020-11-04T12:47:15","date_gmt":"2020-11-04T12:47:15","guid":{"rendered":"https:\/\/riberalves.pt\/a-riberalves\/visao\/"},"modified":"2021-05-19T10:27:05","modified_gmt":"2021-05-19T09:27:05","slug":"visao","status":"publish","type":"page","link":"https:\/\/riberalves.pt\/pt-br\/a-riberalves\/visao\/","title":{"rendered":"Vis\u00e3o"},"content":{"rendered":"","protected":false},"excerpt":{"rendered":"","protected":false},"author":5,"featured_media":0,"parent":2628,"menu_order":400,"comment_status":"closed","ping_status":"closed","template":"","meta":{"_acf_changed":false,"footnotes":""},"class_list":["post-2633","page","type-page","status-publish","hentry"],"acf":[],"yoast_head":"<!-- This site is optimized with the Yoast SEO plugin v27.4 - https:\/\/yoast.com\/product\/yoast-seo-wordpress\/ -->\n<title>Vis\u00e3o - Riberalves<\/title>\n<meta name=\"description\" content=\"Aqui voc\u00ea poder\u00e1 ler sobre a Vis\u00e3o da Riberalves como empresa l\u00edder na produ\u00e7\u00e3o de bacalhau com a melhor cura portuguesa. Veja mais!\" \/>\n<meta name=\"robots\" content=\"index, follow, max-snippet:-1, max-image-preview:large, max-video-preview:-1\" \/>\n<link rel=\"canonical\" href=\"https:\/\/riberalves.pt\/a-riberalves\/visao\/\" \/>\n<meta property=\"og:locale\" content=\"pt_BR\" \/>\n<meta property=\"og:type\" content=\"article\" \/>\n<meta property=\"og:title\" content=\"Vis\u00e3o - Riberalves\" \/>\n<meta property=\"og:description\" content=\"Aqui voc\u00ea poder\u00e1 ler sobre a Vis\u00e3o da Riberalves como empresa l\u00edder na produ\u00e7\u00e3o de bacalhau com a melhor cura portuguesa. Veja mais!\" \/>\n<meta property=\"og:url\" content=\"https:\/\/riberalves.pt\/a-riberalves\/visao\/\" \/>\n<meta property=\"og:site_name\" content=\"Riberalves\" \/>\n<meta property=\"article:modified_time\" content=\"2021-05-19T09:27:05+00:00\" \/>\n<meta property=\"og:image\" content=\"https:\/\/riberalves.pt\/wp-content\/uploads\/2024\/02\/ribeiralvesOg.png\" \/>\n\t<meta property=\"og:image:width\" content=\"1200\" \/>\n\t<meta property=\"og:image:height\" content=\"630\" \/>\n\t<meta property=\"og:image:type\" content=\"image\/png\" \/>\n<meta name=\"twitter:card\" content=\"summary_large_image\" \/>\n<script type=\"application\/ld+json\" class=\"yoast-schema-graph\">{\"@context\":\"https:\\\/\\\/schema.org\",\"@graph\":[{\"@type\":\"WebPage\",\"@id\":\"https:\\\/\\\/riberalves.pt\\\/a-riberalves\\\/visao\\\/\",\"url\":\"https:\\\/\\\/riberalves.pt\\\/a-riberalves\\\/visao\\\/\",\"name\":\"Vis\u00e3o - Riberalves\",\"isPartOf\":{\"@id\":\"https:\\\/\\\/riberalves.pt\\\/#website\"},\"datePublished\":\"2020-11-04T12:47:15+00:00\",\"dateModified\":\"2021-05-19T09:27:05+00:00\",\"description\":\"Aqui voc\u00ea poder\u00e1 ler sobre a Vis\u00e3o da Riberalves como empresa l\u00edder na produ\u00e7\u00e3o de bacalhau com a melhor cura portuguesa. Veja mais!\",\"breadcrumb\":{\"@id\":\"https:\\\/\\\/riberalves.pt\\\/a-riberalves\\\/visao\\\/#breadcrumb\"},\"inLanguage\":\"pt-BR\",\"potentialAction\":[{\"@type\":\"ReadAction\",\"target\":[\"https:\\\/\\\/riberalves.pt\\\/a-riberalves\\\/visao\\\/\"]}]},{\"@type\":\"BreadcrumbList\",\"@id\":\"https:\\\/\\\/riberalves.pt\\\/a-riberalves\\\/visao\\\/#breadcrumb\",\"itemListElement\":[{\"@type\":\"ListItem\",\"position\":1,\"name\":\"Home\",\"item\":\"https:\\\/\\\/riberalves.pt\\\/\"},{\"@type\":\"ListItem\",\"position\":2,\"name\":\"A Riberalves\",\"item\":\"https:\\\/\\\/riberalves.pt\\\/a-riberalves\\\/\"},{\"@type\":\"ListItem\",\"position\":3,\"name\":\"Vis\u00e3o\"}]},{\"@type\":\"WebSite\",\"@id\":\"https:\\\/\\\/riberalves.pt\\\/#website\",\"url\":\"https:\\\/\\\/riberalves.pt\\\/\",\"name\":\"Riberalves\",\"description\":\"O site com as melhores e mais criativas receitas de bacalhau em um \u00fanico lugar!\",\"alternateName\":\"Riberalves\",\"potentialAction\":[{\"@type\":\"SearchAction\",\"target\":{\"@type\":\"EntryPoint\",\"urlTemplate\":\"https:\\\/\\\/riberalves.pt\\\/?s={search_term_string}\"},\"query-input\":{\"@type\":\"PropertyValueSpecification\",\"valueRequired\":true,\"valueName\":\"search_term_string\"}}],\"inLanguage\":\"pt-BR\"}]}<\/script>\n<!-- \/ Yoast SEO plugin. -->","yoast_head_json":{"title":"Vis\u00e3o - Riberalves","description":"Aqui voc\u00ea poder\u00e1 ler sobre a Vis\u00e3o da Riberalves como empresa l\u00edder na produ\u00e7\u00e3o de bacalhau com a melhor cura portuguesa. Veja mais!","robots":{"index":"index","follow":"follow","max-snippet":"max-snippet:-1","max-image-preview":"max-image-preview:large","max-video-preview":"max-video-preview:-1"},"canonical":"https:\/\/riberalves.pt\/a-riberalves\/visao\/","og_locale":"pt_BR","og_type":"article","og_title":"Vis\u00e3o - Riberalves","og_description":"Aqui voc\u00ea poder\u00e1 ler sobre a Vis\u00e3o da Riberalves como empresa l\u00edder na produ\u00e7\u00e3o de bacalhau com a melhor cura portuguesa. Veja mais!","og_url":"https:\/\/riberalves.pt\/a-riberalves\/visao\/","og_site_name":"Riberalves","article_modified_time":"2021-05-19T09:27:05+00:00","og_image":[{"width":1200,"height":630,"url":"https:\/\/riberalves.pt\/wp-content\/uploads\/2024\/02\/ribeiralvesOg.png","type":"image\/png"}],"twitter_card":"summary_large_image","schema":{"@context":"https:\/\/schema.org","@graph":[{"@type":"WebPage","@id":"https:\/\/riberalves.pt\/a-riberalves\/visao\/","url":"https:\/\/riberalves.pt\/a-riberalves\/visao\/","name":"Vis\u00e3o - Riberalves","isPartOf":{"@id":"https:\/\/riberalves.pt\/#website"},"datePublished":"2020-11-04T12:47:15+00:00","dateModified":"2021-05-19T09:27:05+00:00","description":"Aqui voc\u00ea poder\u00e1 ler sobre a Vis\u00e3o da Riberalves como empresa l\u00edder na produ\u00e7\u00e3o de bacalhau com a melhor cura portuguesa. Veja mais!","breadcrumb":{"@id":"https:\/\/riberalves.pt\/a-riberalves\/visao\/#breadcrumb"},"inLanguage":"pt-BR","potentialAction":[{"@type":"ReadAction","target":["https:\/\/riberalves.pt\/a-riberalves\/visao\/"]}]},{"@type":"BreadcrumbList","@id":"https:\/\/riberalves.pt\/a-riberalves\/visao\/#breadcrumb","itemListElement":[{"@type":"ListItem","position":1,"name":"Home","item":"https:\/\/riberalves.pt\/"},{"@type":"ListItem","position":2,"name":"A Riberalves","item":"https:\/\/riberalves.pt\/a-riberalves\/"},{"@type":"ListItem","position":3,"name":"Vis\u00e3o"}]},{"@type":"WebSite","@id":"https:\/\/riberalves.pt\/#website","url":"https:\/\/riberalves.pt\/","name":"Riberalves","description":"O site com as melhores e mais criativas receitas de bacalhau em um \u00fanico lugar!","alternateName":"Riberalves","potentialAction":[{"@type":"SearchAction","target":{"@type":"EntryPoint","urlTemplate":"https:\/\/riberalves.pt\/?s={search_term_string}"},"query-input":{"@type":"PropertyValueSpecification","valueRequired":true,"valueName":"search_term_string"}}],"inLanguage":"pt-BR"}]}},"_links":{"self":[{"href":"https:\/\/riberalves.pt\/pt-br\/wp-json\/wp\/v2\/pages\/2633","targetHints":{"allow":["GET"]}}],"collection":[{"href":"https:\/\/riberalves.pt\/pt-br\/wp-json\/wp\/v2\/pages"}],"about":[{"href":"https:\/\/riberalves.pt\/pt-br\/wp-json\/wp\/v2\/types\/page"}],"author":[{"embeddable":true,"href":"https:\/\/riberalves.pt\/pt-br\/wp-json\/wp\/v2\/users\/5"}],"replies":[{"embeddable":true,"href":"https:\/\/riberalves.pt\/pt-br\/wp-json\/wp\/v2\/comments?post=2633"}],"version-history":[{"count":1,"href":"https:\/\/riberalves.pt\/pt-br\/wp-json\/wp\/v2\/pages\/2633\/revisions"}],"predecessor-version":[{"id":2655,"href":"https:\/\/riberalves.pt\/pt-br\/wp-json\/wp\/v2\/pages\/2633\/revisions\/2655"}],"up":[{"embeddable":true,"href":"https:\/\/riberalves.pt\/pt-br\/wp-json\/wp\/v2\/pages\/2628"}],"wp:attachment":[{"href":"https:\/\/riberalves.pt\/pt-br\/wp-json\/wp\/v2\/media?parent=2633"}],"curies":[{"name":"wp","href":"https:\/\/api.w.org\/{rel}","templated":true}]}}