{"id":2644,"date":"2020-11-04T12:48:25","date_gmt":"2020-11-04T12:48:25","guid":{"rendered":"https:\/\/riberalves.pt\/a-riberalves\/uma-grande-familia\/"},"modified":"2021-05-19T10:47:25","modified_gmt":"2021-05-19T09:47:25","slug":"uma-grande-familia","status":"publish","type":"page","link":"https:\/\/riberalves.pt\/pt-br\/a-riberalves\/uma-grande-familia\/","title":{"rendered":"Uma grande fam\u00edlia"},"content":{"rendered":"\n<p>A Riberalves \u00e9 uma empresa 100% portuguesa, de origem familiar, que preserva os valores institu\u00eddos pelos seus fundadores. Ricardo e Bernardo Alves, os nomes que inspiraram a o nome da empresa, constituem juntamente com os pais, Jo\u00e3o Alves e Manuela Alves, a estrutura administrativa de um grupo vem desenvolvendo-se ano ap\u00f3s ano, somando hoje cerca de 500 colaboradores. <\/p>\n\n\n\n<p>Mais do que uma empresa, a <a href=\"https:\/\/www.instagram.com\/bacalhauriberalves_br\/\" target=\"_blank\" rel=\"noreferrer noopener\">Riberalves<\/a> tornou-se uma grande fam\u00edlia que vem compartilhando com os portugueses e com os <a href=\"https:\/\/riberalves.pt\/receitas\/?sk=\" target=\"_blank\" rel=\"noreferrer noopener\">consumidores de bacalhau<\/a> do mundo todo, uma extraordin\u00e1ria paix\u00e3o. <\/p>\n","protected":false},"excerpt":{"rendered":"<p>A Riberalves \u00e9 uma empresa 100% portuguesa, de origem familiar, que preserva os valores institu\u00eddos pelos seus fundadores. Ricardo e Bernardo Alves, os nomes que inspiraram a o nome da empresa, constituem juntamente com os pais, Jo\u00e3o Alves e Manuela Alves, a estrutura administrativa de um grupo vem desenvolvendo-se ano ap\u00f3s ano, somando hoje cerca [&hellip;]<\/p>\n","protected":false},"author":5,"featured_media":0,"parent":2628,"menu_order":600,"comment_status":"closed","ping_status":"closed","template":"","meta":{"_acf_changed":false,"footnotes":""},"class_list":["post-2644","page","type-page","status-publish","hentry"],"acf":[],"yoast_head":"<!-- This site is optimized with the Yoast SEO plugin v27.4 - https:\/\/yoast.com\/product\/yoast-seo-wordpress\/ -->\n<title>Uma grande fam\u00edlia - Riberalves<\/title>\n<meta name=\"description\" content=\"E \u00e9 isto que a Riberalves \u00e9: Uma grande fam\u00edlia que h\u00e1 35 anos produz com paix\u00e3o e dedica\u00e7\u00e3o o melhor bacalhau de cura portuguesa. Vem ver!\" \/>\n<meta name=\"robots\" content=\"index, follow, max-snippet:-1, max-image-preview:large, max-video-preview:-1\" \/>\n<link rel=\"canonical\" href=\"https:\/\/riberalves.pt\/a-riberalves\/uma-grande-familia\/\" \/>\n<meta property=\"og:locale\" content=\"pt_BR\" \/>\n<meta property=\"og:type\" content=\"article\" \/>\n<meta property=\"og:title\" content=\"Uma grande fam\u00edlia - Riberalves\" \/>\n<meta property=\"og:description\" content=\"E \u00e9 isto que a Riberalves \u00e9: Uma grande fam\u00edlia que h\u00e1 35 anos produz com paix\u00e3o e dedica\u00e7\u00e3o o melhor bacalhau de cura portuguesa. Vem ver!\" \/>\n<meta property=\"og:url\" content=\"https:\/\/riberalves.pt\/a-riberalves\/uma-grande-familia\/\" \/>\n<meta property=\"og:site_name\" content=\"Riberalves\" \/>\n<meta property=\"article:modified_time\" content=\"2021-05-19T09:47:25+00:00\" \/>\n<meta property=\"og:image\" content=\"https:\/\/riberalves.pt\/wp-content\/uploads\/2024\/02\/ribeiralvesOg.png\" \/>\n\t<meta property=\"og:image:width\" content=\"1200\" \/>\n\t<meta property=\"og:image:height\" content=\"630\" \/>\n\t<meta property=\"og:image:type\" content=\"image\/png\" \/>\n<meta name=\"twitter:card\" content=\"summary_large_image\" \/>\n<meta name=\"twitter:label1\" content=\"Est. tempo de leitura\" \/>\n\t<meta name=\"twitter:data1\" content=\"1 minuto\" \/>\n<script type=\"application\/ld+json\" class=\"yoast-schema-graph\">{\"@context\":\"https:\\\/\\\/schema.org\",\"@graph\":[{\"@type\":\"WebPage\",\"@id\":\"https:\\\/\\\/riberalves.pt\\\/a-riberalves\\\/uma-grande-familia\\\/\",\"url\":\"https:\\\/\\\/riberalves.pt\\\/a-riberalves\\\/uma-grande-familia\\\/\",\"name\":\"Uma grande fam\u00edlia - Riberalves\",\"isPartOf\":{\"@id\":\"https:\\\/\\\/riberalves.pt\\\/#website\"},\"datePublished\":\"2020-11-04T12:48:25+00:00\",\"dateModified\":\"2021-05-19T09:47:25+00:00\",\"description\":\"E \u00e9 isto que a Riberalves \u00e9: Uma grande fam\u00edlia que h\u00e1 35 anos produz com paix\u00e3o e dedica\u00e7\u00e3o o melhor bacalhau de cura portuguesa. Vem ver!\",\"breadcrumb\":{\"@id\":\"https:\\\/\\\/riberalves.pt\\\/a-riberalves\\\/uma-grande-familia\\\/#breadcrumb\"},\"inLanguage\":\"pt-BR\",\"potentialAction\":[{\"@type\":\"ReadAction\",\"target\":[\"https:\\\/\\\/riberalves.pt\\\/a-riberalves\\\/uma-grande-familia\\\/\"]}]},{\"@type\":\"BreadcrumbList\",\"@id\":\"https:\\\/\\\/riberalves.pt\\\/a-riberalves\\\/uma-grande-familia\\\/#breadcrumb\",\"itemListElement\":[{\"@type\":\"ListItem\",\"position\":1,\"name\":\"Home\",\"item\":\"https:\\\/\\\/riberalves.pt\\\/\"},{\"@type\":\"ListItem\",\"position\":2,\"name\":\"A Riberalves\",\"item\":\"https:\\\/\\\/riberalves.pt\\\/a-riberalves\\\/\"},{\"@type\":\"ListItem\",\"position\":3,\"name\":\"Uma grande fam\u00edlia\"}]},{\"@type\":\"WebSite\",\"@id\":\"https:\\\/\\\/riberalves.pt\\\/#website\",\"url\":\"https:\\\/\\\/riberalves.pt\\\/\",\"name\":\"Riberalves\",\"description\":\"O site com as melhores e mais criativas receitas de bacalhau em um \u00fanico lugar!\",\"alternateName\":\"Riberalves\",\"potentialAction\":[{\"@type\":\"SearchAction\",\"target\":{\"@type\":\"EntryPoint\",\"urlTemplate\":\"https:\\\/\\\/riberalves.pt\\\/?s={search_term_string}\"},\"query-input\":{\"@type\":\"PropertyValueSpecification\",\"valueRequired\":true,\"valueName\":\"search_term_string\"}}],\"inLanguage\":\"pt-BR\"}]}<\/script>\n<!-- \/ Yoast SEO plugin. -->","yoast_head_json":{"title":"Uma grande fam\u00edlia - Riberalves","description":"E \u00e9 isto que a Riberalves \u00e9: Uma grande fam\u00edlia que h\u00e1 35 anos produz com paix\u00e3o e dedica\u00e7\u00e3o o melhor bacalhau de cura portuguesa. Vem ver!","robots":{"index":"index","follow":"follow","max-snippet":"max-snippet:-1","max-image-preview":"max-image-preview:large","max-video-preview":"max-video-preview:-1"},"canonical":"https:\/\/riberalves.pt\/a-riberalves\/uma-grande-familia\/","og_locale":"pt_BR","og_type":"article","og_title":"Uma grande fam\u00edlia - Riberalves","og_description":"E \u00e9 isto que a Riberalves \u00e9: Uma grande fam\u00edlia que h\u00e1 35 anos produz com paix\u00e3o e dedica\u00e7\u00e3o o melhor bacalhau de cura portuguesa. Vem ver!","og_url":"https:\/\/riberalves.pt\/a-riberalves\/uma-grande-familia\/","og_site_name":"Riberalves","article_modified_time":"2021-05-19T09:47:25+00:00","og_image":[{"width":1200,"height":630,"url":"https:\/\/riberalves.pt\/wp-content\/uploads\/2024\/02\/ribeiralvesOg.png","type":"image\/png"}],"twitter_card":"summary_large_image","twitter_misc":{"Est. tempo de leitura":"1 minuto"},"schema":{"@context":"https:\/\/schema.org","@graph":[{"@type":"WebPage","@id":"https:\/\/riberalves.pt\/a-riberalves\/uma-grande-familia\/","url":"https:\/\/riberalves.pt\/a-riberalves\/uma-grande-familia\/","name":"Uma grande fam\u00edlia - Riberalves","isPartOf":{"@id":"https:\/\/riberalves.pt\/#website"},"datePublished":"2020-11-04T12:48:25+00:00","dateModified":"2021-05-19T09:47:25+00:00","description":"E \u00e9 isto que a Riberalves \u00e9: Uma grande fam\u00edlia que h\u00e1 35 anos produz com paix\u00e3o e dedica\u00e7\u00e3o o melhor bacalhau de cura portuguesa. Vem ver!","breadcrumb":{"@id":"https:\/\/riberalves.pt\/a-riberalves\/uma-grande-familia\/#breadcrumb"},"inLanguage":"pt-BR","potentialAction":[{"@type":"ReadAction","target":["https:\/\/riberalves.pt\/a-riberalves\/uma-grande-familia\/"]}]},{"@type":"BreadcrumbList","@id":"https:\/\/riberalves.pt\/a-riberalves\/uma-grande-familia\/#breadcrumb","itemListElement":[{"@type":"ListItem","position":1,"name":"Home","item":"https:\/\/riberalves.pt\/"},{"@type":"ListItem","position":2,"name":"A Riberalves","item":"https:\/\/riberalves.pt\/a-riberalves\/"},{"@type":"ListItem","position":3,"name":"Uma grande fam\u00edlia"}]},{"@type":"WebSite","@id":"https:\/\/riberalves.pt\/#website","url":"https:\/\/riberalves.pt\/","name":"Riberalves","description":"O site com as melhores e mais criativas receitas de bacalhau em um \u00fanico lugar!","alternateName":"Riberalves","potentialAction":[{"@type":"SearchAction","target":{"@type":"EntryPoint","urlTemplate":"https:\/\/riberalves.pt\/?s={search_term_string}"},"query-input":{"@type":"PropertyValueSpecification","valueRequired":true,"valueName":"search_term_string"}}],"inLanguage":"pt-BR"}]}},"_links":{"self":[{"href":"https:\/\/riberalves.pt\/pt-br\/wp-json\/wp\/v2\/pages\/2644","targetHints":{"allow":["GET"]}}],"collection":[{"href":"https:\/\/riberalves.pt\/pt-br\/wp-json\/wp\/v2\/pages"}],"about":[{"href":"https:\/\/riberalves.pt\/pt-br\/wp-json\/wp\/v2\/types\/page"}],"author":[{"embeddable":true,"href":"https:\/\/riberalves.pt\/pt-br\/wp-json\/wp\/v2\/users\/5"}],"replies":[{"embeddable":true,"href":"https:\/\/riberalves.pt\/pt-br\/wp-json\/wp\/v2\/comments?post=2644"}],"version-history":[{"count":4,"href":"https:\/\/riberalves.pt\/pt-br\/wp-json\/wp\/v2\/pages\/2644\/revisions"}],"predecessor-version":[{"id":4477,"href":"https:\/\/riberalves.pt\/pt-br\/wp-json\/wp\/v2\/pages\/2644\/revisions\/4477"}],"up":[{"embeddable":true,"href":"https:\/\/riberalves.pt\/pt-br\/wp-json\/wp\/v2\/pages\/2628"}],"wp:attachment":[{"href":"https:\/\/riberalves.pt\/pt-br\/wp-json\/wp\/v2\/media?parent=2644"}],"curies":[{"name":"wp","href":"https:\/\/api.w.org\/{rel}","templated":true}]}}