{"id":2677,"date":"2020-11-02T10:31:55","date_gmt":"2020-11-02T10:31:55","guid":{"rendered":"https:\/\/riberalves.pt\/o-bacalhau\/"},"modified":"2021-05-19T12:35:35","modified_gmt":"2021-05-19T11:35:35","slug":"o-bacalhau","status":"publish","type":"page","link":"https:\/\/riberalves.pt\/pt-br\/o-bacalhau\/","title":{"rendered":"O Bacalhau"},"content":{"rendered":"","protected":false},"excerpt":{"rendered":"","protected":false},"author":5,"featured_media":2679,"parent":0,"menu_order":0,"comment_status":"closed","ping_status":"closed","template":"","meta":{"_acf_changed":false,"footnotes":""},"class_list":["post-2677","page","type-page","status-publish","has-post-thumbnail","hentry"],"acf":[],"yoast_head":"<!-- This site is optimized with the Yoast SEO plugin v27.5 - https:\/\/yoast.com\/product\/yoast-seo-wordpress\/ -->\n<title>O Bacalhau - Riberalves<\/title>\n<meta name=\"description\" content=\"Informa\u00e7\u00f5es sobre o bacalhau, origem, esp\u00e9cie, hist\u00f3ria, s\u00edmbolo nacional em Portugal, processo de produ\u00e7\u00e3o e curiosidades. Riberalves.\" \/>\n<meta name=\"robots\" content=\"index, follow, max-snippet:-1, max-image-preview:large, max-video-preview:-1\" \/>\n<link rel=\"canonical\" href=\"https:\/\/riberalves.pt\/pt-br\/o-bacalhau\/\" \/>\n<meta property=\"og:locale\" content=\"pt_BR\" \/>\n<meta property=\"og:type\" content=\"article\" \/>\n<meta property=\"og:title\" content=\"O Bacalhau - Riberalves\" \/>\n<meta property=\"og:description\" content=\"Informa\u00e7\u00f5es sobre o bacalhau, origem, esp\u00e9cie, hist\u00f3ria, s\u00edmbolo nacional em Portugal, processo de produ\u00e7\u00e3o e curiosidades. Riberalves.\" \/>\n<meta property=\"og:url\" content=\"https:\/\/riberalves.pt\/pt-br\/o-bacalhau\/\" \/>\n<meta property=\"og:site_name\" content=\"Riberalves\" \/>\n<meta property=\"article:modified_time\" content=\"2021-05-19T11:35:35+00:00\" \/>\n<meta property=\"og:image\" content=\"https:\/\/riberalves.pt\/wp-content\/uploads\/2020\/12\/Fotocapaobacalhau-VF-.png.jpg\" \/>\n\t<meta property=\"og:image:width\" content=\"1856\" \/>\n\t<meta property=\"og:image:height\" content=\"444\" \/>\n\t<meta property=\"og:image:type\" content=\"image\/jpeg\" \/>\n<meta name=\"twitter:card\" content=\"summary_large_image\" \/>\n<script type=\"application\/ld+json\" class=\"yoast-schema-graph\">{\"@context\":\"https:\\\/\\\/schema.org\",\"@graph\":[{\"@type\":\"WebPage\",\"@id\":\"https:\\\/\\\/riberalves.pt\\\/pt-br\\\/o-bacalhau\\\/\",\"url\":\"https:\\\/\\\/riberalves.pt\\\/pt-br\\\/o-bacalhau\\\/\",\"name\":\"O Bacalhau - Riberalves\",\"isPartOf\":{\"@id\":\"https:\\\/\\\/riberalves.pt\\\/#website\"},\"primaryImageOfPage\":{\"@id\":\"https:\\\/\\\/riberalves.pt\\\/pt-br\\\/o-bacalhau\\\/#primaryimage\"},\"image\":{\"@id\":\"https:\\\/\\\/riberalves.pt\\\/pt-br\\\/o-bacalhau\\\/#primaryimage\"},\"thumbnailUrl\":\"https:\\\/\\\/riberalves.pt\\\/wp-content\\\/uploads\\\/2020\\\/12\\\/Fotocapaobacalhau-VF-.png.jpg\",\"datePublished\":\"2020-11-02T10:31:55+00:00\",\"dateModified\":\"2021-05-19T11:35:35+00:00\",\"description\":\"Informa\u00e7\u00f5es sobre o bacalhau, origem, esp\u00e9cie, hist\u00f3ria, s\u00edmbolo nacional em Portugal, processo de produ\u00e7\u00e3o e curiosidades. Riberalves.\",\"breadcrumb\":{\"@id\":\"https:\\\/\\\/riberalves.pt\\\/pt-br\\\/o-bacalhau\\\/#breadcrumb\"},\"inLanguage\":\"pt-BR\",\"potentialAction\":[{\"@type\":\"ReadAction\",\"target\":[\"https:\\\/\\\/riberalves.pt\\\/pt-br\\\/o-bacalhau\\\/\"]}]},{\"@type\":\"ImageObject\",\"inLanguage\":\"pt-BR\",\"@id\":\"https:\\\/\\\/riberalves.pt\\\/pt-br\\\/o-bacalhau\\\/#primaryimage\",\"url\":\"https:\\\/\\\/riberalves.pt\\\/wp-content\\\/uploads\\\/2020\\\/12\\\/Fotocapaobacalhau-VF-.png.jpg\",\"contentUrl\":\"https:\\\/\\\/riberalves.pt\\\/wp-content\\\/uploads\\\/2020\\\/12\\\/Fotocapaobacalhau-VF-.png.jpg\",\"width\":1856,\"height\":444,\"caption\":\"O Bacalhau Riberalves - Hist\u00f3ria e muito mais!\"},{\"@type\":\"BreadcrumbList\",\"@id\":\"https:\\\/\\\/riberalves.pt\\\/pt-br\\\/o-bacalhau\\\/#breadcrumb\",\"itemListElement\":[{\"@type\":\"ListItem\",\"position\":1,\"name\":\"Home\",\"item\":\"https:\\\/\\\/riberalves.pt\\\/\"},{\"@type\":\"ListItem\",\"position\":2,\"name\":\"O Bacalhau\"}]},{\"@type\":\"WebSite\",\"@id\":\"https:\\\/\\\/riberalves.pt\\\/#website\",\"url\":\"https:\\\/\\\/riberalves.pt\\\/\",\"name\":\"Riberalves\",\"description\":\"O site com as melhores e mais criativas receitas de bacalhau em um \u00fanico lugar!\",\"alternateName\":\"Riberalves\",\"potentialAction\":[{\"@type\":\"SearchAction\",\"target\":{\"@type\":\"EntryPoint\",\"urlTemplate\":\"https:\\\/\\\/riberalves.pt\\\/?s={search_term_string}\"},\"query-input\":{\"@type\":\"PropertyValueSpecification\",\"valueRequired\":true,\"valueName\":\"search_term_string\"}}],\"inLanguage\":\"pt-BR\"}]}<\/script>\n<!-- \/ Yoast SEO plugin. -->","yoast_head_json":{"title":"O Bacalhau - Riberalves","description":"Informa\u00e7\u00f5es sobre o bacalhau, origem, esp\u00e9cie, hist\u00f3ria, s\u00edmbolo nacional em Portugal, processo de produ\u00e7\u00e3o e curiosidades. Riberalves.","robots":{"index":"index","follow":"follow","max-snippet":"max-snippet:-1","max-image-preview":"max-image-preview:large","max-video-preview":"max-video-preview:-1"},"canonical":"https:\/\/riberalves.pt\/pt-br\/o-bacalhau\/","og_locale":"pt_BR","og_type":"article","og_title":"O Bacalhau - Riberalves","og_description":"Informa\u00e7\u00f5es sobre o bacalhau, origem, esp\u00e9cie, hist\u00f3ria, s\u00edmbolo nacional em Portugal, processo de produ\u00e7\u00e3o e curiosidades. Riberalves.","og_url":"https:\/\/riberalves.pt\/pt-br\/o-bacalhau\/","og_site_name":"Riberalves","article_modified_time":"2021-05-19T11:35:35+00:00","og_image":[{"width":1856,"height":444,"url":"https:\/\/riberalves.pt\/wp-content\/uploads\/2020\/12\/Fotocapaobacalhau-VF-.png.jpg","type":"image\/jpeg"}],"twitter_card":"summary_large_image","schema":{"@context":"https:\/\/schema.org","@graph":[{"@type":"WebPage","@id":"https:\/\/riberalves.pt\/pt-br\/o-bacalhau\/","url":"https:\/\/riberalves.pt\/pt-br\/o-bacalhau\/","name":"O Bacalhau - Riberalves","isPartOf":{"@id":"https:\/\/riberalves.pt\/#website"},"primaryImageOfPage":{"@id":"https:\/\/riberalves.pt\/pt-br\/o-bacalhau\/#primaryimage"},"image":{"@id":"https:\/\/riberalves.pt\/pt-br\/o-bacalhau\/#primaryimage"},"thumbnailUrl":"https:\/\/riberalves.pt\/wp-content\/uploads\/2020\/12\/Fotocapaobacalhau-VF-.png.jpg","datePublished":"2020-11-02T10:31:55+00:00","dateModified":"2021-05-19T11:35:35+00:00","description":"Informa\u00e7\u00f5es sobre o bacalhau, origem, esp\u00e9cie, hist\u00f3ria, s\u00edmbolo nacional em Portugal, processo de produ\u00e7\u00e3o e curiosidades. Riberalves.","breadcrumb":{"@id":"https:\/\/riberalves.pt\/pt-br\/o-bacalhau\/#breadcrumb"},"inLanguage":"pt-BR","potentialAction":[{"@type":"ReadAction","target":["https:\/\/riberalves.pt\/pt-br\/o-bacalhau\/"]}]},{"@type":"ImageObject","inLanguage":"pt-BR","@id":"https:\/\/riberalves.pt\/pt-br\/o-bacalhau\/#primaryimage","url":"https:\/\/riberalves.pt\/wp-content\/uploads\/2020\/12\/Fotocapaobacalhau-VF-.png.jpg","contentUrl":"https:\/\/riberalves.pt\/wp-content\/uploads\/2020\/12\/Fotocapaobacalhau-VF-.png.jpg","width":1856,"height":444,"caption":"O Bacalhau Riberalves - Hist\u00f3ria e muito mais!"},{"@type":"BreadcrumbList","@id":"https:\/\/riberalves.pt\/pt-br\/o-bacalhau\/#breadcrumb","itemListElement":[{"@type":"ListItem","position":1,"name":"Home","item":"https:\/\/riberalves.pt\/"},{"@type":"ListItem","position":2,"name":"O Bacalhau"}]},{"@type":"WebSite","@id":"https:\/\/riberalves.pt\/#website","url":"https:\/\/riberalves.pt\/","name":"Riberalves","description":"O site com as melhores e mais criativas receitas de bacalhau em um \u00fanico lugar!","alternateName":"Riberalves","potentialAction":[{"@type":"SearchAction","target":{"@type":"EntryPoint","urlTemplate":"https:\/\/riberalves.pt\/?s={search_term_string}"},"query-input":{"@type":"PropertyValueSpecification","valueRequired":true,"valueName":"search_term_string"}}],"inLanguage":"pt-BR"}]}},"_links":{"self":[{"href":"https:\/\/riberalves.pt\/pt-br\/wp-json\/wp\/v2\/pages\/2677","targetHints":{"allow":["GET"]}}],"collection":[{"href":"https:\/\/riberalves.pt\/pt-br\/wp-json\/wp\/v2\/pages"}],"about":[{"href":"https:\/\/riberalves.pt\/pt-br\/wp-json\/wp\/v2\/types\/page"}],"author":[{"embeddable":true,"href":"https:\/\/riberalves.pt\/pt-br\/wp-json\/wp\/v2\/users\/5"}],"replies":[{"embeddable":true,"href":"https:\/\/riberalves.pt\/pt-br\/wp-json\/wp\/v2\/comments?post=2677"}],"version-history":[{"count":1,"href":"https:\/\/riberalves.pt\/pt-br\/wp-json\/wp\/v2\/pages\/2677\/revisions"}],"predecessor-version":[{"id":2697,"href":"https:\/\/riberalves.pt\/pt-br\/wp-json\/wp\/v2\/pages\/2677\/revisions\/2697"}],"wp:featuredmedia":[{"embeddable":true,"href":"https:\/\/riberalves.pt\/pt-br\/wp-json\/wp\/v2\/media\/2679"}],"wp:attachment":[{"href":"https:\/\/riberalves.pt\/pt-br\/wp-json\/wp\/v2\/media?parent=2677"}],"curies":[{"name":"wp","href":"https:\/\/api.w.org\/{rel}","templated":true}]}}