{"id":2680,"date":"2020-11-03T10:51:53","date_gmt":"2020-11-03T10:51:53","guid":{"rendered":"https:\/\/riberalves.pt\/o-bacalhau\/curiosidades\/"},"modified":"2021-06-09T10:32:34","modified_gmt":"2021-06-09T09:32:34","slug":"curiosidades","status":"publish","type":"page","link":"https:\/\/riberalves.pt\/pt-br\/o-bacalhau\/curiosidades\/","title":{"rendered":"Curiosidades sobre o Bacalhau"},"content":{"rendered":"\n<h1 class=\"wp-block-heading\"><strong>A ORIGEM DAS RECEITAS<\/strong><\/h1>\n\n\n\n<h2 class=\"has-text-align-center wp-block-heading\"><strong>O Bacalhau \u00e0 Gomes de S\u00e1<\/strong><\/h2>\n\n\n\n<div class=\"wp-block-columns are-vertically-aligned-center is-layout-flex wp-container-core-columns-is-layout-9d6595d7 wp-block-columns-is-layout-flex\">\n<div class=\"wp-block-column is-vertically-aligned-center is-layout-flow wp-block-column-is-layout-flow\">\n<p>Tudo come\u00e7ou num restaurante, chamado o Lisbonense, localizado na cidade do Porto, ao norte de Portugal.&nbsp;<\/p>\n\n\n\n<p>Jos\u00e9 Lu\u00eds Gomes de S\u00e1 (1851-1926), filho de um comerciante de bacalhau, criou a receita que ficou com o seu nome e se tornou num \u00edcone da tradicional gastronomia portuguesa: Bacalhau \u00e0 Gomes de S\u00e1.&nbsp;<\/p>\n\n\n\n<p>Tal como em outras receitas de bacalhau, os ingredientes base s\u00e3o: o bacalhau, a batata e o azeite. O prato define-se pela delicadeza das lascas de bacalhau, muito macias, que se destacam, envolvidas nos restantes ingredientes.<\/p>\n<\/div>\n\n\n\n<div class=\"wp-block-column is-vertically-aligned-center is-layout-flow wp-block-column-is-layout-flow\">\n<figure class=\"wp-block-image size-medium is-resized is-style-default\"><img loading=\"lazy\" decoding=\"async\" src=\"https:\/\/riberalves.pt\/_riberalves\/wp-content\/uploads\/2020\/11\/image-obacalhau-curiosidades-1-800x411.jpg\" alt=\"Uma tradicional receita de Bacalhau com o melhor bacalhau curado no sal, a tradicional cura portuguesa. Que tal espreitar um pouco sobre a hist\u00f3ria dessa tradicional refei\u00e7\u00e3o portuguesa? \" class=\"wp-image-2702\" width=\"404\" height=\"207\" srcset=\"https:\/\/riberalves.pt\/wp-content\/uploads\/2020\/11\/image-obacalhau-curiosidades-1-800x411.jpg 800w, https:\/\/riberalves.pt\/wp-content\/uploads\/2020\/11\/image-obacalhau-curiosidades-1-600x308.jpg 600w, https:\/\/riberalves.pt\/wp-content\/uploads\/2020\/11\/image-obacalhau-curiosidades-1-1200x617.jpg 1200w, https:\/\/riberalves.pt\/wp-content\/uploads\/2020\/11\/image-obacalhau-curiosidades-1-300x154.jpg 300w, https:\/\/riberalves.pt\/wp-content\/uploads\/2020\/11\/image-obacalhau-curiosidades-1-768x395.jpg 768w, https:\/\/riberalves.pt\/wp-content\/uploads\/2020\/11\/image-obacalhau-curiosidades-1.jpg 1282w\" sizes=\"auto, (max-width: 404px) 100vw, 404px\" \/><\/figure>\n<\/div>\n<\/div>\n\n\n\n<h2 class=\"has-text-align-center wp-block-heading\"><strong>O Bacalhau \u00e0 Z\u00e9 do Pipo<\/strong><\/h2>\n\n\n\n<div class=\"wp-block-columns are-vertically-aligned-center is-layout-flex wp-container-core-columns-is-layout-9d6595d7 wp-block-columns-is-layout-flex\">\n<div class=\"wp-block-column is-vertically-aligned-center is-layout-flow wp-block-column-is-layout-flow\">\n<figure class=\"wp-block-image size-large\"><img loading=\"lazy\" decoding=\"async\" width=\"1200\" height=\"687\" src=\"https:\/\/riberalves.pt\/_riberalves\/wp-content\/uploads\/2020\/11\/image-obacalhau-curiosidades-2-1200x687.jpg\" alt=\"\" class=\"wp-image-2703\" srcset=\"https:\/\/riberalves.pt\/wp-content\/uploads\/2020\/11\/image-obacalhau-curiosidades-2-1200x687.jpg 1200w, https:\/\/riberalves.pt\/wp-content\/uploads\/2020\/11\/image-obacalhau-curiosidades-2-600x344.jpg 600w, https:\/\/riberalves.pt\/wp-content\/uploads\/2020\/11\/image-obacalhau-curiosidades-2-800x458.jpg 800w, https:\/\/riberalves.pt\/wp-content\/uploads\/2020\/11\/image-obacalhau-curiosidades-2-300x172.jpg 300w, https:\/\/riberalves.pt\/wp-content\/uploads\/2020\/11\/image-obacalhau-curiosidades-2-768x440.jpg 768w, https:\/\/riberalves.pt\/wp-content\/uploads\/2020\/11\/image-obacalhau-curiosidades-2.jpg 1282w\" sizes=\"auto, (max-width: 1200px) 100vw, 1200px\" \/><\/figure>\n<\/div>\n\n\n\n<div class=\"wp-block-column is-vertically-aligned-center is-layout-flow wp-block-column-is-layout-flow\">\n<p>O norte de Portugal (regi\u00e3o onde come\u00e7aram a chegar ao pa\u00eds os primeiros barcos de <a href=\"https:\/\/www.instagram.com\/bacalhauriberalves_br\/\" target=\"_blank\" rel=\"noreferrer noopener\">bacalhau<\/a>) sempre se destacou como palco de cria\u00e7\u00e3o de receitas de bacalhau.&nbsp;<\/p>\n\n\n\n<p>Outro exemplo nascido na cidade Porto, hoje um verdadeiro cl\u00e1ssico, \u00e9 o Bacalhau \u00e0 Z\u00e9 do Pipo.&nbsp;<\/p>\n\n\n\n<p>Este era o apelido do autor da receita, Jos\u00e9 Valentim, um propriet\u00e1rio de um restaurante portuense, que preparou o prato pela primeira vez em 1940, para apresent\u00e1-lo em um concurso gastron\u00f4mico.&nbsp;<\/p>\n\n\n\n<p>Na sua receita, o Bacalhau recebe a companhia de pur\u00ea de batata e de maionese, que depois \u00e9 gratinado.<\/p>\n<\/div>\n<\/div>\n\n\n\n<h2 class=\"has-text-align-center wp-block-heading\"><strong>O Bacalhau \u00e0 Br\u00e1s<\/strong><\/h2>\n\n\n\n<div class=\"wp-block-columns are-vertically-aligned-center is-layout-flex wp-container-core-columns-is-layout-9d6595d7 wp-block-columns-is-layout-flex\">\n<div class=\"wp-block-column is-vertically-aligned-center is-layout-flow wp-block-column-is-layout-flow\">\n<p>\u00c9 uma receita origin\u00e1ria da regi\u00e3o de Lisboa do s\u00e9culo XIX.<\/p>\n\n\n\n<p>O seu criador, de nome Braz, era um taberneiro no popular Bairro Alto, e foi ele o respons\u00e1vel pela combina\u00e7\u00e3o do bacalhau desfiado, com a batata frita e, no final, os ovos batidos.&nbsp;<\/p>\n\n\n\n<p>Tornou-se numa das mais populares receitas portuguesas, com esta simples e deliciosa solu\u00e7\u00e3o \u2013 o Br\u00e1s \u2013 a evoluir para um acompanhamento que tem sido reinterpretado por chefs e cozinheiros, nos mais variados pratos.<\/p>\n<\/div>\n\n\n\n<div class=\"wp-block-column is-vertically-aligned-center is-layout-flow wp-block-column-is-layout-flow\">\n<figure class=\"wp-block-image size-large\"><img loading=\"lazy\" decoding=\"async\" width=\"1200\" height=\"544\" src=\"https:\/\/riberalves.pt\/_riberalves\/wp-content\/uploads\/2020\/11\/image-obacalhau-curiosidades-3-1200x544.jpg\" alt=\"\" class=\"wp-image-2704\" srcset=\"https:\/\/riberalves.pt\/wp-content\/uploads\/2020\/11\/image-obacalhau-curiosidades-3-1200x544.jpg 1200w, https:\/\/riberalves.pt\/wp-content\/uploads\/2020\/11\/image-obacalhau-curiosidades-3-600x272.jpg 600w, https:\/\/riberalves.pt\/wp-content\/uploads\/2020\/11\/image-obacalhau-curiosidades-3-800x363.jpg 800w, https:\/\/riberalves.pt\/wp-content\/uploads\/2020\/11\/image-obacalhau-curiosidades-3-300x136.jpg 300w, https:\/\/riberalves.pt\/wp-content\/uploads\/2020\/11\/image-obacalhau-curiosidades-3-768x348.jpg 768w, https:\/\/riberalves.pt\/wp-content\/uploads\/2020\/11\/image-obacalhau-curiosidades-3.jpg 1282w\" sizes=\"auto, (max-width: 1200px) 100vw, 1200px\" \/><\/figure>\n<\/div>\n<\/div>\n\n\n\n<h2 class=\"has-text-align-center wp-block-heading\"><strong>O FISH AND CHIPS DE BACALHAU!<\/strong><\/h2>\n\n\n\n<div class=\"wp-block-columns are-vertically-aligned-center is-layout-flex wp-container-core-columns-is-layout-9d6595d7 wp-block-columns-is-layout-flex\">\n<div class=\"wp-block-column is-vertically-aligned-center is-layout-flow wp-block-column-is-layout-flow\">\n<p>Sabia que, tradicionalmente, na Inglaterra e na Irlanda do Norte, o Fish and Chips \u00e9 feito com Bacalhau?<\/p>\n\n\n\n<p>A receita composta por uma por\u00e7\u00e3o de peixe frito envolvido em polme, acompanhado com batatas fritas, nasceu em terras brit\u00e2nicas e \u00e9 recheada de hist\u00f3rias e curiosidades.<\/p>\n\n\n\n<p>Popular entre as classes oper\u00e1rias da Inglaterra, a receita era considerada barata e r\u00e1pida. O primeiro registro conhecido de uma loja de <em>Fish and Chips,<\/em> em Londres, foi datado em 1860.<\/p>\n\n\n\n<p>Com a pesca de arrasto em r\u00e1pido crescimento nos mares do Norte, no s\u00e9culo XIX, a mistura dos peixes de alta qualidade com os peixes mais econ\u00f4micos, nos arrast\u00f5es, eram cada vez mais comuns.<\/p>\n<\/div>\n\n\n\n<div class=\"wp-block-column is-vertically-aligned-center is-layout-flow wp-block-column-is-layout-flow\">\n<figure class=\"wp-block-image size-large\"><img loading=\"lazy\" decoding=\"async\" width=\"1200\" height=\"688\" src=\"https:\/\/riberalves.pt\/_riberalves\/wp-content\/uploads\/2020\/11\/image-obacalhau-curiosidades-4-1-1200x688.jpg\" alt=\"Sabia que o famoso Fish an Chips ingl\u00eas era feito com bacalhau a muitos anos atr\u00e1s? Vem ver essa curiosidade sobre o encantador mundo do bacalhau!\" class=\"wp-image-2706\" srcset=\"https:\/\/riberalves.pt\/wp-content\/uploads\/2020\/11\/image-obacalhau-curiosidades-4-1-1200x688.jpg 1200w, https:\/\/riberalves.pt\/wp-content\/uploads\/2020\/11\/image-obacalhau-curiosidades-4-1-600x344.jpg 600w, https:\/\/riberalves.pt\/wp-content\/uploads\/2020\/11\/image-obacalhau-curiosidades-4-1-800x459.jpg 800w, https:\/\/riberalves.pt\/wp-content\/uploads\/2020\/11\/image-obacalhau-curiosidades-4-1-300x172.jpg 300w, https:\/\/riberalves.pt\/wp-content\/uploads\/2020\/11\/image-obacalhau-curiosidades-4-1-768x440.jpg 768w, https:\/\/riberalves.pt\/wp-content\/uploads\/2020\/11\/image-obacalhau-curiosidades-4-1.jpg 1282w\" sizes=\"auto, (max-width: 1200px) 100vw, 1200px\" \/><\/figure>\n<\/div>\n<\/div>\n\n\n\n<div class=\"wp-block-columns are-vertically-aligned-center is-layout-flex wp-container-core-columns-is-layout-9d6595d7 wp-block-columns-is-layout-flex\">\n<div class=\"wp-block-column is-vertically-aligned-center is-layout-flow wp-block-column-is-layout-flow\">\n<figure class=\"wp-block-image size-large\"><img loading=\"lazy\" decoding=\"async\" width=\"1200\" height=\"688\" src=\"https:\/\/riberalves.pt\/_riberalves\/wp-content\/uploads\/2020\/11\/image-obacalhau-curiosidades-5-1200x688.jpg\" alt=\"Sabia que o famoso Fish an Chips ingl\u00eas era feito com bacalhau a muitos anos atr\u00e1s? Vem ver essa curiosidade sobre o encantador mundo do bacalhau!\" class=\"wp-image-2707\" srcset=\"https:\/\/riberalves.pt\/wp-content\/uploads\/2020\/11\/image-obacalhau-curiosidades-5-1200x688.jpg 1200w, https:\/\/riberalves.pt\/wp-content\/uploads\/2020\/11\/image-obacalhau-curiosidades-5-600x344.jpg 600w, https:\/\/riberalves.pt\/wp-content\/uploads\/2020\/11\/image-obacalhau-curiosidades-5-800x459.jpg 800w, https:\/\/riberalves.pt\/wp-content\/uploads\/2020\/11\/image-obacalhau-curiosidades-5-300x172.jpg 300w, https:\/\/riberalves.pt\/wp-content\/uploads\/2020\/11\/image-obacalhau-curiosidades-5-768x440.jpg 768w, https:\/\/riberalves.pt\/wp-content\/uploads\/2020\/11\/image-obacalhau-curiosidades-5.jpg 1282w\" sizes=\"auto, (max-width: 1200px) 100vw, 1200px\" \/><\/figure>\n<\/div>\n\n\n\n<div class=\"wp-block-column is-vertically-aligned-center is-layout-flow wp-block-column-is-layout-flow\">\n<p>Em vez de jogarem ao mar os peixes n\u00e3o comercializ\u00e1veis, essas esp\u00e9cies eram transportadas para as cidades do interior da Inglaterra, e eram utilizadas nas mais variadas receitas: r\u00e1pidas e econ\u00f4micas.<\/p>\n\n\n\n<p>Original da cultura judaica, o peixe frito j\u00e1 estava presente nas mesas europeias h\u00e1 muitos anos, acompanhado da batata frita, que apareceu em meados do s\u00e9culo XVII.<\/p>\n\n\n\n<p>A apresenta\u00e7\u00e3o da receita era tipicamente feita em folhas de jornal e variava no uso do peixe, sendo o Bacalhau e o peixe Arinca as op\u00e7\u00f5es mais comuns. Na Irlanda do Norte o Bacalhau \u00e9 o peixe de elei\u00e7\u00e3o!<\/p>\n\n\n\n<p>N\u00e3o menos importante, o prato tornou-se popular em pa\u00edses como a Austr\u00e1lia, Canad\u00e1, Nova Zel\u00e2ndia e at\u00e9 \u00c1frica do Sul.<\/p>\n<\/div>\n<\/div>\n\n\n\n<h2 class=\"has-text-align-center wp-block-heading\"><strong>LUTEFISK \u2013 O BACALHAU COM SODA C\u00c1USTICA&nbsp;<\/strong><\/h2>\n\n\n\n<div class=\"wp-block-columns are-vertically-aligned-center is-layout-flex wp-container-core-columns-is-layout-9d6595d7 wp-block-columns-is-layout-flex\">\n<div class=\"wp-block-column is-vertically-aligned-center is-layout-flow wp-block-column-is-layout-flow\">\n<p>Tipicamente produzida na <a href=\"https:\/\/riberalves.pt\/pt-br\/o-bacalhau\/caracteristicas-da-especie\/\" target=\"_blank\" rel=\"noreferrer noopener\">Noruega<\/a>, a receita de bacalhau Lutefisk fica de molho numa solu\u00e7\u00e3o de soda c\u00e1ustica,&nbsp;numa esp\u00e9cie de salga, acompanhada de Hidr\u00f3xido de Pot\u00e1ssio, durante alguns dias.&nbsp;<\/p>\n\n\n\n<p>Em seguida, passa por um processo de \u201climpeza\u201d, \u00e9 fervido em vapor at\u00e9 secar e servido com um molho que poder\u00e1 ser de manteiga, acompanhado com um copo de cerveja.&nbsp;<\/p>\n\n\n\n<p>Devido a falta de grandes dep\u00f3sitos de sal, a soda c\u00e1ustica foi uma solu\u00e7\u00e3o r\u00e1pida para conserva\u00e7\u00e3o do peixe na Noruega .<\/p>\n\n\n\n<p>Consumida tamb\u00e9m na Finl\u00e2ndia, Dinamarca, Su\u00e9cia e at\u00e9 nos Estados Unidos, a receita \u00e9 tradicionalmente utilizada no Natal. Devido aos jejuns religiosos, semelhante ao que acontece em Portugal, o peaixe tornou-se ao longo dos s\u00e9culos a refei\u00e7\u00e3o perfeita para os dias festivos.&nbsp;<\/p>\n\n\n\n<p>&#8220;Acima de tudo, os povos n\u00f3rdicos comem peixe seco, como l\u00facio, poleiro, sargo, burbot &#8230;Na prepara\u00e7\u00e3o desta receita, estes peixes colocam-se por dois dias em soda c\u00e1ustica forte. Segue-se um dia em limpo, em \u00e1gua pura, para torn\u00e1-lo t\u00e3o macio quanto necess\u00e1rio. Depois \u00e9 fervido com uma adi\u00e7\u00e3o de manteiga salgada, podendo at\u00e9 servir-se nas mesas dos pr\u00edncipes como um prato de bom gosto e delicioso\u201d, explica Olaus Magnus, historiador.<\/p>\n<\/div>\n\n\n\n<div class=\"wp-block-column is-vertically-aligned-center is-layout-flow wp-block-column-is-layout-flow\">\n<figure class=\"wp-block-image size-large\"><img loading=\"lazy\" decoding=\"async\" width=\"1200\" height=\"883\" src=\"https:\/\/riberalves.pt\/_riberalves\/wp-content\/uploads\/2020\/11\/image-obacalhau-curiosidades-6-1200x883.jpg\" alt=\"\" class=\"wp-image-2708\" srcset=\"https:\/\/riberalves.pt\/wp-content\/uploads\/2020\/11\/image-obacalhau-curiosidades-6-1200x883.jpg 1200w, https:\/\/riberalves.pt\/wp-content\/uploads\/2020\/11\/image-obacalhau-curiosidades-6-600x441.jpg 600w, https:\/\/riberalves.pt\/wp-content\/uploads\/2020\/11\/image-obacalhau-curiosidades-6-800x588.jpg 800w, https:\/\/riberalves.pt\/wp-content\/uploads\/2020\/11\/image-obacalhau-curiosidades-6-300x221.jpg 300w, https:\/\/riberalves.pt\/wp-content\/uploads\/2020\/11\/image-obacalhau-curiosidades-6-768x565.jpg 768w, https:\/\/riberalves.pt\/wp-content\/uploads\/2020\/11\/image-obacalhau-curiosidades-6.jpg 1282w\" sizes=\"auto, (max-width: 1200px) 100vw, 1200px\" \/><\/figure>\n\n\n\n<p><\/p>\n<\/div>\n<\/div>\n\n\n\n<p><\/p>\n","protected":false},"excerpt":{"rendered":"<p>A ORIGEM DAS RECEITAS O Bacalhau \u00e0 Gomes de S\u00e1 Tudo come\u00e7ou num restaurante, chamado o Lisbonense, localizado na cidade do Porto, ao norte de Portugal.&nbsp; Jos\u00e9 Lu\u00eds Gomes de S\u00e1 (1851-1926), filho de um comerciante de bacalhau, criou a receita que ficou com o seu nome e se tornou num \u00edcone da tradicional gastronomia [&hellip;]<\/p>\n","protected":false},"author":5,"featured_media":2681,"parent":2677,"menu_order":300,"comment_status":"closed","ping_status":"closed","template":"","meta":{"_acf_changed":false,"footnotes":""},"class_list":["post-2680","page","type-page","status-publish","has-post-thumbnail","hentry"],"acf":[],"yoast_head":"<!-- This site is optimized with the Yoast SEO plugin v27.4 - https:\/\/yoast.com\/product\/yoast-seo-wordpress\/ -->\n<title>Curiosidades sobre o Bacalhau - Riberalves<\/title>\n<meta name=\"description\" content=\"O Fiel amigo portugu\u00eas tamb\u00e9m \u00e9 recheado de hist\u00f3rias! Veja aqui as curiosidades sobre o bacalhau e sobre o universo da Riberalves.\" \/>\n<meta name=\"robots\" content=\"index, follow, max-snippet:-1, max-image-preview:large, max-video-preview:-1\" \/>\n<link rel=\"canonical\" href=\"https:\/\/riberalves.pt\/o-bacalhau\/curiosidades\/\" \/>\n<meta property=\"og:locale\" content=\"pt_BR\" \/>\n<meta property=\"og:type\" content=\"article\" \/>\n<meta property=\"og:title\" content=\"Curiosidades sobre o Bacalhau - Riberalves\" \/>\n<meta property=\"og:description\" content=\"O Fiel amigo portugu\u00eas tamb\u00e9m \u00e9 recheado de hist\u00f3rias! Veja aqui as curiosidades sobre o bacalhau e sobre o universo da Riberalves.\" \/>\n<meta property=\"og:url\" content=\"https:\/\/riberalves.pt\/o-bacalhau\/curiosidades\/\" \/>\n<meta property=\"og:site_name\" content=\"Riberalves\" \/>\n<meta property=\"article:modified_time\" content=\"2021-06-09T09:32:34+00:00\" \/>\n<meta property=\"og:image\" content=\"https:\/\/riberalves.pt\/wp-content\/uploads\/2020\/11\/header-obacalhau-curiosidades.jpg\" \/>\n\t<meta property=\"og:image:width\" content=\"1900\" \/>\n\t<meta property=\"og:image:height\" content=\"1002\" \/>\n\t<meta property=\"og:image:type\" content=\"image\/jpeg\" \/>\n<meta name=\"twitter:card\" content=\"summary_large_image\" \/>\n<meta name=\"twitter:label1\" content=\"Est. tempo de leitura\" \/>\n\t<meta name=\"twitter:data1\" content=\"5 minutos\" \/>\n<script type=\"application\/ld+json\" class=\"yoast-schema-graph\">{\"@context\":\"https:\\\/\\\/schema.org\",\"@graph\":[{\"@type\":\"WebPage\",\"@id\":\"https:\\\/\\\/riberalves.pt\\\/o-bacalhau\\\/curiosidades\\\/\",\"url\":\"https:\\\/\\\/riberalves.pt\\\/o-bacalhau\\\/curiosidades\\\/\",\"name\":\"Curiosidades sobre o Bacalhau - Riberalves\",\"isPartOf\":{\"@id\":\"https:\\\/\\\/riberalves.pt\\\/#website\"},\"primaryImageOfPage\":{\"@id\":\"https:\\\/\\\/riberalves.pt\\\/o-bacalhau\\\/curiosidades\\\/#primaryimage\"},\"image\":{\"@id\":\"https:\\\/\\\/riberalves.pt\\\/o-bacalhau\\\/curiosidades\\\/#primaryimage\"},\"thumbnailUrl\":\"https:\\\/\\\/riberalves.pt\\\/wp-content\\\/uploads\\\/2020\\\/11\\\/header-obacalhau-curiosidades.jpg\",\"datePublished\":\"2020-11-03T10:51:53+00:00\",\"dateModified\":\"2021-06-09T09:32:34+00:00\",\"description\":\"O Fiel amigo portugu\u00eas tamb\u00e9m \u00e9 recheado de hist\u00f3rias! Veja aqui as curiosidades sobre o bacalhau e sobre o universo da Riberalves.\",\"breadcrumb\":{\"@id\":\"https:\\\/\\\/riberalves.pt\\\/o-bacalhau\\\/curiosidades\\\/#breadcrumb\"},\"inLanguage\":\"pt-BR\",\"potentialAction\":[{\"@type\":\"ReadAction\",\"target\":[\"https:\\\/\\\/riberalves.pt\\\/o-bacalhau\\\/curiosidades\\\/\"]}]},{\"@type\":\"ImageObject\",\"inLanguage\":\"pt-BR\",\"@id\":\"https:\\\/\\\/riberalves.pt\\\/o-bacalhau\\\/curiosidades\\\/#primaryimage\",\"url\":\"https:\\\/\\\/riberalves.pt\\\/wp-content\\\/uploads\\\/2020\\\/11\\\/header-obacalhau-curiosidades.jpg\",\"contentUrl\":\"https:\\\/\\\/riberalves.pt\\\/wp-content\\\/uploads\\\/2020\\\/11\\\/header-obacalhau-curiosidades.jpg\",\"width\":1900,\"height\":1002,\"caption\":\"Torta Capixaba de Bacalhau - Bacalhau Riberalves\"},{\"@type\":\"BreadcrumbList\",\"@id\":\"https:\\\/\\\/riberalves.pt\\\/o-bacalhau\\\/curiosidades\\\/#breadcrumb\",\"itemListElement\":[{\"@type\":\"ListItem\",\"position\":1,\"name\":\"Home\",\"item\":\"https:\\\/\\\/riberalves.pt\\\/\"},{\"@type\":\"ListItem\",\"position\":2,\"name\":\"O Bacalhau\",\"item\":\"https:\\\/\\\/riberalves.pt\\\/pt-br\\\/o-bacalhau\\\/\"},{\"@type\":\"ListItem\",\"position\":3,\"name\":\"Curiosidades sobre o Bacalhau\"}]},{\"@type\":\"WebSite\",\"@id\":\"https:\\\/\\\/riberalves.pt\\\/#website\",\"url\":\"https:\\\/\\\/riberalves.pt\\\/\",\"name\":\"Riberalves\",\"description\":\"O site com as melhores e mais criativas receitas de bacalhau em um \u00fanico lugar!\",\"alternateName\":\"Riberalves\",\"potentialAction\":[{\"@type\":\"SearchAction\",\"target\":{\"@type\":\"EntryPoint\",\"urlTemplate\":\"https:\\\/\\\/riberalves.pt\\\/?s={search_term_string}\"},\"query-input\":{\"@type\":\"PropertyValueSpecification\",\"valueRequired\":true,\"valueName\":\"search_term_string\"}}],\"inLanguage\":\"pt-BR\"}]}<\/script>\n<!-- \/ Yoast SEO plugin. -->","yoast_head_json":{"title":"Curiosidades sobre o Bacalhau - Riberalves","description":"O Fiel amigo portugu\u00eas tamb\u00e9m \u00e9 recheado de hist\u00f3rias! Veja aqui as curiosidades sobre o bacalhau e sobre o universo da Riberalves.","robots":{"index":"index","follow":"follow","max-snippet":"max-snippet:-1","max-image-preview":"max-image-preview:large","max-video-preview":"max-video-preview:-1"},"canonical":"https:\/\/riberalves.pt\/o-bacalhau\/curiosidades\/","og_locale":"pt_BR","og_type":"article","og_title":"Curiosidades sobre o Bacalhau - Riberalves","og_description":"O Fiel amigo portugu\u00eas tamb\u00e9m \u00e9 recheado de hist\u00f3rias! Veja aqui as curiosidades sobre o bacalhau e sobre o universo da Riberalves.","og_url":"https:\/\/riberalves.pt\/o-bacalhau\/curiosidades\/","og_site_name":"Riberalves","article_modified_time":"2021-06-09T09:32:34+00:00","og_image":[{"width":1900,"height":1002,"url":"https:\/\/riberalves.pt\/wp-content\/uploads\/2020\/11\/header-obacalhau-curiosidades.jpg","type":"image\/jpeg"}],"twitter_card":"summary_large_image","twitter_misc":{"Est. tempo de leitura":"5 minutos"},"schema":{"@context":"https:\/\/schema.org","@graph":[{"@type":"WebPage","@id":"https:\/\/riberalves.pt\/o-bacalhau\/curiosidades\/","url":"https:\/\/riberalves.pt\/o-bacalhau\/curiosidades\/","name":"Curiosidades sobre o Bacalhau - Riberalves","isPartOf":{"@id":"https:\/\/riberalves.pt\/#website"},"primaryImageOfPage":{"@id":"https:\/\/riberalves.pt\/o-bacalhau\/curiosidades\/#primaryimage"},"image":{"@id":"https:\/\/riberalves.pt\/o-bacalhau\/curiosidades\/#primaryimage"},"thumbnailUrl":"https:\/\/riberalves.pt\/wp-content\/uploads\/2020\/11\/header-obacalhau-curiosidades.jpg","datePublished":"2020-11-03T10:51:53+00:00","dateModified":"2021-06-09T09:32:34+00:00","description":"O Fiel amigo portugu\u00eas tamb\u00e9m \u00e9 recheado de hist\u00f3rias! Veja aqui as curiosidades sobre o bacalhau e sobre o universo da Riberalves.","breadcrumb":{"@id":"https:\/\/riberalves.pt\/o-bacalhau\/curiosidades\/#breadcrumb"},"inLanguage":"pt-BR","potentialAction":[{"@type":"ReadAction","target":["https:\/\/riberalves.pt\/o-bacalhau\/curiosidades\/"]}]},{"@type":"ImageObject","inLanguage":"pt-BR","@id":"https:\/\/riberalves.pt\/o-bacalhau\/curiosidades\/#primaryimage","url":"https:\/\/riberalves.pt\/wp-content\/uploads\/2020\/11\/header-obacalhau-curiosidades.jpg","contentUrl":"https:\/\/riberalves.pt\/wp-content\/uploads\/2020\/11\/header-obacalhau-curiosidades.jpg","width":1900,"height":1002,"caption":"Torta Capixaba de Bacalhau - Bacalhau Riberalves"},{"@type":"BreadcrumbList","@id":"https:\/\/riberalves.pt\/o-bacalhau\/curiosidades\/#breadcrumb","itemListElement":[{"@type":"ListItem","position":1,"name":"Home","item":"https:\/\/riberalves.pt\/"},{"@type":"ListItem","position":2,"name":"O Bacalhau","item":"https:\/\/riberalves.pt\/pt-br\/o-bacalhau\/"},{"@type":"ListItem","position":3,"name":"Curiosidades sobre o Bacalhau"}]},{"@type":"WebSite","@id":"https:\/\/riberalves.pt\/#website","url":"https:\/\/riberalves.pt\/","name":"Riberalves","description":"O site com as melhores e mais criativas receitas de bacalhau em um \u00fanico lugar!","alternateName":"Riberalves","potentialAction":[{"@type":"SearchAction","target":{"@type":"EntryPoint","urlTemplate":"https:\/\/riberalves.pt\/?s={search_term_string}"},"query-input":{"@type":"PropertyValueSpecification","valueRequired":true,"valueName":"search_term_string"}}],"inLanguage":"pt-BR"}]}},"_links":{"self":[{"href":"https:\/\/riberalves.pt\/pt-br\/wp-json\/wp\/v2\/pages\/2680","targetHints":{"allow":["GET"]}}],"collection":[{"href":"https:\/\/riberalves.pt\/pt-br\/wp-json\/wp\/v2\/pages"}],"about":[{"href":"https:\/\/riberalves.pt\/pt-br\/wp-json\/wp\/v2\/types\/page"}],"author":[{"embeddable":true,"href":"https:\/\/riberalves.pt\/pt-br\/wp-json\/wp\/v2\/users\/5"}],"replies":[{"embeddable":true,"href":"https:\/\/riberalves.pt\/pt-br\/wp-json\/wp\/v2\/comments?post=2680"}],"version-history":[{"count":14,"href":"https:\/\/riberalves.pt\/pt-br\/wp-json\/wp\/v2\/pages\/2680\/revisions"}],"predecessor-version":[{"id":5007,"href":"https:\/\/riberalves.pt\/pt-br\/wp-json\/wp\/v2\/pages\/2680\/revisions\/5007"}],"up":[{"embeddable":true,"href":"https:\/\/riberalves.pt\/pt-br\/wp-json\/wp\/v2\/pages\/2677"}],"wp:featuredmedia":[{"embeddable":true,"href":"https:\/\/riberalves.pt\/pt-br\/wp-json\/wp\/v2\/media\/2681"}],"wp:attachment":[{"href":"https:\/\/riberalves.pt\/pt-br\/wp-json\/wp\/v2\/media?parent=2680"}],"curies":[{"name":"wp","href":"https:\/\/api.w.org\/{rel}","templated":true}]}}