{"id":2695,"date":"2020-11-02T10:37:54","date_gmt":"2020-11-02T10:37:54","guid":{"rendered":"https:\/\/riberalves.pt\/o-bacalhau\/especies\/"},"modified":"2021-05-27T17:35:25","modified_gmt":"2021-05-27T16:35:25","slug":"especies","status":"publish","type":"page","link":"https:\/\/riberalves.pt\/pt-br\/o-bacalhau\/especies\/","title":{"rendered":"O Bacalhau"},"content":{"rendered":"\n<p class=\"has-large-font-size\"><strong>Bacalhau<\/strong><\/p>\n\n\n\n<p class=\"has-medium-font-size\"><br>s.m <\/p>\n\n\n\n<p class=\"has-medium-font-size\">Lat. bacallareu   <\/p>\n\n\n\n<p class=\"has-medium-font-size\">Peixe da fam\u00edlia dos gad\u00eddeos.<\/p>\n\n\n\n<p class=\"has-medium-font-size\"><\/p>\n\n\n\n<p>O bacalhau \u00e9 um peixe voraz que vive nos mares \u00e1rticos e chega a medir 2 metros de comprimento. <\/p>\n\n\n\n<p>\u00c9 pescado de janeiro a abril, na altura da desova, nos mares da Isl\u00e2ndia, Noruega e R\u00fassia.  <\/p>\n\n\n\n<p>Come-se maioritariamente salgado; E constitui um alimento muito popular e altamente nutritivo.<\/p>\n\n\n\n<h3 class=\"has-text-color wp-block-heading\" style=\"color:#112262\">Considera-se Bacalhau na fam\u00edlia dos Gad\u00eddeos: <\/h3>\n\n\n\n<p><\/p>\n\n\n\n<h3 class=\"wp-block-heading\"><strong>O Gadus morhua <\/strong><\/h3>\n\n\n\n<p><\/p>\n\n\n\n<p><\/p>\n\n\n\n<h3 class=\"wp-block-heading\"><strong>O Gadus macrocephalus<\/strong> <\/h3>\n\n\n\n<figure class=\"wp-block-gallery columns-2 is-cropped wp-block-gallery-1 is-layout-flex wp-block-gallery-is-layout-flex\"><ul class=\"blocks-gallery-grid\"><li class=\"blocks-gallery-item\"><figure><img loading=\"lazy\" decoding=\"async\" width=\"800\" height=\"588\" src=\"https:\/\/riberalves.pt\/_riberalves\/wp-content\/uploads\/2020\/12\/Morhua_Especies_capitulo02-800x588.png\" alt=\"Bacalhau Riberalves - Morhua\" data-id=\"2128\" data-full-url=\"https:\/\/beta.riberalves.pt\/_riberalves\/wp-content\/uploads\/2020\/12\/Morhua_Especies_capitulo02.png\" data-link=\"https:\/\/beta.riberalves.pt\/o-bacalhau\/especies\/morhua_especies_capitulo02\/\" class=\"wp-image-2800\" srcset=\"https:\/\/riberalves.pt\/wp-content\/uploads\/2020\/12\/Morhua_Especies_capitulo02-800x588.png 800w, https:\/\/riberalves.pt\/wp-content\/uploads\/2020\/12\/Morhua_Especies_capitulo02-600x441.png 600w, https:\/\/riberalves.pt\/wp-content\/uploads\/2020\/12\/Morhua_Especies_capitulo02-1200x882.png 1200w, https:\/\/riberalves.pt\/wp-content\/uploads\/2020\/12\/Morhua_Especies_capitulo02-300x221.png 300w, https:\/\/riberalves.pt\/wp-content\/uploads\/2020\/12\/Morhua_Especies_capitulo02-768x565.png 768w, https:\/\/riberalves.pt\/wp-content\/uploads\/2020\/12\/Morhua_Especies_capitulo02.png 1208w\" sizes=\"auto, (max-width: 800px) 100vw, 800px\" \/><\/figure><\/li><li class=\"blocks-gallery-item\"><figure><img loading=\"lazy\" decoding=\"async\" width=\"800\" height=\"588\" src=\"https:\/\/riberalves.pt\/_riberalves\/wp-content\/uploads\/2020\/12\/Macrocephalus_Especies_capitulo02-800x588.png\" alt=\"Bacalhau Riberalves - Macrocephalus\" data-id=\"2131\" data-full-url=\"https:\/\/beta.riberalves.pt\/_riberalves\/wp-content\/uploads\/2020\/12\/Macrocephalus_Especies_capitulo02.png\" data-link=\"https:\/\/beta.riberalves.pt\/o-bacalhau\/especies\/macrocephalus_especies_capitulo02\/\" class=\"wp-image-2801\" srcset=\"https:\/\/riberalves.pt\/wp-content\/uploads\/2020\/12\/Macrocephalus_Especies_capitulo02-800x588.png 800w, https:\/\/riberalves.pt\/wp-content\/uploads\/2020\/12\/Macrocephalus_Especies_capitulo02-600x441.png 600w, https:\/\/riberalves.pt\/wp-content\/uploads\/2020\/12\/Macrocephalus_Especies_capitulo02-1200x882.png 1200w, https:\/\/riberalves.pt\/wp-content\/uploads\/2020\/12\/Macrocephalus_Especies_capitulo02-300x221.png 300w, https:\/\/riberalves.pt\/wp-content\/uploads\/2020\/12\/Macrocephalus_Especies_capitulo02-768x565.png 768w, https:\/\/riberalves.pt\/wp-content\/uploads\/2020\/12\/Macrocephalus_Especies_capitulo02.png 1208w\" sizes=\"auto, (max-width: 800px) 100vw, 800px\" \/><\/figure><\/li><\/ul><\/figure>\n\n\n\n<p><\/p>\n\n\n\n<p>T\u00eam dez fam\u00edlias e mais de duzentas esp\u00e9cies. Quase todas vivem em \u00e1guas frias e salgadas no hemisf\u00e9rio norte. Acredita-se que o bacalhau atingiu a forma e as caracter\u00edsticas f\u00edsicas que tem hoje, h\u00e1 cerca de 120 milh\u00f5es de anos.<\/p>\n\n\n\n<p><a href=\"https:\/\/riberalves.pt\/pt-br\/o-bacalhau\/\" target=\"_blank\" rel=\"noreferrer noopener\">Os juvenis <\/a>encontram-se junto \u00e0 costa, entre os 10 e os 30 metros de profundidade. Os adultos preferem \u00e1guas mais profundas e frias, entre os 100 e os 200 metros. <\/p>\n\n\n\n<p>Durante o dia, nadam em cardumes para melhor se protegerem dos predadores.<\/p>\n\n\n\n<p>O Bacalhau \u00e9 um predador voraz e <a href=\"https:\/\/www.instagram.com\/bacalhau_riberalves\/\" target=\"_blank\" rel=\"noreferrer noopener\">alimenta-se<\/a>, quando jovem, de zoopl\u00e2ncton e de pequenas larvas, bivalves e crust\u00e1ceos. Em adulto, prefere pescadas, tamboris ou mesmo bacalhaus mais novos.<\/p>\n\n\n\n<p>Museu Mar\u00edtimo de \u00edlhavo \u2013 Diret\u00f3rio Online<\/p>\n","protected":false},"excerpt":{"rendered":"<p>Bacalhau s.m Lat. bacallareu Peixe da fam\u00edlia dos gad\u00eddeos. O bacalhau \u00e9 um peixe voraz que vive nos mares \u00e1rticos e chega a medir 2 metros de comprimento. \u00c9 pescado de janeiro a abril, na altura da desova, nos mares da Isl\u00e2ndia, Noruega e R\u00fassia. Come-se maioritariamente salgado; E constitui um alimento muito popular e [&hellip;]<\/p>\n","protected":false},"author":5,"featured_media":2696,"parent":2677,"menu_order":1000,"comment_status":"closed","ping_status":"closed","template":"","meta":{"_acf_changed":false,"footnotes":""},"class_list":["post-2695","page","type-page","status-publish","has-post-thumbnail","hentry"],"acf":[],"yoast_head":"<!-- This site is optimized with the Yoast SEO plugin v27.5 - https:\/\/yoast.com\/product\/yoast-seo-wordpress\/ -->\n<title>O Bacalhau - Riberalves<\/title>\n<meta name=\"description\" content=\"Quer saber mais sobre esse peixe especial e que vive nos cora\u00e7\u00f5es dos portugueses? Vem ver essa p\u00e1gina e saber de onde vem o bacalhau!\" \/>\n<meta name=\"robots\" content=\"index, follow, max-snippet:-1, max-image-preview:large, max-video-preview:-1\" \/>\n<link rel=\"canonical\" href=\"https:\/\/riberalves.pt\/pt-br\/o-bacalhau\/especies\/\" \/>\n<meta property=\"og:locale\" content=\"pt_BR\" \/>\n<meta property=\"og:type\" content=\"article\" \/>\n<meta property=\"og:title\" content=\"O Bacalhau - Riberalves\" \/>\n<meta property=\"og:description\" content=\"Quer saber mais sobre esse peixe especial e que vive nos cora\u00e7\u00f5es dos portugueses? Vem ver essa p\u00e1gina e saber de onde vem o bacalhau!\" \/>\n<meta property=\"og:url\" content=\"https:\/\/riberalves.pt\/pt-br\/o-bacalhau\/especies\/\" \/>\n<meta property=\"og:site_name\" content=\"Riberalves\" \/>\n<meta property=\"article:modified_time\" content=\"2021-05-27T16:35:25+00:00\" \/>\n<meta property=\"og:image\" content=\"https:\/\/riberalves.pt\/wp-content\/uploads\/2020\/11\/header-obacalhau-especies.jpg\" \/>\n\t<meta property=\"og:image:width\" content=\"1900\" \/>\n\t<meta property=\"og:image:height\" content=\"1267\" \/>\n\t<meta property=\"og:image:type\" content=\"image\/jpeg\" \/>\n<meta name=\"twitter:card\" content=\"summary_large_image\" \/>\n<meta name=\"twitter:label1\" content=\"Est. tempo de leitura\" \/>\n\t<meta name=\"twitter:data1\" content=\"2 minutos\" \/>\n<script type=\"application\/ld+json\" class=\"yoast-schema-graph\">{\"@context\":\"https:\\\/\\\/schema.org\",\"@graph\":[{\"@type\":\"WebPage\",\"@id\":\"https:\\\/\\\/riberalves.pt\\\/pt-br\\\/o-bacalhau\\\/especies\\\/\",\"url\":\"https:\\\/\\\/riberalves.pt\\\/pt-br\\\/o-bacalhau\\\/especies\\\/\",\"name\":\"O Bacalhau - Riberalves\",\"isPartOf\":{\"@id\":\"https:\\\/\\\/riberalves.pt\\\/#website\"},\"primaryImageOfPage\":{\"@id\":\"https:\\\/\\\/riberalves.pt\\\/pt-br\\\/o-bacalhau\\\/especies\\\/#primaryimage\"},\"image\":{\"@id\":\"https:\\\/\\\/riberalves.pt\\\/pt-br\\\/o-bacalhau\\\/especies\\\/#primaryimage\"},\"thumbnailUrl\":\"https:\\\/\\\/riberalves.pt\\\/wp-content\\\/uploads\\\/2020\\\/11\\\/header-obacalhau-especies.jpg\",\"datePublished\":\"2020-11-02T10:37:54+00:00\",\"dateModified\":\"2021-05-27T16:35:25+00:00\",\"description\":\"Quer saber mais sobre esse peixe especial e que vive nos cora\u00e7\u00f5es dos portugueses? Vem ver essa p\u00e1gina e saber de onde vem o bacalhau!\",\"breadcrumb\":{\"@id\":\"https:\\\/\\\/riberalves.pt\\\/pt-br\\\/o-bacalhau\\\/especies\\\/#breadcrumb\"},\"inLanguage\":\"pt-BR\",\"potentialAction\":[{\"@type\":\"ReadAction\",\"target\":[\"https:\\\/\\\/riberalves.pt\\\/pt-br\\\/o-bacalhau\\\/especies\\\/\"]}]},{\"@type\":\"ImageObject\",\"inLanguage\":\"pt-BR\",\"@id\":\"https:\\\/\\\/riberalves.pt\\\/pt-br\\\/o-bacalhau\\\/especies\\\/#primaryimage\",\"url\":\"https:\\\/\\\/riberalves.pt\\\/wp-content\\\/uploads\\\/2020\\\/11\\\/header-obacalhau-especies.jpg\",\"contentUrl\":\"https:\\\/\\\/riberalves.pt\\\/wp-content\\\/uploads\\\/2020\\\/11\\\/header-obacalhau-especies.jpg\",\"width\":1900,\"height\":1267,\"caption\":\"Vem ver o famoso Bacalhau Riberalves!\"},{\"@type\":\"BreadcrumbList\",\"@id\":\"https:\\\/\\\/riberalves.pt\\\/pt-br\\\/o-bacalhau\\\/especies\\\/#breadcrumb\",\"itemListElement\":[{\"@type\":\"ListItem\",\"position\":1,\"name\":\"Home\",\"item\":\"https:\\\/\\\/riberalves.pt\\\/\"},{\"@type\":\"ListItem\",\"position\":2,\"name\":\"O Bacalhau\",\"item\":\"https:\\\/\\\/riberalves.pt\\\/pt-br\\\/o-bacalhau\\\/\"},{\"@type\":\"ListItem\",\"position\":3,\"name\":\"O Bacalhau\"}]},{\"@type\":\"WebSite\",\"@id\":\"https:\\\/\\\/riberalves.pt\\\/#website\",\"url\":\"https:\\\/\\\/riberalves.pt\\\/\",\"name\":\"Riberalves\",\"description\":\"O site com as melhores e mais criativas receitas de bacalhau em um \u00fanico lugar!\",\"alternateName\":\"Riberalves\",\"potentialAction\":[{\"@type\":\"SearchAction\",\"target\":{\"@type\":\"EntryPoint\",\"urlTemplate\":\"https:\\\/\\\/riberalves.pt\\\/?s={search_term_string}\"},\"query-input\":{\"@type\":\"PropertyValueSpecification\",\"valueRequired\":true,\"valueName\":\"search_term_string\"}}],\"inLanguage\":\"pt-BR\"}]}<\/script>\n<!-- \/ Yoast SEO plugin. -->","yoast_head_json":{"title":"O Bacalhau - Riberalves","description":"Quer saber mais sobre esse peixe especial e que vive nos cora\u00e7\u00f5es dos portugueses? Vem ver essa p\u00e1gina e saber de onde vem o bacalhau!","robots":{"index":"index","follow":"follow","max-snippet":"max-snippet:-1","max-image-preview":"max-image-preview:large","max-video-preview":"max-video-preview:-1"},"canonical":"https:\/\/riberalves.pt\/pt-br\/o-bacalhau\/especies\/","og_locale":"pt_BR","og_type":"article","og_title":"O Bacalhau - Riberalves","og_description":"Quer saber mais sobre esse peixe especial e que vive nos cora\u00e7\u00f5es dos portugueses? Vem ver essa p\u00e1gina e saber de onde vem o bacalhau!","og_url":"https:\/\/riberalves.pt\/pt-br\/o-bacalhau\/especies\/","og_site_name":"Riberalves","article_modified_time":"2021-05-27T16:35:25+00:00","og_image":[{"width":1900,"height":1267,"url":"https:\/\/riberalves.pt\/wp-content\/uploads\/2020\/11\/header-obacalhau-especies.jpg","type":"image\/jpeg"}],"twitter_card":"summary_large_image","twitter_misc":{"Est. tempo de leitura":"2 minutos"},"schema":{"@context":"https:\/\/schema.org","@graph":[{"@type":"WebPage","@id":"https:\/\/riberalves.pt\/pt-br\/o-bacalhau\/especies\/","url":"https:\/\/riberalves.pt\/pt-br\/o-bacalhau\/especies\/","name":"O Bacalhau - Riberalves","isPartOf":{"@id":"https:\/\/riberalves.pt\/#website"},"primaryImageOfPage":{"@id":"https:\/\/riberalves.pt\/pt-br\/o-bacalhau\/especies\/#primaryimage"},"image":{"@id":"https:\/\/riberalves.pt\/pt-br\/o-bacalhau\/especies\/#primaryimage"},"thumbnailUrl":"https:\/\/riberalves.pt\/wp-content\/uploads\/2020\/11\/header-obacalhau-especies.jpg","datePublished":"2020-11-02T10:37:54+00:00","dateModified":"2021-05-27T16:35:25+00:00","description":"Quer saber mais sobre esse peixe especial e que vive nos cora\u00e7\u00f5es dos portugueses? Vem ver essa p\u00e1gina e saber de onde vem o bacalhau!","breadcrumb":{"@id":"https:\/\/riberalves.pt\/pt-br\/o-bacalhau\/especies\/#breadcrumb"},"inLanguage":"pt-BR","potentialAction":[{"@type":"ReadAction","target":["https:\/\/riberalves.pt\/pt-br\/o-bacalhau\/especies\/"]}]},{"@type":"ImageObject","inLanguage":"pt-BR","@id":"https:\/\/riberalves.pt\/pt-br\/o-bacalhau\/especies\/#primaryimage","url":"https:\/\/riberalves.pt\/wp-content\/uploads\/2020\/11\/header-obacalhau-especies.jpg","contentUrl":"https:\/\/riberalves.pt\/wp-content\/uploads\/2020\/11\/header-obacalhau-especies.jpg","width":1900,"height":1267,"caption":"Vem ver o famoso Bacalhau Riberalves!"},{"@type":"BreadcrumbList","@id":"https:\/\/riberalves.pt\/pt-br\/o-bacalhau\/especies\/#breadcrumb","itemListElement":[{"@type":"ListItem","position":1,"name":"Home","item":"https:\/\/riberalves.pt\/"},{"@type":"ListItem","position":2,"name":"O Bacalhau","item":"https:\/\/riberalves.pt\/pt-br\/o-bacalhau\/"},{"@type":"ListItem","position":3,"name":"O Bacalhau"}]},{"@type":"WebSite","@id":"https:\/\/riberalves.pt\/#website","url":"https:\/\/riberalves.pt\/","name":"Riberalves","description":"O site com as melhores e mais criativas receitas de bacalhau em um \u00fanico lugar!","alternateName":"Riberalves","potentialAction":[{"@type":"SearchAction","target":{"@type":"EntryPoint","urlTemplate":"https:\/\/riberalves.pt\/?s={search_term_string}"},"query-input":{"@type":"PropertyValueSpecification","valueRequired":true,"valueName":"search_term_string"}}],"inLanguage":"pt-BR"}]}},"_links":{"self":[{"href":"https:\/\/riberalves.pt\/pt-br\/wp-json\/wp\/v2\/pages\/2695","targetHints":{"allow":["GET"]}}],"collection":[{"href":"https:\/\/riberalves.pt\/pt-br\/wp-json\/wp\/v2\/pages"}],"about":[{"href":"https:\/\/riberalves.pt\/pt-br\/wp-json\/wp\/v2\/types\/page"}],"author":[{"embeddable":true,"href":"https:\/\/riberalves.pt\/pt-br\/wp-json\/wp\/v2\/users\/5"}],"replies":[{"embeddable":true,"href":"https:\/\/riberalves.pt\/pt-br\/wp-json\/wp\/v2\/comments?post=2695"}],"version-history":[{"count":6,"href":"https:\/\/riberalves.pt\/pt-br\/wp-json\/wp\/v2\/pages\/2695\/revisions"}],"predecessor-version":[{"id":4901,"href":"https:\/\/riberalves.pt\/pt-br\/wp-json\/wp\/v2\/pages\/2695\/revisions\/4901"}],"up":[{"embeddable":true,"href":"https:\/\/riberalves.pt\/pt-br\/wp-json\/wp\/v2\/pages\/2677"}],"wp:featuredmedia":[{"embeddable":true,"href":"https:\/\/riberalves.pt\/pt-br\/wp-json\/wp\/v2\/media\/2696"}],"wp:attachment":[{"href":"https:\/\/riberalves.pt\/pt-br\/wp-json\/wp\/v2\/media?parent=2695"}],"curies":[{"name":"wp","href":"https:\/\/api.w.org\/{rel}","templated":true}]}}