{"id":2807,"date":"2020-11-11T19:03:41","date_gmt":"2020-11-11T19:03:41","guid":{"rendered":"https:\/\/riberalves.pt\/colecoes\/"},"modified":"2021-05-19T11:10:35","modified_gmt":"2021-05-19T10:10:35","slug":"colecoes","status":"publish","type":"page","link":"https:\/\/riberalves.pt\/pt-br\/colecoes\/","title":{"rendered":"Cole\u00e7\u00f5es"},"content":{"rendered":"","protected":false},"excerpt":{"rendered":"","protected":false},"author":5,"featured_media":0,"parent":0,"menu_order":0,"comment_status":"closed","ping_status":"closed","template":"","meta":{"_acf_changed":false,"footnotes":""},"class_list":["post-2807","page","type-page","status-publish","hentry"],"acf":[],"yoast_head":"<!-- This site is optimized with the Yoast SEO plugin v27.4 - https:\/\/yoast.com\/product\/yoast-seo-wordpress\/ -->\n<title>Cole\u00e7\u00f5es - Riberalves<\/title>\n<meta name=\"description\" content=\"Aqui voc\u00ea encontra as melhores cole\u00e7\u00f5es de receitas com e de Bacalhau. F\u00e1cil ou desafiadora, r\u00e1pida ou demorada... voc\u00ea escolhe!\" \/>\n<meta name=\"robots\" content=\"index, follow, max-snippet:-1, max-image-preview:large, max-video-preview:-1\" \/>\n<link rel=\"canonical\" href=\"https:\/\/riberalves.pt\/pt-br\/colecoes\/\" \/>\n<meta property=\"og:locale\" content=\"pt_BR\" \/>\n<meta property=\"og:type\" content=\"article\" \/>\n<meta property=\"og:title\" content=\"Cole\u00e7\u00f5es - Riberalves\" \/>\n<meta property=\"og:description\" content=\"Aqui voc\u00ea encontra as melhores cole\u00e7\u00f5es de receitas com e de Bacalhau. F\u00e1cil ou desafiadora, r\u00e1pida ou demorada... voc\u00ea escolhe!\" \/>\n<meta property=\"og:url\" content=\"https:\/\/riberalves.pt\/pt-br\/colecoes\/\" \/>\n<meta property=\"og:site_name\" content=\"Riberalves\" \/>\n<meta property=\"article:modified_time\" content=\"2021-05-19T10:10:35+00:00\" \/>\n<meta property=\"og:image\" content=\"https:\/\/riberalves.pt\/wp-content\/uploads\/2024\/02\/ribeiralvesOg.png\" \/>\n\t<meta property=\"og:image:width\" content=\"1200\" \/>\n\t<meta property=\"og:image:height\" content=\"630\" \/>\n\t<meta property=\"og:image:type\" content=\"image\/png\" \/>\n<meta name=\"twitter:card\" content=\"summary_large_image\" \/>\n<script type=\"application\/ld+json\" class=\"yoast-schema-graph\">{\"@context\":\"https:\\\/\\\/schema.org\",\"@graph\":[{\"@type\":\"WebPage\",\"@id\":\"https:\\\/\\\/riberalves.pt\\\/pt-br\\\/colecoes\\\/\",\"url\":\"https:\\\/\\\/riberalves.pt\\\/pt-br\\\/colecoes\\\/\",\"name\":\"Cole\u00e7\u00f5es - Riberalves\",\"isPartOf\":{\"@id\":\"https:\\\/\\\/riberalves.pt\\\/#website\"},\"datePublished\":\"2020-11-11T19:03:41+00:00\",\"dateModified\":\"2021-05-19T10:10:35+00:00\",\"description\":\"Aqui voc\u00ea encontra as melhores cole\u00e7\u00f5es de receitas com e de Bacalhau. F\u00e1cil ou desafiadora, r\u00e1pida ou demorada... voc\u00ea escolhe!\",\"breadcrumb\":{\"@id\":\"https:\\\/\\\/riberalves.pt\\\/pt-br\\\/colecoes\\\/#breadcrumb\"},\"inLanguage\":\"pt-BR\",\"potentialAction\":[{\"@type\":\"ReadAction\",\"target\":[\"https:\\\/\\\/riberalves.pt\\\/pt-br\\\/colecoes\\\/\"]}]},{\"@type\":\"BreadcrumbList\",\"@id\":\"https:\\\/\\\/riberalves.pt\\\/pt-br\\\/colecoes\\\/#breadcrumb\",\"itemListElement\":[{\"@type\":\"ListItem\",\"position\":1,\"name\":\"Home\",\"item\":\"https:\\\/\\\/riberalves.pt\\\/\"},{\"@type\":\"ListItem\",\"position\":2,\"name\":\"Cole\u00e7\u00f5es\"}]},{\"@type\":\"WebSite\",\"@id\":\"https:\\\/\\\/riberalves.pt\\\/#website\",\"url\":\"https:\\\/\\\/riberalves.pt\\\/\",\"name\":\"Riberalves\",\"description\":\"O site com as melhores e mais criativas receitas de bacalhau em um \u00fanico lugar!\",\"alternateName\":\"Riberalves\",\"potentialAction\":[{\"@type\":\"SearchAction\",\"target\":{\"@type\":\"EntryPoint\",\"urlTemplate\":\"https:\\\/\\\/riberalves.pt\\\/?s={search_term_string}\"},\"query-input\":{\"@type\":\"PropertyValueSpecification\",\"valueRequired\":true,\"valueName\":\"search_term_string\"}}],\"inLanguage\":\"pt-BR\"}]}<\/script>\n<!-- \/ Yoast SEO plugin. -->","yoast_head_json":{"title":"Cole\u00e7\u00f5es - Riberalves","description":"Aqui voc\u00ea encontra as melhores cole\u00e7\u00f5es de receitas com e de Bacalhau. F\u00e1cil ou desafiadora, r\u00e1pida ou demorada... voc\u00ea escolhe!","robots":{"index":"index","follow":"follow","max-snippet":"max-snippet:-1","max-image-preview":"max-image-preview:large","max-video-preview":"max-video-preview:-1"},"canonical":"https:\/\/riberalves.pt\/pt-br\/colecoes\/","og_locale":"pt_BR","og_type":"article","og_title":"Cole\u00e7\u00f5es - Riberalves","og_description":"Aqui voc\u00ea encontra as melhores cole\u00e7\u00f5es de receitas com e de Bacalhau. F\u00e1cil ou desafiadora, r\u00e1pida ou demorada... voc\u00ea escolhe!","og_url":"https:\/\/riberalves.pt\/pt-br\/colecoes\/","og_site_name":"Riberalves","article_modified_time":"2021-05-19T10:10:35+00:00","og_image":[{"width":1200,"height":630,"url":"https:\/\/riberalves.pt\/wp-content\/uploads\/2024\/02\/ribeiralvesOg.png","type":"image\/png"}],"twitter_card":"summary_large_image","schema":{"@context":"https:\/\/schema.org","@graph":[{"@type":"WebPage","@id":"https:\/\/riberalves.pt\/pt-br\/colecoes\/","url":"https:\/\/riberalves.pt\/pt-br\/colecoes\/","name":"Cole\u00e7\u00f5es - Riberalves","isPartOf":{"@id":"https:\/\/riberalves.pt\/#website"},"datePublished":"2020-11-11T19:03:41+00:00","dateModified":"2021-05-19T10:10:35+00:00","description":"Aqui voc\u00ea encontra as melhores cole\u00e7\u00f5es de receitas com e de Bacalhau. F\u00e1cil ou desafiadora, r\u00e1pida ou demorada... voc\u00ea escolhe!","breadcrumb":{"@id":"https:\/\/riberalves.pt\/pt-br\/colecoes\/#breadcrumb"},"inLanguage":"pt-BR","potentialAction":[{"@type":"ReadAction","target":["https:\/\/riberalves.pt\/pt-br\/colecoes\/"]}]},{"@type":"BreadcrumbList","@id":"https:\/\/riberalves.pt\/pt-br\/colecoes\/#breadcrumb","itemListElement":[{"@type":"ListItem","position":1,"name":"Home","item":"https:\/\/riberalves.pt\/"},{"@type":"ListItem","position":2,"name":"Cole\u00e7\u00f5es"}]},{"@type":"WebSite","@id":"https:\/\/riberalves.pt\/#website","url":"https:\/\/riberalves.pt\/","name":"Riberalves","description":"O site com as melhores e mais criativas receitas de bacalhau em um \u00fanico lugar!","alternateName":"Riberalves","potentialAction":[{"@type":"SearchAction","target":{"@type":"EntryPoint","urlTemplate":"https:\/\/riberalves.pt\/?s={search_term_string}"},"query-input":{"@type":"PropertyValueSpecification","valueRequired":true,"valueName":"search_term_string"}}],"inLanguage":"pt-BR"}]}},"_links":{"self":[{"href":"https:\/\/riberalves.pt\/pt-br\/wp-json\/wp\/v2\/pages\/2807","targetHints":{"allow":["GET"]}}],"collection":[{"href":"https:\/\/riberalves.pt\/pt-br\/wp-json\/wp\/v2\/pages"}],"about":[{"href":"https:\/\/riberalves.pt\/pt-br\/wp-json\/wp\/v2\/types\/page"}],"author":[{"embeddable":true,"href":"https:\/\/riberalves.pt\/pt-br\/wp-json\/wp\/v2\/users\/5"}],"replies":[{"embeddable":true,"href":"https:\/\/riberalves.pt\/pt-br\/wp-json\/wp\/v2\/comments?post=2807"}],"version-history":[{"count":1,"href":"https:\/\/riberalves.pt\/pt-br\/wp-json\/wp\/v2\/pages\/2807\/revisions"}],"predecessor-version":[{"id":2808,"href":"https:\/\/riberalves.pt\/pt-br\/wp-json\/wp\/v2\/pages\/2807\/revisions\/2808"}],"wp:attachment":[{"href":"https:\/\/riberalves.pt\/pt-br\/wp-json\/wp\/v2\/media?parent=2807"}],"curies":[{"name":"wp","href":"https:\/\/api.w.org\/{rel}","templated":true}]}}