{"id":2809,"date":"2020-10-25T12:47:25","date_gmt":"2020-10-25T12:47:25","guid":{"rendered":"https:\/\/riberalves.pt\/politica-privacidade\/"},"modified":"2021-06-16T11:53:34","modified_gmt":"2021-06-16T10:53:34","slug":"politica-privacidade","status":"publish","type":"page","link":"https:\/\/riberalves.pt\/pt-br\/politica-privacidade\/","title":{"rendered":"Pol\u00edtica de privacidade"},"content":{"rendered":"\n<p><strong>CLIENTES E PARCEIROS<\/strong><\/p>\n\n\n\n<p>Este documento pretende dar resposta \u00e0s seguintes quest\u00f5es relativas ao tratamento de dados pessoais de Clientes e Parceiros da Riberalves [nome completo], e das empresas do seu grupo:<\/p>\n\n\n\n<p><strong>1. Quais os dados pessoais que tratamos, a quem respeitam e como s\u00e3o recolhidos?<\/strong><\/p>\n\n\n\n<p>Trataremos as seguintes categorias de dados pessoais relativas a Clientes e Parceiros, e os seus funcion\u00e1rios, para as finalidades abaixo indicadas:<\/p>\n\n\n\n<figure class=\"wp-block-table aligncenter\"><table><thead><tr><th><strong>Finalidade e condi\u00e7\u00e3o de licitude<\/strong><\/th><th><strong>Categorias de dados<\/strong><\/th><\/tr><\/thead><tbody><tr><td>Gest\u00e3o da rela\u00e7\u00e3o comercial<br>&nbsp;&nbsp; &nbsp; Execu\u00e7\u00e3o contratual<br>&nbsp;&nbsp; &nbsp; Obriga\u00e7\u00e3o legal<\/td><td>&#8211; Dados de identifica\u00e7\u00e3o (e.g.: nome, data de nascimento, endere\u00e7o, n\u00fameros telef\u00f4nicos, dados da C\u00e9dula de identidade &#8211; RG , passaporte e n\u00famero do Seguro Social &#8211; INSS);<br><br>&#8211; Dados profissionais e de atividade profissional (e.g.: cargo\/fun\u00e7\u00e3o, encomendas e prefer\u00eancias endere\u00e7o do escrit\u00f3rio); e<br><br>&#8211; Dados de fatura\u00e7\u00e3o e despesas.<\/td><\/tr><tr><td>Gest\u00e3o de opera\u00e7\u00f5es<br>&nbsp;&nbsp; &nbsp; Execu\u00e7\u00e3o contratual<br>&nbsp;&nbsp; &nbsp; Obriga\u00e7\u00e3o legal<\/td><td>&#8211; Dados de identifica\u00e7\u00e3o (e.g.: nome, data de nascimento, endere\u00e7o, n\u00fameros telef\u00f4nicos, dados da C\u00e9dula de identidade &#8211; RG , passaporte e n\u00famero do Seguro Social &#8211; INSS);<br><br>&#8211; Dados profissionais e de atividade profissional (e.g.: cargo\/fun\u00e7\u00e3o, encomendas e prefer\u00eancias morada do escrit\u00f3rio); e<br><br>&#8211; Dados de fatura\u00e7\u00e3o e despesas.<\/td><\/tr><tr><td>Marketing<br>&nbsp;&nbsp; &nbsp; Interesse leg\u00edtimo<br><br><\/td><td>&#8211; Dados de identifica\u00e7\u00e3o (e.g.: nome, data de nascimento, endere\u00e7o, n\u00fameros telef\u00f4nicos, dados da C\u00e9dula de identidade &#8211; RG , passaporte e n\u00famero do Seguro Social &#8211; INSS);<br><br>&#8211; Dados profissionais e de atividade profissional (e.g.: cargo\/fun\u00e7\u00e3o, encomendas e prefer\u00eancias morada do escrit\u00f3rio);&nbsp;<br><br>&#8211; Dados de participa\u00e7\u00e3o em eventos e promo\u00e7\u00e3o de produtos e promo\u00e7\u00f5es (e.g.: email; e<br><br>&#8211; Dados de registo de imagem e som (e.g.: visitas a instala\u00e7\u00f5es ou interven\u00e7\u00f5es em eventos).<\/td><\/tr><tr><td>Melhoria da efici\u00eancia e qualidade de servi\u00e7o por forma a permitir a melhoria cont\u00ednua<br>&nbsp;&nbsp; &nbsp; Interesse leg\u00edtimo<\/td><td>&#8211; Dados de registo de imagem e som (e.g.: visitas a instala\u00e7\u00f5es ou interven\u00e7\u00f5es em eventos).<\/td><\/tr><\/tbody><\/table><\/figure>\n\n\n\n<p>Os dados pessoais ser\u00e3o guardados durante o per\u00edodo necess\u00e1rio para o cumprimento das finalidades acima identificadas ou durante o per\u00edodo que seja exigido por lei.<\/p>\n\n\n\n<p>Os dados n\u00e3o ser\u00e3o transmitidos a terceiros fora do grupo Riberalves, exceto quando necess\u00e1rio ao cumprimento dos contratos celebrados com as empresas do grupo da Riberalves ou cumprimento de obriga\u00e7\u00f5es legais aplic\u00e1veis. A transmiss\u00e3o de dados a terceiros ser\u00e1 em conformidade com a legisla\u00e7\u00e3o aplic\u00e1vel.<\/p>\n\n\n\n<p>O titular dos dados poder\u00e1 solicitar a todo o tempo e gratuitamente, a suspens\u00e3o do envio de comunica\u00e7\u00f5es de marketing.<\/p>\n\n\n\n<p>As medidas t\u00e9cnicas e organizativas de seguran\u00e7a implementadas pelas empresas do Grupo Riberalves visam proteger os dados pessoais contra a destrui\u00e7\u00e3o, a perda, a altera\u00e7\u00e3o, a divulga\u00e7\u00e3o ou o acesso n\u00e3o autorizados e contra qualquer outra forma de tratamento il\u00edcito ou abusivo.<\/p>\n\n\n\n<p>Beneficia dos seguintes direitos, com as respetivas limita\u00e7\u00f5es resultantes da lei e das condi\u00e7\u00f5es de licitude, enquanto titular dos dados:<\/p>\n\n\n\n<p>Direito de acesso<br>Direito de retifica\u00e7\u00e3o<br>Direito ao apagamento<br>Direito de limita\u00e7\u00e3o do tratamento<br>Direito \u00e0 portabilidade dos dados<br>Direito de oposi\u00e7\u00e3o<br>Direito de n\u00e3o ficar sujeito a decis\u00f5es individuais automatizadas<br>Direito a retirar o consentimento &#8211; caso retire o consentimento, os seus dados pessoais deixar\u00e3o de ser tratados, exceto se existir outro fundamento jur\u00eddico que permita esse tratamento.\u00a0<br>Direito de apresentar reclama\u00e7\u00f5es junto da autoridade de controlo \u2013 em Portugal esse organismo \u00e9 a CNPD.<\/p>\n\n\n\n<p>Pode exercer gratuitamente estes seus direitos, ou esclarecer qualquer d\u00favida, atrav\u00e9s dos seguintes canais:<\/p>\n\n\n\n<p>E-mail:&nbsp;<br><a href=\"mailto:suporte_rgpd@riberalves.pt\" target=\"_blank\" rel=\"noreferrer noopener\">suporte_rgpd@riberalves.pt<\/a><\/p>\n\n\n\n<p>Carta:<br>a\/c Diretor de Programa de Prote\u00e7\u00e3o Dados<br>Riberalves Com\u00e9rcio e Ind\u00fastria de Produtos Alimentares SA<br>Estrada Nacional 8 \u2013 Carvalhal \u2013 Turcifal \u2013 Apartado 134<br>2564-910 Torres Vedras<\/p>\n\n\n\n<p><strong>FORNECEDORES<\/strong><\/p>\n\n\n\n<p>Este documento pretende dar resposta \u00e0s seguintes quest\u00f5es relativas ao tratamento de dados pessoais de Fornecedores da Riberalves [nome completo], e das empresas do seu grupo:<\/p>\n\n\n\n<p>1. Quais os dados pessoais que tratamos, a quem respeitam e como s\u00e3o recolhidos?<\/p>\n\n\n\n<p>Trataremos as seguintes categorias de dados pessoais relativas a Fornecedores, e os seus funcion\u00e1rios, para as finalidades abaixo indicadas:<\/p>\n\n\n\n<figure class=\"wp-block-table\"><table><thead><tr><th><strong>Finalidade e condi\u00e7\u00e3o de licitude<\/strong><\/th><th><strong>Categorias de dados<\/strong><\/th><\/tr><\/thead><tbody><tr><td>Gest\u00e3o da rela\u00e7\u00e3o comercial<br>&nbsp;&nbsp; &nbsp; Execu\u00e7\u00e3o contratual<br>&nbsp;&nbsp; &nbsp; Obriga\u00e7\u00e3o legal<\/td><td>&#8211; Dados de identifica\u00e7\u00e3o (e.g.: nome, data de nascimento, endere\u00e7o, n\u00fameros telef\u00f4nicos, dados da C\u00e9dula de identidade &#8211; RG , passaporte e n\u00famero do Seguro Social &#8211; INSS);<br><br>&#8211; Dados profissionais e de atividade profissional (e.g.: cargo\/fun\u00e7\u00e3o, servi\u00e7os prestados e prefer\u00eancias morada do escrit\u00f3rio); e<br><br>&#8211; Dados de fatura\u00e7\u00e3o e despesas.<\/td><\/tr><tr><td>Gest\u00e3o de opera\u00e7\u00f5es<br>&nbsp;&nbsp; &nbsp; Execu\u00e7\u00e3o contratual<br>&nbsp;&nbsp; &nbsp; Obriga\u00e7\u00e3o legal<\/td><td>&#8211; Dados de identifica\u00e7\u00e3o (e.g.: nome, data de nascimento, endere\u00e7o, n\u00fameros telef\u00f4nicos, dados da C\u00e9dula de identidade &#8211; RG , passaporte e n\u00famero do Seguro Social &#8211; INSS);<br>&#8211; Dados profissionais e de atividade profissional (e.g.: cargo\/fun\u00e7\u00e3o, servi\u00e7os prestados ou encomendas entregues); e<br><br>&#8211; Dados de fatura\u00e7\u00e3o e despesas.<\/td><\/tr><tr><td>Melhoria da efici\u00eancia e qualidade de servi\u00e7o por forma a permitir a melhoria cont\u00ednua<br>&nbsp;&nbsp; &nbsp; Interesse leg\u00edtimo<\/td><td>&#8211; Dados de registo de imagem e som (e.g.: visitas a instala\u00e7\u00f5es ou interven\u00e7\u00f5es em eventos).<\/td><\/tr><\/tbody><\/table><\/figure>\n\n\n\n<p>Os dados pessoais ser\u00e3o guardados durante o per\u00edodo necess\u00e1rio para o cumprimento das finalidades acima identificadas ou durante o per\u00edodo que seja exigido por lei.<\/p>\n\n\n\n<p>Os dados n\u00e3o ser\u00e3o transmitidos a terceiros fora do grupo Riberalves, exceto quando necess\u00e1rio ao cumprimento dos contratos celebrados com as empresas do grupo da Riberalves ou cumprimento de obriga\u00e7\u00f5es legais aplic\u00e1veis. A transmiss\u00e3o de dados a terceiros ser\u00e1 em conformidade com a legisla\u00e7\u00e3o aplic\u00e1vel.<\/p>\n\n\n\n<p>As medidas t\u00e9cnicas e organizativas de seguran\u00e7a implementadas pelas empresas do Grupo Riberalves visam proteger os dados pessoais contra a destrui\u00e7\u00e3o, a perda, a altera\u00e7\u00e3o, a divulga\u00e7\u00e3o ou o acesso n\u00e3o autorizados e contra qualquer outra forma de tratamento il\u00edcito ou abusivo.<\/p>\n\n\n\n<p>Beneficia dos seguintes direitos, com as respetivas limita\u00e7\u00f5es resultantes da lei e das condi\u00e7\u00f5es de licitude, enquanto titular dos dados:<\/p>\n\n\n\n<p>Direito de acesso<br>Direito de retifica\u00e7\u00e3o<br>Direito ao apagamento<br>Direito de limita\u00e7\u00e3o do tratamento<br>Direito \u00e0 portabilidade dos dados<br>Direito de oposi\u00e7\u00e3o<br>Direito de n\u00e3o ficar sujeito a decis\u00f5es individuais automatizadas<br>Direito a retirar o consentimento &#8211; caso retire o consentimento, os seus dados pessoais deixar\u00e3o de ser tratados, exceto se existir outro fundamento jur\u00eddico que permita esse tratamento.\u00a0<br>Direito de apresentar reclama\u00e7\u00f5es junto da autoridade de controlo \u2013 em Portugal esse organismo \u00e9 a CNPD.<\/p>\n\n\n\n<p>Pode exercer gratuitamente estes seus direitos, ou esclarecer qualquer d\u00favida, atrav\u00e9s dos seguintes canais:<\/p>\n\n\n\n<p>E-mail:&nbsp;<br><a href=\"mailto:suporte_rgpd@riberalves.pt\" target=\"_blank\" rel=\"noreferrer noopener\">suporte_rgpd@riberalves.pt<\/a><\/p>\n\n\n\n<p>Carta:<br>a\/c Diretor de Programa de Prote\u00e7\u00e3o Dados<br>Riberalves Com\u00e9rcio e Ind\u00fastria de Produtos Alimentares SA<br>Estrada Nacional 8 \u2013 Carvalhal \u2013 Turcifal \u2013 Apartado 134<br>2564-910 Torres Vedras<\/p>\n","protected":false},"excerpt":{"rendered":"<p>CLIENTES E PARCEIROS Este documento pretende dar resposta \u00e0s seguintes quest\u00f5es relativas ao tratamento de dados pessoais de Clientes e Parceiros da Riberalves [nome completo], e das empresas do seu grupo: 1. Quais os dados pessoais que tratamos, a quem respeitam e como s\u00e3o recolhidos? Trataremos as seguintes categorias de dados pessoais relativas a Clientes [&hellip;]<\/p>\n","protected":false},"author":5,"featured_media":2810,"parent":0,"menu_order":0,"comment_status":"closed","ping_status":"closed","template":"","meta":{"_acf_changed":false,"footnotes":""},"class_list":["post-2809","page","type-page","status-publish","has-post-thumbnail","hentry"],"acf":[],"yoast_head":"<!-- This site is optimized with the Yoast SEO plugin v27.5 - https:\/\/yoast.com\/product\/yoast-seo-wordpress\/ -->\n<title>Pol\u00edtica de privacidade - Riberalves<\/title>\n<meta name=\"robots\" content=\"index, follow, max-snippet:-1, max-image-preview:large, max-video-preview:-1\" \/>\n<link rel=\"canonical\" href=\"https:\/\/riberalves.pt\/politica-privacidade\/\" \/>\n<meta property=\"og:locale\" content=\"pt_BR\" \/>\n<meta property=\"og:type\" content=\"article\" \/>\n<meta property=\"og:title\" content=\"Pol\u00edtica de privacidade - Riberalves\" \/>\n<meta property=\"og:description\" content=\"CLIENTES E PARCEIROS Este documento pretende dar resposta \u00e0s seguintes quest\u00f5es relativas ao tratamento de dados pessoais de Clientes e Parceiros da Riberalves [nome completo], e das empresas do seu grupo: 1. Quais os dados pessoais que tratamos, a quem respeitam e como s\u00e3o recolhidos? Trataremos as seguintes categorias de dados pessoais relativas a Clientes [&hellip;]\" \/>\n<meta property=\"og:url\" content=\"https:\/\/riberalves.pt\/politica-privacidade\/\" \/>\n<meta property=\"og:site_name\" content=\"Riberalves\" \/>\n<meta property=\"article:modified_time\" content=\"2021-06-16T10:53:34+00:00\" \/>\n<meta property=\"og:image\" content=\"https:\/\/riberalves.pt\/wp-content\/uploads\/2020\/10\/pp.jpg\" \/>\n\t<meta property=\"og:image:width\" content=\"1900\" \/>\n\t<meta property=\"og:image:height\" content=\"999\" \/>\n\t<meta property=\"og:image:type\" content=\"image\/jpeg\" \/>\n<meta name=\"twitter:card\" content=\"summary_large_image\" \/>\n<meta name=\"twitter:label1\" content=\"Est. tempo de leitura\" \/>\n\t<meta name=\"twitter:data1\" content=\"5 minutos\" \/>\n<script type=\"application\/ld+json\" class=\"yoast-schema-graph\">{\"@context\":\"https:\\\/\\\/schema.org\",\"@graph\":[{\"@type\":\"WebPage\",\"@id\":\"https:\\\/\\\/riberalves.pt\\\/politica-privacidade\\\/\",\"url\":\"https:\\\/\\\/riberalves.pt\\\/politica-privacidade\\\/\",\"name\":\"Pol\u00edtica de privacidade - Riberalves\",\"isPartOf\":{\"@id\":\"https:\\\/\\\/riberalves.pt\\\/#website\"},\"primaryImageOfPage\":{\"@id\":\"https:\\\/\\\/riberalves.pt\\\/politica-privacidade\\\/#primaryimage\"},\"image\":{\"@id\":\"https:\\\/\\\/riberalves.pt\\\/politica-privacidade\\\/#primaryimage\"},\"thumbnailUrl\":\"https:\\\/\\\/riberalves.pt\\\/wp-content\\\/uploads\\\/2020\\\/10\\\/pp.jpg\",\"datePublished\":\"2020-10-25T12:47:25+00:00\",\"dateModified\":\"2021-06-16T10:53:34+00:00\",\"breadcrumb\":{\"@id\":\"https:\\\/\\\/riberalves.pt\\\/politica-privacidade\\\/#breadcrumb\"},\"inLanguage\":\"pt-BR\",\"potentialAction\":[{\"@type\":\"ReadAction\",\"target\":[\"https:\\\/\\\/riberalves.pt\\\/politica-privacidade\\\/\"]}]},{\"@type\":\"ImageObject\",\"inLanguage\":\"pt-BR\",\"@id\":\"https:\\\/\\\/riberalves.pt\\\/politica-privacidade\\\/#primaryimage\",\"url\":\"https:\\\/\\\/riberalves.pt\\\/wp-content\\\/uploads\\\/2020\\\/10\\\/pp.jpg\",\"contentUrl\":\"https:\\\/\\\/riberalves.pt\\\/wp-content\\\/uploads\\\/2020\\\/10\\\/pp.jpg\",\"width\":1900,\"height\":999},{\"@type\":\"BreadcrumbList\",\"@id\":\"https:\\\/\\\/riberalves.pt\\\/politica-privacidade\\\/#breadcrumb\",\"itemListElement\":[{\"@type\":\"ListItem\",\"position\":1,\"name\":\"Home\",\"item\":\"https:\\\/\\\/riberalves.pt\\\/\"},{\"@type\":\"ListItem\",\"position\":2,\"name\":\"Pol\u00edtica de privacidade\"}]},{\"@type\":\"WebSite\",\"@id\":\"https:\\\/\\\/riberalves.pt\\\/#website\",\"url\":\"https:\\\/\\\/riberalves.pt\\\/\",\"name\":\"Riberalves\",\"description\":\"O site com as melhores e mais criativas receitas de bacalhau em um \u00fanico lugar!\",\"alternateName\":\"Riberalves\",\"potentialAction\":[{\"@type\":\"SearchAction\",\"target\":{\"@type\":\"EntryPoint\",\"urlTemplate\":\"https:\\\/\\\/riberalves.pt\\\/?s={search_term_string}\"},\"query-input\":{\"@type\":\"PropertyValueSpecification\",\"valueRequired\":true,\"valueName\":\"search_term_string\"}}],\"inLanguage\":\"pt-BR\"}]}<\/script>\n<!-- \/ Yoast SEO plugin. -->","yoast_head_json":{"title":"Pol\u00edtica de privacidade - Riberalves","robots":{"index":"index","follow":"follow","max-snippet":"max-snippet:-1","max-image-preview":"max-image-preview:large","max-video-preview":"max-video-preview:-1"},"canonical":"https:\/\/riberalves.pt\/politica-privacidade\/","og_locale":"pt_BR","og_type":"article","og_title":"Pol\u00edtica de privacidade - Riberalves","og_description":"CLIENTES E PARCEIROS Este documento pretende dar resposta \u00e0s seguintes quest\u00f5es relativas ao tratamento de dados pessoais de Clientes e Parceiros da Riberalves [nome completo], e das empresas do seu grupo: 1. Quais os dados pessoais que tratamos, a quem respeitam e como s\u00e3o recolhidos? Trataremos as seguintes categorias de dados pessoais relativas a Clientes [&hellip;]","og_url":"https:\/\/riberalves.pt\/politica-privacidade\/","og_site_name":"Riberalves","article_modified_time":"2021-06-16T10:53:34+00:00","og_image":[{"width":1900,"height":999,"url":"https:\/\/riberalves.pt\/wp-content\/uploads\/2020\/10\/pp.jpg","type":"image\/jpeg"}],"twitter_card":"summary_large_image","twitter_misc":{"Est. tempo de leitura":"5 minutos"},"schema":{"@context":"https:\/\/schema.org","@graph":[{"@type":"WebPage","@id":"https:\/\/riberalves.pt\/politica-privacidade\/","url":"https:\/\/riberalves.pt\/politica-privacidade\/","name":"Pol\u00edtica de privacidade - Riberalves","isPartOf":{"@id":"https:\/\/riberalves.pt\/#website"},"primaryImageOfPage":{"@id":"https:\/\/riberalves.pt\/politica-privacidade\/#primaryimage"},"image":{"@id":"https:\/\/riberalves.pt\/politica-privacidade\/#primaryimage"},"thumbnailUrl":"https:\/\/riberalves.pt\/wp-content\/uploads\/2020\/10\/pp.jpg","datePublished":"2020-10-25T12:47:25+00:00","dateModified":"2021-06-16T10:53:34+00:00","breadcrumb":{"@id":"https:\/\/riberalves.pt\/politica-privacidade\/#breadcrumb"},"inLanguage":"pt-BR","potentialAction":[{"@type":"ReadAction","target":["https:\/\/riberalves.pt\/politica-privacidade\/"]}]},{"@type":"ImageObject","inLanguage":"pt-BR","@id":"https:\/\/riberalves.pt\/politica-privacidade\/#primaryimage","url":"https:\/\/riberalves.pt\/wp-content\/uploads\/2020\/10\/pp.jpg","contentUrl":"https:\/\/riberalves.pt\/wp-content\/uploads\/2020\/10\/pp.jpg","width":1900,"height":999},{"@type":"BreadcrumbList","@id":"https:\/\/riberalves.pt\/politica-privacidade\/#breadcrumb","itemListElement":[{"@type":"ListItem","position":1,"name":"Home","item":"https:\/\/riberalves.pt\/"},{"@type":"ListItem","position":2,"name":"Pol\u00edtica de privacidade"}]},{"@type":"WebSite","@id":"https:\/\/riberalves.pt\/#website","url":"https:\/\/riberalves.pt\/","name":"Riberalves","description":"O site com as melhores e mais criativas receitas de bacalhau em um \u00fanico lugar!","alternateName":"Riberalves","potentialAction":[{"@type":"SearchAction","target":{"@type":"EntryPoint","urlTemplate":"https:\/\/riberalves.pt\/?s={search_term_string}"},"query-input":{"@type":"PropertyValueSpecification","valueRequired":true,"valueName":"search_term_string"}}],"inLanguage":"pt-BR"}]}},"_links":{"self":[{"href":"https:\/\/riberalves.pt\/pt-br\/wp-json\/wp\/v2\/pages\/2809","targetHints":{"allow":["GET"]}}],"collection":[{"href":"https:\/\/riberalves.pt\/pt-br\/wp-json\/wp\/v2\/pages"}],"about":[{"href":"https:\/\/riberalves.pt\/pt-br\/wp-json\/wp\/v2\/types\/page"}],"author":[{"embeddable":true,"href":"https:\/\/riberalves.pt\/pt-br\/wp-json\/wp\/v2\/users\/5"}],"replies":[{"embeddable":true,"href":"https:\/\/riberalves.pt\/pt-br\/wp-json\/wp\/v2\/comments?post=2809"}],"version-history":[{"count":3,"href":"https:\/\/riberalves.pt\/pt-br\/wp-json\/wp\/v2\/pages\/2809\/revisions"}],"predecessor-version":[{"id":5137,"href":"https:\/\/riberalves.pt\/pt-br\/wp-json\/wp\/v2\/pages\/2809\/revisions\/5137"}],"wp:featuredmedia":[{"embeddable":true,"href":"https:\/\/riberalves.pt\/pt-br\/wp-json\/wp\/v2\/media\/2810"}],"wp:attachment":[{"href":"https:\/\/riberalves.pt\/pt-br\/wp-json\/wp\/v2\/media?parent=2809"}],"curies":[{"name":"wp","href":"https:\/\/api.w.org\/{rel}","templated":true}]}}